{"id":7703,"date":"2021-12-16T10:28:57","date_gmt":"2021-12-16T15:28:57","guid":{"rendered":"https:\/\/puyapeptide.net\/product\/seractide-acth-1-39-ormone-adrenocorticotropo-cas-umano-12279-41-3-per-ricerca-di-laboratorio\/"},"modified":"2021-12-16T10:28:57","modified_gmt":"2021-12-16T15:28:57","slug":"seractide-acth-1-39-ormone-adrenocorticotropo-cas-umano-12279-41-3-per-ricerca-di-laboratorio","status":"publish","type":"product","link":"https:\/\/puyapeptide.net\/it\/product\/seractide-acth-1-39-ormone-adrenocorticotropo-cas-umano-12279-41-3-per-ricerca-di-laboratorio\/","title":{"rendered":"Seractide\/ACTH (1-39)\/ormone adrenocorticotropo CAS umano 12279-41-3 per ricerca di laboratorio"},"content":{"rendered":"<h2><strong>Seractide\/ACTH (1-39)\/ormone adrenocorticotropo CAS umano 12279-41-3 per ricerca di laboratorio<\/strong><\/h2>\n<p>Nome prodotto: Seractide<br \/>\nSinonimi: CORTICOTROPIN (HUMAN);CORTICOTROPIN;CORTICOTROPIN A;H-SER-TYR-SER-MET-GLU-HIS-PHE-ARG-TRP-GLY-LYS-PRO-VAL- GLY-LYS-LYS-ARG-ARG-PRO-VAL-LYS-VAL-TYR-PRO-ASN-GLY-ALA-GLU-ASP-GLU-SER-ALA-GLU-ALA-PHE-PRO-LEU-GLU- PHE-OH;ACTH (1-39) Corticotropina (umana);Ormone adrenocorticotropo (ACTH) (1-39);Seractide acetato;Ormone adrenocorticotropo (ACTH) (1-39), CAS umano<br \/>\n: 12279-41- 3<br \/>\nMF: C207H308N56O58S1<br \/>\nMW: 4541.07<br \/>\nEINECS: 634-154-0<br \/>\nCategorie di prodotti: Peptide;Recettore melanocortina<br \/>\nMol File: 12279-41-3.mol<br \/>\n&lt; &amp;&gt;Ormone adrenocorticotropo (ACTH) (1-39), umano \u00e8 un agonista del recettore della melanocortina.<br \/>\nL&#39;ormone adrenocorticotropo (ACTH), noto anche come corticotropina, \u00e8 un prodotto di scissione da un precursore pi\u00f9 grande proopiomelanocortina (POMC). Questo ormone di 39 aminoacidi-peptidi \u00e8 prodotto nella ghiandola pituitaria anteriore su stimolazione dall&#39;ormone che rilascia la corticotropina dall&#39;ipotalamo in risposta allo stress. Stimola la secrezione dell&#39;ormone steroideo, in particolare dei glucocorticoidi nella corteccia surrenale, agendo attraverso un recettore della membrana cellulare (ACTH-R). Nei mammiferi, l&#39;azione dell&#39;ACTH \u00e8 limitata a quelle aree della corteccia surrenale in cui si formano gli ormoni glucocorticoidi cortisolo (idrocortisone) e corticosterone. L&#39;ACTH ha scarso controllo sulla secrezione di aldosterone, l&#39;altro importante ormone steroideo dalla corteccia surrenale.<\/p>\n<p> <strong>Seractide CAS 12279-41-3 Propriet\u00e0 chimiche<\/strong><br \/>\ntemp. Conservare in luogo buio,Atmosfera inerte,Conservare in congelatore, a -20\u00b0C<br \/>\nsolubilit\u00e0 H2O: 1 mg\/mL, trasparente, incolore<\/p>\n","protected":false},"excerpt":{"rendered":"<p>Nome del prodotto: Seractide<br \/>\nCAS: 12279-41-3<br \/>\nMF: C207H308N56O58S1<br \/>\nMW: 4541.07<br \/>\nEINECS: 634-154-0<br \/>\nMol File: 12279-41-3.mol<\/p>\n","protected":false},"featured_media":2105,"comment_status":"open","ping_status":"closed","template":"","meta":{"om_disable_all_campaigns":false,"_monsterinsights_skip_tracking":false,"_monsterinsights_sitenote_active":false,"_monsterinsights_sitenote_note":"","_monsterinsights_sitenote_category":0,"site-sidebar-layout":"default","site-content-layout":"default","ast-site-content-layout":"default","site-content-style":"default","site-sidebar-style":"default","ast-global-header-display":"","ast-banner-title-visibility":"","ast-main-header-display":"","ast-hfb-above-header-display":"","ast-hfb-below-header-display":"","ast-hfb-mobile-header-display":"","site-post-title":"","ast-breadcrumbs-content":"","ast-featured-img":"","footer-sml-layout":"","ast-disable-related-posts":"","theme-transparent-header-meta":"default","adv-header-id-meta":"","stick-header-meta":"","header-above-stick-meta":"","header-main-stick-meta":"","header-below-stick-meta":"","astra-migrate-meta-layouts":"default","ast-page-background-enabled":"default","ast-page-background-meta":{"desktop":{"background-color":"","background-image":"","background-repeat":"repeat","background-position":"center center","background-size":"auto","background-attachment":"scroll","background-type":"","background-media":"","overlay-type":"","overlay-color":"","overlay-opacity":"","overlay-gradient":""},"tablet":{"background-color":"","background-image":"","background-repeat":"repeat","background-position":"center center","background-size":"auto","background-attachment":"scroll","background-type":"","background-media":"","overlay-type":"","overlay-color":"","overlay-opacity":"","overlay-gradient":""},"mobile":{"background-color":"","background-image":"","background-repeat":"repeat","background-position":"center center","background-size":"auto","background-attachment":"scroll","background-type":"","background-media":"","overlay-type":"","overlay-color":"","overlay-opacity":"","overlay-gradient":""}},"ast-content-background-meta":{"desktop":{"background-color":"var(--ast-global-color-5)","background-image":"","background-repeat":"repeat","background-position":"center center","background-size":"auto","background-attachment":"scroll","background-type":"","background-media":"","overlay-type":"","overlay-color":"","overlay-opacity":"","overlay-gradient":""},"tablet":{"background-color":"var(--ast-global-color-5)","background-image":"","background-repeat":"repeat","background-position":"center center","background-size":"auto","background-attachment":"scroll","background-type":"","background-media":"","overlay-type":"","overlay-color":"","overlay-opacity":"","overlay-gradient":""},"mobile":{"background-color":"var(--ast-global-color-5)","background-image":"","background-repeat":"repeat","background-position":"center center","background-size":"auto","background-attachment":"scroll","background-type":"","background-media":"","overlay-type":"","overlay-color":"","overlay-opacity":"","overlay-gradient":""}}},"product_brand":[],"product_cat":[528],"product_tag":[2114],"class_list":{"0":"post-7703","1":"product","2":"type-product","3":"status-publish","4":"has-post-thumbnail","6":"product_cat-altri-peptidi","7":"product_tag-seractide-acth-1-39-adrenocorticotropic-hormone-human-cas-12279-41-3-for-lab-research-it","8":"desktop-align-left","9":"tablet-align-left","10":"mobile-align-left","12":"first","13":"instock","14":"shipping-taxable","15":"product-type-simple"},"_links":{"self":[{"href":"https:\/\/puyapeptide.net\/it\/wp-json\/wp\/v2\/product\/7703","targetHints":{"allow":["GET"]}}],"collection":[{"href":"https:\/\/puyapeptide.net\/it\/wp-json\/wp\/v2\/product"}],"about":[{"href":"https:\/\/puyapeptide.net\/it\/wp-json\/wp\/v2\/types\/product"}],"replies":[{"embeddable":true,"href":"https:\/\/puyapeptide.net\/it\/wp-json\/wp\/v2\/comments?post=7703"}],"wp:featuredmedia":[{"embeddable":true,"href":"https:\/\/puyapeptide.net\/it\/wp-json\/wp\/v2\/media\/2105"}],"wp:attachment":[{"href":"https:\/\/puyapeptide.net\/it\/wp-json\/wp\/v2\/media?parent=7703"}],"wp:term":[{"taxonomy":"product_brand","embeddable":true,"href":"https:\/\/puyapeptide.net\/it\/wp-json\/wp\/v2\/product_brand?post=7703"},{"taxonomy":"product_cat","embeddable":true,"href":"https:\/\/puyapeptide.net\/it\/wp-json\/wp\/v2\/product_cat?post=7703"},{"taxonomy":"product_tag","embeddable":true,"href":"https:\/\/puyapeptide.net\/it\/wp-json\/wp\/v2\/product_tag?post=7703"}],"curies":[{"name":"wp","href":"https:\/\/api.w.org\/{rel}","templated":true}]}}