{"id":7802,"date":"2021-12-16T10:34:23","date_gmt":"2021-12-16T15:34:23","guid":{"rendered":"https:\/\/puyapeptide.net\/product\/acetato-di-angiotensina-val5-angiotensina-ii-cas-58-49-1\/"},"modified":"2021-12-16T10:34:23","modified_gmt":"2021-12-16T15:34:23","slug":"acetato-di-angiotensina-val5-angiotensina-ii-cas-58-49-1","status":"publish","type":"product","link":"https:\/\/puyapeptide.net\/it\/product\/acetato-di-angiotensina-val5-angiotensina-ii-cas-58-49-1\/","title":{"rendered":"Acetato di angiotensina\/ (Val5)-Angiotensina II CAS 58-49-1"},"content":{"rendered":"<h2><strong>Acetato di angiotensina\/ (Val5)-Angiotensina II CAS 58-49-1<\/strong><\/h2>\n<p>Nome del prodotto: acetato di angiotensina<br \/>\nSinonimi: [VAL5]-ANGIOTENSIN II;[VAL5] ANGIOTENSIN II HUMAN;ASP-ARG-VAL-TYR-VAL-HIS-PRO-PHE;DRVYVHPF;5-L-Valine angiotensina II);Angiotensina II 5-valina (valina angiotensina II;valina angiotensina II;VALINA ANGIOTENSINA II;5-L-VALINA ANGIOTENSINA II<br \/>\nCAS: 58-49-1<br \/>\nMF: C49H69N13O12<br \/>\nMW: 1032.17<br \/>\nEINECS:<br \/>\nCategorie di prodotti:<br \/>\nMol File: 58-49-1.mol<\/p>\n<p>L&#39;angiotensina \u00e8 un tipo di sostanza peptidica che ha un forte vasocostrittore e stimola la secrezione di aldosterone da la corteccia surrenale. \u00c8 coinvolta nella regolazione della pressione sanguigna e dei fluidi corporei. Pu\u00f2 essere suddivisa in angiotensina I-VII e ci sono pi\u00f9 studi sull&#39;angiotensina I, sull&#39;angiotensina II e sull&#39;angiotensina III.<\/p>\n<p>&lt; &amp;&gt; <strong>Angiotensin Acetate\/ (Val5)-Angiotensin II CAS 58-49-1 Propriet\u00e0 chimiche<\/strong><br \/>\ntemp.di stoccaggio -20\u00b0C<br \/>\ndensit\u00e0 1,45\u00b10,1 g\/cm3 (prevista)<br \/>\nforma polvere<br \/>\n pKa 3.56\u00b10.10(Predicted)<br \/>\nInChIKey JVCJXRGXGITABA-IAQGTVMASA-N<br \/>\nCas DataBase Reference 58-49-1<\/p>\n<p> <strong>Appl icazione&amp;Funzione di Angiotensin Acetate\/ (Val5)-Angiotensin II CAS 58-49-1<\/strong><br \/>\nAngiotensin acetate, noto anche come (Val5)-Angiotensin II, \u00e8 un analogo dell&#39;angiotensina II che \u00e8 un agonista dei recettori dell&#39;angiotensina AT1. L&#39;angiotensina \u00e8 un oligopeptide ed \u00e8 un ormone e un potente dipsogen. \u00c8 derivato dalla molecola precursore angiotensinogeno, una globulina sierica prodotta nel fegato. Svolge un ruolo importante nel sistema renina-angiotensina.<\/p>\n<p>L&#39;angiotensina II \u00e8 un potente vasocostrittore generato dall&#39;azione sequenziale della renina e dell&#39;enzima di conversione dell&#39;angiotensina sull&#39;angiotensinogeno. Le attivit\u00e0 biologiche dell&#39;angiotensina II comprendono la regolazione della pressione sanguigna, l&#39;equilibrio idrico e salino e il tono vascolare. Inoltre, l&#39;angiotensina II stimola vari enzimi come la NADPH ossidasi.<\/p>\n","protected":false},"excerpt":{"rendered":"<p>Nome del prodotto: acetato di angiotensina<br \/>\nCAS: 58-49-1<br \/>\nMF: C49H69N13O12<br \/>\nMW: 1032.17<br \/>\nMol File: 58-49-1.mol<\/p>\n","protected":false},"featured_media":2294,"comment_status":"open","ping_status":"closed","template":"","meta":{"om_disable_all_campaigns":false,"_monsterinsights_skip_tracking":false,"_monsterinsights_sitenote_active":false,"_monsterinsights_sitenote_note":"","_monsterinsights_sitenote_category":0,"site-sidebar-layout":"default","site-content-layout":"default","ast-site-content-layout":"default","site-content-style":"default","site-sidebar-style":"default","ast-global-header-display":"","ast-banner-title-visibility":"","ast-main-header-display":"","ast-hfb-above-header-display":"","ast-hfb-below-header-display":"","ast-hfb-mobile-header-display":"","site-post-title":"","ast-breadcrumbs-content":"","ast-featured-img":"","footer-sml-layout":"","ast-disable-related-posts":"","theme-transparent-header-meta":"default","adv-header-id-meta":"","stick-header-meta":"","header-above-stick-meta":"","header-main-stick-meta":"","header-below-stick-meta":"","astra-migrate-meta-layouts":"default","ast-page-background-enabled":"default","ast-page-background-meta":{"desktop":{"background-color":"","background-image":"","background-repeat":"repeat","background-position":"center center","background-size":"auto","background-attachment":"scroll","background-type":"","background-media":"","overlay-type":"","overlay-color":"","overlay-opacity":"","overlay-gradient":""},"tablet":{"background-color":"","background-image":"","background-repeat":"repeat","background-position":"center center","background-size":"auto","background-attachment":"scroll","background-type":"","background-media":"","overlay-type":"","overlay-color":"","overlay-opacity":"","overlay-gradient":""},"mobile":{"background-color":"","background-image":"","background-repeat":"repeat","background-position":"center center","background-size":"auto","background-attachment":"scroll","background-type":"","background-media":"","overlay-type":"","overlay-color":"","overlay-opacity":"","overlay-gradient":""}},"ast-content-background-meta":{"desktop":{"background-color":"var(--ast-global-color-5)","background-image":"","background-repeat":"repeat","background-position":"center center","background-size":"auto","background-attachment":"scroll","background-type":"","background-media":"","overlay-type":"","overlay-color":"","overlay-opacity":"","overlay-gradient":""},"tablet":{"background-color":"var(--ast-global-color-5)","background-image":"","background-repeat":"repeat","background-position":"center center","background-size":"auto","background-attachment":"scroll","background-type":"","background-media":"","overlay-type":"","overlay-color":"","overlay-opacity":"","overlay-gradient":""},"mobile":{"background-color":"var(--ast-global-color-5)","background-image":"","background-repeat":"repeat","background-position":"center center","background-size":"auto","background-attachment":"scroll","background-type":"","background-media":"","overlay-type":"","overlay-color":"","overlay-opacity":"","overlay-gradient":""}}},"product_brand":[],"product_cat":[411],"product_tag":[1971],"class_list":{"0":"post-7802","1":"product","2":"type-product","3":"status-publish","4":"has-post-thumbnail","6":"product_cat-sangue-e-peptide-vascolare","7":"product_tag-angiotensin-acetate-val5-angiotensin-ii-cas-58-49-1-it","8":"desktop-align-left","9":"tablet-align-left","10":"mobile-align-left","12":"first","13":"instock","14":"shipping-taxable","15":"product-type-simple"},"_links":{"self":[{"href":"https:\/\/puyapeptide.net\/it\/wp-json\/wp\/v2\/product\/7802","targetHints":{"allow":["GET"]}}],"collection":[{"href":"https:\/\/puyapeptide.net\/it\/wp-json\/wp\/v2\/product"}],"about":[{"href":"https:\/\/puyapeptide.net\/it\/wp-json\/wp\/v2\/types\/product"}],"replies":[{"embeddable":true,"href":"https:\/\/puyapeptide.net\/it\/wp-json\/wp\/v2\/comments?post=7802"}],"wp:featuredmedia":[{"embeddable":true,"href":"https:\/\/puyapeptide.net\/it\/wp-json\/wp\/v2\/media\/2294"}],"wp:attachment":[{"href":"https:\/\/puyapeptide.net\/it\/wp-json\/wp\/v2\/media?parent=7802"}],"wp:term":[{"taxonomy":"product_brand","embeddable":true,"href":"https:\/\/puyapeptide.net\/it\/wp-json\/wp\/v2\/product_brand?post=7802"},{"taxonomy":"product_cat","embeddable":true,"href":"https:\/\/puyapeptide.net\/it\/wp-json\/wp\/v2\/product_cat?post=7802"},{"taxonomy":"product_tag","embeddable":true,"href":"https:\/\/puyapeptide.net\/it\/wp-json\/wp\/v2\/product_tag?post=7802"}],"curies":[{"name":"wp","href":"https:\/\/api.w.org\/{rel}","templated":true}]}}