{"id":7832,"date":"2021-12-16T11:16:36","date_gmt":"2021-12-16T16:16:36","guid":{"rendered":"https:\/\/puyapeptide.net\/product\/dsip-peptide-che-induce-il-sonno-cas-62568-57-4-aiuto-per-dormire-bene\/"},"modified":"2021-12-16T11:16:36","modified_gmt":"2021-12-16T16:16:36","slug":"dsip-peptide-che-induce-il-sonno-cas-62568-57-4-aiuto-per-dormire-bene","status":"publish","type":"product","link":"https:\/\/puyapeptide.net\/it\/product\/dsip-peptide-che-induce-il-sonno-cas-62568-57-4-aiuto-per-dormire-bene\/","title":{"rendered":"DSIP\/ PEPTIDE CHE INDUCE IL SONNO CAS 62568-57-4 Aiuto per dormire bene"},"content":{"rendered":"<h2><strong>Drotaverina Hidroklorida\/drotaverina Hcl CAS 985-12-6<\/strong><\/h2>\n<p>Nome prodotto: DSIP<br \/>\nSinonimi: SLEEP INDUCING PEPTIDE;WAGGDASGE;TRP-ALA-GLY-GLY-ASN-ALA-SER-GLY-GLU;TRP-ALA-GLY-GLY-ASP-ALA-SER- GLY-GLU;TRP-ALA-GLY-GLY-ASP-ALA-SER-GLY-GLU 4H2O;DELTA PEPTIDE CHE INDUCE IL SONNO;DELTA PEPTIDE CHE INDUCE IL SONNO 4H2O;DSIP<br \/>\nCAS: 62568-57-4<br \/>\nMF : C35H48N10O15<br \/>\nMW: 848.82<br \/>\nEINECS: 211-519-9<br \/>\nCategorie di prodotti: Peptide<br \/>\nMol File: 62568-57-4.mol<\/p>\n<p>Delta peptide che induce il sonno, abbreviato DSIP, \u00e8 un neuropeptide che quando infuso nel ventricolo mesodiencefalico dei conigli riceventi induce l&#39;attivit\u00e0 EEG del fuso e delta e riduce le attivit\u00e0 motorie.<\/p>\n<p> <strong>DSIP CAS 985-12-6 Propriet\u00e0 chimiche<\/strong><br \/>\nPunto di ebollizione 1522,7\u00b165,0 \u00b0C(Prevista)<br \/>\ndensit\u00e0 1.458\u00b10.06 g\/cm3(Prevista)<br \/>\ntemp. \u221220\u00b0C<br \/>\npka 3.18\u00b10.10(Predicted)<br \/>\nIdrosolubilit\u00e0 Solubile in acqua a 0.5mg\/ml<br \/>\nInChIKey ZRZROXNBKJAOKB-GFVHOAGBSA-N<\/p>\n<p> <strong>Funzione DSIP<\/strong><br \/>\nMolti ruoli per DSIP sono stati suggeriti a seguito di ricerche effettuate utilizzando analoghi peptidici con una maggiore stabilit\u00e0 molecolare e misurando la risposta immunologica DSIP-like (DSIP-LI) mediante iniezione di antisiero e anticorpi DSIP<\/p>\n<p> <strong>Ruoli nella regolazione endocrina<\/strong><br \/>\nDiminuisce basale livello di corticotropina e ne blocca il rilascio.<br \/>\nStimola il rilascio dell&#39;ormone luteinizzante (LH).<br \/>\nStimola il rilascio della secrezione di somatoliberina e somatotropina e inibisce la secrezione di somatostatina.<\/p>\n<p> <strong>Struttura e interazioni<\/strong><br \/>\nDSIP \u00e8 un anfifilico peptide di peso molecolare 850 dalton con il motivo amminoacidico: N-Trp-Ala-Gly-Gly-Asp-Ala-Ser-Gly-Glu-C<br \/>\n\u00c8 stato trovato sia in forma libera che legata nell&#39;ipotalamo, sistema limbico e ipofisario, nonch\u00e9 vari organi periferici, tessuti e fluidi corporei.[5] Nell&#39;ipofisi co-localizza con molti mediatori peptidici e non peptidici come il peptide intermedio corticotropina-simile (CLIP), l&#39;ormone adrenocorticotropo (ACTH), l&#39;ormone stimolante i melanociti (MSH), l&#39;ormone stimolante la tiroide (TSH) e il concentratore di melanina ormone (MCH). \u00c8 abbondante nelle cellule secretorie intestinali e nel pancreas dove co-localizza con il glucagone.<br \/>\nIn vitro \u00e8 stato riscontrato una bassa stabilit\u00e0 molecolare con un&#39;emivita di soli 15 minuti dovuta all&#39;azione di uno specifico enzima simile all&#39;aminopeptidasi. \u00c8 stato suggerito che nel corpo si complessa con le proteine di trasporto per prevenire la degradazione, o esiste come componente di una grande molecola precursore, ma finora non \u00e8 stata trovata alcuna struttura o gene per questo precursore.<\/p>\n","protected":false},"excerpt":{"rendered":"<p>Nome del prodotto: DSIP<br \/>\nCAS: 62568-57-4<br \/>\nMF: C35H48N10O15<br \/>\nMW: 848,82<br \/>\nEINECS: 211-519-9<br \/>\nMol File: 62568-57-4.mol<\/p>\n","protected":false},"featured_media":0,"comment_status":"open","ping_status":"closed","template":"","meta":{"om_disable_all_campaigns":false,"_monsterinsights_skip_tracking":false,"_monsterinsights_sitenote_active":false,"_monsterinsights_sitenote_note":"","_monsterinsights_sitenote_category":0,"site-sidebar-layout":"default","site-content-layout":"default","ast-site-content-layout":"default","site-content-style":"default","site-sidebar-style":"default","ast-global-header-display":"","ast-banner-title-visibility":"","ast-main-header-display":"","ast-hfb-above-header-display":"","ast-hfb-below-header-display":"","ast-hfb-mobile-header-display":"","site-post-title":"","ast-breadcrumbs-content":"","ast-featured-img":"","footer-sml-layout":"","ast-disable-related-posts":"","theme-transparent-header-meta":"default","adv-header-id-meta":"","stick-header-meta":"","header-above-stick-meta":"","header-main-stick-meta":"","header-below-stick-meta":"","astra-migrate-meta-layouts":"default","ast-page-background-enabled":"default","ast-page-background-meta":{"desktop":{"background-color":"","background-image":"","background-repeat":"repeat","background-position":"center center","background-size":"auto","background-attachment":"scroll","background-type":"","background-media":"","overlay-type":"","overlay-color":"","overlay-opacity":"","overlay-gradient":""},"tablet":{"background-color":"","background-image":"","background-repeat":"repeat","background-position":"center center","background-size":"auto","background-attachment":"scroll","background-type":"","background-media":"","overlay-type":"","overlay-color":"","overlay-opacity":"","overlay-gradient":""},"mobile":{"background-color":"","background-image":"","background-repeat":"repeat","background-position":"center center","background-size":"auto","background-attachment":"scroll","background-type":"","background-media":"","overlay-type":"","overlay-color":"","overlay-opacity":"","overlay-gradient":""}},"ast-content-background-meta":{"desktop":{"background-color":"var(--ast-global-color-5)","background-image":"","background-repeat":"repeat","background-position":"center center","background-size":"auto","background-attachment":"scroll","background-type":"","background-media":"","overlay-type":"","overlay-color":"","overlay-opacity":"","overlay-gradient":""},"tablet":{"background-color":"var(--ast-global-color-5)","background-image":"","background-repeat":"repeat","background-position":"center center","background-size":"auto","background-attachment":"scroll","background-type":"","background-media":"","overlay-type":"","overlay-color":"","overlay-opacity":"","overlay-gradient":""},"mobile":{"background-color":"var(--ast-global-color-5)","background-image":"","background-repeat":"repeat","background-position":"center center","background-size":"auto","background-attachment":"scroll","background-type":"","background-media":"","overlay-type":"","overlay-color":"","overlay-opacity":"","overlay-gradient":""}}},"product_brand":[],"product_cat":[528],"product_tag":[1954],"class_list":{"0":"post-7832","1":"product","2":"type-product","3":"status-publish","5":"product_cat-altri-peptidi","6":"product_tag-dsip-sleep-inducing-peptide-cas-62568-57-4-help-for-sleep-well-it","7":"desktop-align-left","8":"tablet-align-left","9":"mobile-align-left","11":"first","12":"instock","13":"shipping-taxable","14":"product-type-simple"},"_links":{"self":[{"href":"https:\/\/puyapeptide.net\/it\/wp-json\/wp\/v2\/product\/7832","targetHints":{"allow":["GET"]}}],"collection":[{"href":"https:\/\/puyapeptide.net\/it\/wp-json\/wp\/v2\/product"}],"about":[{"href":"https:\/\/puyapeptide.net\/it\/wp-json\/wp\/v2\/types\/product"}],"replies":[{"embeddable":true,"href":"https:\/\/puyapeptide.net\/it\/wp-json\/wp\/v2\/comments?post=7832"}],"wp:attachment":[{"href":"https:\/\/puyapeptide.net\/it\/wp-json\/wp\/v2\/media?parent=7832"}],"wp:term":[{"taxonomy":"product_brand","embeddable":true,"href":"https:\/\/puyapeptide.net\/it\/wp-json\/wp\/v2\/product_brand?post=7832"},{"taxonomy":"product_cat","embeddable":true,"href":"https:\/\/puyapeptide.net\/it\/wp-json\/wp\/v2\/product_cat?post=7832"},{"taxonomy":"product_tag","embeddable":true,"href":"https:\/\/puyapeptide.net\/it\/wp-json\/wp\/v2\/product_tag?post=7832"}],"curies":[{"name":"wp","href":"https:\/\/api.w.org\/{rel}","templated":true}]}}