{"id":7888,"date":"2021-12-16T11:18:56","date_gmt":"2021-12-16T16:18:56","guid":{"rendered":"https:\/\/puyapeptide.net\/product\/sermorelin-sermorelin-acetato-grf-1-29-ammide-umana-cas-86168-78-7\/"},"modified":"2021-12-16T11:18:56","modified_gmt":"2021-12-16T16:18:56","slug":"sermorelin-sermorelin-acetato-grf-1-29-ammide-umana-cas-86168-78-7","status":"publish","type":"product","link":"https:\/\/puyapeptide.net\/it\/product\/sermorelin-sermorelin-acetato-grf-1-29-ammide-umana-cas-86168-78-7\/","title":{"rendered":"Sermorelin\/ Sermorelin Acetato\/ GRF (1-29) ammide (umana) CAS 86168-78-7"},"content":{"rendered":"<h2><strong>Sermorelin\/ Sermorelin Acetato\/ GRF (1-29) ammide (umana) CAS 86168-78-7<\/strong><\/h2>\n<p>Nome prodotto: Sermorelin<br \/>\nSinonimi: SERMORELIN;SERMORELIN ACETATE;YADAIFTNSYRKVLGQLSARKLLQDIMSR-NH2;TYR-ALA-ASP-ALA-ILE-PHE-THR-ASN-SER-TYR-ARG-LYS-VAL-LEU-GLY -GLN-LEU-SER-ALA-ARG-LYS-LEU-LEU-GLN-ASP-ILE-MET-SER-ARG-NH2;TYR-ALA-ASP-ALA-ILE-PHE-THR-ASN-SER-TYR -ARG-LYS-VAL-LEU-GLY-GLN-LEU-SER-ALA-ARG-LYS-LEU-LEU-GLN-ASP-ILE-MET-SER-ARG-NH2 HUMAN;fattore di rilascio dell&#39;ormone della crescita*frammento 1- 29 ami;H-TYR-ALA-ASP-ALA-ILE-PHE-THR-ASN-SER-TYR-ARG-LYS-VAL-LEU-GLY-GLN-LEU-SER-ALA-ARG-LYS-LEU-LEU -GLN-ASP-ILE-MET-SER-ARG-NH2;FATTORE DI RILASCIO DELL&#39;ORMONO DELLA CRESCITA (1-29), AMIDE, UMANO<br \/>\nCAS: 86168-78-7<br \/>\nMF: C149H246N44O42S<br \/>\nMW: 3357,93<br \/>\nEINECS: 1312995-182-4<br \/>\nCategorie di prodotti: Peptidi;Derivati di aminoacidi;Ricerca GH-RHObesity;GH-RHPeptidi per la biologia cellulare;Fattori di rilascio dell&#39;ormone della crescita;Neuropeptidi;Neurotrasmissione (obesit\u00e0);Fattori di rilascio;Sermorelin<br \/>\nMol File: 86168-78-7.mol<\/p>\n<p>Serm&#39;orelin acetate \u00e8 un analogo attivo biologico del fattore di rilascio della crescita (GRF 1-44) che \u00e8 un rilascio ing ormone (GHRH) che \u00e8 prodotto naturalmente dal cervello umano per stimolare la produzione e la secrezione della ghiandola pituitaria. Serm&#39;orelin non \u00e8 ae; \u00e8 un secretagogo, il che significa che stimola la ghiandola pituitaria legandosi a recettori specifici per aumentare la produzione e la secrezione di<\/p>\n<p>Durante l&#39;invecchiamento, il GHRH diminuisce causando una riduzione della produzione e della secrezione dell&#39;ipofisi e quindi aumentando le carenze dell&#39;ormone della crescita che erodono la salute, la resistenza e la vitalit\u00e0 durante la vita successiva. Serm&#39;orelin \u00e8 considerato un integratore antiet\u00e0 che pu\u00f2 aiutare l&#39;organismo a riparare le cellule danneggiate e i sistemi indeboliti a causa di un&#39;insufficienza . <\/p>\n<p>Serm&#39;orelin \u00e8 un analogo del peptide GHRH. La sua sequenza peptidica \u00e8 composta da 29 aminoacidi. Questa sequenza \u00e8 una parte della persona endogena GHRH ed \u00e8 attualmente considerata il peptide sintetico pi\u00f9 corto che possiede l&#39;intera gamma di attivit\u00e0 funzionale del GHRH. Per questo motivo, il sermor&#39;elin \u00e8 considerato un secretagogo.<\/p>\n<p>Serm&#39;orelin \u00e8 stato utilizzato durante la ricerca per stimolare la secrezione dall&#39;adenoipofisi (chiamata anche ipofisi anteriore). L&#39;ipofisi anteriore secerne trofica. Serm&#39;orelin \u00e8 stato utilizzato anche nei test di stimolazione della ricerca per valutare la sufficienza ipofisaria in relazione alla secrezione.<\/p>\n<p> <strong>Sermorelin\/ Sermorelin Acetate\/ GRF (1-29) ammide (umana) CAS 86168-78-7 Chimico Propriet\u00e0<\/strong><br \/>\nalfa D20 -63,1\u00b0 (c = 1 in acido acetico al 30%)<br \/>\ndensit\u00e0 1,45\u00b10,1 g\/cm3(Prevista)<br \/>\ntemp. \u221220\u00b0C<br \/>\nInChIKey BVLCEKWPOSAKSZ-YQMCHIOTSA-N<br \/>\nCas DataBase Reference 86168-78-7(CAS DataBase Reference)<\/p>\n<p> <strong>Funzioni di Sermorelin\/ Sermorelin Acetate\/ GRF (1-29) ammide ( umano) CAS 86168-78-7<\/strong><br \/>\n1. Aumenta l&#39;energia, la vitalit\u00e0, la forza e la resistenza.<br \/>\n2. Crescita della massa muscolare magra\/riduzione del grasso, Aumento della massa muscolare magra.<br \/>\n3. Scompone il grasso corporeo e gli acidi grassi.<br \/>\n4. Migliora la funzione cardiaca.<br \/>\n5. Aumenta la ritenzione di calcio che rafforza e aumenta la densit\u00e0 ossea.<br \/>\n6. Migliora il sistema immunitario e accelera la guarigione da ferite o interventi chirurgici.<br \/>\n7. Promuove il sonno ad onde lente non REM, una migliore qualit\u00e0 del sonno.<br \/>\n8. Aumenta la sintesi proteica e stimola la crescita di tutti gli organi interni tranne il cervello.<br \/>\n9. Salute della pelle e delle unghie (pelle pi\u00f9 tesa, unghie pi\u00f9 spesse).<br \/>\n10. Diminuzione dei dolori muscolari come dolori articolari e muscolari.<\/p>\n<p> <strong>Applicazioni di Sermorelin\/ Sermorelin Acetate\/ GRF (1-29) ammide (umano) CAS 86168-78-7<\/strong><br \/>\nSerm&#39;orelin ha una vasta gamma di effetti positivi. A causa della sua natura di GHRH, la sermo&#39;relina aumenta solo la capacit\u00e0 del corpo di produrne di pi\u00f9; non \u00e8 un&#39;iniezione di se stessa. Sia in un senso di miglioramento delle prestazioni che di benessere generale, sermo&#39;relin ha una vasta gamma di benefici che lo rendono una sostanza potente e preziosa.<\/p>\n<p>Sermo&#39;relin acetato \u00e8 un ormone di rilascio dell&#39;ormone umano (GHRH o GRF) utilizzato per la valutazione diagnostica della funzione ipofisaria e anche per aumentare la crescita nei bambini.<\/p>\n","protected":false},"excerpt":{"rendered":"<p>Nome del prodotto: Sermorelin<br \/>\nCAS: 86168-78-7<br \/>\nMF: C149H246N44O42S<br \/>\nMW: 3357.93<br \/>\nEINECS: 1312995-182-4<br \/>\nMol File: 86168-78-7.mol<\/p>\n","protected":false},"featured_media":2126,"comment_status":"open","ping_status":"closed","template":"","meta":{"om_disable_all_campaigns":false,"_monsterinsights_skip_tracking":false,"_monsterinsights_sitenote_active":false,"_monsterinsights_sitenote_note":"","_monsterinsights_sitenote_category":0,"site-sidebar-layout":"default","site-content-layout":"default","ast-site-content-layout":"default","site-content-style":"default","site-sidebar-style":"default","ast-global-header-display":"","ast-banner-title-visibility":"","ast-main-header-display":"","ast-hfb-above-header-display":"","ast-hfb-below-header-display":"","ast-hfb-mobile-header-display":"","site-post-title":"","ast-breadcrumbs-content":"","ast-featured-img":"","footer-sml-layout":"","ast-disable-related-posts":"","theme-transparent-header-meta":"default","adv-header-id-meta":"","stick-header-meta":"","header-above-stick-meta":"","header-main-stick-meta":"","header-below-stick-meta":"","astra-migrate-meta-layouts":"default","ast-page-background-enabled":"default","ast-page-background-meta":{"desktop":{"background-color":"","background-image":"","background-repeat":"repeat","background-position":"center center","background-size":"auto","background-attachment":"scroll","background-type":"","background-media":"","overlay-type":"","overlay-color":"","overlay-opacity":"","overlay-gradient":""},"tablet":{"background-color":"","background-image":"","background-repeat":"repeat","background-position":"center center","background-size":"auto","background-attachment":"scroll","background-type":"","background-media":"","overlay-type":"","overlay-color":"","overlay-opacity":"","overlay-gradient":""},"mobile":{"background-color":"","background-image":"","background-repeat":"repeat","background-position":"center center","background-size":"auto","background-attachment":"scroll","background-type":"","background-media":"","overlay-type":"","overlay-color":"","overlay-opacity":"","overlay-gradient":""}},"ast-content-background-meta":{"desktop":{"background-color":"var(--ast-global-color-5)","background-image":"","background-repeat":"repeat","background-position":"center center","background-size":"auto","background-attachment":"scroll","background-type":"","background-media":"","overlay-type":"","overlay-color":"","overlay-opacity":"","overlay-gradient":""},"tablet":{"background-color":"var(--ast-global-color-5)","background-image":"","background-repeat":"repeat","background-position":"center center","background-size":"auto","background-attachment":"scroll","background-type":"","background-media":"","overlay-type":"","overlay-color":"","overlay-opacity":"","overlay-gradient":""},"mobile":{"background-color":"var(--ast-global-color-5)","background-image":"","background-repeat":"repeat","background-position":"center center","background-size":"auto","background-attachment":"scroll","background-type":"","background-media":"","overlay-type":"","overlay-color":"","overlay-opacity":"","overlay-gradient":""}}},"product_brand":[],"product_cat":[528],"product_tag":[1917],"class_list":{"0":"post-7888","1":"product","2":"type-product","3":"status-publish","4":"has-post-thumbnail","6":"product_cat-altri-peptidi","7":"product_tag-sermorelin-sermorelin-acetate-grf-1-29-amide-human-cas-86168-78-7-it","8":"desktop-align-left","9":"tablet-align-left","10":"mobile-align-left","12":"first","13":"instock","14":"shipping-taxable","15":"product-type-simple"},"_links":{"self":[{"href":"https:\/\/puyapeptide.net\/it\/wp-json\/wp\/v2\/product\/7888","targetHints":{"allow":["GET"]}}],"collection":[{"href":"https:\/\/puyapeptide.net\/it\/wp-json\/wp\/v2\/product"}],"about":[{"href":"https:\/\/puyapeptide.net\/it\/wp-json\/wp\/v2\/types\/product"}],"replies":[{"embeddable":true,"href":"https:\/\/puyapeptide.net\/it\/wp-json\/wp\/v2\/comments?post=7888"}],"wp:featuredmedia":[{"embeddable":true,"href":"https:\/\/puyapeptide.net\/it\/wp-json\/wp\/v2\/media\/2126"}],"wp:attachment":[{"href":"https:\/\/puyapeptide.net\/it\/wp-json\/wp\/v2\/media?parent=7888"}],"wp:term":[{"taxonomy":"product_brand","embeddable":true,"href":"https:\/\/puyapeptide.net\/it\/wp-json\/wp\/v2\/product_brand?post=7888"},{"taxonomy":"product_cat","embeddable":true,"href":"https:\/\/puyapeptide.net\/it\/wp-json\/wp\/v2\/product_cat?post=7888"},{"taxonomy":"product_tag","embeddable":true,"href":"https:\/\/puyapeptide.net\/it\/wp-json\/wp\/v2\/product_tag?post=7888"}],"curies":[{"name":"wp","href":"https:\/\/api.w.org\/{rel}","templated":true}]}}