{"id":7917,"date":"2021-12-16T11:19:57","date_gmt":"2021-12-16T16:19:57","guid":{"rendered":"https:\/\/puyapeptide.net\/product\/deslorelin-deslorelin-acetate-cas-57773-65-6-trattamento-del-cancro-alla-prostata\/"},"modified":"2021-12-16T11:19:57","modified_gmt":"2021-12-16T16:19:57","slug":"deslorelin-deslorelin-acetate-cas-57773-65-6-trattamento-del-cancro-alla-prostata","status":"publish","type":"product","link":"https:\/\/puyapeptide.net\/it\/product\/deslorelin-deslorelin-acetate-cas-57773-65-6-trattamento-del-cancro-alla-prostata\/","title":{"rendered":"Deslorelin\/ Deslorelin Acetate CAS 57773-65-6 Trattamento del cancro alla prostata"},"content":{"rendered":"<h2><strong>Deslorelin\/ Deslorelin Acetate CAS 57773-65-6 Trattamento del cancro alla prostata<\/strong><\/h2>\n<p>Nome prodotto: Deslorelin<br \/>\nSinonimi: GLP-HIS-TRP-SER-TYR-D-TRP-LEU-ARG-PRO-NHET;[D-TRP6, DES-GLY10]-LH-RH ETHYLAMIDE;DESORELIN ;DESLORELIN;deslorelin acetato;DESLORELIN (UMANO);DES-GLY10,[D-TRP6]-LH-RH ETHYLAMIDE;(DES-GLY10,D-TRP6,PRO-NHET9)-ORMONE DI RILASCIO DI GONADOTROPINA<br \/>\nCAS: 57773 -65-6<br \/>\nMF: C64H83N17O12<br \/>\nMW: 1282.48<br \/>\nEINECS: 637-335-2<br \/>\nCategorie di prodotti: ormoni;Peptidi<br \/>\nMol File: 57773-65-6.mol&lt;&amp; &gt;<br \/>\nDeslorelin\/Dehydronandrolon acetato \u00e8 un intermedio chiave per la sintesi (faslodex), mentre il primo era un farmaco antitumorale sviluppato da AstraZeneca Company e il secondo era uno steroide sintetico commercializzato da Organon Company per i reclami post-climatici. \u00c8 un composto efficace che produce guadagni muscolari di qualit\u00e0 e di lunga durata. Ci\u00f2 \u00e8 dovuto all&#39;emivita relativamente lunga del farmaco. Gli utenti segnalano lievi effetti collaterali, il pi\u00f9 grande effetto collaterale \u00e8 la ritenzione idrica. \u00e8 un intermedio chiave per la sintesi (faslodex), mentre il primo era un farmaco anti-cancro al seno sviluppato da AstraZeneca Company e il secondo era uno steroide sintetico commercializzato da Organon Company per i disturbi post-climatici. \u00c8 un composto efficace che produce guadagni muscolari di qualit\u00e0 e di lunga durata. Ci\u00f2 \u00e8 dovuto all&#39;emivita relativamente lunga del farmaco. Gli utenti segnalano lievi effetti collaterali, il pi\u00f9 grande effetto collaterale \u00e8 la ritenzione idrica. \u00e8 un intermedio chiave per la sintesi (faslodex), mentre il primo era un farmaco anti-cancro al seno sviluppato da AstraZeneca Company e il secondo era uno steroide sintetico commercializzato da Organon Company per i disturbi post-climatici. \u00c8 un composto efficace che produce guadagni muscolari di qualit\u00e0 e di lunga durata. Ci\u00f2 \u00e8 dovuto all&#39;emivita relativamente lunga del farmaco. Gli utenti segnalano lievi effetti collaterali, con il pi\u00f9 grande effetto collaterale \u00e8 la ritenzione idrica.<\/p>\n<p> <strong>Deslorelin\/ Deslorelin Acetate CAS 57773-65-6 Propriet\u00e0 chimiche<\/strong><br \/>\nalpha D24 -61\u00b0 (c = 0,37 in 0,1 M di acido acetico )<br \/>\ndensit\u00e0 1,48\u00b10,1 g\/cm3 (prevista)<br \/>\ntemp. \u221220\u00b0C<br \/>\npka 9.82\u00b10.15(Predicted)<br \/>\nCas DataBase Reference 57773-65-6(CAS DataBase Reference)<\/p>\n<p> <strong>Funzione e applicazione di Deslorelin\/Deslorelin Acetate CAS 57773-65-6<\/strong><br \/>\nLa deslorelina \u00e8 stata sperimentata con successo negli Stati Uniti ed \u00e8 stata approvata per l&#39;uso veterinario in determinate circostanze. In Europa, \u00e8 stato approvato per l&#39;uso nella riproduzione assistita degli equini.<br \/>\n\u00c8 anche in fase di sperimentazione nell&#39;uomo per studiarne l&#39;efficacia nel trattamento del cancro al seno nelle donne e nel trattamento della pubert\u00e0 precoce e dell&#39;iperplasia surrenalica congenita nei bambini maschi e femmine.<\/p>\n","protected":false},"excerpt":{"rendered":"<p>Nome del prodotto: Deslorelin<br \/>\nCAS: 57773-65-6<br \/>\nMF: C64H83N17O12<br \/>\nMW: 1282.48<br \/>\nEINECS: 637-335-2<br \/>\nMol File: 57773-65-6.mol<\/p>\n","protected":false},"featured_media":2105,"comment_status":"open","ping_status":"closed","template":"","meta":{"om_disable_all_campaigns":false,"_monsterinsights_skip_tracking":false,"_monsterinsights_sitenote_active":false,"_monsterinsights_sitenote_note":"","_monsterinsights_sitenote_category":0,"site-sidebar-layout":"default","site-content-layout":"default","ast-site-content-layout":"default","site-content-style":"default","site-sidebar-style":"default","ast-global-header-display":"","ast-banner-title-visibility":"","ast-main-header-display":"","ast-hfb-above-header-display":"","ast-hfb-below-header-display":"","ast-hfb-mobile-header-display":"","site-post-title":"","ast-breadcrumbs-content":"","ast-featured-img":"","footer-sml-layout":"","ast-disable-related-posts":"","theme-transparent-header-meta":"default","adv-header-id-meta":"","stick-header-meta":"","header-above-stick-meta":"","header-main-stick-meta":"","header-below-stick-meta":"","astra-migrate-meta-layouts":"default","ast-page-background-enabled":"default","ast-page-background-meta":{"desktop":{"background-color":"","background-image":"","background-repeat":"repeat","background-position":"center center","background-size":"auto","background-attachment":"scroll","background-type":"","background-media":"","overlay-type":"","overlay-color":"","overlay-opacity":"","overlay-gradient":""},"tablet":{"background-color":"","background-image":"","background-repeat":"repeat","background-position":"center center","background-size":"auto","background-attachment":"scroll","background-type":"","background-media":"","overlay-type":"","overlay-color":"","overlay-opacity":"","overlay-gradient":""},"mobile":{"background-color":"","background-image":"","background-repeat":"repeat","background-position":"center center","background-size":"auto","background-attachment":"scroll","background-type":"","background-media":"","overlay-type":"","overlay-color":"","overlay-opacity":"","overlay-gradient":""}},"ast-content-background-meta":{"desktop":{"background-color":"var(--ast-global-color-5)","background-image":"","background-repeat":"repeat","background-position":"center center","background-size":"auto","background-attachment":"scroll","background-type":"","background-media":"","overlay-type":"","overlay-color":"","overlay-opacity":"","overlay-gradient":""},"tablet":{"background-color":"var(--ast-global-color-5)","background-image":"","background-repeat":"repeat","background-position":"center center","background-size":"auto","background-attachment":"scroll","background-type":"","background-media":"","overlay-type":"","overlay-color":"","overlay-opacity":"","overlay-gradient":""},"mobile":{"background-color":"var(--ast-global-color-5)","background-image":"","background-repeat":"repeat","background-position":"center center","background-size":"auto","background-attachment":"scroll","background-type":"","background-media":"","overlay-type":"","overlay-color":"","overlay-opacity":"","overlay-gradient":""}}},"product_brand":[],"product_cat":[394],"product_tag":[1863],"class_list":{"0":"post-7917","1":"product","2":"type-product","3":"status-publish","4":"has-post-thumbnail","6":"product_cat-peptide-antitumorale","7":"product_tag-deslorelin-deslorelin-acetate-cas-57773-65-6-treatment-of-prostate-cancer-it","8":"desktop-align-left","9":"tablet-align-left","10":"mobile-align-left","12":"first","13":"instock","14":"shipping-taxable","15":"product-type-simple"},"_links":{"self":[{"href":"https:\/\/puyapeptide.net\/it\/wp-json\/wp\/v2\/product\/7917","targetHints":{"allow":["GET"]}}],"collection":[{"href":"https:\/\/puyapeptide.net\/it\/wp-json\/wp\/v2\/product"}],"about":[{"href":"https:\/\/puyapeptide.net\/it\/wp-json\/wp\/v2\/types\/product"}],"replies":[{"embeddable":true,"href":"https:\/\/puyapeptide.net\/it\/wp-json\/wp\/v2\/comments?post=7917"}],"wp:featuredmedia":[{"embeddable":true,"href":"https:\/\/puyapeptide.net\/it\/wp-json\/wp\/v2\/media\/2105"}],"wp:attachment":[{"href":"https:\/\/puyapeptide.net\/it\/wp-json\/wp\/v2\/media?parent=7917"}],"wp:term":[{"taxonomy":"product_brand","embeddable":true,"href":"https:\/\/puyapeptide.net\/it\/wp-json\/wp\/v2\/product_brand?post=7917"},{"taxonomy":"product_cat","embeddable":true,"href":"https:\/\/puyapeptide.net\/it\/wp-json\/wp\/v2\/product_cat?post=7917"},{"taxonomy":"product_tag","embeddable":true,"href":"https:\/\/puyapeptide.net\/it\/wp-json\/wp\/v2\/product_tag?post=7917"}],"curies":[{"name":"wp","href":"https:\/\/api.w.org\/{rel}","templated":true}]}}