{"id":7961,"date":"2021-12-16T11:23:16","date_gmt":"2021-12-16T16:23:16","guid":{"rendered":"https:\/\/puyapeptide.net\/product\/puya-supply-ipamorelin-ipamorelin-acetato-cas-170851-70-4\/"},"modified":"2021-12-16T11:23:16","modified_gmt":"2021-12-16T16:23:16","slug":"puya-supply-ipamorelin-ipamorelin-acetato-cas-170851-70-4","status":"publish","type":"product","link":"https:\/\/puyapeptide.net\/it\/product\/puya-supply-ipamorelin-ipamorelin-acetato-cas-170851-70-4\/","title":{"rendered":"Puya Supply Ipamorelin\/ Ipamorelin Acetato CAS 170851-70-4"},"content":{"rendered":"<h2><strong>Puya Supply Ipamorelin\/ Ipamorelin Acetato CAS 170851-70-4<\/strong><\/h2>\n<p>Nome del prodotto: Ipamorelin<br \/>\nSinonimi: IpoMarelin;IpaMorelin Acetate;Aib-His-D-2-Nal-D-Phe-Lys-NH2;IPAMORELIN(1MG);IPAMORELIN(5MG);2-Methylalanyl-L -istidil-3-(2-naftil)-D-alanil-D-fenilalanil-L-lisinammide;L-lisinammide,2-metilalanil-L-istidil-3-(2-naftalenile)-D-alanil-D-fenilalanile -;NNC-26-0161<br \/>\nCAS: 170851-70-4<br \/>\nMF: C38H49N9O5<br \/>\nMW: 711.85<br \/>\nEINECS:<br \/>\nCategorie di prodotti: Peptidi<br \/>\nMol File: 170851-70 -4.mol<\/p>\n<p>Ipamorelin \u00e8 un GHRP (peptide che rilascia l&#39;ormone della crescita), che \u00e8 considerato il pi\u00f9 mite, perch\u00e9 viene rilasciato stabilmente e lentamente senza una forte desensibilizzazione. Ipamorelin ha una funzione semplice e pu\u00f2 aumentare la produzione di GH naturale nel corpo. Aiutaci a costruire nuovo tessuto sottile e aiutaci a proteggere il tessuto sottile esistente. \u00c8 buono per dormire e ha un effetto anti-invecchiamento Tra le variet\u00e0 di peptidi secretagoghi dell&#39;ormone della crescita.<\/p>\n<p> <strong>Ipamorelin\/ Ipamorelin Acetate CAS 170851-70-4 Propriet\u00e0 chimiche<\/strong><br \/>\nPunto di ebollizione 1185,5\u00b165,0 \u00b0C (previsto)&lt; &amp;&gt;densit\u00e0 1.263\u00b10.06 g\/cm3(Predicted)<br \/>\npka 13.04\u00b10.46(Predicted)<\/p>\n<p> <strong>Funzione e applicazione di Ipamorelin\/ Ipamorelin Acetate CAS 170851-70-4<\/strong><br \/>\nIpomorelin \u00e8 un nuovo affascinante scoperta della costruzione muscolare che sta ricevendo molta attenzione nel mondo del bodybuilding. Come il peptide GHRP\/6 (esapeptide a rilascio), \u00e8 un peptide sintetico che ha potenti propriet\u00e0 di rilascio. E queste propriet\u00e0 di rilascio sono ci\u00f2 che interessa agli atleti e ai bodybuilder poich\u00e9 possono fare un&#39;enorme differenza nella quantit\u00e0 di muscoli che puoi crescere e nella velocit\u00e0 con cui bruci i grassi.<\/p>\n","protected":false},"excerpt":{"rendered":"<p>Nome del prodotto: Ipamorelin<br \/>\nCAS: 170851-70-4<br \/>\nMF: C38H49N9O5<br \/>\nMW: 711.85<br \/>\nMol File: 170851-70-4.mol<\/p>\n","protected":false},"featured_media":2210,"comment_status":"open","ping_status":"closed","template":"","meta":{"om_disable_all_campaigns":false,"_monsterinsights_skip_tracking":false,"_monsterinsights_sitenote_active":false,"_monsterinsights_sitenote_note":"","_monsterinsights_sitenote_category":0,"site-sidebar-layout":"default","site-content-layout":"default","ast-site-content-layout":"default","site-content-style":"default","site-sidebar-style":"default","ast-global-header-display":"","ast-banner-title-visibility":"","ast-main-header-display":"","ast-hfb-above-header-display":"","ast-hfb-below-header-display":"","ast-hfb-mobile-header-display":"","site-post-title":"","ast-breadcrumbs-content":"","ast-featured-img":"","footer-sml-layout":"","ast-disable-related-posts":"","theme-transparent-header-meta":"default","adv-header-id-meta":"","stick-header-meta":"","header-above-stick-meta":"","header-main-stick-meta":"","header-below-stick-meta":"","astra-migrate-meta-layouts":"default","ast-page-background-enabled":"default","ast-page-background-meta":{"desktop":{"background-color":"","background-image":"","background-repeat":"repeat","background-position":"center center","background-size":"auto","background-attachment":"scroll","background-type":"","background-media":"","overlay-type":"","overlay-color":"","overlay-opacity":"","overlay-gradient":""},"tablet":{"background-color":"","background-image":"","background-repeat":"repeat","background-position":"center center","background-size":"auto","background-attachment":"scroll","background-type":"","background-media":"","overlay-type":"","overlay-color":"","overlay-opacity":"","overlay-gradient":""},"mobile":{"background-color":"","background-image":"","background-repeat":"repeat","background-position":"center center","background-size":"auto","background-attachment":"scroll","background-type":"","background-media":"","overlay-type":"","overlay-color":"","overlay-opacity":"","overlay-gradient":""}},"ast-content-background-meta":{"desktop":{"background-color":"var(--ast-global-color-5)","background-image":"","background-repeat":"repeat","background-position":"center center","background-size":"auto","background-attachment":"scroll","background-type":"","background-media":"","overlay-type":"","overlay-color":"","overlay-opacity":"","overlay-gradient":""},"tablet":{"background-color":"var(--ast-global-color-5)","background-image":"","background-repeat":"repeat","background-position":"center center","background-size":"auto","background-attachment":"scroll","background-type":"","background-media":"","overlay-type":"","overlay-color":"","overlay-opacity":"","overlay-gradient":""},"mobile":{"background-color":"var(--ast-global-color-5)","background-image":"","background-repeat":"repeat","background-position":"center center","background-size":"auto","background-attachment":"scroll","background-type":"","background-media":"","overlay-type":"","overlay-color":"","overlay-opacity":"","overlay-gradient":""}}},"product_brand":[],"product_cat":[528],"product_tag":[1819],"class_list":{"0":"post-7961","1":"product","2":"type-product","3":"status-publish","4":"has-post-thumbnail","6":"product_cat-altri-peptidi","7":"product_tag-puya-supply-ipamorelin-ipamorelin-acetate-cas-170851-70-4-it","8":"desktop-align-left","9":"tablet-align-left","10":"mobile-align-left","12":"first","13":"instock","14":"shipping-taxable","15":"product-type-simple"},"_links":{"self":[{"href":"https:\/\/puyapeptide.net\/it\/wp-json\/wp\/v2\/product\/7961","targetHints":{"allow":["GET"]}}],"collection":[{"href":"https:\/\/puyapeptide.net\/it\/wp-json\/wp\/v2\/product"}],"about":[{"href":"https:\/\/puyapeptide.net\/it\/wp-json\/wp\/v2\/types\/product"}],"replies":[{"embeddable":true,"href":"https:\/\/puyapeptide.net\/it\/wp-json\/wp\/v2\/comments?post=7961"}],"wp:featuredmedia":[{"embeddable":true,"href":"https:\/\/puyapeptide.net\/it\/wp-json\/wp\/v2\/media\/2210"}],"wp:attachment":[{"href":"https:\/\/puyapeptide.net\/it\/wp-json\/wp\/v2\/media?parent=7961"}],"wp:term":[{"taxonomy":"product_brand","embeddable":true,"href":"https:\/\/puyapeptide.net\/it\/wp-json\/wp\/v2\/product_brand?post=7961"},{"taxonomy":"product_cat","embeddable":true,"href":"https:\/\/puyapeptide.net\/it\/wp-json\/wp\/v2\/product_cat?post=7961"},{"taxonomy":"product_tag","embeddable":true,"href":"https:\/\/puyapeptide.net\/it\/wp-json\/wp\/v2\/product_tag?post=7961"}],"curies":[{"name":"wp","href":"https:\/\/api.w.org\/{rel}","templated":true}]}}