{"id":8022,"date":"2021-12-16T11:26:49","date_gmt":"2021-12-16T16:26:49","guid":{"rendered":"https:\/\/puyapeptide.net\/product\/teduglutide-alx-0600-cas-197922-42-2-per-la-ricerca-di-laboratorio\/"},"modified":"2021-12-16T11:26:49","modified_gmt":"2021-12-16T16:26:49","slug":"teduglutide-alx-0600-cas-197922-42-2-per-la-ricerca-di-laboratorio","status":"publish","type":"product","link":"https:\/\/puyapeptide.net\/it\/product\/teduglutide-alx-0600-cas-197922-42-2-per-la-ricerca-di-laboratorio\/","title":{"rendered":"Teduglutide\/ ALX 0600 CAS 197922-42-2 Per la ricerca di laboratorio"},"content":{"rendered":"<h2><strong>Teduglutide\/ ALX 0600 CAS 197922-42-2 Per la ricerca di laboratorio<\/strong><\/h2>\n<p>Nome prodotto: Teduglutide\/ ALX 0600<br \/>\nSinonimi: ALX 0600;Gattex;Glucagon-like peptide II [2-glicina] (umano);Teduglutide;ALX 0600 USP\/EP\/BP<br \/>\nCAS: 197922- 42-2<br \/>\nMF: C164H252N44O55S<br \/>\nMW: 3752.08248<br \/>\nEINECS:<br \/>\nCategorie di prodotti:<br \/>\nMol File: 197922-42-2.mol<\/p>\n<p>Teduglutide \u00e8 un glucagone- come l&#39;analogo del peptide-2 (GLP-2). \u00c8 composto da 33 amminoacidi ed \u00e8 prodotto utilizzando un ceppo di Escherichia coli modificato con la tecnologia del DNA ricombinante.<\/p>\n<p>Teduglutide differisce dal GLP-2 per un amminoacido (l&#39;alanina \u00e8 sostituita dalla glicina). Il significato di questa sostituzione \u00e8 che teduglutide agisce pi\u00f9 a lungo del GLP-2 endogeno in quanto \u00e8 pi\u00f9 resistente alla proteolisi da dipeptidil peptidasi-4.<\/p>\n<p> <strong>Usi di Teduglutide\/ ALX 0600 CAS 197922-42-2<\/strong><br \/>\n Trattamento delle malattie intestinali caratterizzate da danno chimico o chirurgico dell&#39;epitelio intestinale come la sindrome dell&#39;intestino corto (SBS) o danno all&#39;epitelio intestinale dovuto a malattia (analogo del peptide-2 simile al glucagone (GLP-2)).<br \/>\n&lt; &amp;&gt; <strong>Campo di applicazione di Teduglutide\/ ALX 0600 CAS 197922-42-2<\/strong><br \/>\n Teduglutide \u00e8 un peptide-2 simile al glucagone (GLP-2); rigenerazione, mantenimento e riparazione dell&#39;intestino.<\/p>\n","protected":false},"excerpt":{"rendered":"<p>Nome del prodotto: Teduglutide\/ ALX 0600<br \/>\nCAS: 197922-42-2<br \/>\nMF: C164H252N44O55S<br \/>\nMW: 3752.08248<br \/>\nMol File: 197922-42-2.mol<\/p>\n","protected":false},"featured_media":2126,"comment_status":"open","ping_status":"closed","template":"","meta":{"om_disable_all_campaigns":false,"_monsterinsights_skip_tracking":false,"_monsterinsights_sitenote_active":false,"_monsterinsights_sitenote_note":"","_monsterinsights_sitenote_category":0,"site-sidebar-layout":"default","site-content-layout":"default","ast-site-content-layout":"default","site-content-style":"default","site-sidebar-style":"default","ast-global-header-display":"","ast-banner-title-visibility":"","ast-main-header-display":"","ast-hfb-above-header-display":"","ast-hfb-below-header-display":"","ast-hfb-mobile-header-display":"","site-post-title":"","ast-breadcrumbs-content":"","ast-featured-img":"","footer-sml-layout":"","ast-disable-related-posts":"","theme-transparent-header-meta":"default","adv-header-id-meta":"","stick-header-meta":"","header-above-stick-meta":"","header-main-stick-meta":"","header-below-stick-meta":"","astra-migrate-meta-layouts":"default","ast-page-background-enabled":"default","ast-page-background-meta":{"desktop":{"background-color":"","background-image":"","background-repeat":"repeat","background-position":"center center","background-size":"auto","background-attachment":"scroll","background-type":"","background-media":"","overlay-type":"","overlay-color":"","overlay-opacity":"","overlay-gradient":""},"tablet":{"background-color":"","background-image":"","background-repeat":"repeat","background-position":"center center","background-size":"auto","background-attachment":"scroll","background-type":"","background-media":"","overlay-type":"","overlay-color":"","overlay-opacity":"","overlay-gradient":""},"mobile":{"background-color":"","background-image":"","background-repeat":"repeat","background-position":"center center","background-size":"auto","background-attachment":"scroll","background-type":"","background-media":"","overlay-type":"","overlay-color":"","overlay-opacity":"","overlay-gradient":""}},"ast-content-background-meta":{"desktop":{"background-color":"var(--ast-global-color-5)","background-image":"","background-repeat":"repeat","background-position":"center center","background-size":"auto","background-attachment":"scroll","background-type":"","background-media":"","overlay-type":"","overlay-color":"","overlay-opacity":"","overlay-gradient":""},"tablet":{"background-color":"var(--ast-global-color-5)","background-image":"","background-repeat":"repeat","background-position":"center center","background-size":"auto","background-attachment":"scroll","background-type":"","background-media":"","overlay-type":"","overlay-color":"","overlay-opacity":"","overlay-gradient":""},"mobile":{"background-color":"var(--ast-global-color-5)","background-image":"","background-repeat":"repeat","background-position":"center center","background-size":"auto","background-attachment":"scroll","background-type":"","background-media":"","overlay-type":"","overlay-color":"","overlay-opacity":"","overlay-gradient":""}}},"product_brand":[],"product_cat":[450],"product_tag":[1643],"class_list":{"0":"post-8022","1":"product","2":"type-product","3":"status-publish","4":"has-post-thumbnail","6":"product_cat-sistema-gastrointestinale-peptide","7":"product_tag-teduglutide-alx-0600-cas-197922-42-2-for-lab-research-it","8":"desktop-align-left","9":"tablet-align-left","10":"mobile-align-left","12":"first","13":"instock","14":"shipping-taxable","15":"product-type-simple"},"_links":{"self":[{"href":"https:\/\/puyapeptide.net\/it\/wp-json\/wp\/v2\/product\/8022","targetHints":{"allow":["GET"]}}],"collection":[{"href":"https:\/\/puyapeptide.net\/it\/wp-json\/wp\/v2\/product"}],"about":[{"href":"https:\/\/puyapeptide.net\/it\/wp-json\/wp\/v2\/types\/product"}],"replies":[{"embeddable":true,"href":"https:\/\/puyapeptide.net\/it\/wp-json\/wp\/v2\/comments?post=8022"}],"wp:featuredmedia":[{"embeddable":true,"href":"https:\/\/puyapeptide.net\/it\/wp-json\/wp\/v2\/media\/2126"}],"wp:attachment":[{"href":"https:\/\/puyapeptide.net\/it\/wp-json\/wp\/v2\/media?parent=8022"}],"wp:term":[{"taxonomy":"product_brand","embeddable":true,"href":"https:\/\/puyapeptide.net\/it\/wp-json\/wp\/v2\/product_brand?post=8022"},{"taxonomy":"product_cat","embeddable":true,"href":"https:\/\/puyapeptide.net\/it\/wp-json\/wp\/v2\/product_cat?post=8022"},{"taxonomy":"product_tag","embeddable":true,"href":"https:\/\/puyapeptide.net\/it\/wp-json\/wp\/v2\/product_tag?post=8022"}],"curies":[{"name":"wp","href":"https:\/\/api.w.org\/{rel}","templated":true}]}}