{"id":8153,"date":"2021-12-16T12:21:05","date_gmt":"2021-12-16T17:21:05","guid":{"rendered":"https:\/\/puyapeptide.net\/product\/vapreotide-acetate-rc-160-cas-103222-11-3-trattamento-per-sanguinamento-acuto-da-varici-esofagee\/"},"modified":"2021-12-16T12:21:05","modified_gmt":"2021-12-16T17:21:05","slug":"vapreotide-acetate-rc-160-cas-103222-11-3-trattamento-per-sanguinamento-acuto-da-varici-esofagee","status":"publish","type":"product","link":"https:\/\/puyapeptide.net\/it\/product\/vapreotide-acetate-rc-160-cas-103222-11-3-trattamento-per-sanguinamento-acuto-da-varici-esofagee\/","title":{"rendered":"Vapreotide Acetate\/ RC 160 CAS 103222-11-3 Trattamento Per sanguinamento acuto da varici esofagee"},"content":{"rendered":"<h2><strong>Vapreotide Acetate\/ RC 160 CAS 103222-11-3 Trattamento Per sanguinamento acuto da varici esofagee<\/strong><\/h2>\n<p>Nome prodotto: VAPREOTIDE<br \/>\nSinonimi: D-Phe-Cys-Tyr-D-Trp-Lys-Val-Cys-Trp-NH2 (ponte disolfuro Cys2-Cys7);HD-Phe-Cys-Tyr-D -Trp-Lys-Val-Cys-Trp-NH2; D-Phe-Cys-Trp-D-Trp-Lys-Val-Cys-Trp-CONH2 (disolfuro Cys2-Cys7); Vapreotide, RC-160; RC-160 ;VAPREOTIDE;D-PHE-CYS-TYR-D-TRP-LYS-VAL-CYS-TRP-NH2;FCYWKVCW-NH2<br \/>\nCAS: 103222-11-3<br \/>\nMF: C57H70N12O9S2<br \/>\nMW: 1131,37<br \/>\nEINECS:<br \/>\nCategorie di prodotti: Recettore della somatostatina<br \/>\nMol File: 103222-11-3.mol<\/p>\n<p>H3Pharma ha acquisito lo sviluppo della ricerca mondiale e la licenza commerciale per il vaptan da Debiopharm in Svizzera. 2001 Il New England Journal of Medicine ha riportato la formulazione a rilascio immediato, che \u00e8 stata clinicamente testata e dimostrata da Chemicalbook per l&#39;uso precoce nel trattamento dell&#39;esofago acuto Nel 2004, la sussidiaria di Debiopharm, lo specialista canadese in cancro ed endocrinologia H3Pharma, ha sviluppato e prodotto un nuovo farmaco .<\/p>\n<p> <strong>Vapreotide Acetate\/ RC 160 CAS 103222-11-3 Propriet\u00e0 chimiche<\/strong><br \/>\nPunto di ebollizione 1540.9\u00b165,0 \u00b0C(Previsto)<br \/>\ndensit\u00e0 1.40\u00b10.1 g\/cm3(Previsto)<br \/>\nconservazione temperatura \u221220\u00b0C<br \/>\npka 9.90\u00b10.15(Predicted)<\/p>\n<p> <strong>Funzione e applicazione di Vapreotide Acetate\/ RC 160 CAS 103222-11-3<\/strong><br \/>\n1.La formulazione a rilascio immediato di Sanvar, un analogo della somatostatina , viene utilizzato nel trattamento del sanguinamento acuto da varici esofagee (EVB).<br \/>\n2.Sanvar viene utilizzato prima dell&#39;intervento endoscopico per controllare l&#39;emorragia e prevenire il risanguinamento durante i cinque giorni critici successivi all&#39;inizio dell&#39;emorragia. L&#39;EVB \u00e8 una condizione pericolosa per la vita e il tasso di mortalit\u00e0 \u00e8 alto (circa dal 15% al 25%) nelle prime sei settimane dopo l&#39;emorragia. L&#39;EVB \u00e8 la causa di circa il 70% delle emorragie gastrointestinali in pazienti affetti da cirrosi epatica.<br \/>\n3.Sanvar (vapreotide acetato) \u00e8 un analogo ottapeptidico sintetico dell&#39;ormone somatostatina naturale. Ha propriet\u00e0 farmacologiche simili alla somatostatina nativa, ma mostra una durata d&#39;azione pi\u00f9 lunga. \u00c8 l&#39;unico analogo della somatostatina ad aver dimostrato benefici statisticamente significativi nel trattamento precoce dell&#39;EVB in associazione con la terapia endoscopica, in uno studio clinico controllato con placebo (Cal\u00e8s et al. New England Journal of Medicine, 2001). Il controllo del sanguinamento con la sopravvivenza a cinque giorni \u00e8 stato raggiunto pi\u00f9 spesso con Sanvar (p=0,021) rispetto al placebo. aggiuntivo<\/p>\n","protected":false},"excerpt":{"rendered":"<p>Nome del prodotto: VAPREOTIDE<br \/>\nCAS: 103222-11-3<br \/>\nMF: C57H70N12O9S2<br \/>\nMW: 1131.37<br \/>\nMol File: 103222-11-3.mol<\/p>\n","protected":false},"featured_media":2126,"comment_status":"open","ping_status":"closed","template":"","meta":{"om_disable_all_campaigns":false,"_monsterinsights_skip_tracking":false,"_monsterinsights_sitenote_active":false,"_monsterinsights_sitenote_note":"","_monsterinsights_sitenote_category":0,"site-sidebar-layout":"default","site-content-layout":"default","ast-site-content-layout":"default","site-content-style":"default","site-sidebar-style":"default","ast-global-header-display":"","ast-banner-title-visibility":"","ast-main-header-display":"","ast-hfb-above-header-display":"","ast-hfb-below-header-display":"","ast-hfb-mobile-header-display":"","site-post-title":"","ast-breadcrumbs-content":"","ast-featured-img":"","footer-sml-layout":"","ast-disable-related-posts":"","theme-transparent-header-meta":"default","adv-header-id-meta":"","stick-header-meta":"","header-above-stick-meta":"","header-main-stick-meta":"","header-below-stick-meta":"","astra-migrate-meta-layouts":"default","ast-page-background-enabled":"default","ast-page-background-meta":{"desktop":{"background-color":"","background-image":"","background-repeat":"repeat","background-position":"center center","background-size":"auto","background-attachment":"scroll","background-type":"","background-media":"","overlay-type":"","overlay-color":"","overlay-opacity":"","overlay-gradient":""},"tablet":{"background-color":"","background-image":"","background-repeat":"repeat","background-position":"center center","background-size":"auto","background-attachment":"scroll","background-type":"","background-media":"","overlay-type":"","overlay-color":"","overlay-opacity":"","overlay-gradient":""},"mobile":{"background-color":"","background-image":"","background-repeat":"repeat","background-position":"center center","background-size":"auto","background-attachment":"scroll","background-type":"","background-media":"","overlay-type":"","overlay-color":"","overlay-opacity":"","overlay-gradient":""}},"ast-content-background-meta":{"desktop":{"background-color":"var(--ast-global-color-5)","background-image":"","background-repeat":"repeat","background-position":"center center","background-size":"auto","background-attachment":"scroll","background-type":"","background-media":"","overlay-type":"","overlay-color":"","overlay-opacity":"","overlay-gradient":""},"tablet":{"background-color":"var(--ast-global-color-5)","background-image":"","background-repeat":"repeat","background-position":"center center","background-size":"auto","background-attachment":"scroll","background-type":"","background-media":"","overlay-type":"","overlay-color":"","overlay-opacity":"","overlay-gradient":""},"mobile":{"background-color":"var(--ast-global-color-5)","background-image":"","background-repeat":"repeat","background-position":"center center","background-size":"auto","background-attachment":"scroll","background-type":"","background-media":"","overlay-type":"","overlay-color":"","overlay-opacity":"","overlay-gradient":""}}},"product_brand":[],"product_cat":[528],"product_tag":[1538],"class_list":{"0":"post-8153","1":"product","2":"type-product","3":"status-publish","4":"has-post-thumbnail","6":"product_cat-altri-peptidi","7":"product_tag-vapreotide-acetate-rc-160-cas-103222-11-3-treatment-for-acute-esophageal-variceal-bleeding-it","8":"desktop-align-left","9":"tablet-align-left","10":"mobile-align-left","12":"first","13":"instock","14":"shipping-taxable","15":"product-type-simple"},"_links":{"self":[{"href":"https:\/\/puyapeptide.net\/it\/wp-json\/wp\/v2\/product\/8153","targetHints":{"allow":["GET"]}}],"collection":[{"href":"https:\/\/puyapeptide.net\/it\/wp-json\/wp\/v2\/product"}],"about":[{"href":"https:\/\/puyapeptide.net\/it\/wp-json\/wp\/v2\/types\/product"}],"replies":[{"embeddable":true,"href":"https:\/\/puyapeptide.net\/it\/wp-json\/wp\/v2\/comments?post=8153"}],"wp:featuredmedia":[{"embeddable":true,"href":"https:\/\/puyapeptide.net\/it\/wp-json\/wp\/v2\/media\/2126"}],"wp:attachment":[{"href":"https:\/\/puyapeptide.net\/it\/wp-json\/wp\/v2\/media?parent=8153"}],"wp:term":[{"taxonomy":"product_brand","embeddable":true,"href":"https:\/\/puyapeptide.net\/it\/wp-json\/wp\/v2\/product_brand?post=8153"},{"taxonomy":"product_cat","embeddable":true,"href":"https:\/\/puyapeptide.net\/it\/wp-json\/wp\/v2\/product_cat?post=8153"},{"taxonomy":"product_tag","embeddable":true,"href":"https:\/\/puyapeptide.net\/it\/wp-json\/wp\/v2\/product_tag?post=8153"}],"curies":[{"name":"wp","href":"https:\/\/api.w.org\/{rel}","templated":true}]}}