{"id":8274,"date":"2021-12-16T13:19:31","date_gmt":"2021-12-16T18:19:31","guid":{"rendered":"https:\/\/puyapeptide.net\/product\/acetato-15-28-somatostatin-28-cas-38916-34-6-della-somatostatina-del-peptide-di-alta-qualita\/"},"modified":"2021-12-16T13:19:31","modified_gmt":"2021-12-16T18:19:31","slug":"acetato-15-28-somatostatin-28-cas-38916-34-6-della-somatostatina-del-peptide-di-alta-qualita","status":"publish","type":"product","link":"https:\/\/puyapeptide.net\/it\/product\/acetato-15-28-somatostatin-28-cas-38916-34-6-della-somatostatina-del-peptide-di-alta-qualita\/","title":{"rendered":"Acetato\/15-28-Somatostatin-28 CAS 38916-34-6 della somatostatina del peptide di alta qualit\u00e0"},"content":{"rendered":"<h2><strong>Acetato\/15-28-Somatostatin-28 CAS 38916-34-6 della somatostatina del peptide di alta qualit\u00e0<\/strong><\/h2>\n<p>Nome del prodotto: Somatostatin Acetate\/ 15-28-Somatostatin-28<br \/>\nSinonimi: Ala-Gly-Cys-Lys-Asn-Phe-Phe-Trp-Lys-Thr-Phe-Thr-Ser-Cys-OH ;Fattore di inibizione del rilascio di soMatotropina, SRIF, SRIF-14;Somatostatina ciclica;Acetato di soMatostatina;FATTORE DI INIBIZIONE DEL RILASCIO DELL&#39;ORMONE DELLA CRESCITA (UOMO, OVINO, SUINO, RATTO, TOPO);FATTORE DI INIBIZIONE DEL RILASCIO DELL&#39;ORMONE DELLA CRESCITA, HURC, HURC MOUSE) 2ACOH 6H2O;H-ALA-GLY-CYS-LYS-ASN-PHE-PHE-TRP-LYS-THR-PHE-THR-SER-CYS-OH;H-ALA-GLY-CYS-LYS-ASN-PHE -PHE-TRP-LYS-THR-PHE-THR-SER-CYS-OH (ACCOPPIATO A BSA)<br \/>\nCAS: 38916-34-6<br \/>\nMF: C76H104N18O19S2<br \/>\nMW: 1637,88<br \/>\nEINECS: 254-186-5<br \/>\nCategorie di prodotti: derivati degli amminoacidi;amminoacidi e derivati;peptidi;amminoacidi 13C, 2H, 15N;intermedi e prodotti chimici fini;prodotti farmaceutici;peptidi pharm<br \/>\nMol File: 38916-34-6 .mol<\/p>\n<p>La somatostatina \u00e8 un 14-peptide ciclico che \u00e8 stato isolato per la prima volta da Guillemin nel 1973 ed \u00e8 probabilmente il pi\u00f9 accuratamente studiato e il pi\u00f9 importante dei fattori inibitori prodotti dall&#39;ipotha lamo. L&#39;attivit\u00e0 principale della somatostatina, che \u00e8 di origine ipotalamica, \u00e8 l&#39;inibizione del rilascio dell&#39;ormone della crescita (GH) dall&#39;ipofisi anteriore. Troppo GH, come nei tumori ipofisari, provoca l&#39;acromegalia, una forma di gigantismo. D&#39;altra parte, troppo poco GH porta al nanismo. La somatostatina \u00e8 stata trovata anche nel pancreas e nel tratto gastrointestinale, dove inibisce la secrezione sia di insulina che di glucagone dal pancreas, nonch\u00e9 la secrezione di una variet\u00e0 di peptidi intestinali (p. es., gastrina, secretina, pepsina e renina). La breve emivita della somatostatina, che \u00e8 inferiore a 3 minuti, ne ha precluso l&#39;uso come agente terapeutico. Molti derivati della somatostatina sono stati preparati per aumentarne la durata d&#39;azione e\/o per potenziarne la selettivit\u00e0 d&#39;azione. Il culmine di questi studi struttura-attivit\u00e0 \u00e8 stato lo sviluppo dell&#39;octreotide acetato.<\/p>\n<p>Oltre all&#39;ipotalamo, altre parti come la corteccia cerebrale, lo striato, l&#39;amigdala, l&#39;ippocampo e il midollo spinale, il nervo simpatico, l&#39;apparato gastrointestinale, isole, reni, tiroide e paratiroidi sono ampiamente distribuite nella somatostatina. Nel cervello e nel tratto gastrointestinale, sono stati purificati 28 amminoacidi di GHRIH28, che \u00e8 un&#39;estensione verso l&#39;esterno dell&#39;N-terminale di GHRIH14. L&#39;effetto della somatostatina in vitro \u00e8 complicato e pu\u00f2 agire come trasmettitore o modulare nel sistema nervoso; la somatostatina ha un certo effetto inibitorio sulla motilit\u00e0 gastrointestinale e sulla secrezione di ormoni dell&#39;apparato digerente; inibisce inoltre la secrezione di insulina e pancreas Glucagone, renina, ormone paratiroideo e calcitonina.<\/p>\n<p> <strong>Somatostatin Acetate\/15-28-Somatostatin-28 CAS 38916-34-6 Propriet\u00e0 chimiche<\/strong><br \/>\n15-28-Somatostatin-28 Propriet\u00e0 chimiche<br \/>\nPunto di ebollizione 1970,9\u00b165,0 \u00b0C (prevista)<br \/>\ndensit\u00e0 1,43\u00b10,1 g\/cm3 (prevista)<br \/>\ntemp. \u221220\u00b0C<br \/>\nsolubilit\u00e0 H2O: 1 mg\/mL<br \/>\npka 2,94\u00b10,70(Prevedibile)<br \/>\nforma polvere<br \/>\nIdrosolubilit\u00e0 Solubile in acqua(25,00\u00b0C 1,00 g\/L) , Metanolo.<br \/>\nMerck 13,8788<br \/>\nBRN 6436064<br \/>\nInChIKey NHXLMOGPVYXJNR-ATOGVRKGSA-N<\/p>\n<p> <strong>Funzione e applicazione dell&#39;acetato di somatostatina\/15-28-Somatostatin-28 CAS<\/strong> &lt;&amp; &gt;<br \/>\n1 Pu\u00f2 inibire la secrezione di ormone della crescita, ormone stimolante la tiroide, insulina, glucagone.<\/p>\n<p>2 Pu\u00f2 inibire la secrezione acida gastrica stimolata dal pasto di prova e dalla gastrina 5-peptide e pu\u00f2 inibire il rilascio di pepsina e gastrina.<\/p>\n<p>3 Pu\u00f2 ridurre significativamente il flusso sanguigno viscerale, ridurre la pressione portale, ridurre il flusso sanguigno e la pressione della circolazione collaterale, ridurre il flusso sanguigno epatico.<\/p>\n<p>4 Riduce la secrezione del pancreas e la secrezione dell&#39;intestino tenue e della cistifellea, riducono l&#39;attivit\u00e0 enzimatica e hanno un effetto protettivo sulle cellule pancreatiche.<\/p>\n<p>5 Pu\u00f2 influenzare l&#39;assorbimento e la funzione nutrizionale del tratto gastrointestinale.<\/p>\n","protected":false},"excerpt":{"rendered":"<p>Nome prodotto: Somatostatin Acetate\/ 15-28-Somatostatin-28<br \/>\nCAS: 38916-34-6<br \/>\nMF: C76H104N18O19S2<br \/>\nMW: 1637,88<br \/>\nEINECS: 254-186-5<br \/>\nMol File : 38916-34-6.mol<\/p>\n","protected":false},"featured_media":0,"comment_status":"open","ping_status":"closed","template":"","meta":{"om_disable_all_campaigns":false,"_monsterinsights_skip_tracking":false,"_monsterinsights_sitenote_active":false,"_monsterinsights_sitenote_note":"","_monsterinsights_sitenote_category":0,"site-sidebar-layout":"default","site-content-layout":"default","ast-site-content-layout":"default","site-content-style":"default","site-sidebar-style":"default","ast-global-header-display":"","ast-banner-title-visibility":"","ast-main-header-display":"","ast-hfb-above-header-display":"","ast-hfb-below-header-display":"","ast-hfb-mobile-header-display":"","site-post-title":"","ast-breadcrumbs-content":"","ast-featured-img":"","footer-sml-layout":"","ast-disable-related-posts":"","theme-transparent-header-meta":"default","adv-header-id-meta":"","stick-header-meta":"","header-above-stick-meta":"","header-main-stick-meta":"","header-below-stick-meta":"","astra-migrate-meta-layouts":"default","ast-page-background-enabled":"default","ast-page-background-meta":{"desktop":{"background-color":"","background-image":"","background-repeat":"repeat","background-position":"center center","background-size":"auto","background-attachment":"scroll","background-type":"","background-media":"","overlay-type":"","overlay-color":"","overlay-opacity":"","overlay-gradient":""},"tablet":{"background-color":"","background-image":"","background-repeat":"repeat","background-position":"center center","background-size":"auto","background-attachment":"scroll","background-type":"","background-media":"","overlay-type":"","overlay-color":"","overlay-opacity":"","overlay-gradient":""},"mobile":{"background-color":"","background-image":"","background-repeat":"repeat","background-position":"center center","background-size":"auto","background-attachment":"scroll","background-type":"","background-media":"","overlay-type":"","overlay-color":"","overlay-opacity":"","overlay-gradient":""}},"ast-content-background-meta":{"desktop":{"background-color":"var(--ast-global-color-5)","background-image":"","background-repeat":"repeat","background-position":"center center","background-size":"auto","background-attachment":"scroll","background-type":"","background-media":"","overlay-type":"","overlay-color":"","overlay-opacity":"","overlay-gradient":""},"tablet":{"background-color":"var(--ast-global-color-5)","background-image":"","background-repeat":"repeat","background-position":"center center","background-size":"auto","background-attachment":"scroll","background-type":"","background-media":"","overlay-type":"","overlay-color":"","overlay-opacity":"","overlay-gradient":""},"mobile":{"background-color":"var(--ast-global-color-5)","background-image":"","background-repeat":"repeat","background-position":"center center","background-size":"auto","background-attachment":"scroll","background-type":"","background-media":"","overlay-type":"","overlay-color":"","overlay-opacity":"","overlay-gradient":""}}},"product_brand":[],"product_cat":[528],"product_tag":[],"class_list":{"0":"post-8274","1":"product","2":"type-product","3":"status-publish","5":"product_cat-altri-peptidi","6":"desktop-align-left","7":"tablet-align-left","8":"mobile-align-left","10":"first","11":"instock","12":"shipping-taxable","13":"product-type-simple"},"_links":{"self":[{"href":"https:\/\/puyapeptide.net\/it\/wp-json\/wp\/v2\/product\/8274","targetHints":{"allow":["GET"]}}],"collection":[{"href":"https:\/\/puyapeptide.net\/it\/wp-json\/wp\/v2\/product"}],"about":[{"href":"https:\/\/puyapeptide.net\/it\/wp-json\/wp\/v2\/types\/product"}],"replies":[{"embeddable":true,"href":"https:\/\/puyapeptide.net\/it\/wp-json\/wp\/v2\/comments?post=8274"}],"wp:attachment":[{"href":"https:\/\/puyapeptide.net\/it\/wp-json\/wp\/v2\/media?parent=8274"}],"wp:term":[{"taxonomy":"product_brand","embeddable":true,"href":"https:\/\/puyapeptide.net\/it\/wp-json\/wp\/v2\/product_brand?post=8274"},{"taxonomy":"product_cat","embeddable":true,"href":"https:\/\/puyapeptide.net\/it\/wp-json\/wp\/v2\/product_cat?post=8274"},{"taxonomy":"product_tag","embeddable":true,"href":"https:\/\/puyapeptide.net\/it\/wp-json\/wp\/v2\/product_tag?post=8274"}],"curies":[{"name":"wp","href":"https:\/\/api.w.org\/{rel}","templated":true}]}}