{"id":8383,"date":"2021-12-16T13:26:56","date_gmt":"2021-12-16T18:26:56","guid":{"rendered":"https:\/\/puyapeptide.net\/product\/pramlintide-acetate-cas-196078-30-5-e-un-agente-antidiabetico-che-puo-essere-utilizzato-anche-nella-ricerca-sul-cancro-intestinale\/"},"modified":"2021-12-16T13:26:56","modified_gmt":"2021-12-16T18:26:56","slug":"pramlintide-acetate-cas-196078-30-5-e-un-agente-antidiabetico-che-puo-essere-utilizzato-anche-nella-ricerca-sul-cancro-intestinale","status":"publish","type":"product","link":"https:\/\/puyapeptide.net\/it\/product\/pramlintide-acetate-cas-196078-30-5-e-un-agente-antidiabetico-che-puo-essere-utilizzato-anche-nella-ricerca-sul-cancro-intestinale\/","title":{"rendered":"Pramlintide Acetate CAS 196078-30-5 \u00e8 un agente antidiabetico che pu\u00f2 essere utilizzato anche nella ricerca sul cancro intestinale"},"content":{"rendered":"<h2><strong>Pramlintide Acetate CAS 196078-30-5 \u00e8 un agente antidiabetico che pu\u00f2 essere utilizzato anche nella ricerca sul cancro intestinale<\/strong><\/h2>\n<p>Nome del prodotto: Pramlintide acetato<br \/>\nSinonimi: AMYLIN (UMANO), 25-L-PROLINE-28-L-PROLINE-29-L-PROLINE-, ACETATE (SALE), HYDRATE;pramlintide acetato;pramlintide acetato idrato ;25-L-prolina-28-L-prolina-29-L-prolina-aMilina (umana) acetato idrato; AC-137 acetato idrato, acetato syMlin idrato; tripo-amilina acetato idrato; pramlintide acetato, amilina ratto; pramlintide acetato fandachem<br \/>\nCAS: 196078-30-5<br \/>\nMF: C173H273N51O56S2<br \/>\nMW: 4027.46<br \/>\nEINECS:<br \/>\nCategorie di prodotti: Aminoacidi e derivati; Basi e reagenti correlati; Analoghi di farmaci; Eterocicli; Intermedi &amp; Fine Chemicals;Nucleotides;Peptide;Pharmaceuticals<br \/>\nMol File: 196078-30-5.mol<\/p>\n<p>Pramlintide acetate \u00e8 un analogo dell&#39;amilina umana iniettabile che \u00e8 stato lanciato per il trattamento sia del tipo 1 che del tipo 2 diabete, in combinazione con l&#39;insulina. Sebbene sia anche un peptide di 37 aminoacidi, differisce dal suo predecessore genitore per la sostituzione di Ala-25, Ser-28 e Ser-29 con proline. Queste modifiche non solo migliorano la solubilit\u00e0 del peptide, ma eliminano anche l&#39;aggregazione osservata con l&#39;amilina, risultando in un analogo sintetico stabile con ritenzione di attivit\u00e0 biologica adatto per l&#39;uso farmaceutico. Come indicazione della potenza, Pramlintide acetato inibisce il legame dell&#39;amilina di ratto radioiodurata alle membrane del nucleo accumbens di ratto con un valore Ki di 23 pM. Il suo meccanismo d&#39;azione imita l&#39;amilina; come neuroormone che viene secreto con insulina dalle cellule \u03b2 pancreatiche in risposta ai pasti, \u00e8 coinvolto nell&#39;omeostasi del glucosio. Entrambi i peptidi abbassano i livelli di glucosio postprandiale inibendo il glucagone e limitando la velocit\u00e0 di svuotamento gastrico mediata dal vago, rallentando cos\u00ec l&#39;assorbimento intestinale dei carboidrati. Inoltre, l&#39;amilina, o pramlintide acetato, ha l&#39;ulteriore vantaggio di indurre la saziet\u00e0 postprandiale con conseguente perdita di peso nei pazienti con diabete di tipo 2. Poich\u00e9 Pramlintide acetato rallenta lo svuotamento gastrico, \u00e8 controindicato nei pazienti con gastroparesi e nei pazienti che assumono farmaci che alterano la motilit\u00e0 gastrointestinale (agenti anticolinergici, come l&#39;atropina) o rallentano l&#39;assorbimento intestinale dei nutrienti (come gli inibitori dell&#39;\u03b1-glucosidasi). Pramlintide acetato \u00e8 anche controindicato nei pazienti con tendenze ipoglicemiche; a causa della co-somministrazione con insulina, una grave ipoglicemia indotta da insulina \u00e8 un rischio. Gli eventi avversi pi\u00f9 comunemente riportati includono nausea, vomito, anoressia, cefalea, dolore addominale, affaticamento, vertigini, tosse e faringite.<\/p>\n<p> <strong>Funzione e applicazione del CAS 196078-30-5<\/strong> <\/p>\n<p>Pramlintide l&#39;acetato \u00e8 un analogo sintetico del polipeptide amiloide pancreatico (amilina, amilopectina) ed \u00e8 il secondo farmaco approvato per il trattamento del diabete di tipo 1 dopo l&#39;insulina. Nella pratica clinica, il pramlintide \u00e8 utilizzato come farmaco adiuvante per il trattamento del diabete di tipo 1 e di tipo 2, principalmente per i pazienti con diabete che non sono riusciti a ottenere i risultati attesi con la sola insulina e con la combinazione di insulina e sulfoniluree e metformina. Pramlintide pu\u00f2 essere usato in combinazione con l&#39;insulina, ma non pu\u00f2 sostituire l&#39;insulina.<\/p>\n","protected":false},"excerpt":{"rendered":"<p>Nome del prodotto: Pramlintide acetato<br \/>\nCAS: 196078-30-5<br \/>\nMF: C173H273N51O56S2<br \/>\nMW: 4027.46<br \/>\nMol File: 196078-30-5.mol<\/p>\n","protected":false},"featured_media":2210,"comment_status":"open","ping_status":"closed","template":"","meta":{"om_disable_all_campaigns":false,"_monsterinsights_skip_tracking":false,"_monsterinsights_sitenote_active":false,"_monsterinsights_sitenote_note":"","_monsterinsights_sitenote_category":0,"site-sidebar-layout":"default","site-content-layout":"default","ast-site-content-layout":"default","site-content-style":"default","site-sidebar-style":"default","ast-global-header-display":"","ast-banner-title-visibility":"","ast-main-header-display":"","ast-hfb-above-header-display":"","ast-hfb-below-header-display":"","ast-hfb-mobile-header-display":"","site-post-title":"","ast-breadcrumbs-content":"","ast-featured-img":"","footer-sml-layout":"","ast-disable-related-posts":"","theme-transparent-header-meta":"default","adv-header-id-meta":"","stick-header-meta":"","header-above-stick-meta":"","header-main-stick-meta":"","header-below-stick-meta":"","astra-migrate-meta-layouts":"default","ast-page-background-enabled":"default","ast-page-background-meta":{"desktop":{"background-color":"","background-image":"","background-repeat":"repeat","background-position":"center center","background-size":"auto","background-attachment":"scroll","background-type":"","background-media":"","overlay-type":"","overlay-color":"","overlay-opacity":"","overlay-gradient":""},"tablet":{"background-color":"","background-image":"","background-repeat":"repeat","background-position":"center center","background-size":"auto","background-attachment":"scroll","background-type":"","background-media":"","overlay-type":"","overlay-color":"","overlay-opacity":"","overlay-gradient":""},"mobile":{"background-color":"","background-image":"","background-repeat":"repeat","background-position":"center center","background-size":"auto","background-attachment":"scroll","background-type":"","background-media":"","overlay-type":"","overlay-color":"","overlay-opacity":"","overlay-gradient":""}},"ast-content-background-meta":{"desktop":{"background-color":"var(--ast-global-color-5)","background-image":"","background-repeat":"repeat","background-position":"center center","background-size":"auto","background-attachment":"scroll","background-type":"","background-media":"","overlay-type":"","overlay-color":"","overlay-opacity":"","overlay-gradient":""},"tablet":{"background-color":"var(--ast-global-color-5)","background-image":"","background-repeat":"repeat","background-position":"center center","background-size":"auto","background-attachment":"scroll","background-type":"","background-media":"","overlay-type":"","overlay-color":"","overlay-opacity":"","overlay-gradient":""},"mobile":{"background-color":"var(--ast-global-color-5)","background-image":"","background-repeat":"repeat","background-position":"center center","background-size":"auto","background-attachment":"scroll","background-type":"","background-media":"","overlay-type":"","overlay-color":"","overlay-opacity":"","overlay-gradient":""}}},"product_brand":[],"product_cat":[347],"product_tag":[1296],"class_list":{"0":"post-8383","1":"product","2":"type-product","3":"status-publish","4":"has-post-thumbnail","6":"product_cat-diabetes-peptide-it","7":"product_tag-pramlintide-acetate-cas-196078-30-5-is-an-antidiabetic-agent-that-can-also-be-used-in-bowel-cancer-research-it","8":"desktop-align-left","9":"tablet-align-left","10":"mobile-align-left","12":"first","13":"instock","14":"shipping-taxable","15":"product-type-simple"},"_links":{"self":[{"href":"https:\/\/puyapeptide.net\/it\/wp-json\/wp\/v2\/product\/8383","targetHints":{"allow":["GET"]}}],"collection":[{"href":"https:\/\/puyapeptide.net\/it\/wp-json\/wp\/v2\/product"}],"about":[{"href":"https:\/\/puyapeptide.net\/it\/wp-json\/wp\/v2\/types\/product"}],"replies":[{"embeddable":true,"href":"https:\/\/puyapeptide.net\/it\/wp-json\/wp\/v2\/comments?post=8383"}],"wp:featuredmedia":[{"embeddable":true,"href":"https:\/\/puyapeptide.net\/it\/wp-json\/wp\/v2\/media\/2210"}],"wp:attachment":[{"href":"https:\/\/puyapeptide.net\/it\/wp-json\/wp\/v2\/media?parent=8383"}],"wp:term":[{"taxonomy":"product_brand","embeddable":true,"href":"https:\/\/puyapeptide.net\/it\/wp-json\/wp\/v2\/product_brand?post=8383"},{"taxonomy":"product_cat","embeddable":true,"href":"https:\/\/puyapeptide.net\/it\/wp-json\/wp\/v2\/product_cat?post=8383"},{"taxonomy":"product_tag","embeddable":true,"href":"https:\/\/puyapeptide.net\/it\/wp-json\/wp\/v2\/product_tag?post=8383"}],"curies":[{"name":"wp","href":"https:\/\/api.w.org\/{rel}","templated":true}]}}