{"id":8417,"date":"2021-12-16T13:28:06","date_gmt":"2021-12-16T18:28:06","guid":{"rendered":"https:\/\/puyapeptide.net\/product\/peptidi-farmaceutici-di-vendita-calda-pasireotide-cas-396091-73-9\/"},"modified":"2021-12-16T13:28:06","modified_gmt":"2021-12-16T18:28:06","slug":"peptidi-farmaceutici-di-vendita-calda-pasireotide-cas-396091-73-9","status":"publish","type":"product","link":"https:\/\/puyapeptide.net\/it\/product\/peptidi-farmaceutici-di-vendita-calda-pasireotide-cas-396091-73-9\/","title":{"rendered":"Peptidi farmaceutici di vendita calda Pasireotide CAS 396091-73-9"},"content":{"rendered":"<h2><strong>Peptidi farmaceutici di vendita calda Pasireotide CAS 396091-73-9<\/strong><\/h2>\n<p>Nome del prodotto: PASIREOTIDE<br \/>\nSinonimi: PASIREOTIDE;Cyclo[(2S)-2-phenylglycyl-D-triptophyl-L-lysyl-O-(phenylmethyl)-L-tyrosyl-L-phenylalanyl-(4R)- 4-[[[(2-amminoetil)ammino]carbonil]ossi]-L-prolil];SOM 230;SOM 320;[(3S,6S,9S,12R,15S,18S,20R)-9-(4- amminobutil)-3-benzil-12-(1H-indol-3-ilmetil)-2,5,8,11,14,17-esaosso-15-fenil-6-[(4-fenilmetossifenil)metil]-1, 4,7,10,13,16-esazabiciclo[16.3.0]henicosan-20-il]N-(2-amminoetil)carbammato;SOM 230;SOM 320;CICLO((4R)-4-(2-AMINOETILCARBAMOYLOXY)) -L-PROLYL-L-PHENYLGLYCYL-D-TRIPTOPHYL-L-LYSYL-4-O-BENZYL-L-TYROSYL-L-PHENYLALANYL-)<br \/>\nCAS: 396091-73-9<br \/>\nMF: C58H66N10O9&lt;&amp; &gt;MW: 1047.23<br \/>\nEINECS:<br \/>\nCategorie di prodotti:<br \/>\nMol File: 396091-73-9.mol<\/p>\n<p>Nell&#39;aprile 2012, la Commissione Europea ha approvato il pasireotide per il trattamento della malattia di Cushing ( CD) in pazienti adulti che non hanno risposto all&#39;intervento chirurgico per il quale la chirurgia non \u00e8 un&#39;opzione. Il pasireotide \u00e8 stato approvato per la stessa indicazione dalla FDA degli Stati Uniti nel dicembre del 2012. Pasireotide (anche k noto come SOM230) \u00e8 un cicloesapeptide che agisce come un analogo della somatostatina per inibire il rilascio di ACTH. Le somatostatine sono peptidi ciclici di 14 e 28 aminoacidi che svolgono un ruolo importante nella regolazione del rilascio endocrino ed esocrino in molti tessuti attraverso un meccanismo inibitorio. Esistono cinque sottotipi noti di recettori della somatostatina (SSTR). Le somatostatine naturali si legano con elevata affinit\u00e0 a tutti e cinque i sottotipi, tuttavia il loro uso terapeutico \u00e8 limitato dalla rapida degradazione nel plasma. Il pasireotide \u00e8 nato dagli sforzi per identificare un somatostatinomimetico con effetti inibitori di lunga durata. Partendo da un peptide di somatostatina di 14 aminoacidi, una scansione sistematica dell&#39;alanina ha rivelato residui essenziali per il legame del sottotipo di recettore, comprese le regioni chiave del turno b e i residui adiacenti. Posizionando gli elementi strutturali chiave come amminoacidi innaturali in uno scheletro cicloesapeptidico ha dato il pasireotide.<\/p>\n<p> <strong>PASIREOTIDE CAS 396091-73-9<\/strong><br \/>\nPunto di ebollizione 1351.4\u00b165,0 \u00b0C (previsto)<br \/>\ndensit\u00e0 1,36\u00b10,1 g \/cm3(Predicted)<br \/>\npka 11.86\u00b10.46(Predicted)<br \/>\nCas DataBase Reference 396091-73-9<\/p>\n<p> <strong>Funzione e applicazione di PASIREOTIDE CAS 396091-73-9<\/strong><br \/>\nCome inibitore della crescita analogo che si lega a pi\u00f9 recettori, il pasireotide ha dimostrato di essere pi\u00f9 efficace degli analoghi degli inibitori della crescita come l&#39;octreotide e il lanreotide nel trattamento dell&#39;acromegalia, dei tumori carcinoidi e della malattia di Cushing, sia in studi preclinici come test cellulari e studi sugli animali, sia in test clinici. I risultati dello studio di fase II e uno studio di fase III sul pasireotide hanno confermato che il pasireotide \u00e8 un nuovo trattamento per l&#39;acromegalia nuova o persistente e per i tumori carcinoidi metastatici e potrebbe essere la prima scelta di trattamento farmacologico per la malattia di Cushing.<\/p>\n","protected":false},"excerpt":{"rendered":"<p>Nome del prodotto: PASIREOTIDE<br \/>\nMF: C58H66N10O9<br \/>\nMW: 1047.23<br \/>\nEINECS:<br \/>\nMol File: 396091-73-9.mol<\/p>\n","protected":false},"featured_media":2210,"comment_status":"open","ping_status":"closed","template":"","meta":{"om_disable_all_campaigns":false,"_monsterinsights_skip_tracking":false,"_monsterinsights_sitenote_active":false,"_monsterinsights_sitenote_note":"","_monsterinsights_sitenote_category":0,"site-sidebar-layout":"default","site-content-layout":"default","ast-site-content-layout":"default","site-content-style":"default","site-sidebar-style":"default","ast-global-header-display":"","ast-banner-title-visibility":"","ast-main-header-display":"","ast-hfb-above-header-display":"","ast-hfb-below-header-display":"","ast-hfb-mobile-header-display":"","site-post-title":"","ast-breadcrumbs-content":"","ast-featured-img":"","footer-sml-layout":"","ast-disable-related-posts":"","theme-transparent-header-meta":"default","adv-header-id-meta":"","stick-header-meta":"","header-above-stick-meta":"","header-main-stick-meta":"","header-below-stick-meta":"","astra-migrate-meta-layouts":"default","ast-page-background-enabled":"default","ast-page-background-meta":{"desktop":{"background-color":"","background-image":"","background-repeat":"repeat","background-position":"center center","background-size":"auto","background-attachment":"scroll","background-type":"","background-media":"","overlay-type":"","overlay-color":"","overlay-opacity":"","overlay-gradient":""},"tablet":{"background-color":"","background-image":"","background-repeat":"repeat","background-position":"center center","background-size":"auto","background-attachment":"scroll","background-type":"","background-media":"","overlay-type":"","overlay-color":"","overlay-opacity":"","overlay-gradient":""},"mobile":{"background-color":"","background-image":"","background-repeat":"repeat","background-position":"center center","background-size":"auto","background-attachment":"scroll","background-type":"","background-media":"","overlay-type":"","overlay-color":"","overlay-opacity":"","overlay-gradient":""}},"ast-content-background-meta":{"desktop":{"background-color":"var(--ast-global-color-5)","background-image":"","background-repeat":"repeat","background-position":"center center","background-size":"auto","background-attachment":"scroll","background-type":"","background-media":"","overlay-type":"","overlay-color":"","overlay-opacity":"","overlay-gradient":""},"tablet":{"background-color":"var(--ast-global-color-5)","background-image":"","background-repeat":"repeat","background-position":"center center","background-size":"auto","background-attachment":"scroll","background-type":"","background-media":"","overlay-type":"","overlay-color":"","overlay-opacity":"","overlay-gradient":""},"mobile":{"background-color":"var(--ast-global-color-5)","background-image":"","background-repeat":"repeat","background-position":"center center","background-size":"auto","background-attachment":"scroll","background-type":"","background-media":"","overlay-type":"","overlay-color":"","overlay-opacity":"","overlay-gradient":""}}},"product_brand":[],"product_cat":[528],"product_tag":[1243],"class_list":{"0":"post-8417","1":"product","2":"type-product","3":"status-publish","4":"has-post-thumbnail","6":"product_cat-altri-peptidi","7":"product_tag-hot-sale-pharmaceutical-peptidespasireotide-cas-396091-73-9-it","8":"desktop-align-left","9":"tablet-align-left","10":"mobile-align-left","12":"first","13":"instock","14":"shipping-taxable","15":"product-type-simple"},"_links":{"self":[{"href":"https:\/\/puyapeptide.net\/it\/wp-json\/wp\/v2\/product\/8417","targetHints":{"allow":["GET"]}}],"collection":[{"href":"https:\/\/puyapeptide.net\/it\/wp-json\/wp\/v2\/product"}],"about":[{"href":"https:\/\/puyapeptide.net\/it\/wp-json\/wp\/v2\/types\/product"}],"replies":[{"embeddable":true,"href":"https:\/\/puyapeptide.net\/it\/wp-json\/wp\/v2\/comments?post=8417"}],"wp:featuredmedia":[{"embeddable":true,"href":"https:\/\/puyapeptide.net\/it\/wp-json\/wp\/v2\/media\/2210"}],"wp:attachment":[{"href":"https:\/\/puyapeptide.net\/it\/wp-json\/wp\/v2\/media?parent=8417"}],"wp:term":[{"taxonomy":"product_brand","embeddable":true,"href":"https:\/\/puyapeptide.net\/it\/wp-json\/wp\/v2\/product_brand?post=8417"},{"taxonomy":"product_cat","embeddable":true,"href":"https:\/\/puyapeptide.net\/it\/wp-json\/wp\/v2\/product_cat?post=8417"},{"taxonomy":"product_tag","embeddable":true,"href":"https:\/\/puyapeptide.net\/it\/wp-json\/wp\/v2\/product_tag?post=8417"}],"curies":[{"name":"wp","href":"https:\/\/api.w.org\/{rel}","templated":true}]}}