{"id":8441,"date":"2021-12-16T13:30:15","date_gmt":"2021-12-16T18:30:15","guid":{"rendered":"https:\/\/puyapeptide.net\/product\/lossitocina-%ce%b1-ipofamina-ormone-ossitocico-cas-50-56-6-e-un-peptide-ipotalamico-pleiotropico-che-contribuisce-al-parto-allallattamento-e-al-comportamento-pro-sociale\/"},"modified":"2021-12-16T13:30:15","modified_gmt":"2021-12-16T18:30:15","slug":"lossitocina-%ce%b1-ipofamina-ormone-ossitocico-cas-50-56-6-e-un-peptide-ipotalamico-pleiotropico-che-contribuisce-al-parto-allallattamento-e-al-comportamento-pro-sociale","status":"publish","type":"product","link":"https:\/\/puyapeptide.net\/it\/product\/lossitocina-%ce%b1-ipofamina-ormone-ossitocico-cas-50-56-6-e-un-peptide-ipotalamico-pleiotropico-che-contribuisce-al-parto-allallattamento-e-al-comportamento-pro-sociale\/","title":{"rendered":"L&#39;ossitocina (\u03b1-ipofamina; ormone ossitocico) CAS 50-56-6 \u00e8 un peptide ipotalamico pleiotropico che contribuisce al parto, all&#39;allattamento e al comportamento pro-sociale."},"content":{"rendered":"<h2><strong>L&#39;ossitocina (\u03b1-ipofamina; ormone ossitocico) CAS 50-56-6 \u00e8 un peptide ipotalamico pleiotropico che contribuisce al parto, all&#39;allattamento e al comportamento pro-sociale<\/strong><\/h2>\n<p>Nome del prodotto: Ossitocina<br \/>\nSinonimi: (1-emicistina)-ossitocina;3-isoleucina-8-leucinavasopressina;atonino;ciclico(1-6)-di\/\/\/;di-sipidin;endopituitrina;glicinamide, l-cisteinil-l-tirosil-l-isoleucyl-l-glutaminyl-l-asparaginil-l-cys;nobitocine<br \/>\nCAS: 50-56-6<br \/>\nMF: C43H66N12O12S2<br \/>\nMW: 1007.19<br \/>\n EINECS: 200-048-4<br \/>\nCategorie di prodotti: derivati degli amminoacidi;prodotti organici;amminoacidi 13C, 2H, 15N;peptidi;amminoacidi e derivati;intermedi e prodotti chimici fini;prodotti farmaceutici;recettori della vasopressina e dell&#39;ossitocina;recettori peptidici;ormoni ;peptidi per l&#39;uso del parto;Farmaci veterinari<br \/>\nMol File: 50-56-6.mol<\/p>\n<p>L&#39;ossitocina (OT) \u00e8 un tipo di farmaco per la contrazione uterina e pu\u00f2 essere derivato dall&#39;ipofisi posteriore dell&#39;animale o sintetizzato chimicamente.<br \/>\n L&#39;ossitocina \u00e8 un farmaco per la contrazione uterina che viene utilizzato principalmente nell&#39;induzione della gravidanza tardiva e nel parto stagnante a causa di deboli contrazioni uterine. Adatto per indurre il travaglio e alleviare il dolore. Comunemente utilizzato con i preparati di ergot da utilizzare nell&#39;induzione del travaglio, nell&#39;accelerare il travaglio e nel sanguinamento uterino dovuto a deboli contrazioni uterine dopo il parto o il parto. Le gocce nasali possono essere utilizzate per promuovere l&#39;allattamento.<\/p>\n<p> <strong>Ossitocina CAS 50-56-6 Propriet\u00e0 chimiche<\/strong><br \/>\nOssitocina Propriet\u00e0 chimiche<br \/>\nPunto di fusione 192-194\u00b0C<br \/>\nalfa D22 -26.2\u00b0 (c = 0,53)<br \/>\ndensit\u00e0 1,1086 (stima approssimativa)<br \/>\nindice di rifrazione 1,6700 (stima)<br \/>\ntemp. 2-8\u00b0C<br \/>\nsolubilit\u00e0 Molto solubile in acqua. Si dissolve in soluzioni diluite di acido acetico e di etanolo (96 per cento).<br \/>\nforma polvere liofilizzata<br \/>\npka pKa \uff5e6.1(gruppo amminico libero su Cys) (occasionalmente);\uff5e10(fenolo libero su Tyr) ( Occasionalmente)<br \/>\ncolore Bianco<br \/>\nIdrosolubilit\u00e0 Solubile in acqua.<br \/>\nMerck 13,7049<br \/>\nBRN 3586108<br \/>\nInChIKey DSZOEVVLZMNAEH-BXUJZNQYSA-N<br \/>\nCAS Riferimento database 50-56-6(CAS Riferimento al database)<\/p>\n<p> <strong>Usi dell&#39;ossitocina CAS 50-56-6<\/strong><br \/>\n1.L&#39;ossitocina \u00e8 il principale ormone che contrae l&#39;utero e stimola l&#39;allattamento della ghiandola pituitaria posteriore.<br \/>\n2. L&#39;ossitocina \u00e8 un ormone non apeptidico sintetizzato principalmente nei neuroni magnocellulari dei nuclei paraventricolare e sopraottico dell&#39;ipotalamo. \u00c8 meglio conosciuto per il suo ruolo nello stimolare la contrazione uterina e l&#39;allattamento ed \u00e8 importante per la memoria e l&#39;attaccamento sociale, il comportamento sessuale e materno e l&#39;aggressivit\u00e0. Inoltre, \u00e8 stato implicato in vari comportamenti non sociali, tra cui l&#39;apprendimento, l&#39;ansia, l&#39;alimentazione e la percezione del dolore.<\/p>\n","protected":false},"excerpt":{"rendered":"<p>Nome del prodotto: Ossitocina<br \/>\nCAS: 50-56-6<br \/>\nMF: C43H66N12O12S2<br \/>\nMW: 1007.19<br \/>\nEINECS: 200-048-4<br \/>\nMol File: 50-56-6.mol<\/p>\n","protected":false},"featured_media":2168,"comment_status":"open","ping_status":"closed","template":"","meta":{"om_disable_all_campaigns":false,"_monsterinsights_skip_tracking":false,"_monsterinsights_sitenote_active":false,"_monsterinsights_sitenote_note":"","_monsterinsights_sitenote_category":0,"site-sidebar-layout":"default","site-content-layout":"default","ast-site-content-layout":"default","site-content-style":"default","site-sidebar-style":"default","ast-global-header-display":"","ast-banner-title-visibility":"","ast-main-header-display":"","ast-hfb-above-header-display":"","ast-hfb-below-header-display":"","ast-hfb-mobile-header-display":"","site-post-title":"","ast-breadcrumbs-content":"","ast-featured-img":"","footer-sml-layout":"","ast-disable-related-posts":"","theme-transparent-header-meta":"default","adv-header-id-meta":"","stick-header-meta":"","header-above-stick-meta":"","header-main-stick-meta":"","header-below-stick-meta":"","astra-migrate-meta-layouts":"default","ast-page-background-enabled":"default","ast-page-background-meta":{"desktop":{"background-color":"","background-image":"","background-repeat":"repeat","background-position":"center center","background-size":"auto","background-attachment":"scroll","background-type":"","background-media":"","overlay-type":"","overlay-color":"","overlay-opacity":"","overlay-gradient":""},"tablet":{"background-color":"","background-image":"","background-repeat":"repeat","background-position":"center center","background-size":"auto","background-attachment":"scroll","background-type":"","background-media":"","overlay-type":"","overlay-color":"","overlay-opacity":"","overlay-gradient":""},"mobile":{"background-color":"","background-image":"","background-repeat":"repeat","background-position":"center center","background-size":"auto","background-attachment":"scroll","background-type":"","background-media":"","overlay-type":"","overlay-color":"","overlay-opacity":"","overlay-gradient":""}},"ast-content-background-meta":{"desktop":{"background-color":"var(--ast-global-color-5)","background-image":"","background-repeat":"repeat","background-position":"center center","background-size":"auto","background-attachment":"scroll","background-type":"","background-media":"","overlay-type":"","overlay-color":"","overlay-opacity":"","overlay-gradient":""},"tablet":{"background-color":"var(--ast-global-color-5)","background-image":"","background-repeat":"repeat","background-position":"center center","background-size":"auto","background-attachment":"scroll","background-type":"","background-media":"","overlay-type":"","overlay-color":"","overlay-opacity":"","overlay-gradient":""},"mobile":{"background-color":"var(--ast-global-color-5)","background-image":"","background-repeat":"repeat","background-position":"center center","background-size":"auto","background-attachment":"scroll","background-type":"","background-media":"","overlay-type":"","overlay-color":"","overlay-opacity":"","overlay-gradient":""}}},"product_brand":[],"product_cat":[442],"product_tag":[],"class_list":{"0":"post-8441","1":"product","2":"type-product","3":"status-publish","4":"has-post-thumbnail","6":"product_cat-peptide-urogenitale","7":"desktop-align-left","8":"tablet-align-left","9":"mobile-align-left","11":"first","12":"instock","13":"shipping-taxable","14":"product-type-simple"},"_links":{"self":[{"href":"https:\/\/puyapeptide.net\/it\/wp-json\/wp\/v2\/product\/8441","targetHints":{"allow":["GET"]}}],"collection":[{"href":"https:\/\/puyapeptide.net\/it\/wp-json\/wp\/v2\/product"}],"about":[{"href":"https:\/\/puyapeptide.net\/it\/wp-json\/wp\/v2\/types\/product"}],"replies":[{"embeddable":true,"href":"https:\/\/puyapeptide.net\/it\/wp-json\/wp\/v2\/comments?post=8441"}],"wp:featuredmedia":[{"embeddable":true,"href":"https:\/\/puyapeptide.net\/it\/wp-json\/wp\/v2\/media\/2168"}],"wp:attachment":[{"href":"https:\/\/puyapeptide.net\/it\/wp-json\/wp\/v2\/media?parent=8441"}],"wp:term":[{"taxonomy":"product_brand","embeddable":true,"href":"https:\/\/puyapeptide.net\/it\/wp-json\/wp\/v2\/product_brand?post=8441"},{"taxonomy":"product_cat","embeddable":true,"href":"https:\/\/puyapeptide.net\/it\/wp-json\/wp\/v2\/product_cat?post=8441"},{"taxonomy":"product_tag","embeddable":true,"href":"https:\/\/puyapeptide.net\/it\/wp-json\/wp\/v2\/product_tag?post=8441"}],"curies":[{"name":"wp","href":"https:\/\/api.w.org\/{rel}","templated":true}]}}