{"id":8499,"date":"2021-12-17T01:43:00","date_gmt":"2021-12-17T06:43:00","guid":{"rendered":"https:\/\/puyapeptide.net\/product\/liraglutide-cas-204656-20-2-per-la-perdita-di-peso-e-trattamento-per-il-diabete-di-tipo-2\/"},"modified":"2021-12-17T01:43:00","modified_gmt":"2021-12-17T06:43:00","slug":"liraglutide-cas-204656-20-2-per-la-perdita-di-peso-e-trattamento-per-il-diabete-di-tipo-2","status":"publish","type":"product","link":"https:\/\/puyapeptide.net\/it\/product\/liraglutide-cas-204656-20-2-per-la-perdita-di-peso-e-trattamento-per-il-diabete-di-tipo-2\/","title":{"rendered":"Liraglutide CAS 204656-20-2 per la perdita di peso e trattamento per il diabete di tipo 2"},"content":{"rendered":"<h2><strong>Liraglutide CAS 204656-20-2 per la perdita di peso e trattamento per il diabete di tipo 2<\/strong><\/h2>\n<p>Nome prodotto: Liraglutide<br \/>\nSinonimi: Liraglutide;Glycine, L-istidil-L-alanil-L-alfa-glutamilglicil-L-treonil-L-fenilalanil-L-treonil-L-seryl-L-alfa- aspartil-L-valil-L-seryl-L-seryl-L-tyrosyl-L-leucyl-L-alpha-glutamilglycyl-L-glutaminyl-L-alanil-L-alanil-N6-(N-(1-oxohexadecyl) -L-gamma-glutamil)-L-lisil-L-alfa-glutamil-L-fenilalanil-L-isoleucil-L-alanil-L-triptofill-L-leucil-L-valil-L-arginilglicil-L-arginil- ;Liraglutida;Liraglutida [inn-spagnolo];Liraglutide [usan:inn];Liraglutidum;Liraglutidum [inn-latino];N26-(Hexadecanoyl-gamma-glutamyle)-(34-arginina)glp-1-(7-37) -peptide<br \/>\nCAS: 204656-20-2<br \/>\nMF: C172H265N43O51<br \/>\nMW: 3751.202<br \/>\nEINECS: 810-818-7<br \/>\nCategorie di prodotti: GLP<br \/>\nMol File: 204656-20 -2.mol<\/p>\n<p>Liraglutide \u00e8 una soluzione limpida e incolore. La forma di dosaggio \u00e8 l&#39;iniezione sottocutanea. Dopo pi\u00f9 di 10 anni di ricerca e sviluppo, Liraglutide ha molte funzioni come favorire la rigenerazione delle cellule delle isole, abbassare la glicemia, ridurre il peso e proteggere il sistema cardiovascolare. Il marchio Victoza \u00e8 usato per trattare il diabete di tipo 2 e il marchio Saxenda \u00e8 usato per trattare l&#39;obesit\u00e0 cronica. Come supplemento al controllo della dieta e all&#39;esercizio fisico. Liraglutide \u00e8 un agonista del recettore del peptide-1 simile al glucagone umano acilato (GLP-1), che ha un&#39;omologia di sequenza di amminoacidi del 97% con GChemicalbookLP-1 (7-37) endogeno umano e mantiene Ha tutte le attivit\u00e0 biologiche del GLP- 1 e ha l&#39;agonismo del recettore GLP-1. Attraverso l&#39;espressione del DNA ricombinante in Saccharomyces cerevisiae, la sua struttura molecolare \u00e8 solo una differenza di aminoacidi dalla molecola naturale di GLP-1. La struttura modifica solo le seguenti due parti di GLP-1: cio\u00e8, la 34a lisina \u00e8 sostituita dall&#39;arginina. Sostituzione acida, oltre all&#39;aggiunta di una catena laterale di acido grasso palmitoil a 16 atomi di carbonio mediata dall&#39;acido glutammico sulla 26a lisina.<\/p>\n<p> <strong>Funzione di Liraglutide CAS 204656-20-2<\/strong> <\/p>\n<p>1.Agisce in modo glucosio-dipendente, nel senso che stimoler\u00e0 la secrezione di insulina solo quando i livelli di glucosio nel sangue sono pi\u00f9 alti del normale, prevenendo il &quot;&quot;overshoot&quot;&quot;. Di conseguenza, mostra un rischio trascurabile di ipoglicemia.<br \/>\n2.Ha il potenziale per inibire l&#39;apoptosi e stimolare la rigenerazione delle cellule beta (visto in studi sugli animali).<br \/>\n3.Riduce l&#39;appetito e inibisce l&#39;aumento di peso corporeo, come mostrato in uno studio testa a testa contro glimepiride.<br \/>\n4.Riduce i livelli di trigliceridi nel sangue.<\/p>\n<p> <strong>Applicazione di Liraglutide CAS 204656-20-2<\/strong><br \/>\n1.Trattamento del diabete di tipo 2.<br \/>\n 2.Trattare l&#39;obesit\u00e0.<\/p>\n","protected":false},"excerpt":{"rendered":"<p>Nome del prodotto: Liraglutide<br \/>\nCAS: 204656-20-2<br \/>\nMF: C172H265N43O51<br \/>\nMW: 3751.202<br \/>\nEINECS: 810-818-7<br \/>\nCategorie di prodotto: GLP<br \/>\nMol File: 204656 -20-2.mol<\/p>\n","protected":false},"featured_media":2126,"comment_status":"open","ping_status":"closed","template":"","meta":{"om_disable_all_campaigns":false,"_monsterinsights_skip_tracking":false,"_monsterinsights_sitenote_active":false,"_monsterinsights_sitenote_note":"","_monsterinsights_sitenote_category":0,"site-sidebar-layout":"default","site-content-layout":"default","ast-site-content-layout":"default","site-content-style":"default","site-sidebar-style":"default","ast-global-header-display":"","ast-banner-title-visibility":"","ast-main-header-display":"","ast-hfb-above-header-display":"","ast-hfb-below-header-display":"","ast-hfb-mobile-header-display":"","site-post-title":"","ast-breadcrumbs-content":"","ast-featured-img":"","footer-sml-layout":"","ast-disable-related-posts":"","theme-transparent-header-meta":"default","adv-header-id-meta":"","stick-header-meta":"","header-above-stick-meta":"","header-main-stick-meta":"","header-below-stick-meta":"","astra-migrate-meta-layouts":"default","ast-page-background-enabled":"default","ast-page-background-meta":{"desktop":{"background-color":"","background-image":"","background-repeat":"repeat","background-position":"center center","background-size":"auto","background-attachment":"scroll","background-type":"","background-media":"","overlay-type":"","overlay-color":"","overlay-opacity":"","overlay-gradient":""},"tablet":{"background-color":"","background-image":"","background-repeat":"repeat","background-position":"center center","background-size":"auto","background-attachment":"scroll","background-type":"","background-media":"","overlay-type":"","overlay-color":"","overlay-opacity":"","overlay-gradient":""},"mobile":{"background-color":"","background-image":"","background-repeat":"repeat","background-position":"center center","background-size":"auto","background-attachment":"scroll","background-type":"","background-media":"","overlay-type":"","overlay-color":"","overlay-opacity":"","overlay-gradient":""}},"ast-content-background-meta":{"desktop":{"background-color":"var(--ast-global-color-5)","background-image":"","background-repeat":"repeat","background-position":"center center","background-size":"auto","background-attachment":"scroll","background-type":"","background-media":"","overlay-type":"","overlay-color":"","overlay-opacity":"","overlay-gradient":""},"tablet":{"background-color":"var(--ast-global-color-5)","background-image":"","background-repeat":"repeat","background-position":"center center","background-size":"auto","background-attachment":"scroll","background-type":"","background-media":"","overlay-type":"","overlay-color":"","overlay-opacity":"","overlay-gradient":""},"mobile":{"background-color":"var(--ast-global-color-5)","background-image":"","background-repeat":"repeat","background-position":"center center","background-size":"auto","background-attachment":"scroll","background-type":"","background-media":"","overlay-type":"","overlay-color":"","overlay-opacity":"","overlay-gradient":""}}},"product_brand":[],"product_cat":[347],"product_tag":[1197],"class_list":{"0":"post-8499","1":"product","2":"type-product","3":"status-publish","4":"has-post-thumbnail","6":"product_cat-diabetes-peptide-it","7":"product_tag-liraglutide-cas-204656-20-2-for-weight-loss-and-treat-for-type-2-diabetes-it","8":"desktop-align-left","9":"tablet-align-left","10":"mobile-align-left","12":"first","13":"instock","14":"shipping-taxable","15":"product-type-simple"},"_links":{"self":[{"href":"https:\/\/puyapeptide.net\/it\/wp-json\/wp\/v2\/product\/8499","targetHints":{"allow":["GET"]}}],"collection":[{"href":"https:\/\/puyapeptide.net\/it\/wp-json\/wp\/v2\/product"}],"about":[{"href":"https:\/\/puyapeptide.net\/it\/wp-json\/wp\/v2\/types\/product"}],"replies":[{"embeddable":true,"href":"https:\/\/puyapeptide.net\/it\/wp-json\/wp\/v2\/comments?post=8499"}],"wp:featuredmedia":[{"embeddable":true,"href":"https:\/\/puyapeptide.net\/it\/wp-json\/wp\/v2\/media\/2126"}],"wp:attachment":[{"href":"https:\/\/puyapeptide.net\/it\/wp-json\/wp\/v2\/media?parent=8499"}],"wp:term":[{"taxonomy":"product_brand","embeddable":true,"href":"https:\/\/puyapeptide.net\/it\/wp-json\/wp\/v2\/product_brand?post=8499"},{"taxonomy":"product_cat","embeddable":true,"href":"https:\/\/puyapeptide.net\/it\/wp-json\/wp\/v2\/product_cat?post=8499"},{"taxonomy":"product_tag","embeddable":true,"href":"https:\/\/puyapeptide.net\/it\/wp-json\/wp\/v2\/product_tag?post=8499"}],"curies":[{"name":"wp","href":"https:\/\/api.w.org\/{rel}","templated":true}]}}