{"id":8610,"date":"2021-12-17T01:49:39","date_gmt":"2021-12-17T06:49:39","guid":{"rendered":"https:\/\/puyapeptide.net\/product\/peptide-anti-cancro-di-vendita-calda-lanreotide-cas-108736-35-2\/"},"modified":"2021-12-17T01:49:39","modified_gmt":"2021-12-17T06:49:39","slug":"peptide-anti-cancro-di-vendita-calda-lanreotide-cas-108736-35-2","status":"publish","type":"product","link":"https:\/\/puyapeptide.net\/it\/product\/peptide-anti-cancro-di-vendita-calda-lanreotide-cas-108736-35-2\/","title":{"rendered":"Peptide anti cancro di vendita calda Lanreotide CAS 108736-35-2"},"content":{"rendered":"<h2><strong>Peptide anti cancro di vendita calda Lanreotide CAS 108736-35-2<\/strong><\/h2>\n<p>Nome prodotto: Lanreotide<br \/>\nSinonimi: LANREOTIDE;AUTOGEL;BETA-(2-NAPHTHYL)-D-ALA-CYS-TYR-D-TRP-LYS-VAL-CYS-THR AMIDE;BIM-23014;ANGIOPEPTIN ;HD-2-NAL-CYS-TYR-D-TRP-LYS-VAL-CYS-THR-NH2;HD-2-NAL-CYS-TYR-D-TRP-LYS-VAL-CYS-THR-NH2, ( LEGAME DISOLFURO);IPSTYL<br \/>\nCAS: 108736-35-2<br \/>\nMF: C54 H69 N11 O10 S2<br \/>\nMW: 1096.32<br \/>\nEINECS: 689-178-4<br \/>\nCategorie di prodotti: ormoni&lt;&amp; &gt;Mol File: 108736-35-2.mol<\/p>\n<p>Lanreotide (INN) come gli inibitori naturali della crescita, il lanreotide \u00e8 un inibitore peptidico di molte funzioni endocrine, neuroendocrine, esocrine e paracrine. Il lanreotide \u00e8 pi\u00f9 attivo e ha una durata d&#39;azione pi\u00f9 lunga rispetto agli inibitori naturali della crescita. Il suo effetto inibitorio sulla secrezione dell&#39;ormone della crescita \u00e8 significativamente pi\u00f9 selettivo di quello sulla secrezione di insulina e nel 2017 la FDA ha approvato il lanreotide acetato per iniezione per il trattamento dei tumori neuroendocrini.<\/p>\n<p>Lanreotide (INN) \u00e8 un farmaco utilizzato nel gestione dell&#39;acromegalia e dei sintomi causati da tumori neuroendocrini, in particolare la sindrome carcinoide.<\/p>\n<p>Lanreotide \u00e8 utilizzato nel trattamento dell&#39;acromegalia, dovuta a tumori secernenti ormone della crescita sia ipofisario che non ipofisario, e nella gestione dei sintomi causati da tumori neuroendocrini, in particolare tumori carcinoidi e VIPomi. Negli Stati Uniti e in Canada, lanreotide \u00e8 indicato solo per il trattamento dell&#39;acromegalia. Nel Regno Unito \u00e8 indicato anche nel trattamento dell&#39;adenoma tireotropo, un raro tumore dell&#39;ipofisi che secerne TSH.<\/p>\n<p>Lanreotide mostra anche attivit\u00e0 contro i tumori non endocrini e, insieme ad altri analoghi della somatostatina , \u00e8 allo studio come possibile agente antitumorale generale.<\/p>\n<p> <strong>Lanreotide CAS 108736-35-2 Propriet\u00e0 chimiche<\/strong><br \/>\nPunto di ebollizione 1508,2\u00b165,0 \u00b0C(Predetto)<br \/>\ndensit\u00e0 1,40\u00b10,1 g\/cm3( Prevista)<br \/>\ntemp. Conservare in luogo buio, Sigillato all&#39;asciutto, Conservare in congelatore, a meno di -20 \u00b0 C<br \/>\n pka 9,90 \u00b1 0,15 (previsto) <\/p>\n<p> <strong>Funzione e applicazione di Lanreotide CAS 108736-35-2<\/strong><br \/>\n Lanreotide \u00e8 utilizzato nel trattamento dell&#39;acromegalia, dovuta a tumori secernenti ormone della crescita sia ipofisario che non ipofisario e nella gestione dei sintomi causati da tumori neuroendocrini, in particolare tumori carcinoidi e VIPomi. Negli Stati Uniti e in Canada, lanreotide \u00e8 indicato solo per il trattamento dell&#39;acromegalia. Nel Regno Unito \u00e8 indicato anche nel trattamento dell&#39;adenoma tireotropo, un raro tumore della ghiandola pituitaria che secerne.<\/p>\n<p>Lanreotide mostra anche attivit\u00e0 contro i tumori non endocrini e, insieme ad altri analoghi della somatostatina, viene studiato come possibile agente antitumorale generale.<\/p>\n<p>Lanreotide ,Nel dicembre 2014 la FDA statunitense ha approvato il lanreotide per il trattamento di pazienti con tumori neuroendocrini gastroenteropancreatici non operabili, ben o moderatamente differenziati, localmente avanzati o metastatici (GEP-NETs ).<\/p>\n","protected":false},"excerpt":{"rendered":"<p>Nome del prodotto: Lanreotide<br \/>\nCAS: 108736-35-2<br \/>\nMF: C54 H69 N11 O10 S2<br \/>\nMW: 1096.32<br \/>\nEINECS: 689-178-4<br \/>\nCategorie di prodotti: ormoni<br \/>\n File mol: 108736-35-2.mol<\/p>\n","protected":false},"featured_media":2105,"comment_status":"open","ping_status":"closed","template":"","meta":{"om_disable_all_campaigns":false,"_monsterinsights_skip_tracking":false,"_monsterinsights_sitenote_active":false,"_monsterinsights_sitenote_note":"","_monsterinsights_sitenote_category":0,"site-sidebar-layout":"default","site-content-layout":"default","ast-site-content-layout":"default","site-content-style":"default","site-sidebar-style":"default","ast-global-header-display":"","ast-banner-title-visibility":"","ast-main-header-display":"","ast-hfb-above-header-display":"","ast-hfb-below-header-display":"","ast-hfb-mobile-header-display":"","site-post-title":"","ast-breadcrumbs-content":"","ast-featured-img":"","footer-sml-layout":"","ast-disable-related-posts":"","theme-transparent-header-meta":"default","adv-header-id-meta":"","stick-header-meta":"","header-above-stick-meta":"","header-main-stick-meta":"","header-below-stick-meta":"","astra-migrate-meta-layouts":"default","ast-page-background-enabled":"default","ast-page-background-meta":{"desktop":{"background-color":"","background-image":"","background-repeat":"repeat","background-position":"center center","background-size":"auto","background-attachment":"scroll","background-type":"","background-media":"","overlay-type":"","overlay-color":"","overlay-opacity":"","overlay-gradient":""},"tablet":{"background-color":"","background-image":"","background-repeat":"repeat","background-position":"center center","background-size":"auto","background-attachment":"scroll","background-type":"","background-media":"","overlay-type":"","overlay-color":"","overlay-opacity":"","overlay-gradient":""},"mobile":{"background-color":"","background-image":"","background-repeat":"repeat","background-position":"center center","background-size":"auto","background-attachment":"scroll","background-type":"","background-media":"","overlay-type":"","overlay-color":"","overlay-opacity":"","overlay-gradient":""}},"ast-content-background-meta":{"desktop":{"background-color":"var(--ast-global-color-5)","background-image":"","background-repeat":"repeat","background-position":"center center","background-size":"auto","background-attachment":"scroll","background-type":"","background-media":"","overlay-type":"","overlay-color":"","overlay-opacity":"","overlay-gradient":""},"tablet":{"background-color":"var(--ast-global-color-5)","background-image":"","background-repeat":"repeat","background-position":"center center","background-size":"auto","background-attachment":"scroll","background-type":"","background-media":"","overlay-type":"","overlay-color":"","overlay-opacity":"","overlay-gradient":""},"mobile":{"background-color":"var(--ast-global-color-5)","background-image":"","background-repeat":"repeat","background-position":"center center","background-size":"auto","background-attachment":"scroll","background-type":"","background-media":"","overlay-type":"","overlay-color":"","overlay-opacity":"","overlay-gradient":""}}},"product_brand":[],"product_cat":[394],"product_tag":[],"class_list":{"0":"post-8610","1":"product","2":"type-product","3":"status-publish","4":"has-post-thumbnail","6":"product_cat-peptide-antitumorale","7":"desktop-align-left","8":"tablet-align-left","9":"mobile-align-left","11":"first","12":"instock","13":"shipping-taxable","14":"product-type-simple"},"_links":{"self":[{"href":"https:\/\/puyapeptide.net\/it\/wp-json\/wp\/v2\/product\/8610","targetHints":{"allow":["GET"]}}],"collection":[{"href":"https:\/\/puyapeptide.net\/it\/wp-json\/wp\/v2\/product"}],"about":[{"href":"https:\/\/puyapeptide.net\/it\/wp-json\/wp\/v2\/types\/product"}],"replies":[{"embeddable":true,"href":"https:\/\/puyapeptide.net\/it\/wp-json\/wp\/v2\/comments?post=8610"}],"wp:featuredmedia":[{"embeddable":true,"href":"https:\/\/puyapeptide.net\/it\/wp-json\/wp\/v2\/media\/2105"}],"wp:attachment":[{"href":"https:\/\/puyapeptide.net\/it\/wp-json\/wp\/v2\/media?parent=8610"}],"wp:term":[{"taxonomy":"product_brand","embeddable":true,"href":"https:\/\/puyapeptide.net\/it\/wp-json\/wp\/v2\/product_brand?post=8610"},{"taxonomy":"product_cat","embeddable":true,"href":"https:\/\/puyapeptide.net\/it\/wp-json\/wp\/v2\/product_cat?post=8610"},{"taxonomy":"product_tag","embeddable":true,"href":"https:\/\/puyapeptide.net\/it\/wp-json\/wp\/v2\/product_tag?post=8610"}],"curies":[{"name":"wp","href":"https:\/\/api.w.org\/{rel}","templated":true}]}}