{"id":8639,"date":"2021-12-17T01:50:44","date_gmt":"2021-12-17T06:50:44","guid":{"rendered":"https:\/\/puyapeptide.net\/product\/glucagone-cas-16941-32-5-promuove-la-glicogenolisi-e-la-produzione-di-glucosio-per-aumentare-la-glicemia\/"},"modified":"2021-12-17T01:50:44","modified_gmt":"2021-12-17T06:50:44","slug":"glucagone-cas-16941-32-5-promuove-la-glicogenolisi-e-la-produzione-di-glucosio-per-aumentare-la-glicemia","status":"publish","type":"product","link":"https:\/\/puyapeptide.net\/it\/product\/glucagone-cas-16941-32-5-promuove-la-glicogenolisi-e-la-produzione-di-glucosio-per-aumentare-la-glicemia\/","title":{"rendered":"Glucagone CAS 16941-32-5 Promuove la glicogenolisi e la produzione di glucosio per aumentare la glicemia"},"content":{"rendered":"<h2><strong>Glucagone CAS 16941-32-5 Promuove la glicogenolisi e la produzione di glucosio per aumentare la glicemia<\/strong><\/h2>\n<p>Nome prodotto: Glucagon<br \/>\nSinonimi: GLUCAGON 1-37;GLUCAGON (1-37) (SUINO);GLUCAGON 37;GLUCAGON ACETATE;HSQGTFTSDYSKYLDSRRAQDFVQWLMNTKRNKNNIA;H-HIS-SER-GLN-GLY-THRR-PHE -SER-ASP-TYR-SER-LYS-TYR-LEU-ASP-SER-ARG-ARG-ALA-GLN-ASP-PHE-VAL-GLN-TRP-LEU-MET-ASN-THR-LYS-ARG-ASN -LYS-ASN-ASN-ILE-ALA-OH;Glucagone 1-29;Glucagone(1-29) HCl umano<br \/>\nCAS: 16941-32-5<br \/>\nMF: C153H225N43O49S<br \/>\nMW: 3482,75&lt;&amp; &gt;EINECS: 685-611-6<br \/>\nCategorie di prodotti: Derivati degli amminoacidi;Peptidi;GlucagoneBiologia delle cellule staminali delle isole;Differenziazione delle cellule staminali delle isole;Ormoni;Altre proteine\/peptidi;Glucagone e peptidi simili al glucagonePeptidi per la biologia cellulare;Glucagoni Biologia cellulare;Citochine fattori di crescita e ormoni (obesit\u00e0);Peptidi gastrointestinali;GlucagoneRicerca sull&#39;obesit\u00e0;API;Ricerca sul diabete<br \/>\nMol File: 16941-32-5.mol<\/p>\n<p>Il glucagone, noto anche come glucagone, \u00e8 un ormone polipeptidico a catena lineare secreto dalle cellule \u03b1 delle isole pancreatiche, contenente 29 aminoacidi, con formula molecolare e relativa molecola massa di C153H225N43O49S = 3482.8. La Cina ha sintetizzato questo ormone. \u00c8 una specie di polvere cristallina fine bianca, inodore e insapore a temperatura ambiente. Il glucagone \u00e8 quasi insolubile in acqua e nella maggior parte dei solventi organici, mentre \u00e8 solubile in acido diluito e soluzione alcalina diluita. La maggior parte della preparazione sono cloridrato che viene sciolto in acqua. \u00c8 noto che il glucagone deve conservare la sua integrit\u00e0 molecolare per esercitare la sua attivit\u00e0 fisiologica. La struttura del glucagone dell&#39;uomo e dei mammiferi (coniglio, bovino, suino, ratto, ecc.) pu\u00f2 essere coerente, mentre gli uccelli sono leggermente diversi.<\/p>\n<p>Il glucagone \u00e8 un polipeptide costituito da 29 amminoacidi ed \u00e8 secreto dalle cellule alfa delle isole del pancreas. Il glucagone \u00e8 prodotto dal gene pro-glucagone, inizialmente come precursore pro-glucagone, che viene processato tessuto-specifico nelle cellule alfa pancreatiche per formare glucagone e nelle cellule intestinali per formare GLP-1 e GLP-2.<br \/>\n&lt;&amp; &gt;\u00c8 generalmente accettato che l&#39;insulina e il glucagone siano i principali ormoni coinvolti nella fisiopatologia del diabete, ma il ruolo del glucagone nel diabete \u00e8 in alcuni casi complesso e controverso. Il ruolo del glucagone negli agenti ipoglicemizzanti attualmente utilizzati sta ricevendo una crescente attenzione e il continuo sviluppo della terapia mirata con glucagone evidenzia l&#39;importante contributo del glucagone nell&#39;ottimizzazione della gestione del diabete.<\/p>\n<p>Il glucagone \u00e8 un ormone controregolatore che stimola il glucosio epatico produzione per evitare l&#39;ipoglicemia. I recettori del glucagone si trovano sugli epatociti e sono stati identificati siti di legame del glucagone anche nel rene, nel cuore, nel tratto gastrointestinale, nel tessuto adiposo, nel cervello e nella milza. Sulla base di studi sui cani, circa il 17% del glucagone viene degradato dai reni e dal 20% al 25% viene degradato nel fegato. Il rilascio di glucagone in risposta all&#39;ipoglicemia \u00e8 stato ben stabilito ed \u00e8 mediato da meccanismi autonomici, endocrini e paracrini e forse anche dal rilevamento diretto dei livelli di glucosio nel sangue da parte delle cellule alfa. Gli esatti meccanismi molecolari con cui le cellule secernono glucagone non sono completamente compresi, ma coinvolgono i canali dell&#39;adenosina trifosfato di potassio (KATP) e i canali del calcio.<\/p>\n<p>In fisiologia normale, la secrezione di glucagone durante l&#39;iperglicemia \u00e8 inibita dai prodotti di secrezione cellulare insulina, zinco e acido gamma-aminobutirrico (GABA), che vengono rilasciati in risposta ai pasti e all&#39;aumento della glicemia. Quando i livelli di glucosio nel sangue diminuiscono, le cellule beta riducono la produzione di questi prodotti, eliminando cos\u00ec il loro effetto inibitorio sulle cellule alfa. Questo meccanismo, noto come ipotesi di &quot;spegnimento&quot;, alla fine porta ad un aumento della secrezione di glucagone quando la glicemia \u00e8 troppo bassa. L&#39;ormone inibitore della crescita, prodotto dalle cellule \u03b4 e dal GLP-1 nelle isole, inibisce anche la secrezione di glucagone.<\/p>\n<p> Sia nel diabete mellito di tipo 1 (T1DM) che nel diabete mellito di tipo 2 (T2DM), i livelli di glucagone nel plasma sono troppo alti. Il glucagone, un ormone regolatore che promuove la produzione epatica di glucosio, previene l&#39;ipoglicemia in condizioni fisiologiche normali. Nei pazienti con diabete, la secrezione di glucagone pu\u00f2 essere incontrollata, il che porta a problemi con l&#39;omeostasi del glucosio. Alcuni trattamenti per il diabete sono efficaci inibendo la secrezione o l&#39;azione del glucagone, cos\u00ec come la terapia mirata glucagone-specifica.<\/p>\n<p> <strong>Glucagone CAS 16941-32-5 Propriet\u00e0 chimiche<\/strong><br \/>\ndensit\u00e0 1,53\u00b10,1 g\/cm3( Prevista)<br \/>\ntemp. Conservare in luogo buio, sigillato a secco, solubilit\u00e0 2-8\u00b0C<br \/>\n Praticamente insolubile in acqua e nella maggior parte dei solventi organici. \u00c8 solubile in acidi minerali diluiti e in soluzioni diluite di idrossidi alcalini.<br \/>\nforma polvere<\/p>\n<p> <strong>Funzione e applicazione del glucagone CAS 16941-32-5<\/strong><br \/>\n1\u3001 Aumenta l&#39;effetto della glicemia: pu\u00f2 attivare fosforilasi epatica, promuovere la decomposizione del glicogeno epatico e l&#39;isogenesi del glicogeno e aumentare la glicemia.<br \/>\n2\u3001Effetto inotropo positivo: pu\u00f2 aumentare il contenuto di cAMP intracellulare, migliorare la contrattilit\u00e0 miocardica, aumentare la gittata cardiaca e lavorare per battito. Il suo effetto inotropo positivo pu\u00f2 ancora essere esercitato dopo l&#39;applicazione di una quantit\u00e0 sufficiente di glicoside cardiaco e non \u00e8 bloccato dal propranololo. Sebbene possa aumentare la frequenza cardiaca e la pressione sanguigna, non provoca aritmia. I meccanismi sono: (1) attivazione dell&#39;adenilato ciclasi per convertire l&#39;adenosina trifosfato in adenosina monofosfato ciclizzato, che aumenta la contrattilit\u00e0 miocardica; (2) promuovere la glicogenolisi epatica e aumentare il livello di glucosio nel sangue; (3) promuovere il rilascio di insulina Il rilascio di Chemicalbook, migliorando l&#39;utilizzo del glucosio da parte del miocardio e promuovendo gli enzimi anaerobici miocardici, migliorando cos\u00ec il metabolismo energetico del miocardio. In combinazione con glicosidi cardiaci simili alla digitale, pu\u00f2 aumentare l&#39;efficacia.<br \/>\n3. Effetti sui reni: dilatano i vasi sanguigni renali, migliorano il flusso sanguigno renale e favoriscono l&#39;escrezione di sodio, potassio e calcio.<br \/>\n4. Effetti sull&#39;apparato digerente: pu\u00f2 causare il rilassamento della muscolatura liscia dello stomaco e del duodeno, dell&#39;intestino tenue e del colon, inibire la peristalsi dello stomaco, dell&#39;intestino tenue e del colon e aumentare la secrezione di bile e fluido intestinale.<br \/>\n5. Effetti sul sistema secretorio: eccitano la midollare del surrene, favoriscono il rilascio di catecolamine. Pu\u00f2 anche promuovere la secrezione di insulina, ormone tiroideo, calcitonina e ormone della crescita.<\/p>\n","protected":false},"excerpt":{"rendered":"<p>Nome del prodotto: Glucagone<br \/>\nCAS: 16941-32-5<br \/>\nMF: C153H225N43O49S<br \/>\nMW: 3482.75<br \/>\nEINECS: 685-611-6<br \/>\nMol File: 16941-32-5.mol<\/p>\n","protected":false},"featured_media":2126,"comment_status":"open","ping_status":"closed","template":"","meta":{"om_disable_all_campaigns":false,"_monsterinsights_skip_tracking":false,"_monsterinsights_sitenote_active":false,"_monsterinsights_sitenote_note":"","_monsterinsights_sitenote_category":0,"site-sidebar-layout":"default","site-content-layout":"default","ast-site-content-layout":"default","site-content-style":"default","site-sidebar-style":"default","ast-global-header-display":"","ast-banner-title-visibility":"","ast-main-header-display":"","ast-hfb-above-header-display":"","ast-hfb-below-header-display":"","ast-hfb-mobile-header-display":"","site-post-title":"","ast-breadcrumbs-content":"","ast-featured-img":"","footer-sml-layout":"","ast-disable-related-posts":"","theme-transparent-header-meta":"default","adv-header-id-meta":"","stick-header-meta":"","header-above-stick-meta":"","header-main-stick-meta":"","header-below-stick-meta":"","astra-migrate-meta-layouts":"default","ast-page-background-enabled":"default","ast-page-background-meta":{"desktop":{"background-color":"","background-image":"","background-repeat":"repeat","background-position":"center center","background-size":"auto","background-attachment":"scroll","background-type":"","background-media":"","overlay-type":"","overlay-color":"","overlay-opacity":"","overlay-gradient":""},"tablet":{"background-color":"","background-image":"","background-repeat":"repeat","background-position":"center center","background-size":"auto","background-attachment":"scroll","background-type":"","background-media":"","overlay-type":"","overlay-color":"","overlay-opacity":"","overlay-gradient":""},"mobile":{"background-color":"","background-image":"","background-repeat":"repeat","background-position":"center center","background-size":"auto","background-attachment":"scroll","background-type":"","background-media":"","overlay-type":"","overlay-color":"","overlay-opacity":"","overlay-gradient":""}},"ast-content-background-meta":{"desktop":{"background-color":"var(--ast-global-color-5)","background-image":"","background-repeat":"repeat","background-position":"center center","background-size":"auto","background-attachment":"scroll","background-type":"","background-media":"","overlay-type":"","overlay-color":"","overlay-opacity":"","overlay-gradient":""},"tablet":{"background-color":"var(--ast-global-color-5)","background-image":"","background-repeat":"repeat","background-position":"center center","background-size":"auto","background-attachment":"scroll","background-type":"","background-media":"","overlay-type":"","overlay-color":"","overlay-opacity":"","overlay-gradient":""},"mobile":{"background-color":"var(--ast-global-color-5)","background-image":"","background-repeat":"repeat","background-position":"center center","background-size":"auto","background-attachment":"scroll","background-type":"","background-media":"","overlay-type":"","overlay-color":"","overlay-opacity":"","overlay-gradient":""}}},"product_brand":[],"product_cat":[347],"product_tag":[1089],"class_list":{"0":"post-8639","1":"product","2":"type-product","3":"status-publish","4":"has-post-thumbnail","6":"product_cat-diabetes-peptide-it","7":"product_tag-glucagon-cas-16941-32-5-promotes-glycogenolysis-and-glucose-production-to-raise-blood-sugar-it","8":"desktop-align-left","9":"tablet-align-left","10":"mobile-align-left","12":"first","13":"instock","14":"shipping-taxable","15":"product-type-simple"},"_links":{"self":[{"href":"https:\/\/puyapeptide.net\/it\/wp-json\/wp\/v2\/product\/8639","targetHints":{"allow":["GET"]}}],"collection":[{"href":"https:\/\/puyapeptide.net\/it\/wp-json\/wp\/v2\/product"}],"about":[{"href":"https:\/\/puyapeptide.net\/it\/wp-json\/wp\/v2\/types\/product"}],"replies":[{"embeddable":true,"href":"https:\/\/puyapeptide.net\/it\/wp-json\/wp\/v2\/comments?post=8639"}],"wp:featuredmedia":[{"embeddable":true,"href":"https:\/\/puyapeptide.net\/it\/wp-json\/wp\/v2\/media\/2126"}],"wp:attachment":[{"href":"https:\/\/puyapeptide.net\/it\/wp-json\/wp\/v2\/media?parent=8639"}],"wp:term":[{"taxonomy":"product_brand","embeddable":true,"href":"https:\/\/puyapeptide.net\/it\/wp-json\/wp\/v2\/product_brand?post=8639"},{"taxonomy":"product_cat","embeddable":true,"href":"https:\/\/puyapeptide.net\/it\/wp-json\/wp\/v2\/product_cat?post=8639"},{"taxonomy":"product_tag","embeddable":true,"href":"https:\/\/puyapeptide.net\/it\/wp-json\/wp\/v2\/product_tag?post=8639"}],"curies":[{"name":"wp","href":"https:\/\/api.w.org\/{rel}","templated":true}]}}