{"id":8708,"date":"2021-12-17T03:00:40","date_gmt":"2021-12-17T08:00:40","guid":{"rendered":"https:\/\/puyapeptide.net\/product\/ganirelix-acetate-cas-123246-29-7-antagonisti-dellormone-di-rilascio-delle-gonadotropine-gnrh\/"},"modified":"2021-12-17T03:00:40","modified_gmt":"2021-12-17T08:00:40","slug":"ganirelix-acetate-cas-123246-29-7-antagonisti-dellormone-di-rilascio-delle-gonadotropine-gnrh","status":"publish","type":"product","link":"https:\/\/puyapeptide.net\/it\/product\/ganirelix-acetate-cas-123246-29-7-antagonisti-dellormone-di-rilascio-delle-gonadotropine-gnrh\/","title":{"rendered":"Ganirelix Acetate CAS 123246-29-7 Antagonisti dell&#39;ormone di rilascio delle gonadotropine (GnRH)"},"content":{"rendered":"<h2><strong>Ganirelix Acetate CAS 123246-29-7 Antagonisti dell&#39;ormone di rilascio delle gonadotropine (GnRH)<\/strong><\/h2>\n<p>Nome prodotto: Ganirelix Acetate<br \/>\nSinonimi: Ac-DNal-DCpa-DPal-Ser-Tyr-DHar(Et2)-Leu-Har(Et2)-Pro-DAla -NH2;Ganirelixum;ganirelix Acetate;GANIRELIX; Ganirelix Acetate USP\/EP\/BP<br \/>\nCAS: 123246-29-7<br \/>\nMF: C80H113ClN18O13<br \/>\nMW: 1570.34<br \/>\nEINECS:<br \/>\nCategorie di prodotti: ormoni<br \/>\nMol File: 123246-29 -7.mol<\/p>\n<p>Ganirelix acetate \u00e8 un composto decapeptide sintetico simile all&#39;ormone di rilascio della gonadotropina endogeno (GnRH) (noto anche come ormone di rilascio dell&#39;ormone luteinizzante (LHRH)) ed \u00e8 un antagonista del GnRH che antagonizza in modo competitivo il recettore gonadotropico del GnRH, mutando cos\u00ec il percorso e causando un&#39;inibizione rapida e reversibile della secrezione di gonadotropina (ormone luteinizzante LH e ormone follicolo-stimolante FSH). Ganirelix acetato inibisce la secrezione di LH dall&#39;ipofisi in modo pi\u00f9 significativo rispetto alla secrezione di FSH, riducendo cos\u00ec la produzione di ormoni sessuali.<\/p>\n<p> <strong>Funzione e applicazione di Ganirelix Acetate CAS 123246-29-7<\/strong><br \/>\nGanirelix acetate \u00e8 un analogo del GnRH con sostituzioni ai residui 1, 2, 3, 6, 8 e 10. Non \u00e8 un superagonista ma, piuttosto, \u00e8 un decapeptide sintetico con elevata attivit\u00e0 antagonista e il primo antagonista del GnRH ad essere commercializzato. \u00c8 approvato per la soppressione dei picchi di LH nelle donne sottoposte a trattamento di fertilit\u00e0 con iperstimolazione ovarica; I picchi di LH normalmente promuovono l&#39;ovulazione. L&#39;obiettivo di questo farmaco \u00e8 ridurre significativamente il numero di giorni di trattamento necessari per sopprimere il picco di LH, mantenendo cos\u00ec gli ovuli nelle ovaie. I cicli di trattamento della fecondazione in vitro (IVF) sono stati storicamente avviati dalla somministrazione di leuprolide acetato per sopprimere il rilascio prematuro di LH. Ci\u00f2 inibisce l&#39;ovulazione in modo che gli ovuli rimangano disponibili per il prelievo da uno specialista della fertilit\u00e0. A tale scopo, di solito viene iniettato leuprolide acetato per un massimo di 26 giorni. Studi clinici hanno dimostrato che ganirelix acetato pu\u00f2 arrestare il picco di LH in soli 5 giorni di trattamento, che la soppressione dell&#39;LH \u00e8 pi\u00f9 pronunciata di quella dell&#39;FSH e che il tempo di trattamento pi\u00f9 breve riduce al minimo gli effetti collaterali spiacevoli, come vampate di calore e mal di testa .<\/p>\n<p>Viene utilizzato principalmente clinicamente nei protocolli di stimolazione ovarica controllata per le donne sottoposte a tecnologia di riproduzione assistita per prevenire picchi prematuri dell&#39;ormone luteinizzante e per il trattamento dei disturbi della fertilit\u00e0 causati da questa causa Chemicalbook. Il farmaco ha meno effetti avversi, alti tassi di gravidanza e cicli di trattamento brevi e presenta vantaggi clinici significativi rispetto a farmaci simili.<\/p>\n","protected":false},"excerpt":{"rendered":"<p>Nome prodotto: Ganirelix Acetate<br \/>\nCAS: 123246-29-7<br \/>\nMF: C80H113ClN18O13<br \/>\nMW: 1570.34<br \/>\nCategorie di prodotti: ormoni<br \/>\nMol File: 123246-29-7.mol<\/p>\n","protected":false},"featured_media":2105,"comment_status":"open","ping_status":"closed","template":"","meta":{"om_disable_all_campaigns":false,"_monsterinsights_skip_tracking":false,"_monsterinsights_sitenote_active":false,"_monsterinsights_sitenote_note":"","_monsterinsights_sitenote_category":0,"site-sidebar-layout":"default","site-content-layout":"default","ast-site-content-layout":"default","site-content-style":"default","site-sidebar-style":"default","ast-global-header-display":"","ast-banner-title-visibility":"","ast-main-header-display":"","ast-hfb-above-header-display":"","ast-hfb-below-header-display":"","ast-hfb-mobile-header-display":"","site-post-title":"","ast-breadcrumbs-content":"","ast-featured-img":"","footer-sml-layout":"","ast-disable-related-posts":"","theme-transparent-header-meta":"default","adv-header-id-meta":"","stick-header-meta":"","header-above-stick-meta":"","header-main-stick-meta":"","header-below-stick-meta":"","astra-migrate-meta-layouts":"default","ast-page-background-enabled":"default","ast-page-background-meta":{"desktop":{"background-color":"","background-image":"","background-repeat":"repeat","background-position":"center center","background-size":"auto","background-attachment":"scroll","background-type":"","background-media":"","overlay-type":"","overlay-color":"","overlay-opacity":"","overlay-gradient":""},"tablet":{"background-color":"","background-image":"","background-repeat":"repeat","background-position":"center center","background-size":"auto","background-attachment":"scroll","background-type":"","background-media":"","overlay-type":"","overlay-color":"","overlay-opacity":"","overlay-gradient":""},"mobile":{"background-color":"","background-image":"","background-repeat":"repeat","background-position":"center center","background-size":"auto","background-attachment":"scroll","background-type":"","background-media":"","overlay-type":"","overlay-color":"","overlay-opacity":"","overlay-gradient":""}},"ast-content-background-meta":{"desktop":{"background-color":"var(--ast-global-color-5)","background-image":"","background-repeat":"repeat","background-position":"center center","background-size":"auto","background-attachment":"scroll","background-type":"","background-media":"","overlay-type":"","overlay-color":"","overlay-opacity":"","overlay-gradient":""},"tablet":{"background-color":"var(--ast-global-color-5)","background-image":"","background-repeat":"repeat","background-position":"center center","background-size":"auto","background-attachment":"scroll","background-type":"","background-media":"","overlay-type":"","overlay-color":"","overlay-opacity":"","overlay-gradient":""},"mobile":{"background-color":"var(--ast-global-color-5)","background-image":"","background-repeat":"repeat","background-position":"center center","background-size":"auto","background-attachment":"scroll","background-type":"","background-media":"","overlay-type":"","overlay-color":"","overlay-opacity":"","overlay-gradient":""}}},"product_brand":[],"product_cat":[442],"product_tag":[1026],"class_list":{"0":"post-8708","1":"product","2":"type-product","3":"status-publish","4":"has-post-thumbnail","6":"product_cat-peptide-urogenitale","7":"product_tag-ganirelix-acetate-cas-123246-29-7-gonadotropin-releasing-hormone-gnrh-antagonists-it","8":"desktop-align-left","9":"tablet-align-left","10":"mobile-align-left","12":"first","13":"instock","14":"shipping-taxable","15":"product-type-simple"},"_links":{"self":[{"href":"https:\/\/puyapeptide.net\/it\/wp-json\/wp\/v2\/product\/8708","targetHints":{"allow":["GET"]}}],"collection":[{"href":"https:\/\/puyapeptide.net\/it\/wp-json\/wp\/v2\/product"}],"about":[{"href":"https:\/\/puyapeptide.net\/it\/wp-json\/wp\/v2\/types\/product"}],"replies":[{"embeddable":true,"href":"https:\/\/puyapeptide.net\/it\/wp-json\/wp\/v2\/comments?post=8708"}],"wp:featuredmedia":[{"embeddable":true,"href":"https:\/\/puyapeptide.net\/it\/wp-json\/wp\/v2\/media\/2105"}],"wp:attachment":[{"href":"https:\/\/puyapeptide.net\/it\/wp-json\/wp\/v2\/media?parent=8708"}],"wp:term":[{"taxonomy":"product_brand","embeddable":true,"href":"https:\/\/puyapeptide.net\/it\/wp-json\/wp\/v2\/product_brand?post=8708"},{"taxonomy":"product_cat","embeddable":true,"href":"https:\/\/puyapeptide.net\/it\/wp-json\/wp\/v2\/product_cat?post=8708"},{"taxonomy":"product_tag","embeddable":true,"href":"https:\/\/puyapeptide.net\/it\/wp-json\/wp\/v2\/product_tag?post=8708"}],"curies":[{"name":"wp","href":"https:\/\/api.w.org\/{rel}","templated":true}]}}