{"id":8750,"date":"2021-12-17T03:03:21","date_gmt":"2021-12-17T08:03:21","guid":{"rendered":"https:\/\/puyapeptide.net\/product\/puya-supply-eptifibatide-cas-188627-80-7-inibisce-laggregazione-piastrinica-e-la-trombosi\/"},"modified":"2021-12-17T03:03:21","modified_gmt":"2021-12-17T08:03:21","slug":"puya-supply-eptifibatide-cas-188627-80-7-inibisce-laggregazione-piastrinica-e-la-trombosi","status":"publish","type":"product","link":"https:\/\/puyapeptide.net\/it\/product\/puya-supply-eptifibatide-cas-188627-80-7-inibisce-laggregazione-piastrinica-e-la-trombosi\/","title":{"rendered":"Puya Supply Eptifibatide CAS 188627-80-7 Inibisce l&#39;aggregazione piastrinica e la trombosi"},"content":{"rendered":"<h2><strong>Puya Supply Eptifibatide CAS 188627-80-7 Inibisce l&#39;aggregazione piastrinica e la trombosi<\/strong><\/h2>\n<p>Nome prodotto: Eptifibatide<br \/>\nSinonimi: Eptifibatide acetato sale;Eptifibatide,MPA-HAR-Gly-Asp-Trp-Pro-Cys-NH2,MPAHARGDWPC-NH2, &gt;99%;MAP-LYS-GLY-ASP- TRP-PRO-CYS-NH2;INTEGRELIN;Eptifibatide;N6-(amminoimminometil)-N2-(3-mercapto-1-ossopropil-L-lisilglicil-La-aspartil-L-triptofill-L-prolil-L-cisteinammide;MPA -HAR-GLY-ASP-TRP-PRO-CYS-NH2(PONTE DISOLFIDE, MPA1-CYS6);Intrifiban<br \/>\nCAS: 188627-80-7<br \/>\nMF: C35H49N11O9S2<br \/>\nMW: 831,96<br \/>\nEINECS : 641-366-7<br \/>\nCategorie di prodotti: intermedi e prodotti chimici fini;peptidi;prodotti farmaceutici<br \/>\nMol File: 188627-80-7.mol<\/p>\n<p>Eptifibatide \u00e8 un tipo di esapeptide ciclico sintetico costituito da 6 aminoacidi e 1 residuo mercaptopropionile.\u00c8 in grado di legarsi alla glicoproteina del recettore piastrinico (GP) IIb\/IIIa delle piastrine umane e di inibire l&#39;aggregazione piastrinica, bloccando cos\u00ec il legame del fibrinogeno, del fattore di von Willebrand e di altri ligandi adesivi. indicato per il trattamento della sindrome coronarica acuta (SCA) e percutanea coronarica i intervento (PCI). \u00c8 in grado di ridurre il rischio di eventi ischemici cardiaci acuti in pazienti con angina instabile o infezione miocardica senza sopraslivellamento del tratto ST. \u00c8 spesso usato in combinazione con aspirina o clopidogrel ed eparina. Pu\u00f2 essere prodotto attraverso la sintesi peptidica in fase soluzione e pu\u00f2 essere purificato mediante cromatografia liquida preparativa in fase inversa e liofilizzazione. <\/p>\n<p> <strong>Eptifibatide CAS 188627-80-7 Propriet\u00e0 chimiche<\/strong><br \/>\ndensit\u00e0 1,60\u00b10,1 g\/cm3 (prevista)<br \/>\ntemp. Sigillato in luogo asciutto, Conservare in congelatore, sotto -20\u00b0C<br \/>\npka 4.01\u00b10.10(Predicted)<br \/>\nCAS DataBase Reference 188627-80-7<\/p>\n<p> <strong>Funzione e applicazione di Eptifibatide CAS 188627-80- 7<\/strong><br \/>\nA Arginina-glicina-aspartato-mimetico, si lega in modo reversibile alle piastrine per ridurre il rischio di eventi ischemici cardiaci.<\/p>\n","protected":false},"excerpt":{"rendered":"<p>Nome del prodotto: Eptifibatide<br \/>\nCAS: 188627-80-7<br \/>\nMF: C35H49N11O9S2<br \/>\nMW: 831.96<br \/>\nEINECS: 641-366-7<br \/>\nMol File: 188627-80-7.mol<\/p>\n","protected":false},"featured_media":2105,"comment_status":"open","ping_status":"closed","template":"","meta":{"om_disable_all_campaigns":false,"_monsterinsights_skip_tracking":false,"_monsterinsights_sitenote_active":false,"_monsterinsights_sitenote_note":"","_monsterinsights_sitenote_category":0,"site-sidebar-layout":"default","site-content-layout":"default","ast-site-content-layout":"default","site-content-style":"default","site-sidebar-style":"default","ast-global-header-display":"","ast-banner-title-visibility":"","ast-main-header-display":"","ast-hfb-above-header-display":"","ast-hfb-below-header-display":"","ast-hfb-mobile-header-display":"","site-post-title":"","ast-breadcrumbs-content":"","ast-featured-img":"","footer-sml-layout":"","ast-disable-related-posts":"","theme-transparent-header-meta":"default","adv-header-id-meta":"","stick-header-meta":"","header-above-stick-meta":"","header-main-stick-meta":"","header-below-stick-meta":"","astra-migrate-meta-layouts":"default","ast-page-background-enabled":"default","ast-page-background-meta":{"desktop":{"background-color":"","background-image":"","background-repeat":"repeat","background-position":"center center","background-size":"auto","background-attachment":"scroll","background-type":"","background-media":"","overlay-type":"","overlay-color":"","overlay-opacity":"","overlay-gradient":""},"tablet":{"background-color":"","background-image":"","background-repeat":"repeat","background-position":"center center","background-size":"auto","background-attachment":"scroll","background-type":"","background-media":"","overlay-type":"","overlay-color":"","overlay-opacity":"","overlay-gradient":""},"mobile":{"background-color":"","background-image":"","background-repeat":"repeat","background-position":"center center","background-size":"auto","background-attachment":"scroll","background-type":"","background-media":"","overlay-type":"","overlay-color":"","overlay-opacity":"","overlay-gradient":""}},"ast-content-background-meta":{"desktop":{"background-color":"var(--ast-global-color-5)","background-image":"","background-repeat":"repeat","background-position":"center center","background-size":"auto","background-attachment":"scroll","background-type":"","background-media":"","overlay-type":"","overlay-color":"","overlay-opacity":"","overlay-gradient":""},"tablet":{"background-color":"var(--ast-global-color-5)","background-image":"","background-repeat":"repeat","background-position":"center center","background-size":"auto","background-attachment":"scroll","background-type":"","background-media":"","overlay-type":"","overlay-color":"","overlay-opacity":"","overlay-gradient":""},"mobile":{"background-color":"var(--ast-global-color-5)","background-image":"","background-repeat":"repeat","background-position":"center center","background-size":"auto","background-attachment":"scroll","background-type":"","background-media":"","overlay-type":"","overlay-color":"","overlay-opacity":"","overlay-gradient":""}}},"product_brand":[],"product_cat":[411],"product_tag":[980],"class_list":{"0":"post-8750","1":"product","2":"type-product","3":"status-publish","4":"has-post-thumbnail","6":"product_cat-sangue-e-peptide-vascolare","7":"product_tag-puya-supply-eptifibatide-cas-188627-80-7-it","8":"desktop-align-left","9":"tablet-align-left","10":"mobile-align-left","12":"first","13":"instock","14":"shipping-taxable","15":"product-type-simple"},"_links":{"self":[{"href":"https:\/\/puyapeptide.net\/it\/wp-json\/wp\/v2\/product\/8750","targetHints":{"allow":["GET"]}}],"collection":[{"href":"https:\/\/puyapeptide.net\/it\/wp-json\/wp\/v2\/product"}],"about":[{"href":"https:\/\/puyapeptide.net\/it\/wp-json\/wp\/v2\/types\/product"}],"replies":[{"embeddable":true,"href":"https:\/\/puyapeptide.net\/it\/wp-json\/wp\/v2\/comments?post=8750"}],"wp:featuredmedia":[{"embeddable":true,"href":"https:\/\/puyapeptide.net\/it\/wp-json\/wp\/v2\/media\/2105"}],"wp:attachment":[{"href":"https:\/\/puyapeptide.net\/it\/wp-json\/wp\/v2\/media?parent=8750"}],"wp:term":[{"taxonomy":"product_brand","embeddable":true,"href":"https:\/\/puyapeptide.net\/it\/wp-json\/wp\/v2\/product_brand?post=8750"},{"taxonomy":"product_cat","embeddable":true,"href":"https:\/\/puyapeptide.net\/it\/wp-json\/wp\/v2\/product_cat?post=8750"},{"taxonomy":"product_tag","embeddable":true,"href":"https:\/\/puyapeptide.net\/it\/wp-json\/wp\/v2\/product_tag?post=8750"}],"curies":[{"name":"wp","href":"https:\/\/api.w.org\/{rel}","templated":true}]}}