{"id":8864,"date":"2021-12-17T03:10:59","date_gmt":"2021-12-17T08:10:59","guid":{"rendered":"https:\/\/puyapeptide.net\/product\/acetato-di-terlipressina-di-alta-qualita-cas-14636-12-5-per-trattare-il-sanguinamento-acuto-da-varici\/"},"modified":"2021-12-17T03:10:59","modified_gmt":"2021-12-17T08:10:59","slug":"acetato-di-terlipressina-di-alta-qualita-cas-14636-12-5-per-trattare-il-sanguinamento-acuto-da-varici","status":"publish","type":"product","link":"https:\/\/puyapeptide.net\/it\/product\/acetato-di-terlipressina-di-alta-qualita-cas-14636-12-5-per-trattare-il-sanguinamento-acuto-da-varici\/","title":{"rendered":"Acetato di terlipressina di alta qualit\u00e0 CAS 14636-12-5 per trattare il sanguinamento acuto da varici"},"content":{"rendered":"<h2><strong>Acetato di terlipressina di alta qualit\u00e0 CAS 14636-12-5 per trattare il sanguinamento acuto da varici<\/strong><\/h2>\n<p>Nome del prodotto: N-(N-(N-Glycylglycyl)glycyl)-8-L-lysinevasopressin<br \/>\nSinonimi: [N-\u03b1-Triglycyl-8-lysine]-vasopressin;130: PN: WO2010033207 SEQID: 171 proteina dichiarata;1-triglicil-8-lisina vasopressina;N\u03b1-glicil-glicil-glicil-[8-lisina]-vasopressina;N\u03b1-glicil-glicil-glicil-lisina-vasopressina;N\u03b1-glicilglicilglicil-vasopressina;N\u03b1-Gly -Gly-Gly-8-Lys-vasopressina; Terlipressina, Terlipressina, Terlipressina, Terlipressina<br \/>\nCAS: 14636-12-5<br \/>\nMF: C52H74N16O15S2<br \/>\nMW: 1227.37<br \/>\nEINECS: 238-680-8<br \/>\nCategorie di prodotti: ormoni;Peptidi;Derivati degli amminoacidi<br \/>\nMol File: 14636-12-5.mol<\/p>\n<p>Il nome chimico della terlipressina \u00e8 triglicilammide lisina in sulin, che \u00e8 un nuovo tipo di sostanza sintetica preparato angiogenico a lunga durata d&#39;azione. \u00c8 un profarmaco, che \u00e8 inattivo da solo. Dopo aver rimosso i 3 residui di sostituzione della glicina al suo N-terminale, &quot;rilascia&quot; lentamente la lisina attiva plus Pertanto, la terlipressina \u00e8 equivalente a un serbatoio che pu\u00f2 rilasciare vasopressina di lisina a una velocit\u00e0 stabile.<\/p>\n<p> <strong>Propriet\u00e0 chimiche dell&#39;acetato di terlipressina CAS 14636-12-5<\/strong><br \/>\nPunto di ebollizione 1824,0\u00b165,0 \u00b0C (prevista)<br \/>\ndensit\u00e0 1,46\u00b10,1 g\/cm3 (prevista)<br \/>\ntemp. Conservare in luogo buio,Atmosfera inerte,Conservare in congelatore, sotto -20\u00b0C<br \/>\npka 9.90\u00b10.15(Predicted)<br \/>\nRiferimento database CAS 14636-12-5 (Riferimento database CAS)<\/p>\n<p> <strong>Funzione E applicazione dell&#39;acetato di terlipressina CAS 14636-12-5<\/strong><br \/>\nN-(N-(N-Glycylglycyl)glycyl)-8-L-lysinevasopressin \u00e8 un analogo della vasopressina utilizzato come farmaco vasoattivo nella gestione dell&#39;ipotensione. N-(N-(N-Glycylglycyl)glycyl)-8-L-lysinevasopressin \u00e8 usato shock settico norepinefrina-resistente e sindrome epatorenale. N-(N-(N-Glycylglycyl)glycyl)-8-L-lysinevasopressin \u00e8 anche usato nel trattamento del sanguinamento acuto da varici.<\/p>\n","protected":false},"excerpt":{"rendered":"<p>Nome del prodotto: N-(N-(N-Glycylglycyl)glycyl)-8-L-lysinevasopressin<br \/>\nCAS: 14636-12-5<br \/>\nMF: C52H74N16O15S2<br \/>\nMW: 1227.37<br \/>\nEINECS: 238- 680-8<br \/>\nCategorie di prodotti: ormoni;Peptidi;Derivati degli aminoacidi<br \/>\nMol File: 14636-12-5.mol<\/p>\n","protected":false},"featured_media":2294,"comment_status":"open","ping_status":"closed","template":"","meta":{"om_disable_all_campaigns":false,"_monsterinsights_skip_tracking":false,"_monsterinsights_sitenote_active":false,"_monsterinsights_sitenote_note":"","_monsterinsights_sitenote_category":0,"site-sidebar-layout":"default","site-content-layout":"default","ast-site-content-layout":"default","site-content-style":"default","site-sidebar-style":"default","ast-global-header-display":"","ast-banner-title-visibility":"","ast-main-header-display":"","ast-hfb-above-header-display":"","ast-hfb-below-header-display":"","ast-hfb-mobile-header-display":"","site-post-title":"","ast-breadcrumbs-content":"","ast-featured-img":"","footer-sml-layout":"","ast-disable-related-posts":"","theme-transparent-header-meta":"default","adv-header-id-meta":"","stick-header-meta":"","header-above-stick-meta":"","header-main-stick-meta":"","header-below-stick-meta":"","astra-migrate-meta-layouts":"default","ast-page-background-enabled":"default","ast-page-background-meta":{"desktop":{"background-color":"","background-image":"","background-repeat":"repeat","background-position":"center center","background-size":"auto","background-attachment":"scroll","background-type":"","background-media":"","overlay-type":"","overlay-color":"","overlay-opacity":"","overlay-gradient":""},"tablet":{"background-color":"","background-image":"","background-repeat":"repeat","background-position":"center center","background-size":"auto","background-attachment":"scroll","background-type":"","background-media":"","overlay-type":"","overlay-color":"","overlay-opacity":"","overlay-gradient":""},"mobile":{"background-color":"","background-image":"","background-repeat":"repeat","background-position":"center center","background-size":"auto","background-attachment":"scroll","background-type":"","background-media":"","overlay-type":"","overlay-color":"","overlay-opacity":"","overlay-gradient":""}},"ast-content-background-meta":{"desktop":{"background-color":"var(--ast-global-color-5)","background-image":"","background-repeat":"repeat","background-position":"center center","background-size":"auto","background-attachment":"scroll","background-type":"","background-media":"","overlay-type":"","overlay-color":"","overlay-opacity":"","overlay-gradient":""},"tablet":{"background-color":"var(--ast-global-color-5)","background-image":"","background-repeat":"repeat","background-position":"center center","background-size":"auto","background-attachment":"scroll","background-type":"","background-media":"","overlay-type":"","overlay-color":"","overlay-opacity":"","overlay-gradient":""},"mobile":{"background-color":"var(--ast-global-color-5)","background-image":"","background-repeat":"repeat","background-position":"center center","background-size":"auto","background-attachment":"scroll","background-type":"","background-media":"","overlay-type":"","overlay-color":"","overlay-opacity":"","overlay-gradient":""}}},"product_brand":[],"product_cat":[411],"product_tag":[875],"class_list":{"0":"post-8864","1":"product","2":"type-product","3":"status-publish","4":"has-post-thumbnail","6":"product_cat-sangue-e-peptide-vascolare","7":"product_tag-terlipressin-acetate-cas-14636-12-5-for-treat-acute-variceal-bleeding-it","8":"desktop-align-left","9":"tablet-align-left","10":"mobile-align-left","12":"first","13":"instock","14":"shipping-taxable","15":"product-type-simple"},"_links":{"self":[{"href":"https:\/\/puyapeptide.net\/it\/wp-json\/wp\/v2\/product\/8864","targetHints":{"allow":["GET"]}}],"collection":[{"href":"https:\/\/puyapeptide.net\/it\/wp-json\/wp\/v2\/product"}],"about":[{"href":"https:\/\/puyapeptide.net\/it\/wp-json\/wp\/v2\/types\/product"}],"replies":[{"embeddable":true,"href":"https:\/\/puyapeptide.net\/it\/wp-json\/wp\/v2\/comments?post=8864"}],"wp:featuredmedia":[{"embeddable":true,"href":"https:\/\/puyapeptide.net\/it\/wp-json\/wp\/v2\/media\/2294"}],"wp:attachment":[{"href":"https:\/\/puyapeptide.net\/it\/wp-json\/wp\/v2\/media?parent=8864"}],"wp:term":[{"taxonomy":"product_brand","embeddable":true,"href":"https:\/\/puyapeptide.net\/it\/wp-json\/wp\/v2\/product_brand?post=8864"},{"taxonomy":"product_cat","embeddable":true,"href":"https:\/\/puyapeptide.net\/it\/wp-json\/wp\/v2\/product_cat?post=8864"},{"taxonomy":"product_tag","embeddable":true,"href":"https:\/\/puyapeptide.net\/it\/wp-json\/wp\/v2\/product_tag?post=8864"}],"curies":[{"name":"wp","href":"https:\/\/api.w.org\/{rel}","templated":true}]}}