{"id":8882,"date":"2021-12-17T03:12:07","date_gmt":"2021-12-17T08:12:07","guid":{"rendered":"https:\/\/puyapeptide.net\/product\/octreotide-superiore-cas-79517-01-4-per-la-sandostatina-antisecretoria-antitumorale\/"},"modified":"2021-12-17T03:12:07","modified_gmt":"2021-12-17T08:12:07","slug":"octreotide-superiore-cas-79517-01-4-per-la-sandostatina-antisecretoria-antitumorale","status":"publish","type":"product","link":"https:\/\/puyapeptide.net\/it\/product\/octreotide-superiore-cas-79517-01-4-per-la-sandostatina-antisecretoria-antitumorale\/","title":{"rendered":"Octreotide superiore CAS 79517-01-4 per la sandostatina antisecretoria antitumorale"},"content":{"rendered":"<h2><strong>Octreotide superiore CAS 79517-01-4 per la sandostatina antisecretoria antitumorale<\/strong><\/h2>\n<p>Nome del prodotto: Octreotide<br \/>\nSinonimi: SANDOSTATIN;SMS-201-995;[r-(r*,r*)]-d-fenilalanil-l-cisteinil-l-fenilalanil-d-triptophyl-l- lisil-l-treonil-n-[2-idrossi-1-(idrossi-metil)propil]-cisteinammide ciclico(2-&gt;7)-disolfuro;OCTREOTIDE;OCTREOTIDE (SMS 201-995), ACETATO;ciclico(2- 7)-disolfuro,(rl-treonil-n-(2-idrossi-1-(idrossimetil)propil); octreotide (D-Phe5,Cys6\u00b711,D-Trp8,L-treoninolo12)-SoMatostatina-14 (5- 12), SMS-201-995;D-fenilalanil-L-cisteinil-L-fenilalanil-D-triptofill-L-lisil-L-treonil-N-[(1R,2R)-2-idrossi-1-(idrossimetile )propyl]-<br \/>\nCAS: 79517-01-4<br \/>\nMF: C51H70N10O12S2<br \/>\nMW: 1079.3<br \/>\nEINECS: 616-695-4<br \/>\nCategorie di prodotto: peptide;Recettore della somatostatina;Derivati degli aminoacidi ;Intermedi e prodotti chimici fini;Peptidi;Prodotti farmaceutici<br \/>\nMol File: 79517-01-4.mol<\/p>\n<p>Octreotide \u00e8 un composto ciclico sintetico a 8 peptidi utilizzato nell&#39;apparato digerente.\u00c8 un omologo della somatostatina naturale. Ha l&#39;attivit\u00e0 farmacologica della Somatostatina naturale e l&#39;effetto di lunga durata (il semi-li fe di questo prodotto \u00e8 di 1,5 ore, mentre la somatostatina naturale \u00e8 di 2-3 minuti). Questo prodotto pu\u00f2 inibire selettivamente la secrezione di ormone della crescita, glucagone e insulina, che \u00e8 pi\u00f9 forte della somatostatina naturale.<\/p>\n<p> <strong>Funzione e applicazione di Octreotide CAS 79517-01-4<\/strong><br \/>\n1. Analogo ottapeptidico della somatostatina. Un agente antisecretorio gastrico. Utilizzato nel trattamento dell&#39;acromegalia<br \/>\n2. ormone naturale somatostatina<br \/>\n3. L&#39;octreotide acetato USP (Sandostatina) \u00e8 usato per trattare i tumori carcinoidi mestastatici; tumori intestinali vasoattivi con secrezione di peptidi.<\/p>\n<p>Octreotide \u00e8 un farmaco usato per trattare la diarrea e il rossore della pelle causati da alcuni tipi di cancro.<\/p>\n","protected":false},"excerpt":{"rendered":"<p>Nome del prodotto: Octreotide<br \/>\nCAS: 79517-01-4<br \/>\nMF: C51H70N10O12S2<br \/>\nMW: 1079.3<br \/>\nEINECS: 616-695-4<\/p>\n","protected":false},"featured_media":2273,"comment_status":"open","ping_status":"closed","template":"","meta":{"om_disable_all_campaigns":false,"_monsterinsights_skip_tracking":false,"_monsterinsights_sitenote_active":false,"_monsterinsights_sitenote_note":"","_monsterinsights_sitenote_category":0,"site-sidebar-layout":"default","site-content-layout":"default","ast-site-content-layout":"default","site-content-style":"default","site-sidebar-style":"default","ast-global-header-display":"","ast-banner-title-visibility":"","ast-main-header-display":"","ast-hfb-above-header-display":"","ast-hfb-below-header-display":"","ast-hfb-mobile-header-display":"","site-post-title":"","ast-breadcrumbs-content":"","ast-featured-img":"","footer-sml-layout":"","ast-disable-related-posts":"","theme-transparent-header-meta":"default","adv-header-id-meta":"","stick-header-meta":"","header-above-stick-meta":"","header-main-stick-meta":"","header-below-stick-meta":"","astra-migrate-meta-layouts":"default","ast-page-background-enabled":"default","ast-page-background-meta":{"desktop":{"background-color":"","background-image":"","background-repeat":"repeat","background-position":"center center","background-size":"auto","background-attachment":"scroll","background-type":"","background-media":"","overlay-type":"","overlay-color":"","overlay-opacity":"","overlay-gradient":""},"tablet":{"background-color":"","background-image":"","background-repeat":"repeat","background-position":"center center","background-size":"auto","background-attachment":"scroll","background-type":"","background-media":"","overlay-type":"","overlay-color":"","overlay-opacity":"","overlay-gradient":""},"mobile":{"background-color":"","background-image":"","background-repeat":"repeat","background-position":"center center","background-size":"auto","background-attachment":"scroll","background-type":"","background-media":"","overlay-type":"","overlay-color":"","overlay-opacity":"","overlay-gradient":""}},"ast-content-background-meta":{"desktop":{"background-color":"var(--ast-global-color-5)","background-image":"","background-repeat":"repeat","background-position":"center center","background-size":"auto","background-attachment":"scroll","background-type":"","background-media":"","overlay-type":"","overlay-color":"","overlay-opacity":"","overlay-gradient":""},"tablet":{"background-color":"var(--ast-global-color-5)","background-image":"","background-repeat":"repeat","background-position":"center center","background-size":"auto","background-attachment":"scroll","background-type":"","background-media":"","overlay-type":"","overlay-color":"","overlay-opacity":"","overlay-gradient":""},"mobile":{"background-color":"var(--ast-global-color-5)","background-image":"","background-repeat":"repeat","background-position":"center center","background-size":"auto","background-attachment":"scroll","background-type":"","background-media":"","overlay-type":"","overlay-color":"","overlay-opacity":"","overlay-gradient":""}}},"product_brand":[],"product_cat":[394],"product_tag":[849],"class_list":{"0":"post-8882","1":"product","2":"type-product","3":"status-publish","4":"has-post-thumbnail","6":"product_cat-peptide-antitumorale","7":"product_tag-top-quality-octreotide-cas-79517-01-4-for-anticancer-growth-inhibiting-it","8":"desktop-align-left","9":"tablet-align-left","10":"mobile-align-left","12":"first","13":"instock","14":"shipping-taxable","15":"product-type-simple"},"_links":{"self":[{"href":"https:\/\/puyapeptide.net\/it\/wp-json\/wp\/v2\/product\/8882","targetHints":{"allow":["GET"]}}],"collection":[{"href":"https:\/\/puyapeptide.net\/it\/wp-json\/wp\/v2\/product"}],"about":[{"href":"https:\/\/puyapeptide.net\/it\/wp-json\/wp\/v2\/types\/product"}],"replies":[{"embeddable":true,"href":"https:\/\/puyapeptide.net\/it\/wp-json\/wp\/v2\/comments?post=8882"}],"wp:featuredmedia":[{"embeddable":true,"href":"https:\/\/puyapeptide.net\/it\/wp-json\/wp\/v2\/media\/2273"}],"wp:attachment":[{"href":"https:\/\/puyapeptide.net\/it\/wp-json\/wp\/v2\/media?parent=8882"}],"wp:term":[{"taxonomy":"product_brand","embeddable":true,"href":"https:\/\/puyapeptide.net\/it\/wp-json\/wp\/v2\/product_brand?post=8882"},{"taxonomy":"product_cat","embeddable":true,"href":"https:\/\/puyapeptide.net\/it\/wp-json\/wp\/v2\/product_cat?post=8882"},{"taxonomy":"product_tag","embeddable":true,"href":"https:\/\/puyapeptide.net\/it\/wp-json\/wp\/v2\/product_tag?post=8882"}],"curies":[{"name":"wp","href":"https:\/\/api.w.org\/{rel}","templated":true}]}}