{"id":8907,"date":"2021-12-17T03:14:19","date_gmt":"2021-12-17T08:14:19","guid":{"rendered":"https:\/\/puyapeptide.net\/product\/carbetocina-acetato-cas-37025-55-1prevenzione-delle-contrazioni-uterine-deboli-e-dellemorragia-postpartum\/"},"modified":"2022-07-04T18:52:13","modified_gmt":"2022-07-04T22:52:13","slug":"carbetocina-acetato-cas-37025-55-1prevenzione-delle-contrazioni-uterine-deboli-e-dellemorragia-postpartum","status":"publish","type":"product","link":"https:\/\/puyapeptide.net\/it\/product\/carbetocina-acetato-cas-37025-55-1prevenzione-delle-contrazioni-uterine-deboli-e-dellemorragia-postpartum\/","title":{"rendered":"Carbetocina Acetato CAS 37025-55-1Prevenzione delle contrazioni uterine deboli e dell&#39;emorragia postpartum"},"content":{"rendered":"<h2><strong>Carbetocina Acetato CAS 37025-55-1 Prevenzione delle contrazioni uterine deboli e dell&#39;emorragia postpartum<\/strong><\/h2>\n<p>Nome prodotto: CARBETOCIN<br \/>\nSinonimi: BUTYRYL-TYR(ME)-ILE-GLN-ASN-CYS-PRO-LEU-GLY-NH2, (LEGGIO SOLFURO TRA BUTYRYL-4-YL E CYS);BUTYRYL- TYR(ME)-ILE-GLN-ASN-CYS-PRO-LEU-GLY-NH2 SALE DI TRIFLUOROACETATO;(BUTYRYL1,TYR(ME)2)-1-CARBAOSSITOCINA SALE DI TRIFLUOROACETATO;(BUTYRYL1,TYR(ME)2) -OSSITOCINA ;(BUTYRYL1,TYR(ME)2)-OSSITOCIN TRIFLUOROACETATE SALT;CARBETOCIN;CARBETOCIN TRIFLUOROACETATE SALE;(2-O-METILTIROSINA)-DE-AMINO-1-CARBAOXYTOCIN<br \/>\nCAS: 37025-55-1&lt;&amp; &gt;MF : C45H69N11O12S<br \/>\nMW: 988.17<br \/>\nEINECS: 253-312-6<br \/>\nCategorie di prodotti: Altre API;Peptidi;Recettori di vasopressina e ossitocina;Intermedi e prodotti chimici fini;Prodotti farmaceutici<br \/>\nMol File: 37025-55- 1.mol<\/p>\n<p>Carbetocin \u00e8 un analogico sintetico di 8 peptidi di ossitocina ad azione prolungata con propriet\u00e0 agoniste, con propriet\u00e0 cliniche e farmacologiche simili a quelle dell&#39;ossitocina naturale. Come l&#39;ossitocina, la carbetocina si lega ai recettori dell&#39;ossitocina nella muscolatura liscia dell&#39;utero, causando una contrazione ritmica dell&#39;utero che aumenta la sua frequenza e aumenta il tono uterino oltre alla contrazione originale di Chemicalbook. Nello stato non gravido, il livello dei recettori dell&#39;ossitocina nell&#39;utero \u00e8 basso, aumenta durante la gravidanza e raggiunge il picco al momento del parto. Pertanto, la cabergolina non ha alcun effetto sull&#39;utero non gravido, ma ha un effetto effetto di contrazione uterina sull&#39;utero gravido e sull&#39;utero che ha appena partorito.<\/p>\n<p> <strong>CARBETOCIN Propriet\u00e0 chimiche di Carbetocin<\/strong><br \/>\nalfa D &#8211; 69,0\u00b0 (c = 0,25 in acido acetico 1M)<br \/>\nPunto di penetrazione 1477,9\u00b165,0 \u00b0C(prevista)<br \/>\ndensit\u00e0 1,218\u00b10,06 gcm3(prevista)<br \/>\ntemp. -15\u00b0C<br \/>\nforma in polvere<br \/>\npka 13.07\u00b10.70 (previsto)<br \/>\ncolore da bianco a beige<\/p>\n<p> <strong>Funzione e applicazione di Carbetocin<\/strong><br \/>\nPer l&#39;uso dopo anestesia epidurale o lombare elettiva per taglio cesareo parto per prevenire deboli contrazioni uterine ed emorragie post-partum.<br \/>\nTaglio cesareo sotto altra anestesia per taglio cesareo d&#39;urgenza, taglio cesareo classico, anestesia epidurale o spinale o presenza materna con forza malattia cardiaca, storia di ipertensione, coagulopatia nota o fegato, rene e malattie endocrine (escluso il diabete gestazionale) L&#39;uso della carbetocina non \u00e8 stato studiato. La somministrazione di carbetocina dopo il vaginale non \u00e8 stata adeguatamente studiata e la dose non \u00e8 stata concordata.<\/p>\n","protected":false},"excerpt":{"rendered":"<p>Nome prodotto: CARBETOCIN<br \/>\nCAS: 37025-55-1<br \/>\nMF: C45H69N11O12S<br \/>\nMW: 988.17<br \/>\nEINECS: 253-312-6<br \/>\nMol File: 37025-55-1.mol<\/p>\n","protected":false},"featured_media":2210,"comment_status":"open","ping_status":"closed","template":"","meta":{"om_disable_all_campaigns":false,"_monsterinsights_skip_tracking":false,"_monsterinsights_sitenote_active":false,"_monsterinsights_sitenote_note":"","_monsterinsights_sitenote_category":0,"site-sidebar-layout":"default","site-content-layout":"default","ast-site-content-layout":"default","site-content-style":"default","site-sidebar-style":"default","ast-global-header-display":"","ast-banner-title-visibility":"","ast-main-header-display":"","ast-hfb-above-header-display":"","ast-hfb-below-header-display":"","ast-hfb-mobile-header-display":"","site-post-title":"","ast-breadcrumbs-content":"","ast-featured-img":"","footer-sml-layout":"","ast-disable-related-posts":"","theme-transparent-header-meta":"default","adv-header-id-meta":"","stick-header-meta":"","header-above-stick-meta":"","header-main-stick-meta":"","header-below-stick-meta":"","astra-migrate-meta-layouts":"default","ast-page-background-enabled":"default","ast-page-background-meta":{"desktop":{"background-color":"","background-image":"","background-repeat":"repeat","background-position":"center center","background-size":"auto","background-attachment":"scroll","background-type":"","background-media":"","overlay-type":"","overlay-color":"","overlay-opacity":"","overlay-gradient":""},"tablet":{"background-color":"","background-image":"","background-repeat":"repeat","background-position":"center center","background-size":"auto","background-attachment":"scroll","background-type":"","background-media":"","overlay-type":"","overlay-color":"","overlay-opacity":"","overlay-gradient":""},"mobile":{"background-color":"","background-image":"","background-repeat":"repeat","background-position":"center center","background-size":"auto","background-attachment":"scroll","background-type":"","background-media":"","overlay-type":"","overlay-color":"","overlay-opacity":"","overlay-gradient":""}},"ast-content-background-meta":{"desktop":{"background-color":"var(--ast-global-color-5)","background-image":"","background-repeat":"repeat","background-position":"center center","background-size":"auto","background-attachment":"scroll","background-type":"","background-media":"","overlay-type":"","overlay-color":"","overlay-opacity":"","overlay-gradient":""},"tablet":{"background-color":"var(--ast-global-color-5)","background-image":"","background-repeat":"repeat","background-position":"center center","background-size":"auto","background-attachment":"scroll","background-type":"","background-media":"","overlay-type":"","overlay-color":"","overlay-opacity":"","overlay-gradient":""},"mobile":{"background-color":"var(--ast-global-color-5)","background-image":"","background-repeat":"repeat","background-position":"center center","background-size":"auto","background-attachment":"scroll","background-type":"","background-media":"","overlay-type":"","overlay-color":"","overlay-opacity":"","overlay-gradient":""}}},"product_brand":[],"product_cat":[442],"product_tag":[829],"class_list":{"0":"post-8907","1":"product","2":"type-product","3":"status-publish","4":"has-post-thumbnail","6":"product_cat-peptide-urogenitale","7":"product_tag-carbetocin-acetate-cas-37025-55-1-it","8":"desktop-align-left","9":"tablet-align-left","10":"mobile-align-left","12":"first","13":"instock","14":"shipping-taxable","15":"product-type-simple"},"_links":{"self":[{"href":"https:\/\/puyapeptide.net\/it\/wp-json\/wp\/v2\/product\/8907","targetHints":{"allow":["GET"]}}],"collection":[{"href":"https:\/\/puyapeptide.net\/it\/wp-json\/wp\/v2\/product"}],"about":[{"href":"https:\/\/puyapeptide.net\/it\/wp-json\/wp\/v2\/types\/product"}],"replies":[{"embeddable":true,"href":"https:\/\/puyapeptide.net\/it\/wp-json\/wp\/v2\/comments?post=8907"}],"wp:featuredmedia":[{"embeddable":true,"href":"https:\/\/puyapeptide.net\/it\/wp-json\/wp\/v2\/media\/2210"}],"wp:attachment":[{"href":"https:\/\/puyapeptide.net\/it\/wp-json\/wp\/v2\/media?parent=8907"}],"wp:term":[{"taxonomy":"product_brand","embeddable":true,"href":"https:\/\/puyapeptide.net\/it\/wp-json\/wp\/v2\/product_brand?post=8907"},{"taxonomy":"product_cat","embeddable":true,"href":"https:\/\/puyapeptide.net\/it\/wp-json\/wp\/v2\/product_cat?post=8907"},{"taxonomy":"product_tag","embeddable":true,"href":"https:\/\/puyapeptide.net\/it\/wp-json\/wp\/v2\/product_tag?post=8907"}],"curies":[{"name":"wp","href":"https:\/\/api.w.org\/{rel}","templated":true}]}}