{"id":6959,"date":"2021-12-16T06:34:05","date_gmt":"2021-12-16T11:34:05","guid":{"rendered":"https:\/\/puyapeptide.net\/product\/hexapeptide-10-serilesine-cas-146439-94-3-veel-gebruikt-in-moisturizers-cremes-gezichtsmaskers-oogcremes\/"},"modified":"2021-12-16T06:34:05","modified_gmt":"2021-12-16T11:34:05","slug":"hexapeptide-10-serilesine-cas-146439-94-3-veel-gebruikt-in-moisturizers-cremes-gezichtsmaskers-oogcremes","status":"publish","type":"product","link":"https:\/\/puyapeptide.net\/nl\/product\/hexapeptide-10-serilesine-cas-146439-94-3-veel-gebruikt-in-moisturizers-cremes-gezichtsmaskers-oogcremes\/","title":{"rendered":"Hexapeptide-10\/Serilesine CAS 146439-94-3 Veel gebruikt in moisturizers, cr\u00e8mes, gezichtsmaskers, oogcr\u00e8mes"},"content":{"rendered":"<h2><strong>Hexapeptide-10\/Serilesine CAS 146439-94-3 Veel gebruikt in moisturizers, cr\u00e8mes, gezichtsmaskers, oogcr\u00e8mes<\/strong><\/h2>\n<p>Productnaam: Hexapeptide-10<br \/>\nProductbeschrijving: Stimuleer het herstel van huidweefsel, hervorm de biochemische functie van de huid, verbeter zo de stevigheid van de huid, gebruikt voor anti-rimpel en anti-veroudering.<br \/>\nCAS: 146439-94 -3<br \/>\nOpeenvolging: H-Ser-Ile-Lys-Val-Ala-Val-OH<br \/>\nMolecuulformule: C28H53N7O8<br \/>\nMolecuulgewicht: 615.76252<\/p>\n<p>Hexapeptide-10 is van een adhesiesequentie van laminine, dat de huidstructuur herstelt. Hexapeptide-10 is een verstevigende actieve stof die een dubbelcellulaire activiteit op zowel keratinocyten als fibroblasten bevordert. Het verhoogt de synthese van laminine-5, alpha6-integrine en hemidesmosomen, waardoor de dermale-epidermale overgang wordt versterkt. Met Hexapeptide-10 wordt de huid geherstructureerd, aangevuld, steviger en elastischer, en krijgt ze haar volheid terug.<\/p>\n<p> <strong>Functie van Hexapeptide-10\/ Serilesine CAS 146439-94-3<\/strong><br \/>\nDe Hexapeptide-10 komt overeen met residuen 2099-2104 van de laminine 1-keten. Van hexapeptide-10 is aangetoond dat het tumorinvasie, metastase en angiogenese moduleert. Het induceerde ook de synthese van prostaglandine E2, interstiti\u00eble collagenase en gelatinase B in monocytcelculturen. Lamininefragmenten<br \/>\ndie de SIKVAV-sequentie bevatten, kunnen bijdragen aan de ontstekingsreactie op plaatsen van wondgenezing.<br \/>\nZe kunnen ook een rol spelen bij de overmatige inductie van metalloprote\u00efnasen bij chronische inflammatoire laesies.<\/p>\n<p> <strong>Toepassing van hexapeptide -10\/ Serilesine CAS 146439-94-3<\/strong><br \/>\nHexapeptide-10 is afkomstig van een adhesiesequentie van laminine, die de huidstructuur herstelt.<br \/>\nHexapeptide-10 is een verstevigende actieve stof die een dubbelcellulaire activiteit op beide keratinocyten bevordert en<br \/>\nfibroblast. Het verhoogt de synthese van laminine-5, alpha6-integrine en hemidesmosomen, waardoor de dermale-epidermale overgang wordt versterkt. Met Hexapeptide-10 wordt de huid geherstructureerd, aangevuld,<br \/>\nsteviger en elastischer, en krijgt ze haar volheid terug.<\/p>\n<p> <strong>Gebruik van Hexapeptide-10\/Serilesine CAS 146439-94-3<\/strong><br \/>\n1. Veel gebruikt in vochtinbrengende cr\u00e8mes, cr\u00e8mes, gezichtsmaskers, oogcr\u00e8mes en badproducten.<br \/>\n2. Gebruikt in combinatie met zoetstoffen met een hoge zoetheid, zoals NHDC, kan de zoete smaak zachter maken en het effect van het verbeteren van de smaak van voedsel bereiken.<\/p>\n","protected":false},"excerpt":{"rendered":"<p>Productnaam: Hexapeptide-10<br \/>\nCAS: 146439-94-3<br \/>\nOpeenvolging: H-Ser-Ile-Lys-Val-Ala-Val-OH<br \/>\nMolecuulformule: C28H53N7O8<br \/>\nMolecuulgewicht: 615.76252<\/p>\n","protected":false},"featured_media":2162,"comment_status":"open","ping_status":"closed","template":"","meta":{"om_disable_all_campaigns":false,"_monsterinsights_skip_tracking":false,"_monsterinsights_sitenote_active":false,"_monsterinsights_sitenote_note":"","_monsterinsights_sitenote_category":0,"site-sidebar-layout":"default","site-content-layout":"default","ast-site-content-layout":"default","site-content-style":"default","site-sidebar-style":"default","ast-global-header-display":"","ast-banner-title-visibility":"","ast-main-header-display":"","ast-hfb-above-header-display":"","ast-hfb-below-header-display":"","ast-hfb-mobile-header-display":"","site-post-title":"","ast-breadcrumbs-content":"","ast-featured-img":"","footer-sml-layout":"","ast-disable-related-posts":"","theme-transparent-header-meta":"default","adv-header-id-meta":"","stick-header-meta":"","header-above-stick-meta":"","header-main-stick-meta":"","header-below-stick-meta":"","astra-migrate-meta-layouts":"default","ast-page-background-enabled":"default","ast-page-background-meta":{"desktop":{"background-color":"","background-image":"","background-repeat":"repeat","background-position":"center center","background-size":"auto","background-attachment":"scroll","background-type":"","background-media":"","overlay-type":"","overlay-color":"","overlay-opacity":"","overlay-gradient":""},"tablet":{"background-color":"","background-image":"","background-repeat":"repeat","background-position":"center center","background-size":"auto","background-attachment":"scroll","background-type":"","background-media":"","overlay-type":"","overlay-color":"","overlay-opacity":"","overlay-gradient":""},"mobile":{"background-color":"","background-image":"","background-repeat":"repeat","background-position":"center center","background-size":"auto","background-attachment":"scroll","background-type":"","background-media":"","overlay-type":"","overlay-color":"","overlay-opacity":"","overlay-gradient":""}},"ast-content-background-meta":{"desktop":{"background-color":"var(--ast-global-color-5)","background-image":"","background-repeat":"repeat","background-position":"center center","background-size":"auto","background-attachment":"scroll","background-type":"","background-media":"","overlay-type":"","overlay-color":"","overlay-opacity":"","overlay-gradient":""},"tablet":{"background-color":"var(--ast-global-color-5)","background-image":"","background-repeat":"repeat","background-position":"center center","background-size":"auto","background-attachment":"scroll","background-type":"","background-media":"","overlay-type":"","overlay-color":"","overlay-opacity":"","overlay-gradient":""},"mobile":{"background-color":"var(--ast-global-color-5)","background-image":"","background-repeat":"repeat","background-position":"center center","background-size":"auto","background-attachment":"scroll","background-type":"","background-media":"","overlay-type":"","overlay-color":"","overlay-opacity":"","overlay-gradient":""}}},"product_brand":[],"product_cat":[543],"product_tag":[2779,2823,2801,2757],"class_list":{"0":"post-6959","1":"product","2":"type-product","3":"status-publish","4":"has-post-thumbnail","6":"product_cat-anti-rimpel-en-anti-aging-peptide","7":"product_tag-creams-nl","8":"product_tag-eye-creams-nl","9":"product_tag-facial-masks-nl","10":"product_tag-hexapeptide-10-serilesine-cas-146439-94-3-widely-used-in-moisturizers-nl","11":"desktop-align-left","12":"tablet-align-left","13":"mobile-align-left","15":"first","16":"instock","17":"shipping-taxable","18":"product-type-simple"},"_links":{"self":[{"href":"https:\/\/puyapeptide.net\/nl\/wp-json\/wp\/v2\/product\/6959","targetHints":{"allow":["GET"]}}],"collection":[{"href":"https:\/\/puyapeptide.net\/nl\/wp-json\/wp\/v2\/product"}],"about":[{"href":"https:\/\/puyapeptide.net\/nl\/wp-json\/wp\/v2\/types\/product"}],"replies":[{"embeddable":true,"href":"https:\/\/puyapeptide.net\/nl\/wp-json\/wp\/v2\/comments?post=6959"}],"wp:featuredmedia":[{"embeddable":true,"href":"https:\/\/puyapeptide.net\/nl\/wp-json\/wp\/v2\/media\/2162"}],"wp:attachment":[{"href":"https:\/\/puyapeptide.net\/nl\/wp-json\/wp\/v2\/media?parent=6959"}],"wp:term":[{"taxonomy":"product_brand","embeddable":true,"href":"https:\/\/puyapeptide.net\/nl\/wp-json\/wp\/v2\/product_brand?post=6959"},{"taxonomy":"product_cat","embeddable":true,"href":"https:\/\/puyapeptide.net\/nl\/wp-json\/wp\/v2\/product_cat?post=6959"},{"taxonomy":"product_tag","embeddable":true,"href":"https:\/\/puyapeptide.net\/nl\/wp-json\/wp\/v2\/product_tag?post=6959"}],"curies":[{"name":"wp","href":"https:\/\/api.w.org\/{rel}","templated":true}]}}