{"id":7054,"date":"2021-12-16T06:40:32","date_gmt":"2021-12-16T11:40:32","guid":{"rendered":"https:\/\/puyapeptide.net\/product\/acetyldipeptide-1-acetyl-dipeptide-1-cetylester-cas-196604-48-5-kan-de-natuurlijke-huidelasticiteit-verbeteren-en-een-slappe-huid-verminderen\/"},"modified":"2021-12-16T06:40:32","modified_gmt":"2021-12-16T11:40:32","slug":"acetyldipeptide-1-acetyl-dipeptide-1-cetylester-cas-196604-48-5-kan-de-natuurlijke-huidelasticiteit-verbeteren-en-een-slappe-huid-verminderen","status":"publish","type":"product","link":"https:\/\/puyapeptide.net\/nl\/product\/acetyldipeptide-1-acetyl-dipeptide-1-cetylester-cas-196604-48-5-kan-de-natuurlijke-huidelasticiteit-verbeteren-en-een-slappe-huid-verminderen\/","title":{"rendered":"Acetyldipeptide-1 \/ Acetyl Dipeptide-1 cetylester CAS 196604-48-5 kan de natuurlijke huidelasticiteit verbeteren en een slappe huid verminderen"},"content":{"rendered":"<h2><strong>Acetyldipeptide-1 \/ Acetyl Dipeptide-1 cetylester CAS 196604-48-5 kan de natuurlijke huidelasticiteit verbeteren en een slappe huid verminderen<\/strong><\/h2>\n<p>Productnaam: Acetyl Dipeptide-1 cetyl ester<br \/>\nSynoniemen: Sensicalmine;Acetyl Dipeptide-1 Cetyl Ester, Sensicalmine, Tyr-Arg;Calmosensine;Calmosensine (cosmetisch ingredi\u00ebnt); Idealift;N-Acetyl-L-tyrosyl- L-arginine hexadecylester;Acetyl Dipeptide Cetyl Ester;Ac-Tyr-Arg-O-hexadecylester,Acetyl Dipeptide-1 Cetyl Ester<br \/>\nCAS: 196604-48-5<br \/>\nMF: C33H57N5O5<br \/>\nMW: 603.84<br \/>\nEINECS:<br \/>\nProductcategorie\u00ebn: cosmetica<br \/>\nMol File: 196604-48-5.mol<\/p>\n<p>Acetyl Dipeptide-1 Cetyl Ester is een product dat wordt verkregen door de koppeling van de acetylester van tyrosine van Dipeptide-1 (qv) met de cetylester van arginine van dipeptide-1.<br \/>\nAnti-aging Acetyl Dipeptide-1 Cetyl Ester-serum kan uw natuurlijke huidelasticiteit verbeteren en zo een slappe huid verminderen. Maak je gezicht steviger en strakker, verzacht rimpels en houdt vocht vast. Het vertraagt het verouderingsproces, verzacht, verzacht bestaande fijne lijntjes, bestrijdt verslapping van de huid, minimaliseert pori\u00ebn en verstevigt de huid. Uw huid ziet er glad uit met een stralende, gezonde gloed.<\/p>\n<p> <strong>Acetyl Dipeptide-1 cetylester Chemische eigenschappen<\/strong><br \/>\ndichtheid 1,12\u00b10,1 g\/cm3(voorspeld)<br \/>\npka 9,83\u00b10,15(voorspeld)&lt; &amp;&gt;<br \/>\n <strong>Gebruik van Acetyl Dipeptide-1 cetyl ester CAS 196604-48-5<\/strong><br \/>\nHair Conditioning Agent; Huidverzorgend<br \/>\n1. Op grote schaal gebruikt in vochtinbrengende cr\u00e8mes, cr\u00e8mes, gezichtsmaskers, oogcr\u00e8mes en badproducten.<br \/>\n2. Gebruikt in combinatie met zoetstoffen met een hoge zoetheid, zoals NHDC, kan de zoete smaak zachter maken en het effect van het verbeteren van de smaak van voedsel bereiken.<\/p>\n","protected":false},"excerpt":{"rendered":"<p>Productnaam: Acetyl Dipeptide-1 cetylester<br \/>\nCAS: 196604-48-5<br \/>\nMF: C33H57N5O5<br \/>\nMW: 603.84<br \/>\nMol Bestand: 196604-48-5.mol<\/p>\n","protected":false},"featured_media":2204,"comment_status":"open","ping_status":"closed","template":"","meta":{"om_disable_all_campaigns":false,"_monsterinsights_skip_tracking":false,"_monsterinsights_sitenote_active":false,"_monsterinsights_sitenote_note":"","_monsterinsights_sitenote_category":0,"site-sidebar-layout":"default","site-content-layout":"default","ast-site-content-layout":"default","site-content-style":"default","site-sidebar-style":"default","ast-global-header-display":"","ast-banner-title-visibility":"","ast-main-header-display":"","ast-hfb-above-header-display":"","ast-hfb-below-header-display":"","ast-hfb-mobile-header-display":"","site-post-title":"","ast-breadcrumbs-content":"","ast-featured-img":"","footer-sml-layout":"","ast-disable-related-posts":"","theme-transparent-header-meta":"default","adv-header-id-meta":"","stick-header-meta":"","header-above-stick-meta":"","header-main-stick-meta":"","header-below-stick-meta":"","astra-migrate-meta-layouts":"default","ast-page-background-enabled":"default","ast-page-background-meta":{"desktop":{"background-color":"","background-image":"","background-repeat":"repeat","background-position":"center center","background-size":"auto","background-attachment":"scroll","background-type":"","background-media":"","overlay-type":"","overlay-color":"","overlay-opacity":"","overlay-gradient":""},"tablet":{"background-color":"","background-image":"","background-repeat":"repeat","background-position":"center center","background-size":"auto","background-attachment":"scroll","background-type":"","background-media":"","overlay-type":"","overlay-color":"","overlay-opacity":"","overlay-gradient":""},"mobile":{"background-color":"","background-image":"","background-repeat":"repeat","background-position":"center center","background-size":"auto","background-attachment":"scroll","background-type":"","background-media":"","overlay-type":"","overlay-color":"","overlay-opacity":"","overlay-gradient":""}},"ast-content-background-meta":{"desktop":{"background-color":"var(--ast-global-color-5)","background-image":"","background-repeat":"repeat","background-position":"center center","background-size":"auto","background-attachment":"scroll","background-type":"","background-media":"","overlay-type":"","overlay-color":"","overlay-opacity":"","overlay-gradient":""},"tablet":{"background-color":"var(--ast-global-color-5)","background-image":"","background-repeat":"repeat","background-position":"center center","background-size":"auto","background-attachment":"scroll","background-type":"","background-media":"","overlay-type":"","overlay-color":"","overlay-opacity":"","overlay-gradient":""},"mobile":{"background-color":"var(--ast-global-color-5)","background-image":"","background-repeat":"repeat","background-position":"center center","background-size":"auto","background-attachment":"scroll","background-type":"","background-media":"","overlay-type":"","overlay-color":"","overlay-opacity":"","overlay-gradient":""}}},"product_brand":[],"product_cat":[543],"product_tag":[2698],"class_list":{"0":"post-7054","1":"product","2":"type-product","3":"status-publish","4":"has-post-thumbnail","6":"product_cat-anti-rimpel-en-anti-aging-peptide","7":"product_tag-acetyl-dipeptide-1-acetyl-dipeptide-1-cetyl-ester-cas-196604-48-5-can-improve-natural-skin-elasticity-and-reduce-sagging-skin-nl","8":"desktop-align-left","9":"tablet-align-left","10":"mobile-align-left","12":"first","13":"instock","14":"shipping-taxable","15":"product-type-simple"},"_links":{"self":[{"href":"https:\/\/puyapeptide.net\/nl\/wp-json\/wp\/v2\/product\/7054","targetHints":{"allow":["GET"]}}],"collection":[{"href":"https:\/\/puyapeptide.net\/nl\/wp-json\/wp\/v2\/product"}],"about":[{"href":"https:\/\/puyapeptide.net\/nl\/wp-json\/wp\/v2\/types\/product"}],"replies":[{"embeddable":true,"href":"https:\/\/puyapeptide.net\/nl\/wp-json\/wp\/v2\/comments?post=7054"}],"wp:featuredmedia":[{"embeddable":true,"href":"https:\/\/puyapeptide.net\/nl\/wp-json\/wp\/v2\/media\/2204"}],"wp:attachment":[{"href":"https:\/\/puyapeptide.net\/nl\/wp-json\/wp\/v2\/media?parent=7054"}],"wp:term":[{"taxonomy":"product_brand","embeddable":true,"href":"https:\/\/puyapeptide.net\/nl\/wp-json\/wp\/v2\/product_brand?post=7054"},{"taxonomy":"product_cat","embeddable":true,"href":"https:\/\/puyapeptide.net\/nl\/wp-json\/wp\/v2\/product_cat?post=7054"},{"taxonomy":"product_tag","embeddable":true,"href":"https:\/\/puyapeptide.net\/nl\/wp-json\/wp\/v2\/product_tag?post=7054"}],"curies":[{"name":"wp","href":"https:\/\/api.w.org\/{rel}","templated":true}]}}