{"id":7746,"date":"2021-12-16T10:31:03","date_gmt":"2021-12-16T15:31:03","guid":{"rendered":"https:\/\/puyapeptide.net\/product\/hot-sale-buserelin-cas-57982-77-1-voor-treat-prostaatkanker-en-borstkanker\/"},"modified":"2021-12-16T10:31:03","modified_gmt":"2021-12-16T15:31:03","slug":"hot-sale-buserelin-cas-57982-77-1-voor-treat-prostaatkanker-en-borstkanker","status":"publish","type":"product","link":"https:\/\/puyapeptide.net\/nl\/product\/hot-sale-buserelin-cas-57982-77-1-voor-treat-prostaatkanker-en-borstkanker\/","title":{"rendered":"Hot Sale Buserelin CAS 57982-77-1 voor Treat Prostaatkanker en borstkanker"},"content":{"rendered":"<h2><strong>Hot Sale Buserelin CAS 57982-77-1 voor Treat Prostaatkanker en borstkanker<\/strong><\/h2>\n<p>Productnaam: BUSERELIN<br \/>\nSynoniemen: (d-ser(bu(supt)(sup6)))-lh-rh(1-9)nonapeptide-ethylamide;(d-ser(tbu)(sup6)- ea(sup10))-lhrh;(d-ser(tbu)(sup6)-ea(sup10))-lute\u00efniserend hormoon-afgevend hormoon;(d-ser(tbu)(sup6)-ea(sup10))-lute\u00efniserend hormoon-afgevend hormoon; BUSERELIN;1-9-Lute\u00efniserend hormoon-releasing factor (varkens), 6-[O-(1,1-dimethylethyl)-D-serine]-9-(N-ethyl-L-prolinamide)-;Buseriline;BUSERELIN PH . EUR.<br \/>\nCAS: 57982-77-1<br \/>\nMF: C60H86N16O13<br \/>\nMW: 1239.42<br \/>\nEINECS: 261-061-9<br \/>\nProductcategorie\u00ebn: hormonen<br \/>\nMol-bestand: 57982-77 -1.mol<\/p>\n<p>Busereline, een GnRH-analoog. Het kan aan het begin van het gebruik een toename van de secretie van LH, FSH en geslachtshormoon veroorzaken, en na 1 tot 2 weken begint het het tegenovergestelde effect te produceren en kan de secretie van geslachtshormoon worden teruggebracht tot depotniveau. Het wordt voornamelijk klinisch gebruikt voor prostaatkanker en borstkanker. Het wordt in het begin subcutaan ge\u00efnjecteerd [bij mannen met flutamide] en neusspray wordt gebruikt voor onderhoudsbehandeling.<\/p>\n<p> <strong>Buserelin CAS 57982-77-1 Chemische eigenschappen<\/strong><br \/>\nalpha D20 -40,4\u00b0 (c = 1 in dimethylacetamide)<br \/>\nKookpunt 845,19\u00b0C (ruwe schatting)<br \/>\ndichtheid 1.0711 (ruwe schatting)<br \/>\nbrekingsindex 1,6200 (schatting)<br \/>\noplosbaarheid Nauwelijks oplosbaar in water en in verdunde zuren.&lt;&amp; &gt;pka 9,82 \u00b1 0,15 (voorspeld)<\/p>\n<p> <strong>Functie en toepassing van Buserelin CAS 57982-77-1<\/strong><br \/>\nGnRH-analogen. Het kan aan het begin van het gebruik een toename van de I.H-, FSH- en geslachtshormoonsecretie veroorzaken, en na 1 tot 2 weken begint het het tegenovergestelde effect te produceren en kan de geslachtshormoonsecretie worden teruggebracht tot depotniveau. Het wordt voornamelijk klinisch gebruikt voor prostaatkanker en borstkanker. Het wordt in het begin subcutaan ge\u00efnjecteerd (bij mannen met flutamide) en de onderhoudsbehandeling wordt gegeven met neusspray.<\/p>\n","protected":false},"excerpt":{"rendered":"<p>Productnaam: BUSERELIN<br \/>\nCAS: 57982-77-1<br \/>\nMF: C60H86N16O13<br \/>\nMW: 1239.42<br \/>\nEINECS: 261-061-9<br \/>\nMol-bestand: 57982-77-1.mol<\/p>\n","protected":false},"featured_media":2120,"comment_status":"open","ping_status":"closed","template":"","meta":{"om_disable_all_campaigns":false,"_monsterinsights_skip_tracking":false,"_monsterinsights_sitenote_active":false,"_monsterinsights_sitenote_note":"","_monsterinsights_sitenote_category":0,"site-sidebar-layout":"default","site-content-layout":"default","ast-site-content-layout":"default","site-content-style":"default","site-sidebar-style":"default","ast-global-header-display":"","ast-banner-title-visibility":"","ast-main-header-display":"","ast-hfb-above-header-display":"","ast-hfb-below-header-display":"","ast-hfb-mobile-header-display":"","site-post-title":"","ast-breadcrumbs-content":"","ast-featured-img":"","footer-sml-layout":"","ast-disable-related-posts":"","theme-transparent-header-meta":"default","adv-header-id-meta":"","stick-header-meta":"","header-above-stick-meta":"","header-main-stick-meta":"","header-below-stick-meta":"","astra-migrate-meta-layouts":"default","ast-page-background-enabled":"default","ast-page-background-meta":{"desktop":{"background-color":"","background-image":"","background-repeat":"repeat","background-position":"center center","background-size":"auto","background-attachment":"scroll","background-type":"","background-media":"","overlay-type":"","overlay-color":"","overlay-opacity":"","overlay-gradient":""},"tablet":{"background-color":"","background-image":"","background-repeat":"repeat","background-position":"center center","background-size":"auto","background-attachment":"scroll","background-type":"","background-media":"","overlay-type":"","overlay-color":"","overlay-opacity":"","overlay-gradient":""},"mobile":{"background-color":"","background-image":"","background-repeat":"repeat","background-position":"center center","background-size":"auto","background-attachment":"scroll","background-type":"","background-media":"","overlay-type":"","overlay-color":"","overlay-opacity":"","overlay-gradient":""}},"ast-content-background-meta":{"desktop":{"background-color":"var(--ast-global-color-5)","background-image":"","background-repeat":"repeat","background-position":"center center","background-size":"auto","background-attachment":"scroll","background-type":"","background-media":"","overlay-type":"","overlay-color":"","overlay-opacity":"","overlay-gradient":""},"tablet":{"background-color":"var(--ast-global-color-5)","background-image":"","background-repeat":"repeat","background-position":"center center","background-size":"auto","background-attachment":"scroll","background-type":"","background-media":"","overlay-type":"","overlay-color":"","overlay-opacity":"","overlay-gradient":""},"mobile":{"background-color":"var(--ast-global-color-5)","background-image":"","background-repeat":"repeat","background-position":"center center","background-size":"auto","background-attachment":"scroll","background-type":"","background-media":"","overlay-type":"","overlay-color":"","overlay-opacity":"","overlay-gradient":""}}},"product_brand":[],"product_cat":[399],"product_tag":[2008],"class_list":{"0":"post-7746","1":"product","2":"type-product","3":"status-publish","4":"has-post-thumbnail","6":"product_cat-antitumorpeptide","7":"product_tag-hot-sale-buserelin-cas-57982-77-1-for-treat-prostate-cancer-and-breast-cancer-nl","8":"desktop-align-left","9":"tablet-align-left","10":"mobile-align-left","12":"first","13":"instock","14":"shipping-taxable","15":"product-type-simple"},"_links":{"self":[{"href":"https:\/\/puyapeptide.net\/nl\/wp-json\/wp\/v2\/product\/7746","targetHints":{"allow":["GET"]}}],"collection":[{"href":"https:\/\/puyapeptide.net\/nl\/wp-json\/wp\/v2\/product"}],"about":[{"href":"https:\/\/puyapeptide.net\/nl\/wp-json\/wp\/v2\/types\/product"}],"replies":[{"embeddable":true,"href":"https:\/\/puyapeptide.net\/nl\/wp-json\/wp\/v2\/comments?post=7746"}],"wp:featuredmedia":[{"embeddable":true,"href":"https:\/\/puyapeptide.net\/nl\/wp-json\/wp\/v2\/media\/2120"}],"wp:attachment":[{"href":"https:\/\/puyapeptide.net\/nl\/wp-json\/wp\/v2\/media?parent=7746"}],"wp:term":[{"taxonomy":"product_brand","embeddable":true,"href":"https:\/\/puyapeptide.net\/nl\/wp-json\/wp\/v2\/product_brand?post=7746"},{"taxonomy":"product_cat","embeddable":true,"href":"https:\/\/puyapeptide.net\/nl\/wp-json\/wp\/v2\/product_cat?post=7746"},{"taxonomy":"product_tag","embeddable":true,"href":"https:\/\/puyapeptide.net\/nl\/wp-json\/wp\/v2\/product_tag?post=7746"}],"curies":[{"name":"wp","href":"https:\/\/api.w.org\/{rel}","templated":true}]}}