{"id":8249,"date":"2021-12-16T12:26:50","date_gmt":"2021-12-16T17:26:50","guid":{"rendered":"https:\/\/puyapeptide.net\/product\/hoge-kwaliteit-cosyntropin-tetracosactide-acetaat-cas-16960-16-0-behandelen-voor-de-ziekte-van-crohn-of-colitis-ulcerosa\/"},"modified":"2021-12-16T12:26:50","modified_gmt":"2021-12-16T17:26:50","slug":"hoge-kwaliteit-cosyntropin-tetracosactide-acetaat-cas-16960-16-0-behandelen-voor-de-ziekte-van-crohn-of-colitis-ulcerosa","status":"publish","type":"product","link":"https:\/\/puyapeptide.net\/nl\/product\/hoge-kwaliteit-cosyntropin-tetracosactide-acetaat-cas-16960-16-0-behandelen-voor-de-ziekte-van-crohn-of-colitis-ulcerosa\/","title":{"rendered":"Hoge kwaliteit Cosyntropin\/Tetracosactide Acetaat CAS 16960-16-0 Behandelen voor de ziekte van Crohn of colitis ulcerosa"},"content":{"rendered":"<h2><strong>Hoge kwaliteit Cosyntropin\/Tetracosactide Acetaat CAS 16960-16-0 Behandelen voor de ziekte van Crohn of colitis ulcerosa<\/strong><\/h2>\n<p>Productnaam: Cosyntropin<br \/>\n Synoniemen: L-SER-TYR-SER-MET-GLU-HIS-PHE-ARG-TRP-GLY-LYS-PRO-VAL-GLY-LYS-LYS-ARG-ARG- PRO-VAL-LYS-VAL-TYR-PRO;cosyntropin;H-SER-TYR-SER-MET-GLU-HIS-PHE-ARG-TRP-GLY-LYS-PRO-VAL-GLY-LYS-LYS-ARG- ARG PRO-VAL-LYS-VAL-TYR-PRO-OH TETRACOSACTIDE (MENS, RUND, MUIS, SCHAP, PORCINE, KONIJN, RAT); H-SER-TYR-SER-MET-GLU-HIS-PHE-ARG-TRP -GLY-LYS-PRO-VAL-GLY-LYS-LYS-ARG-ARG-PRO-VAL-LYS-VAL-TYR-PRO-OH;SER-TYR-SER-MET-GLU-HIS-PHE-ARG-TRP -GLY-LYS-PRO-VAL-GLY-LYS-LYS-ARG-ARG-PRO-VAL-LYS-VAL-TYR-PRO HUMAN;SER-TYR-SER-MET-GLU-HIS-PHE-ARG-TRP- GLY-LYS-PRO-VAL-GLY-LYS-LYS-ARG-ARG-PRO-VAL-LYS-VAL-TYR-PRO;TETRACOSACTIDE;TETRACOSACTIDE (MENS)<br \/>\nCAS: 16960-16-0<br \/>\nMF : C136H210N40O31S<br \/>\nMW: 2933.44<br \/>\nEINECS: 241-031-1<br \/>\nProductcategorie\u00ebn: Melanocortin-receptor;Peptide;Organics<br \/>\nMol-bestand: 16960-16-0.mol<\/p>\n<p>Cosyntropin is een synthetisch polypeptide dat bestaat uit aminozuurresiduen 1 tot en met 24 van menselijk ACTH, maar dat de volledige biologische activiteit heeft van zijn ouder. Omdat het van synthetische oorsprong is, is het minder allergeen dan ACTH van natuurlijke oorsprong. Cosyntropin wordt gebruikt als diagnostisch middel bij de screening van pati\u00ebnten die verdacht worden van bijnierschorsinsuffici\u00ebntie. Normaal gesproken werkt parenterale toediening van cosyntropine snel in op de bijnierschors om de afgifte van plasmahydrocortison te bewerkstelligen; bij het uitvoeren van de test worden de hydrocortisonspiegels vergeleken met een eerder afgenomen controlebloedmonster.<\/p>\n<p> <strong>Cosyntropin\/Tetracosactide Acetate CAS 16960-16-0 Chemische eigenschappen<\/strong><br \/>\ndichtheid 1,47\u00b10,1 g\/cm3 (voorspeld)&lt; &amp;&gt;opslagtemp. \u221220\u00b0C<br \/>\noplosbaarheid Matig oplosbaar in water.<br \/>\nOplosbaarheid in water Oplosbaar in water<br \/>\nInChIKey ZOEFCCMDUURGSE-SQKVDDBVSA-N<br \/>\nCAS DataBase Reference 16960-16-0(CAS DataBase Reference)<br \/>\n&lt; &amp;&gt; <strong>Functie en toepassing van cosyntropine\/tetracosactide-acetaat CAS 16960-16-0<\/strong><br \/>\nGebruikt om bijnierschorsinsuffici\u00ebntie te diagnosticeren; ook gebruikt voor de behandeling van reuma, reumato\u00efde artritis, huidziekten en shock. Bijwerkingen en contra-indicaties: pruritus, blozen, urticaria, bronchospasmen en andere allergische reacties van Chemicalbook komen minder vaak voor dan corticostero\u00efden. Af en toe syncope en defici\u00ebntie. Langdurig of overmatig gebruik kan zwelling, hypertensie, hypokali\u00ebmie, hyperpigmentatie en ge\u00efnduceerde infectie veroorzaken, enz. Wees voorzichtig als u allergisch bent voor natuurlijke corticostero\u00efden.<\/p>\n","protected":false},"excerpt":{"rendered":"<p>Productnaam: Cosyntropin<br \/>\nCAS: 16960-16-0<br \/>\nMF: C136H210N40O31S<br \/>\nMW: 2933.44<br \/>\nEINECS: 241-031-1<br \/>\nMol-bestand: 16960-16-0.mol<\/p>\n","protected":false},"featured_media":2330,"comment_status":"open","ping_status":"closed","template":"","meta":{"om_disable_all_campaigns":false,"_monsterinsights_skip_tracking":false,"_monsterinsights_sitenote_active":false,"_monsterinsights_sitenote_note":"","_monsterinsights_sitenote_category":0,"site-sidebar-layout":"default","site-content-layout":"default","ast-site-content-layout":"default","site-content-style":"default","site-sidebar-style":"default","ast-global-header-display":"","ast-banner-title-visibility":"","ast-main-header-display":"","ast-hfb-above-header-display":"","ast-hfb-below-header-display":"","ast-hfb-mobile-header-display":"","site-post-title":"","ast-breadcrumbs-content":"","ast-featured-img":"","footer-sml-layout":"","ast-disable-related-posts":"","theme-transparent-header-meta":"default","adv-header-id-meta":"","stick-header-meta":"","header-above-stick-meta":"","header-main-stick-meta":"","header-below-stick-meta":"","astra-migrate-meta-layouts":"default","ast-page-background-enabled":"default","ast-page-background-meta":{"desktop":{"background-color":"","background-image":"","background-repeat":"repeat","background-position":"center center","background-size":"auto","background-attachment":"scroll","background-type":"","background-media":"","overlay-type":"","overlay-color":"","overlay-opacity":"","overlay-gradient":""},"tablet":{"background-color":"","background-image":"","background-repeat":"repeat","background-position":"center center","background-size":"auto","background-attachment":"scroll","background-type":"","background-media":"","overlay-type":"","overlay-color":"","overlay-opacity":"","overlay-gradient":""},"mobile":{"background-color":"","background-image":"","background-repeat":"repeat","background-position":"center center","background-size":"auto","background-attachment":"scroll","background-type":"","background-media":"","overlay-type":"","overlay-color":"","overlay-opacity":"","overlay-gradient":""}},"ast-content-background-meta":{"desktop":{"background-color":"var(--ast-global-color-5)","background-image":"","background-repeat":"repeat","background-position":"center center","background-size":"auto","background-attachment":"scroll","background-type":"","background-media":"","overlay-type":"","overlay-color":"","overlay-opacity":"","overlay-gradient":""},"tablet":{"background-color":"var(--ast-global-color-5)","background-image":"","background-repeat":"repeat","background-position":"center center","background-size":"auto","background-attachment":"scroll","background-type":"","background-media":"","overlay-type":"","overlay-color":"","overlay-opacity":"","overlay-gradient":""},"mobile":{"background-color":"var(--ast-global-color-5)","background-image":"","background-repeat":"repeat","background-position":"center center","background-size":"auto","background-attachment":"scroll","background-type":"","background-media":"","overlay-type":"","overlay-color":"","overlay-opacity":"","overlay-gradient":""}}},"product_brand":[],"product_cat":[513],"product_tag":[1453],"class_list":{"0":"post-8249","1":"product","2":"type-product","3":"status-publish","4":"has-post-thumbnail","6":"product_cat-andere-peptiden","7":"product_tag-high-quality-cosyntropin-tetracosactide-acetate-cas-16960-16-0-treat-for-some-crohns-disease-or-ulcerative-colitis-nl","8":"desktop-align-left","9":"tablet-align-left","10":"mobile-align-left","12":"first","13":"instock","14":"shipping-taxable","15":"product-type-simple"},"_links":{"self":[{"href":"https:\/\/puyapeptide.net\/nl\/wp-json\/wp\/v2\/product\/8249","targetHints":{"allow":["GET"]}}],"collection":[{"href":"https:\/\/puyapeptide.net\/nl\/wp-json\/wp\/v2\/product"}],"about":[{"href":"https:\/\/puyapeptide.net\/nl\/wp-json\/wp\/v2\/types\/product"}],"replies":[{"embeddable":true,"href":"https:\/\/puyapeptide.net\/nl\/wp-json\/wp\/v2\/comments?post=8249"}],"wp:featuredmedia":[{"embeddable":true,"href":"https:\/\/puyapeptide.net\/nl\/wp-json\/wp\/v2\/media\/2330"}],"wp:attachment":[{"href":"https:\/\/puyapeptide.net\/nl\/wp-json\/wp\/v2\/media?parent=8249"}],"wp:term":[{"taxonomy":"product_brand","embeddable":true,"href":"https:\/\/puyapeptide.net\/nl\/wp-json\/wp\/v2\/product_brand?post=8249"},{"taxonomy":"product_cat","embeddable":true,"href":"https:\/\/puyapeptide.net\/nl\/wp-json\/wp\/v2\/product_cat?post=8249"},{"taxonomy":"product_tag","embeddable":true,"href":"https:\/\/puyapeptide.net\/nl\/wp-json\/wp\/v2\/product_tag?post=8249"}],"curies":[{"name":"wp","href":"https:\/\/api.w.org\/{rel}","templated":true}]}}