{"id":8454,"date":"2021-12-16T13:30:20","date_gmt":"2021-12-16T18:30:20","guid":{"rendered":"https:\/\/puyapeptide.net\/product\/atosiban-cas-90779-69-4-van-hoge-kwaliteit-is-een-gecombineerde-contractine-en-pressine-v1a-receptorantagonist\/"},"modified":"2021-12-16T13:30:20","modified_gmt":"2021-12-16T18:30:20","slug":"atosiban-cas-90779-69-4-van-hoge-kwaliteit-is-een-gecombineerde-contractine-en-pressine-v1a-receptorantagonist","status":"publish","type":"product","link":"https:\/\/puyapeptide.net\/nl\/product\/atosiban-cas-90779-69-4-van-hoge-kwaliteit-is-een-gecombineerde-contractine-en-pressine-v1a-receptorantagonist\/","title":{"rendered":"Atosiban CAS 90779-69-4 van hoge kwaliteit is een gecombineerde contractine- en pressine-V1A-receptorantagonist"},"content":{"rendered":"<h2><strong>Atosiban CAS 90779-69-4 van hoge kwaliteit is een gecombineerde contractine- en pressine-V1A-receptorantagonist<\/strong><\/h2>\n<p>Productnaam: Atosiban<br \/>\nSynoniemen: RW-22164;RW-22164;RWJ-22164;Atosiban Impurtiy;atosiban prijs;1-deamino-2d-tyr-(oet)-4-thr-8-orn- oxytocine;oxytocine,1-(3-mercaptopropaanzuur)-2-(o-ethyl-d-tyrosine)-4-l-threonine-8-l;rwj22164;ATOSIBAN-ACETAAT<br \/>\nCAS: 90779-69-4&lt;&amp; &gt;MF: C43H67N11O12S2<br \/>\nMW: 994.19<br \/>\nEINECS: 806-815-5<br \/>\nProductcategorie\u00ebn: hormonen; Peptide<br \/>\nMol-bestand: 90779-69-4.mol<\/p>\n<p>Atosiban was ge\u00efntroduceerd in het VK als een injecteerbare remmer van vroeggeboorte, een belangrijke oorzaak van morbiditeit en mortaliteit bij zuigelingen. Deze peptidische oxytocine-analoog is een antagonist van de vasopressine V1a-receptor en van de oxytocinereceptor die op korte termijn in dramatisch verhoogde concentratie wordt aangetroffen in het baarmoedermyometrium van zwangere vrouwen. Het remde competitief de door oxytocine en vasopressine ge\u00efnduceerde contracties in de baarmoeder van de zwangere cavia. In een dubbelblind, placebogecontroleerd multicenteronderzoek veroorzaakte behandeling met atosiban een zwangerschapsverlenging tot 7 dagen bij vrouwen met een zwangerschapsduur van meer dan 28 weken. In een vergelijkende klinische studie vertoonde atosiban een tocolytische werking (uteriene relaxant) die vergelijkbaar is met die van ritodrine, maar de eerste werd significant beter verdragen, vooral met betrekking tot maternale cardiovasculaire bijwerkingen. Bij gezonde vrijwilligers daalden de plasmaspiegels van atosiban bi-exponentieel met een initi\u00eble en een terminale halfwaardetijd van respectievelijk 21 min en 1,7 uur.<\/p>\n<p>Atosiban is een gecombineerde receptorantagonist van contractine en pressine V1A. De structuur van contractinereceptor en pressine V1A-receptor is vergelijkbaar. Wanneer de contractiele hormoonreceptor is geblokkeerd, kan het contractiele hormoon nog steeds werken via de V1A-receptor, dus het is noodzakelijk om de bovengenoemde twee receptoractieroutes te blokkeren wanneer hetzelfde Chemicalbook wordt gebruikt, en een enkel antagonisme van \u00e9\u00e9n receptor kan de samentrekking van de baarmoeder effectief remmen. Dit is een van de belangrijkste redenen waarom b\u00e8ta-agonisten, calciumkanaalblokkers en prostaglandinesynthaseremmers de samentrekkingen van de baarmoeder niet effectief remmen.<\/p>\n<p> <strong>Atosiban CAS 90779-69-4 Chemische eigenschappen<\/strong><br \/>\nKookpunt 1469,0\u00b165,0 \u00b0C (Voorspelde)<br \/>\ndichtheid 1,254\u00b10,06 g\/cm3 (Voorspelde)<br \/>\nopslagtemp. -20\u00b0C<br \/>\noplosbaarheid H2O: \u2264100 mg\/mL<br \/>\nvorm vast<br \/>\npka 12,81\u00b10,70(voorspeld)<br \/>\nCAS-databasereferentie 90779-69-4(CAS-databasereferentie)<br \/>\n&lt; &amp;&gt; <strong>Functie en toepassing van Atosiban CAS 90779-69-4<\/strong><br \/>\n1. Vroeggeboorte<br \/>\n2. Atosiban is een oxytocinereceptorblokker bij de behandeling van experimentele endometriose en er is aangetoond dat het een significante therapeutische effici\u00ebntie vertoont.<\/p>\n<p>Atosiban Antikankeronderzoek De antitumoreffecten van de essenti\u00eble olie van O. falcata werden in vivo getest in getransplanteerde muizen H22 vaste tumoren . De groeiremming in vaste H22-tumoren was matig (Yang et al. 2013).<\/p>\n","protected":false},"excerpt":{"rendered":"<p>Productnaam: Atosiban<br \/>\nCAS: 90779-69-4<br \/>\nMF: C43H67N11O12S2<br \/>\nMW: 994.19<br \/>\nEINECS: 806-815-5<br \/>\nMol-bestand: 90779-69-4.mol<\/p>\n","protected":false},"featured_media":2120,"comment_status":"open","ping_status":"closed","template":"","meta":{"om_disable_all_campaigns":false,"_monsterinsights_skip_tracking":false,"_monsterinsights_sitenote_active":false,"_monsterinsights_sitenote_note":"","_monsterinsights_sitenote_category":0,"site-sidebar-layout":"default","site-content-layout":"default","ast-site-content-layout":"default","site-content-style":"default","site-sidebar-style":"default","ast-global-header-display":"","ast-banner-title-visibility":"","ast-main-header-display":"","ast-hfb-above-header-display":"","ast-hfb-below-header-display":"","ast-hfb-mobile-header-display":"","site-post-title":"","ast-breadcrumbs-content":"","ast-featured-img":"","footer-sml-layout":"","ast-disable-related-posts":"","theme-transparent-header-meta":"default","adv-header-id-meta":"","stick-header-meta":"","header-above-stick-meta":"","header-main-stick-meta":"","header-below-stick-meta":"","astra-migrate-meta-layouts":"default","ast-page-background-enabled":"default","ast-page-background-meta":{"desktop":{"background-color":"","background-image":"","background-repeat":"repeat","background-position":"center center","background-size":"auto","background-attachment":"scroll","background-type":"","background-media":"","overlay-type":"","overlay-color":"","overlay-opacity":"","overlay-gradient":""},"tablet":{"background-color":"","background-image":"","background-repeat":"repeat","background-position":"center center","background-size":"auto","background-attachment":"scroll","background-type":"","background-media":"","overlay-type":"","overlay-color":"","overlay-opacity":"","overlay-gradient":""},"mobile":{"background-color":"","background-image":"","background-repeat":"repeat","background-position":"center center","background-size":"auto","background-attachment":"scroll","background-type":"","background-media":"","overlay-type":"","overlay-color":"","overlay-opacity":"","overlay-gradient":""}},"ast-content-background-meta":{"desktop":{"background-color":"var(--ast-global-color-5)","background-image":"","background-repeat":"repeat","background-position":"center center","background-size":"auto","background-attachment":"scroll","background-type":"","background-media":"","overlay-type":"","overlay-color":"","overlay-opacity":"","overlay-gradient":""},"tablet":{"background-color":"var(--ast-global-color-5)","background-image":"","background-repeat":"repeat","background-position":"center center","background-size":"auto","background-attachment":"scroll","background-type":"","background-media":"","overlay-type":"","overlay-color":"","overlay-opacity":"","overlay-gradient":""},"mobile":{"background-color":"var(--ast-global-color-5)","background-image":"","background-repeat":"repeat","background-position":"center center","background-size":"auto","background-attachment":"scroll","background-type":"","background-media":"","overlay-type":"","overlay-color":"","overlay-opacity":"","overlay-gradient":""}}},"product_brand":[],"product_cat":[],"product_tag":[1219],"class_list":{"0":"post-8454","1":"product","2":"type-product","3":"status-publish","4":"has-post-thumbnail","6":"product_tag-high-quality-atosiban-cas-90779-69-4-is-a-combined-contractin-and-pressin-v1a-receptor-antagonist-nl","7":"desktop-align-left","8":"tablet-align-left","9":"mobile-align-left","11":"first","12":"instock","13":"shipping-taxable","14":"product-type-simple"},"_links":{"self":[{"href":"https:\/\/puyapeptide.net\/nl\/wp-json\/wp\/v2\/product\/8454","targetHints":{"allow":["GET"]}}],"collection":[{"href":"https:\/\/puyapeptide.net\/nl\/wp-json\/wp\/v2\/product"}],"about":[{"href":"https:\/\/puyapeptide.net\/nl\/wp-json\/wp\/v2\/types\/product"}],"replies":[{"embeddable":true,"href":"https:\/\/puyapeptide.net\/nl\/wp-json\/wp\/v2\/comments?post=8454"}],"wp:featuredmedia":[{"embeddable":true,"href":"https:\/\/puyapeptide.net\/nl\/wp-json\/wp\/v2\/media\/2120"}],"wp:attachment":[{"href":"https:\/\/puyapeptide.net\/nl\/wp-json\/wp\/v2\/media?parent=8454"}],"wp:term":[{"taxonomy":"product_brand","embeddable":true,"href":"https:\/\/puyapeptide.net\/nl\/wp-json\/wp\/v2\/product_brand?post=8454"},{"taxonomy":"product_cat","embeddable":true,"href":"https:\/\/puyapeptide.net\/nl\/wp-json\/wp\/v2\/product_cat?post=8454"},{"taxonomy":"product_tag","embeddable":true,"href":"https:\/\/puyapeptide.net\/nl\/wp-json\/wp\/v2\/product_tag?post=8454"}],"curies":[{"name":"wp","href":"https:\/\/api.w.org\/{rel}","templated":true}]}}