{"id":8598,"date":"2021-12-17T01:48:33","date_gmt":"2021-12-17T06:48:33","guid":{"rendered":"https:\/\/puyapeptide.net\/product\/hete-verkoop-antikanker-peptide-lanreotide-cas-108736-35-2\/"},"modified":"2021-12-17T01:48:33","modified_gmt":"2021-12-17T06:48:33","slug":"hete-verkoop-antikanker-peptide-lanreotide-cas-108736-35-2","status":"publish","type":"product","link":"https:\/\/puyapeptide.net\/nl\/product\/hete-verkoop-antikanker-peptide-lanreotide-cas-108736-35-2\/","title":{"rendered":"Hete Verkoop Antikanker Peptide Lanreotide CAS 108736-35-2"},"content":{"rendered":"<h2><strong>Hete Verkoop Antikanker Peptide Lanreotide CAS 108736-35-2<\/strong><\/h2>\n<p>Productnaam: Lanreotide<br \/>\nSynoniemen: LANREOTIDE;AUTOGEL;BETA-(2-NAPHTHYL)-D-ALA-CYS-TYR-D-TRP-LYS-VAL-CYS-THR AMIDE;BIM-23014;ANGIOPEPTIN ;HD-2-NAL-CYS-TYR-D-TRP-LYS-VAL-CYS-THR-NH2;HD-2-NAL-CYS-TYR-D-TRP-LYS-VAL-CYS-THR-NH2, ( DISULFIDE BOND);IPSTYL<br \/>\nCAS: 108736-35-2<br \/>\nMF: C54 H69 N11 O10 S2<br \/>\nMW: 1096.32<br \/>\nEINECS: 689-178-4<br \/>\nProductcategorie\u00ebn: hormonen&lt;&amp; &gt;Mol File: 108736-35-2.mol<\/p>\n<p>Lanreotide (INN) Net als natuurlijke groeiremmers, is lanreotide een peptideremmer van veel endocriene, neuro-endocriene, exocriene en paracriene functies. Lanreotide is actiever en heeft een langere werkingsduur dan natuurlijke groeiremmers. Het remmende effect op de secretie van groeihormoon is aanzienlijk selectiever dan dat op de secretie van insuline, en in 2017 keurde de FDA lanreotide-acetaat goed voor injectie voor de behandeling van neuro-endocriene tumoren.<\/p>\n<p>Lanreotide (INN) is een medicijn dat wordt gebruikt bij de behandeling van acromegalie en symptomen veroorzaakt door neuro-endocriene tumoren, met name carcino\u00efdsyndroom.<\/p>\n<p>Lanreotide wordt gebruikt bij de behandeling van acromegalie, veroorzaakt door zowel hypofyse- als niet-hypofyse-groeihormoon-afscheidende tumoren, en de behandeling van door neuro-endocriene tumoren, in het bijzonder carcino\u00efde tumoren en VIPomen. In de Verenigde Staten en Canada is lanreotide alleen ge\u00efndiceerd voor de behandeling van acromegalie. In het Verenigd Koninkrijk is het ook ge\u00efndiceerd voor de behandeling van thyrotrofisch adenoom, een zeldzame tumor van de hypofyse die TSH afscheidt.<\/p>\n<p>Lanreotide vertoont ook activiteit tegen niet-endocriene tumoren en, samen met andere somatostatine-analogen , wordt bestudeerd als een mogelijk algemeen antitumormiddel.<\/p>\n<p> <strong>Lanreotide CAS 108736-35-2 Chemische eigenschappen<\/strong><br \/>\nKookpunt 1508.2\u00b165,0 \u00b0C (voorspeld)<br \/>\ndichtheid 1,40\u00b10,1 g\/cm3( Voorspelde)<br \/>\nopslagtemp. Op een donkere plaats bewaren, droog verzegeld, in de vriezer bewaren, onder -20\u00b0C<br \/>\npka 9,90 \u00b1 0,15 (voorspeld)<\/p>\n<p> <strong>Functie en toepassing van Lanreotide CAS 108736-35-2<\/strong><br \/>\nLanreotide is gebruikt bij de behandeling van acromegalie, veroorzaakt door zowel hypofyse- als niet-hypofyse-groeihormoon-afscheidende tumoren, en de behandeling van symptomen veroorzaakt door neuro-endocriene tumoren, met name carcino\u00efde tumoren en VIPomen. In de Verenigde Staten en Canada is lanreotide alleen ge\u00efndiceerd voor de behandeling van acromegalie. In het Verenigd Koninkrijk is het ook ge\u00efndiceerd voor de behandeling van thyrotrofe adenoom, een zeldzame tumor van de hypofyse die afscheidt.<\/p>\n<p>Lanreotide vertoont ook activiteit tegen niet-endocriene tumoren en, samen met andere somatostatine-analogen, wordt bestudeerd als een mogelijk algemeen antitumormiddel.<\/p>\n<p>Lanreotide, In december 2014 keurde de Amerikaanse FDA lanreotide goed voor de behandeling van pati\u00ebnten met inoperabele, goed of matig gedifferentieerde, lokaal gevorderde of gemetastaseerde gastro-enteropancreatische neuro-endocriene tumoren (GEP-NETs ).<\/p>\n","protected":false},"excerpt":{"rendered":"<p>Productnaam: Lanreotide<br \/>\nCAS: 108736-35-2<br \/>\nMF: C54 H69 N11 O10 S2<br \/>\nMW: 1096.32<br \/>\nEINECS: 689-178-4<br \/>\nProductcategorie\u00ebn: hormonen<br \/>\n Mol-bestand: 108736-35-2.mol<\/p>\n","protected":false},"featured_media":2099,"comment_status":"open","ping_status":"closed","template":"","meta":{"om_disable_all_campaigns":false,"_monsterinsights_skip_tracking":false,"_monsterinsights_sitenote_active":false,"_monsterinsights_sitenote_note":"","_monsterinsights_sitenote_category":0,"site-sidebar-layout":"default","site-content-layout":"default","ast-site-content-layout":"default","site-content-style":"default","site-sidebar-style":"default","ast-global-header-display":"","ast-banner-title-visibility":"","ast-main-header-display":"","ast-hfb-above-header-display":"","ast-hfb-below-header-display":"","ast-hfb-mobile-header-display":"","site-post-title":"","ast-breadcrumbs-content":"","ast-featured-img":"","footer-sml-layout":"","ast-disable-related-posts":"","theme-transparent-header-meta":"default","adv-header-id-meta":"","stick-header-meta":"","header-above-stick-meta":"","header-main-stick-meta":"","header-below-stick-meta":"","astra-migrate-meta-layouts":"default","ast-page-background-enabled":"default","ast-page-background-meta":{"desktop":{"background-color":"","background-image":"","background-repeat":"repeat","background-position":"center center","background-size":"auto","background-attachment":"scroll","background-type":"","background-media":"","overlay-type":"","overlay-color":"","overlay-opacity":"","overlay-gradient":""},"tablet":{"background-color":"","background-image":"","background-repeat":"repeat","background-position":"center center","background-size":"auto","background-attachment":"scroll","background-type":"","background-media":"","overlay-type":"","overlay-color":"","overlay-opacity":"","overlay-gradient":""},"mobile":{"background-color":"","background-image":"","background-repeat":"repeat","background-position":"center center","background-size":"auto","background-attachment":"scroll","background-type":"","background-media":"","overlay-type":"","overlay-color":"","overlay-opacity":"","overlay-gradient":""}},"ast-content-background-meta":{"desktop":{"background-color":"var(--ast-global-color-5)","background-image":"","background-repeat":"repeat","background-position":"center center","background-size":"auto","background-attachment":"scroll","background-type":"","background-media":"","overlay-type":"","overlay-color":"","overlay-opacity":"","overlay-gradient":""},"tablet":{"background-color":"var(--ast-global-color-5)","background-image":"","background-repeat":"repeat","background-position":"center center","background-size":"auto","background-attachment":"scroll","background-type":"","background-media":"","overlay-type":"","overlay-color":"","overlay-opacity":"","overlay-gradient":""},"mobile":{"background-color":"var(--ast-global-color-5)","background-image":"","background-repeat":"repeat","background-position":"center center","background-size":"auto","background-attachment":"scroll","background-type":"","background-media":"","overlay-type":"","overlay-color":"","overlay-opacity":"","overlay-gradient":""}}},"product_brand":[],"product_cat":[399],"product_tag":[],"class_list":{"0":"post-8598","1":"product","2":"type-product","3":"status-publish","4":"has-post-thumbnail","6":"product_cat-antitumorpeptide","7":"desktop-align-left","8":"tablet-align-left","9":"mobile-align-left","11":"first","12":"instock","13":"shipping-taxable","14":"product-type-simple"},"_links":{"self":[{"href":"https:\/\/puyapeptide.net\/nl\/wp-json\/wp\/v2\/product\/8598","targetHints":{"allow":["GET"]}}],"collection":[{"href":"https:\/\/puyapeptide.net\/nl\/wp-json\/wp\/v2\/product"}],"about":[{"href":"https:\/\/puyapeptide.net\/nl\/wp-json\/wp\/v2\/types\/product"}],"replies":[{"embeddable":true,"href":"https:\/\/puyapeptide.net\/nl\/wp-json\/wp\/v2\/comments?post=8598"}],"wp:featuredmedia":[{"embeddable":true,"href":"https:\/\/puyapeptide.net\/nl\/wp-json\/wp\/v2\/media\/2099"}],"wp:attachment":[{"href":"https:\/\/puyapeptide.net\/nl\/wp-json\/wp\/v2\/media?parent=8598"}],"wp:term":[{"taxonomy":"product_brand","embeddable":true,"href":"https:\/\/puyapeptide.net\/nl\/wp-json\/wp\/v2\/product_brand?post=8598"},{"taxonomy":"product_cat","embeddable":true,"href":"https:\/\/puyapeptide.net\/nl\/wp-json\/wp\/v2\/product_cat?post=8598"},{"taxonomy":"product_tag","embeddable":true,"href":"https:\/\/puyapeptide.net\/nl\/wp-json\/wp\/v2\/product_tag?post=8598"}],"curies":[{"name":"wp","href":"https:\/\/api.w.org\/{rel}","templated":true}]}}