{"id":5776,"date":"2021-12-16T03:43:06","date_gmt":"2021-12-16T08:43:06","guid":{"rendered":"https:\/\/puyapeptide.net\/termos-de-servico\/"},"modified":"2022-07-09T11:30:49","modified_gmt":"2022-07-09T15:30:49","slug":"termos-de-servico","status":"publish","type":"page","link":"https:\/\/puyapeptide.net\/pt-br\/termos-de-servico\/","title":{"rendered":"Termos de servi\u00e7o"},"content":{"rendered":"\t\t<div data-elementor-type=\"wp-page\" data-elementor-id=\"5776\" class=\"elementor elementor-5776\">\n\t\t\t\t\t\t<section class=\"elementor-section elementor-top-section elementor-element elementor-element-11542c42 elementor-section-boxed elementor-section-height-default elementor-section-height-default\" data-id=\"11542c42\" data-element_type=\"section\" data-e-type=\"section\">\n\t\t\t\t\t\t<div class=\"elementor-container elementor-column-gap-default\">\n\t\t\t\t\t<div class=\"elementor-column elementor-col-100 elementor-top-column elementor-element elementor-element-2c981488\" data-id=\"2c981488\" data-element_type=\"column\" data-e-type=\"column\">\n\t\t\t<div class=\"elementor-widget-wrap elementor-element-populated\">\n\t\t\t\t\t\t<div class=\"elementor-element elementor-element-1d3c05d5 elementor-widget elementor-widget-text-editor\" data-id=\"1d3c05d5\" data-element_type=\"widget\" data-e-type=\"widget\" data-widget_type=\"text-editor.default\">\n\t\t\t\t<div class=\"elementor-widget-container\">\n\t\t\t\t\t\t\t\t\t<\/p>\n<h3>Vis\u00e3o geral<\/h3>\n<\/p>\n<p> Este site \u00e9 operado por puyapeptide.net para oferecer servi\u00e7o de vendas online.<\/p>\n<p> Em todo o site, os termos \u201cn\u00f3s\u201d, \u201cnos\u201d e \u201cnosso\u201d se referem ao <span style=\"color: var(--ast-global-color-3); font-size: 1rem;\">puyapeptide.net<\/span><\/p>\n<p> Oferecemos esta loja online puyapeptide.net, incluindo todas as informa\u00e7\u00f5es, ferramentas e servi\u00e7os dispon\u00edveis neste site para voc\u00ea, o usu\u00e1rio, condicionado \u00e0 sua aceita\u00e7\u00e3o de todos os termos, condi\u00e7\u00f5es, pol\u00edticas e avisos aqui declarados.<\/p>\n<p> Ao visitar nosso site e ou comprar algo de n\u00f3s, voc\u00ea se envolve em nosso \u201cServi\u00e7o\u201d e concorda em ficar vinculado aos seguintes termos e condi\u00e7\u00f5es (\u201cTermos de Servi\u00e7o\u201d), incluindo esses termos e condi\u00e7\u00f5es e pol\u00edticas adicionais.<\/p>\n<p> Reservamo-nos o direito de atualizar, alterar ou substituir qualquer parte destes Termos de Servi\u00e7o publicando atualiza\u00e7\u00f5es e\/ou altera\u00e7\u00f5es em nosso site.<br \/> <strong>SE\u00c7\u00c3O 1 &#8211; TERMOS de puyapeptide.net<\/strong><\/p>\n<p> Ao concordar com estes Termos de Servi\u00e7o, voc\u00ea n\u00e3o pode usar nossos produtos para fins ilegais ou n\u00e3o autorizados, nem pode, no uso do Servi\u00e7o, violar quaisquer leis em sua jurisdi\u00e7\u00e3o (incluindo, mas n\u00e3o se limitando a leis de direitos autorais).<\/p>\n<p> <strong>SE\u00c7\u00c3O 2 &#8211; CONDI\u00c7\u00d5ES GERAIS<\/strong><\/p>\n<p> Voc\u00ea entende que seu conte\u00fado (sem incluir informa\u00e7\u00f5es de cart\u00e3o de cr\u00e9dito) pode ser transferido sem criptografia e envolver (a) transmiss\u00f5es em v\u00e1rias redes; e (b) altera\u00e7\u00f5es para conformidade e adapta\u00e7\u00e3o aos requisitos t\u00e9cnicos de conex\u00e3o de redes ou dispositivos. Como voc\u00ea comenta em nossos blogs.<\/p>\n<p> (As informa\u00e7\u00f5es do cart\u00e3o de cr\u00e9dito s\u00e3o sempre criptografadas durante a transfer\u00eancia pelas redes.)<\/p>\n<p> <strong>SE\u00c7\u00c3O 3 &#8211; MODIFICA\u00c7\u00d5ES NO SERVI\u00c7O E PRE\u00c7OS<\/strong><\/p>\n<p> Os pre\u00e7os dos nossos produtos est\u00e3o sujeitos a altera\u00e7\u00f5es sem aviso pr\u00e9vio.<\/p>\n<p> Reservamo-nos o direito de, a qualquer momento, modificar o Servi\u00e7o (ou qualquer parte ou conte\u00fado do mesmo) sem aviso pr\u00e9vio a qualquer momento.<\/p>\n<p> <strong>SE\u00c7\u00c3O 4 &#8211; PRODUTOS OU SERVI\u00c7OS (se aplic\u00e1vel)<\/strong><\/p>\n<p> Fizemos todos os esfor\u00e7os para exibir com a maior precis\u00e3o poss\u00edvel as cores e imagens dos nossos produtos que aparecem na loja. N\u00e3o podemos garantir que a exibi\u00e7\u00e3o de qualquer cor do monitor do seu computador seja precisa.<\/p>\n<p> Reservamo-nos o direito, mas n\u00e3o somos obrigados, de limitar as vendas de nossos produtos ou Servi\u00e7os a qualquer pessoa, regi\u00e3o geogr\u00e1fica ou jurisdi\u00e7\u00e3o. Podemos exercer esse direito caso a caso. Reservamo-nos o direito de limitar as quantidades de quaisquer produtos ou servi\u00e7os que oferecemos.<\/p>\n<p> N\u00e3o garantimos que a qualidade de quaisquer produtos, servi\u00e7os, informa\u00e7\u00f5es ou outros materiais adquiridos ou obtidos por voc\u00ea atenda 100% \u00e0s suas expectativas, ou que quaisquer erros no Servi\u00e7o sejam corrigidos.<\/p>\n<p> <strong>SE\u00c7\u00c3O 5 &#8211; PRECIS\u00c3O DAS INFORMA\u00c7\u00d5ES DE FATURAMENTO E CONTA<\/strong><\/p>\n<p> Reservamo-nos o direito de recusar qualquer pedido que voc\u00ea fizer conosco. Podemos, a nosso exclusivo crit\u00e9rio, limitar ou cancelar as quantidades compradas por pessoa, por fam\u00edlia ou por pedido. Essas restri\u00e7\u00f5es podem incluir pedidos feitos por ou sob a mesma conta de cliente, o mesmo cart\u00e3o de cr\u00e9dito e ou pedidos que usam o mesmo endere\u00e7o de cobran\u00e7a e entrega. entrando em contato com o e-mail e ou n\u00famero de telefone do endere\u00e7o de cobran\u00e7a fornecido no momento em que o pedido foi feito.<\/p>\n<p> Voc\u00ea concorda em fornecer informa\u00e7\u00f5es de compra e conta atuais, completas e precisas para todas as compras feitas em nossa loja. Voc\u00ea concorda em atualizar imediatamente sua conta e outras informa\u00e7\u00f5es, incluindo seu endere\u00e7o de e-mail e n\u00fameros de cart\u00e3o de cr\u00e9dito e datas de validade, para que possamos concluir suas transa\u00e7\u00f5es e entrar em contato com voc\u00ea conforme necess\u00e1rio<\/p>\n<p> <strong>SE\u00c7\u00c3O 6 &#8211; LINKS DE TERCEIROS<\/strong><\/p>\n<p> Certos conte\u00fados, produtos e servi\u00e7os dispon\u00edveis por meio de nosso Servi\u00e7o podem incluir materiais de terceiros.<\/p>\n<p> O conte\u00fado de terceiros ser\u00e1 mais vinculado \u00e0s nossas redes sociais, onde s\u00e3o postadas algumas informa\u00e7\u00f5es mais detalhadas. de nossos produtos puyapeptide.net e principalmente eles s\u00e3o confi\u00e1veis.<\/p>\n<p> <strong>SE\u00c7\u00c3O 9 &#8211; COMENT\u00c1RIOS DO USU\u00c1RIO, FEEDBACK E OUTRAS SUBMISS\u00d5ES<\/strong><\/p>\n<p> Se, a nosso pedido, voc\u00ea enviar determinados envios espec\u00edficos (por exemplo, inscri\u00e7\u00f5es em concursos) ou sem uma solicita\u00e7\u00e3o nossa, voc\u00ea enviar ideias criativas, sugest\u00f5es, propostas, planos ou outros materiais, seja online, por e-mail, correio postal ou de outra forma (coletivamente, &#39;coment\u00e1rios&#39;), voc\u00ea concorda que podemos, a qualquer momento, sem restri\u00e7\u00f5es, editar, copiar, publicar, distribuir, traduzir e usar em qualquer meio quaisquer coment\u00e1rios que voc\u00ea nos encaminhe.<\/p>\n<p> N\u00e3o somos e n\u00e3o teremos nenhuma obriga\u00e7\u00e3o<\/p>\n<p> (1) manter quaisquer coment\u00e1rios em sigilo;<\/p>\n<p> (2) pagar compensa\u00e7\u00e3o por quaisquer coment\u00e1rios;<\/p>\n<p> (3) para responder a quaisquer coment\u00e1rios.<\/p>\n<p> Podemos, mas n\u00e3o temos obriga\u00e7\u00e3o de, monitorar, editar ou remover o conte\u00fado que determinamos, a nosso exclusivo crit\u00e9rio, ser ilegal, ofensivo, amea\u00e7ador, calunioso, difamat\u00f3rio, pornogr\u00e1fico, obsceno ou censur\u00e1vel ou que viole a propriedade intelectual de qualquer parte ou estes Termos de Servi\u00e7o .<\/p>\n<p> Voc\u00ea concorda que seus coment\u00e1rios n\u00e3o violar\u00e3o nenhum direito de terceiros, incluindo direitos autorais, marca registrada, privacidade, personalidade ou outro direito pessoal ou de propriedade. Voc\u00ea tamb\u00e9m concorda que seus coment\u00e1rios n\u00e3o conter\u00e3o material difamat\u00f3rio ou ilegal, abusivo ou obsceno, nem conter\u00e1 qualquer v\u00edrus de computador ou outro malware que possa afetar de alguma forma a opera\u00e7\u00e3o do Servi\u00e7o ou de qualquer site relacionado.<\/p>\n<p> Voc\u00ea n\u00e3o pode usar um endere\u00e7o de e-mail falso, fingir ser algu\u00e9m que n\u00e3o seja voc\u00ea mesmo ou enganar a n\u00f3s ou a terceiros quanto \u00e0 origem de quaisquer coment\u00e1rios. Voc\u00ea \u00e9 o \u00fanico respons\u00e1vel por quaisquer coment\u00e1rios que fizer e por sua precis\u00e3o. N\u00e3o assumimos nenhuma responsabilidade e n\u00e3o assumimos nenhuma responsabilidade por quaisquer coment\u00e1rios postados por voc\u00ea ou por terceiros.<\/p>\n<p> <strong>SE\u00c7\u00c3O 7 &#8211; INFORMA\u00c7\u00d5ES PESSOAIS<\/strong><\/p>\n<p> Seu envio de informa\u00e7\u00f5es pessoais atrav\u00e9s da loja \u00e9 regido por nossa Pol\u00edtica de Privacidade.<\/p>\n<p> <strong>SE\u00c7\u00c3O 8 &#8211; ERROS, IMPRECIS\u00d5ES E OMISS\u00d5ES<\/strong><\/p>\n<p> Ocasionalmente, pode haver informa\u00e7\u00f5es em nosso site ou no Servi\u00e7o que contenham erros tipogr\u00e1ficos, imprecis\u00f5es ou omiss\u00f5es que possam estar relacionadas a descri\u00e7\u00f5es de produtos, pre\u00e7os, promo\u00e7\u00f5es, ofertas, taxas de envio de produtos, tempos de tr\u00e2nsito e disponibilidade.<\/p>\n<p> Reservamo-nos o direito de corrigir quaisquer erros, imprecis\u00f5es ou omiss\u00f5es e de alterar ou atualizar informa\u00e7\u00f5es se alguma informa\u00e7\u00e3o no Servi\u00e7o ou em qualquer site relacionado estiver imprecisa a qualquer momento, sem aviso pr\u00e9vio.<\/p>\n<p> Assumimos a obriga\u00e7\u00e3o de atualizar, alterar ou esclarecer informa\u00e7\u00f5es no Servi\u00e7o ou em qualquer site relacionado, incluindo, sem limita\u00e7\u00e3o, informa\u00e7\u00f5es sobre pre\u00e7os.<\/p>\n<p> Nenhuma atualiza\u00e7\u00e3o especificada ou data de atualiza\u00e7\u00e3o aplicada no Servi\u00e7o ou em qualquer site relacionado deve ser usada para indicar que todas as informa\u00e7\u00f5es no Servi\u00e7o ou em qualquer site relacionado foram modificadas ou atualizadas.<\/p>\n<p> <strong>SE\u00c7\u00c3O 9 &#8211; USOS PROIBIDOS<\/strong><\/p>\n<p> Al\u00e9m de outras proibi\u00e7\u00f5es estabelecidas nos Termos de Servi\u00e7o, voc\u00ea est\u00e1 proibido de usar nossos produtos.<\/p>\n<p> (a) para qualquer finalidade il\u00edcita;<\/p>\n<p> (b) solicitar que outros realizem ou participem de quaisquer atos il\u00edcitos;<\/p>\n<p> (c) violar quaisquer regulamentos, regras, leis ou regulamentos locais, federais, provinciais ou<br \/> ordenan\u00e7as;<\/p>\n<p> (d) assediar, abusar, insultar, prejudicar, difamar, caluniar, denegrir, intimidar ou discriminar com base em g\u00eanero, orienta\u00e7\u00e3o sexual, religi\u00e3o, etnia, ra\u00e7a, idade, nacionalidade ou defici\u00eancia;<\/p>\n<p> (e) coletar ou rastrear informa\u00e7\u00f5es pessoais de terceiros;<\/p>\n<p> (f) para qualquer prop\u00f3sito obsceno ou imoral;<\/p>\n<p> <strong>SE\u00c7\u00c3O 10 &#8211;<\/strong> DIREITOS DE IMPORTA\u00c7\u00c3O E TAXA DE IMPORTA\u00c7\u00c3O<\/p>\n<p> Antes de comprar o produto conosco, voc\u00ea deve verificar com as autoridades locais para se certificar de que \u00e9 eleg\u00edvel para comprar este produto. Esteja ciente de que o departamento de alf\u00e2ndega do seu pa\u00eds pode cobrar os direitos de importa\u00e7\u00e3o. Voc\u00ea, como comprador, ser\u00e1 respons\u00e1vel pelo pagamento de tais direitos de importa\u00e7\u00e3o. Caso voc\u00ea n\u00e3o consiga limpar os produtos e os produtos sejam devolvidos para n\u00f3s, voc\u00ea ser\u00e1 respons\u00e1vel pela taxa de devolu\u00e7\u00e3o.<\/p>\n<p> <strong>SE\u00c7\u00c3O 11 &#8211; LEI APLIC\u00c1VEL<\/strong><\/p>\n<p> Estes Termos de Servi\u00e7o e quaisquer acordos separados pelos quais fornecemos Servi\u00e7os a voc\u00ea ser\u00e3o regidos e interpretados de acordo com as leis.<\/p><\/p>\n\t\t\t\t\t\t\t\t<\/div>\n\t\t\t\t<\/div>\n\t\t\t\t\t<\/div>\n\t\t<\/div>\n\t\t\t\t\t<\/div>\n\t\t<\/section>\n\t\t\t\t<\/div>\n\t\t","protected":false},"excerpt":{"rendered":"<p>Vis\u00e3o geral Este site \u00e9 operado por puyapeptide.net para oferecer servi\u00e7o de vendas online. Em todo o site, os termos \u201cn\u00f3s\u201d, \u201cnos\u201d e \u201cnosso\u201d se referem ao puyapeptide.net Oferecemos esta loja online puyapeptide.net, incluindo todas as informa\u00e7\u00f5es, ferramentas e servi\u00e7os dispon\u00edveis neste site para voc\u00ea, o usu\u00e1rio, condicionado \u00e0 sua aceita\u00e7\u00e3o de todos os termos, [&hellip;]<\/p>\n","protected":false},"author":1,"featured_media":0,"parent":0,"menu_order":0,"comment_status":"closed","ping_status":"closed","template":"elementor_header_footer","meta":{"om_disable_all_campaigns":false,"_monsterinsights_skip_tracking":false,"_monsterinsights_sitenote_active":false,"_monsterinsights_sitenote_note":"","_monsterinsights_sitenote_category":0,"site-sidebar-layout":"default","site-content-layout":"","ast-site-content-layout":"default","site-content-style":"default","site-sidebar-style":"default","ast-global-header-display":"","ast-banner-title-visibility":"","ast-main-header-display":"","ast-hfb-above-header-display":"","ast-hfb-below-header-display":"","ast-hfb-mobile-header-display":"","site-post-title":"","ast-breadcrumbs-content":"","ast-featured-img":"","footer-sml-layout":"","ast-disable-related-posts":"","theme-transparent-header-meta":"","adv-header-id-meta":"","stick-header-meta":"","header-above-stick-meta":"","header-main-stick-meta":"","header-below-stick-meta":"","astra-migrate-meta-layouts":"default","ast-page-background-enabled":"default","ast-page-background-meta":{"desktop":{"background-color":"","background-image":"","background-repeat":"repeat","background-position":"center center","background-size":"auto","background-attachment":"scroll","background-type":"","background-media":"","overlay-type":"","overlay-color":"","overlay-opacity":"","overlay-gradient":""},"tablet":{"background-color":"","background-image":"","background-repeat":"repeat","background-position":"center center","background-size":"auto","background-attachment":"scroll","background-type":"","background-media":"","overlay-type":"","overlay-color":"","overlay-opacity":"","overlay-gradient":""},"mobile":{"background-color":"","background-image":"","background-repeat":"repeat","background-position":"center center","background-size":"auto","background-attachment":"scroll","background-type":"","background-media":"","overlay-type":"","overlay-color":"","overlay-opacity":"","overlay-gradient":""}},"ast-content-background-meta":{"desktop":{"background-color":"var(--ast-global-color-5)","background-image":"","background-repeat":"repeat","background-position":"center center","background-size":"auto","background-attachment":"scroll","background-type":"","background-media":"","overlay-type":"","overlay-color":"","overlay-opacity":"","overlay-gradient":""},"tablet":{"background-color":"var(--ast-global-color-5)","background-image":"","background-repeat":"repeat","background-position":"center center","background-size":"auto","background-attachment":"scroll","background-type":"","background-media":"","overlay-type":"","overlay-color":"","overlay-opacity":"","overlay-gradient":""},"mobile":{"background-color":"var(--ast-global-color-5)","background-image":"","background-repeat":"repeat","background-position":"center center","background-size":"auto","background-attachment":"scroll","background-type":"","background-media":"","overlay-type":"","overlay-color":"","overlay-opacity":"","overlay-gradient":""}},"footnotes":""},"class_list":["post-5776","page","type-page","status-publish","hentry"],"_links":{"self":[{"href":"https:\/\/puyapeptide.net\/pt-br\/wp-json\/wp\/v2\/pages\/5776","targetHints":{"allow":["GET"]}}],"collection":[{"href":"https:\/\/puyapeptide.net\/pt-br\/wp-json\/wp\/v2\/pages"}],"about":[{"href":"https:\/\/puyapeptide.net\/pt-br\/wp-json\/wp\/v2\/types\/page"}],"author":[{"embeddable":true,"href":"https:\/\/puyapeptide.net\/pt-br\/wp-json\/wp\/v2\/users\/1"}],"replies":[{"embeddable":true,"href":"https:\/\/puyapeptide.net\/pt-br\/wp-json\/wp\/v2\/comments?post=5776"}],"version-history":[{"count":22,"href":"https:\/\/puyapeptide.net\/pt-br\/wp-json\/wp\/v2\/pages\/5776\/revisions"}],"predecessor-version":[{"id":9617,"href":"https:\/\/puyapeptide.net\/pt-br\/wp-json\/wp\/v2\/pages\/5776\/revisions\/9617"}],"wp:attachment":[{"href":"https:\/\/puyapeptide.net\/pt-br\/wp-json\/wp\/v2\/media?parent=5776"}],"curies":[{"name":"wp","href":"https:\/\/api.w.org\/{rel}","templated":true}]}}