{"id":6314,"date":"2021-12-16T04:27:30","date_gmt":"2021-12-16T09:27:30","guid":{"rendered":"https:\/\/puyapeptide.net\/product\/palmitoyl-tripeptide-36-dermapep-m330-pode-inibir-bacterias-e-fungos-como-staphylococcus-aureus\/"},"modified":"2021-12-16T04:27:30","modified_gmt":"2021-12-16T09:27:30","slug":"palmitoyl-tripeptide-36-dermapep-m330-pode-inibir-bacterias-e-fungos-como-staphylococcus-aureus","status":"publish","type":"product","link":"https:\/\/puyapeptide.net\/pt-br\/product\/palmitoyl-tripeptide-36-dermapep-m330-pode-inibir-bacterias-e-fungos-como-staphylococcus-aureus\/","title":{"rendered":"Palmitoyl Tripeptide-36 \/ Dermapep M330 pode inibir bact\u00e9rias e fungos como Staphylococcus aureus"},"content":{"rendered":"<h2><strong>Palmitoyl Tripeptide-36 \/ Dermapep M330 pode inibir bact\u00e9rias e fungos como Staphylococcus aureus<\/strong><\/h2>\n<p> Nome do produto: Palmitoyl Tripeptide-36<br \/>\n No CAS:<br \/>\n Molecular: 402,53<br \/>\n MF: C18H38N6O4<br \/>\n MSDS e COA: dispon\u00edvel para sua refer\u00eancia<br \/>\n Pureza: 95%<br \/>\n Grau : cosm\u00e9tico<br \/>\n Solubilidade: ligeiramente sol\u00favel em \u00e1gua<br \/>\n Estabilidade: est\u00e1vel<br \/>\n Fonte:<br \/>\n Odor: n\u00e3o<br \/>\n Capacidade: 600g por m\u00eas<br \/>\n Apar\u00eancia: p\u00f3 branco <\/p>\n<p> YSPep -PT36 \u00e9 palmitoil tripept\u00eddeo-36 (Dermapep M330), um tripept\u00eddeo composto por tr\u00eas amino\u00e1cidos.<br \/>\n \u00c9 um agente antimicrobiano e anti-s\u00e9ptico ativo. Inibe o Staphylococcus aureus e outras bact\u00e9rias, fungos na superf\u00edcie da pele de pacientes com DA.<br \/>\n Propionibacterium acnes, tamb\u00e9m conhecido como Acinetobacter e Propionibacterium, \u00e9 um bacilo anaer\u00f3bio curto n\u00e3o m\u00f3vel Gram-positivo que secreta metab\u00f3litos como esterases que degradam a pele queratina e componentes semelhantes aos lip\u00eddios, tornando-se uma das causas mais importantes de acne. Propionibacterium acnes vive em \u00e1cidos graxos nos poros da pele. Quando os poros s\u00e3o bloqueados, eles crescem descontroladamente, decompondo os \u00e1cidos graxos saturados e produzindo grandes quantidades de \u00e1cidos graxos livres, que penetram na pele atrav\u00e9s dos poros, causando uma resposta ao estresse da pele, produzindo acne, vermelhid\u00e3o, etc. a pele atrav\u00e9s do escoamento de pus, causando danos ao tecido cut\u00e2neo. Propionibacterium acnes, que secreta metab\u00f3litos como esterases que podem degradar a queratina da pele e componentes semelhantes aos lip\u00eddeos, \u00e9 uma das causas mais importantes de acne. <\/p>\n<p> <strong>Uso de Palmitoyl Tripeptide-36 \/ Dermapep M330<\/strong><br \/>\n &lt;&amp; &gt; Palmitoyl Tripeptide-36. \u00c9 um agente antimicrobiano ativo e conservante. Ele inibe S.aureus e outras bact\u00e9rias, fungos na superf\u00edcie da pele de pacientes com DA. As aplica\u00e7\u00f5es incluem antimicrobianos e conservantes.<\/p>\n","protected":false},"excerpt":{"rendered":"<p>Nome do produto: Palmitoyl Tripeptide-36<br \/>\n Molecular: 402,53<br \/>\n MF: C18H38N6O4<br \/>\n Pureza: 95%<br \/>\n Grau: cosm\u00e9tico<br \/>\n Estabilidade: est\u00e1vel<\/p>\n","protected":false},"featured_media":2129,"comment_status":"open","ping_status":"closed","template":"","meta":{"om_disable_all_campaigns":false,"_monsterinsights_skip_tracking":false,"_monsterinsights_sitenote_active":false,"_monsterinsights_sitenote_note":"","_monsterinsights_sitenote_category":0,"site-sidebar-layout":"default","site-content-layout":"default","ast-site-content-layout":"default","site-content-style":"default","site-sidebar-style":"default","ast-global-header-display":"","ast-banner-title-visibility":"","ast-main-header-display":"","ast-hfb-above-header-display":"","ast-hfb-below-header-display":"","ast-hfb-mobile-header-display":"","site-post-title":"","ast-breadcrumbs-content":"","ast-featured-img":"","footer-sml-layout":"","ast-disable-related-posts":"","theme-transparent-header-meta":"default","adv-header-id-meta":"","stick-header-meta":"","header-above-stick-meta":"","header-main-stick-meta":"","header-below-stick-meta":"","astra-migrate-meta-layouts":"default","ast-page-background-enabled":"default","ast-page-background-meta":{"desktop":{"background-color":"","background-image":"","background-repeat":"repeat","background-position":"center center","background-size":"auto","background-attachment":"scroll","background-type":"","background-media":"","overlay-type":"","overlay-color":"","overlay-opacity":"","overlay-gradient":""},"tablet":{"background-color":"","background-image":"","background-repeat":"repeat","background-position":"center center","background-size":"auto","background-attachment":"scroll","background-type":"","background-media":"","overlay-type":"","overlay-color":"","overlay-opacity":"","overlay-gradient":""},"mobile":{"background-color":"","background-image":"","background-repeat":"repeat","background-position":"center center","background-size":"auto","background-attachment":"scroll","background-type":"","background-media":"","overlay-type":"","overlay-color":"","overlay-opacity":"","overlay-gradient":""}},"ast-content-background-meta":{"desktop":{"background-color":"var(--ast-global-color-5)","background-image":"","background-repeat":"repeat","background-position":"center center","background-size":"auto","background-attachment":"scroll","background-type":"","background-media":"","overlay-type":"","overlay-color":"","overlay-opacity":"","overlay-gradient":""},"tablet":{"background-color":"var(--ast-global-color-5)","background-image":"","background-repeat":"repeat","background-position":"center center","background-size":"auto","background-attachment":"scroll","background-type":"","background-media":"","overlay-type":"","overlay-color":"","overlay-opacity":"","overlay-gradient":""},"mobile":{"background-color":"var(--ast-global-color-5)","background-image":"","background-repeat":"repeat","background-position":"center center","background-size":"auto","background-attachment":"scroll","background-type":"","background-media":"","overlay-type":"","overlay-color":"","overlay-opacity":"","overlay-gradient":""}}},"product_brand":[],"product_cat":[700],"product_tag":[3582],"class_list":{"0":"post-6314","1":"product","2":"type-product","3":"status-publish","4":"has-post-thumbnail","6":"product_cat-peptideo-anti-acne-bacteriano","7":"product_tag-palmitoyl-tripeptide-36-dermapep-m330-can-inhibit-bacteria-and-fungi-such-as-staphylococcus-aureus-pt-br","8":"desktop-align-left","9":"tablet-align-left","10":"mobile-align-left","12":"first","13":"instock","14":"shipping-taxable","15":"product-type-simple"},"_links":{"self":[{"href":"https:\/\/puyapeptide.net\/pt-br\/wp-json\/wp\/v2\/product\/6314","targetHints":{"allow":["GET"]}}],"collection":[{"href":"https:\/\/puyapeptide.net\/pt-br\/wp-json\/wp\/v2\/product"}],"about":[{"href":"https:\/\/puyapeptide.net\/pt-br\/wp-json\/wp\/v2\/types\/product"}],"replies":[{"embeddable":true,"href":"https:\/\/puyapeptide.net\/pt-br\/wp-json\/wp\/v2\/comments?post=6314"}],"wp:featuredmedia":[{"embeddable":true,"href":"https:\/\/puyapeptide.net\/pt-br\/wp-json\/wp\/v2\/media\/2129"}],"wp:attachment":[{"href":"https:\/\/puyapeptide.net\/pt-br\/wp-json\/wp\/v2\/media?parent=6314"}],"wp:term":[{"taxonomy":"product_brand","embeddable":true,"href":"https:\/\/puyapeptide.net\/pt-br\/wp-json\/wp\/v2\/product_brand?post=6314"},{"taxonomy":"product_cat","embeddable":true,"href":"https:\/\/puyapeptide.net\/pt-br\/wp-json\/wp\/v2\/product_cat?post=6314"},{"taxonomy":"product_tag","embeddable":true,"href":"https:\/\/puyapeptide.net\/pt-br\/wp-json\/wp\/v2\/product_tag?post=6314"}],"curies":[{"name":"wp","href":"https:\/\/api.w.org\/{rel}","templated":true}]}}