{"id":6338,"date":"2021-12-16T04:32:01","date_gmt":"2021-12-16T09:32:01","guid":{"rendered":"https:\/\/puyapeptide.net\/product\/myristoyl-hexapeptide-23-sympeptide380-pode-matar-propionibacterium-acnes-adequado-para-varios-produtos-de-controle-de-oleo-e-alivio-de-acne\/"},"modified":"2021-12-16T04:32:01","modified_gmt":"2021-12-16T09:32:01","slug":"myristoyl-hexapeptide-23-sympeptide380-pode-matar-propionibacterium-acnes-adequado-para-varios-produtos-de-controle-de-oleo-e-alivio-de-acne","status":"publish","type":"product","link":"https:\/\/puyapeptide.net\/pt-br\/product\/myristoyl-hexapeptide-23-sympeptide380-pode-matar-propionibacterium-acnes-adequado-para-varios-produtos-de-controle-de-oleo-e-alivio-de-acne\/","title":{"rendered":"Myristoyl Hexapeptide-23 \/ sympeptide380 pode matar Propionibacterium acnes adequado para v\u00e1rios produtos de controle de \u00f3leo e al\u00edvio de acne"},"content":{"rendered":"<h2><strong>Myristoyl Hexapeptide-23 \/ sympeptide380 pode matar Propionibacterium acnes adequado para v\u00e1rios produtos de controle de \u00f3leo e al\u00edvio de acne<\/strong><\/h2>\n<p> Nome do produto: Myristoyl Hexapeptide-23 \/ SymPeptide 380<br \/>\n No CAS: N \/ A<br \/>\n F\u00f3rmula: C47H92N10O7<br \/>\n Molecular: 909,3g \/ mol<br \/>\n Odor: n\u00e3o<br \/>\n Estabilidade: est\u00e1vel &lt; &amp;&gt; MSDS e COA: dispon\u00edveis para sua refer\u00eancia<br \/>\n Formula\u00e7\u00e3o: dispon\u00edvel para sua refer\u00eancia, entre em contato conosco.<br \/>\n Entrega: prontamente em estoque<br \/>\n Fonte: sint\u00e9tico<br \/>\n Capacidade: 500g por m\u00eas<br \/>\n Apar\u00eancia : p\u00f3 branco <\/p>\n<p> Todos n\u00f3s sabemos que a acne no rosto deve ser causada por algum tipo de bact\u00e9ria chamada Propionibacterium acnes. Ent\u00e3o, o que exatamente faz com que essa bact\u00e9ria chegue at\u00e9 voc\u00ea? Propionibacterium acnes \u00e9 um bacilo curto positivo com colora\u00e7\u00e3o de Gram. H\u00e1 tamb\u00e9m Propionibacterium acnes na pele normal, que \u00e9 parasita dos fol\u00edculos capilares e das gl\u00e2ndulas seb\u00e1ceas. Durante a puberdade, as gl\u00e2ndulas seb\u00e1ceas secretam muito, levando ao bloqueio dos fol\u00edculos capilares, e o sebo se acumula nos fol\u00edculos, fazendo com que o Propionibacterium acnes se multiplique e levando \u00e0 acne. <\/p>\n<p> Tamb\u00e9m \u00e9 verdade que quando me lembro da minha adolesc\u00eancia, estava frequentemente cheio de \u00f3leo e algumas espinhas apareciam de vez em quando. Muitos dos meus amigos at\u00e9 tinham acne o tempo todo, e seus rostos estavam cheios de espinhas, o que parecia terr\u00edvel. Como esse \u00e9 um problema que aflige a maioria das pessoas, elas encontrar\u00e3o uma maneira de resolv\u00ea-lo. Lembro-me de um amigo que tamb\u00e9m adorava acne e depois gastou muito dinheiro para se livrar da acne, bebendo t\u00f4nicos de ervas, limpando seringas ou algo assim, mas tamb\u00e9m era um sintoma, mas n\u00e3o uma cura. N\u00e3o h\u00e1 outro caminho? Claro que n\u00e3o! <\/p>\n<p> Hoje, apresentamos a voc\u00ea o inimigo natural das bact\u00e9rias acne: hexapept\u00eddeo-23 de miristila<br \/>\n In vitro: microarray de DNA, MIC contra P. acnes, antimicrobiano de amplo espectro<br \/>\n &lt;&amp; &gt; <strong>Fun\u00e7\u00e3o do Myristoyl Hexapept\u00eddeo-23<\/strong><br \/>\n \u2022 Myristoyl Hexapept\u00eddeo-23 que ajuda na preven\u00e7\u00e3o de problemas de pele.<br \/>\n \u2022 Myristoyl Hexapept\u00eddeo-23 Mata bact\u00e9rias causadoras de acne.<\/p>\n","protected":false},"excerpt":{"rendered":"<p>Nome do produto: Myristoyl Hexapeptide-23 \/ SymPeptide 380<br \/>\n Cas No: N \/ A<br \/>\n F\u00f3rmula: C47H92N10O7<br \/>\n Molecular: 909.3g \/ mol<br \/>\n Estabilidade: est\u00e1vel<br \/>\n Apar\u00eancia: p\u00f3 branco<\/p>\n","protected":false},"featured_media":2108,"comment_status":"open","ping_status":"closed","template":"","meta":{"om_disable_all_campaigns":false,"_monsterinsights_skip_tracking":false,"_monsterinsights_sitenote_active":false,"_monsterinsights_sitenote_note":"","_monsterinsights_sitenote_category":0,"site-sidebar-layout":"default","site-content-layout":"default","ast-site-content-layout":"default","site-content-style":"default","site-sidebar-style":"default","ast-global-header-display":"","ast-banner-title-visibility":"","ast-main-header-display":"","ast-hfb-above-header-display":"","ast-hfb-below-header-display":"","ast-hfb-mobile-header-display":"","site-post-title":"","ast-breadcrumbs-content":"","ast-featured-img":"","footer-sml-layout":"","ast-disable-related-posts":"","theme-transparent-header-meta":"default","adv-header-id-meta":"","stick-header-meta":"","header-above-stick-meta":"","header-main-stick-meta":"","header-below-stick-meta":"","astra-migrate-meta-layouts":"default","ast-page-background-enabled":"default","ast-page-background-meta":{"desktop":{"background-color":"","background-image":"","background-repeat":"repeat","background-position":"center center","background-size":"auto","background-attachment":"scroll","background-type":"","background-media":"","overlay-type":"","overlay-color":"","overlay-opacity":"","overlay-gradient":""},"tablet":{"background-color":"","background-image":"","background-repeat":"repeat","background-position":"center center","background-size":"auto","background-attachment":"scroll","background-type":"","background-media":"","overlay-type":"","overlay-color":"","overlay-opacity":"","overlay-gradient":""},"mobile":{"background-color":"","background-image":"","background-repeat":"repeat","background-position":"center center","background-size":"auto","background-attachment":"scroll","background-type":"","background-media":"","overlay-type":"","overlay-color":"","overlay-opacity":"","overlay-gradient":""}},"ast-content-background-meta":{"desktop":{"background-color":"var(--ast-global-color-5)","background-image":"","background-repeat":"repeat","background-position":"center center","background-size":"auto","background-attachment":"scroll","background-type":"","background-media":"","overlay-type":"","overlay-color":"","overlay-opacity":"","overlay-gradient":""},"tablet":{"background-color":"var(--ast-global-color-5)","background-image":"","background-repeat":"repeat","background-position":"center center","background-size":"auto","background-attachment":"scroll","background-type":"","background-media":"","overlay-type":"","overlay-color":"","overlay-opacity":"","overlay-gradient":""},"mobile":{"background-color":"var(--ast-global-color-5)","background-image":"","background-repeat":"repeat","background-position":"center center","background-size":"auto","background-attachment":"scroll","background-type":"","background-media":"","overlay-type":"","overlay-color":"","overlay-opacity":"","overlay-gradient":""}}},"product_brand":[],"product_cat":[700],"product_tag":[3562],"class_list":{"0":"post-6338","1":"product","2":"type-product","3":"status-publish","4":"has-post-thumbnail","6":"product_cat-peptideo-anti-acne-bacteriano","7":"product_tag-myristoyl-hexapeptide-23-sympeptide380-can-kill-propionibacterium-acnes-suitable-for-various-oil-control-and-acne-relief-products-pt-br","8":"desktop-align-left","9":"tablet-align-left","10":"mobile-align-left","12":"first","13":"instock","14":"shipping-taxable","15":"product-type-simple"},"_links":{"self":[{"href":"https:\/\/puyapeptide.net\/pt-br\/wp-json\/wp\/v2\/product\/6338","targetHints":{"allow":["GET"]}}],"collection":[{"href":"https:\/\/puyapeptide.net\/pt-br\/wp-json\/wp\/v2\/product"}],"about":[{"href":"https:\/\/puyapeptide.net\/pt-br\/wp-json\/wp\/v2\/types\/product"}],"replies":[{"embeddable":true,"href":"https:\/\/puyapeptide.net\/pt-br\/wp-json\/wp\/v2\/comments?post=6338"}],"wp:featuredmedia":[{"embeddable":true,"href":"https:\/\/puyapeptide.net\/pt-br\/wp-json\/wp\/v2\/media\/2108"}],"wp:attachment":[{"href":"https:\/\/puyapeptide.net\/pt-br\/wp-json\/wp\/v2\/media?parent=6338"}],"wp:term":[{"taxonomy":"product_brand","embeddable":true,"href":"https:\/\/puyapeptide.net\/pt-br\/wp-json\/wp\/v2\/product_brand?post=6338"},{"taxonomy":"product_cat","embeddable":true,"href":"https:\/\/puyapeptide.net\/pt-br\/wp-json\/wp\/v2\/product_cat?post=6338"},{"taxonomy":"product_tag","embeddable":true,"href":"https:\/\/puyapeptide.net\/pt-br\/wp-json\/wp\/v2\/product_tag?post=6338"}],"curies":[{"name":"wp","href":"https:\/\/api.w.org\/{rel}","templated":true}]}}