{"id":6358,"date":"2021-12-16T04:34:43","date_gmt":"2021-12-16T09:34:43","guid":{"rendered":"https:\/\/puyapeptide.net\/product\/o-acetil-tetrapeptideo-40-telangy-cas-1472633-28-5-reduz-a-vermelhidao-do-rosto-causada-por-uma-reacao-inflamatoria\/"},"modified":"2021-12-16T04:34:43","modified_gmt":"2021-12-16T09:34:43","slug":"o-acetil-tetrapeptideo-40-telangy-cas-1472633-28-5-reduz-a-vermelhidao-do-rosto-causada-por-uma-reacao-inflamatoria","status":"publish","type":"product","link":"https:\/\/puyapeptide.net\/pt-br\/product\/o-acetil-tetrapeptideo-40-telangy-cas-1472633-28-5-reduz-a-vermelhidao-do-rosto-causada-por-uma-reacao-inflamatoria\/","title":{"rendered":"O acetil tetrapept\u00eddeo-40 \/ Telangy CAS 1472633-28-5 reduz a vermelhid\u00e3o do rosto causada por uma rea\u00e7\u00e3o inflamat\u00f3ria"},"content":{"rendered":"<h2><strong>O acetil tetrapept\u00eddeo-40 \/ Telangy CAS 1472633-28-5 reduz a vermelhid\u00e3o do rosto causada por uma rea\u00e7\u00e3o inflamat\u00f3ria<\/strong><\/h2>\n<p> Nome do produto: Acetil Tetrapept\u00eddeo-40<br \/>\n Sin\u00f4nimos: Acetil Tetrapept\u00eddeo-40; Telangyn; L-Treonina, N-acetil-L-alanil-L-treonil-L-asparaginil &#8211;<br \/>\n CAS: 1472633-28 -5<br \/>\n MF: C17H29N5O9<br \/>\n MW: 447,44<br \/>\n EINECS:<br \/>\n Categorias de produtos:<br \/>\n Arquivo Mol: 1472633-28-5.mol <\/p>\n<p> Tetrapept\u00eddeo-40 de acetila inibe o efeito inflamat\u00f3rio do LL-37 pela redu\u00e7\u00e3o da libera\u00e7\u00e3o de interleucinas (IL-6 e IL-8), causada pela hiperativa\u00e7\u00e3o do LL-37. Ele tamb\u00e9m tem um efeito fotoprotetor que reduz o dano celular e os efeitos prejudiciais da inflama\u00e7\u00e3o da pele. <\/p>\n<p> <strong>Acetyl Tetrapeptide-40 \/ Telangy CAS 1472633-28-5 Benef\u00edcios do pept\u00eddeo<\/strong><br \/>\n O acetil tetrapept\u00eddeo-40 reduz a vermelhid\u00e3o do rosto causada por uma rea\u00e7\u00e3o inflamat\u00f3ria. Efeitos adversos da inflama\u00e7\u00e3o: vermelhid\u00e3o, vasos sangu\u00edneos dilatados e hiperpigmenta\u00e7\u00e3o visivelmente reduzidos. As \u00e1reas vermelhas s\u00e3o menos numerosas e grandes e sua intensidade \u00e9 enfraquecida. A pele \u00e9 mais uniforme e menos marcada. <\/p>\n<p> <strong>Fun\u00e7\u00e3o do acetil tetrapept\u00eddeo-40 \/ Telangy CAS 1472633-28-5<\/strong><br \/>\n Este tetrapept\u00eddeo reduz a vermelhid\u00e3o do rosto causada por uma rea\u00e7\u00e3o inflamat\u00f3ria. Efeitos adversos da inflama\u00e7\u00e3o: vermelhid\u00e3o , vasos sangu\u00edneos dilatados e hiperpigmenta\u00e7\u00e3o, est\u00e3o visivelmente reduzidos. As \u00e1reas vermelhas s\u00e3o menos numerosas e grandes e sua intensidade \u00e9 enfraquecida. A pele \u00e9 mais uniforme e menos marcada. <\/p>\n<p> <strong>Aplica\u00e7\u00e3o de acetil tetrapept\u00eddeo-40 \/ Telangy CAS 1472633-28-5<\/strong><br \/>\n 1. tratamento da pele com ros\u00e1cea leve<br \/>\n 2. Vermelhid\u00e3o<br \/>\n 3.Anti-colagenase<br \/>\n 4.Anti-tirosinase<br \/>\n 5.Inibi\u00e7\u00e3o da melanog\u00eanese<br \/>\n 6.Fotoprote\u00e7\u00e3o de fibroblastos humanos<\/p>\n","protected":false},"excerpt":{"rendered":"<p>Nome do produto: Acetil Tetrapept\u00eddeo-40<br \/>\n CAS: 1472633-28-5<br \/>\n MF: C17H29N5O9<br \/>\n MW: 447,44<br \/>\n Arquivo Mol: 1472633-28-5.mol<\/p>\n","protected":false},"featured_media":2213,"comment_status":"open","ping_status":"closed","template":"","meta":{"om_disable_all_campaigns":false,"_monsterinsights_skip_tracking":false,"_monsterinsights_sitenote_active":false,"_monsterinsights_sitenote_note":"","_monsterinsights_sitenote_category":0,"site-sidebar-layout":"default","site-content-layout":"default","ast-site-content-layout":"default","site-content-style":"default","site-sidebar-style":"default","ast-global-header-display":"","ast-banner-title-visibility":"","ast-main-header-display":"","ast-hfb-above-header-display":"","ast-hfb-below-header-display":"","ast-hfb-mobile-header-display":"","site-post-title":"","ast-breadcrumbs-content":"","ast-featured-img":"","footer-sml-layout":"","ast-disable-related-posts":"","theme-transparent-header-meta":"default","adv-header-id-meta":"","stick-header-meta":"","header-above-stick-meta":"","header-main-stick-meta":"","header-below-stick-meta":"","astra-migrate-meta-layouts":"default","ast-page-background-enabled":"default","ast-page-background-meta":{"desktop":{"background-color":"","background-image":"","background-repeat":"repeat","background-position":"center center","background-size":"auto","background-attachment":"scroll","background-type":"","background-media":"","overlay-type":"","overlay-color":"","overlay-opacity":"","overlay-gradient":""},"tablet":{"background-color":"","background-image":"","background-repeat":"repeat","background-position":"center center","background-size":"auto","background-attachment":"scroll","background-type":"","background-media":"","overlay-type":"","overlay-color":"","overlay-opacity":"","overlay-gradient":""},"mobile":{"background-color":"","background-image":"","background-repeat":"repeat","background-position":"center center","background-size":"auto","background-attachment":"scroll","background-type":"","background-media":"","overlay-type":"","overlay-color":"","overlay-opacity":"","overlay-gradient":""}},"ast-content-background-meta":{"desktop":{"background-color":"var(--ast-global-color-5)","background-image":"","background-repeat":"repeat","background-position":"center center","background-size":"auto","background-attachment":"scroll","background-type":"","background-media":"","overlay-type":"","overlay-color":"","overlay-opacity":"","overlay-gradient":""},"tablet":{"background-color":"var(--ast-global-color-5)","background-image":"","background-repeat":"repeat","background-position":"center center","background-size":"auto","background-attachment":"scroll","background-type":"","background-media":"","overlay-type":"","overlay-color":"","overlay-opacity":"","overlay-gradient":""},"mobile":{"background-color":"var(--ast-global-color-5)","background-image":"","background-repeat":"repeat","background-position":"center center","background-size":"auto","background-attachment":"scroll","background-type":"","background-media":"","overlay-type":"","overlay-color":"","overlay-opacity":"","overlay-gradient":""}}},"product_brand":[],"product_cat":[678],"product_tag":[3538],"class_list":{"0":"post-6358","1":"product","2":"type-product","3":"status-publish","4":"has-post-thumbnail","6":"product_cat-peptideo-anti-alergico-e-antiinflamatorio","7":"product_tag-acetyl-tetrapeptide-40-telangy-cas-1472633-28-5-reduces-redness-of-face-caused-by-an-inflammatory-reaction-pt-br","8":"desktop-align-left","9":"tablet-align-left","10":"mobile-align-left","12":"first","13":"instock","14":"shipping-taxable","15":"product-type-simple"},"_links":{"self":[{"href":"https:\/\/puyapeptide.net\/pt-br\/wp-json\/wp\/v2\/product\/6358","targetHints":{"allow":["GET"]}}],"collection":[{"href":"https:\/\/puyapeptide.net\/pt-br\/wp-json\/wp\/v2\/product"}],"about":[{"href":"https:\/\/puyapeptide.net\/pt-br\/wp-json\/wp\/v2\/types\/product"}],"replies":[{"embeddable":true,"href":"https:\/\/puyapeptide.net\/pt-br\/wp-json\/wp\/v2\/comments?post=6358"}],"wp:featuredmedia":[{"embeddable":true,"href":"https:\/\/puyapeptide.net\/pt-br\/wp-json\/wp\/v2\/media\/2213"}],"wp:attachment":[{"href":"https:\/\/puyapeptide.net\/pt-br\/wp-json\/wp\/v2\/media?parent=6358"}],"wp:term":[{"taxonomy":"product_brand","embeddable":true,"href":"https:\/\/puyapeptide.net\/pt-br\/wp-json\/wp\/v2\/product_brand?post=6358"},{"taxonomy":"product_cat","embeddable":true,"href":"https:\/\/puyapeptide.net\/pt-br\/wp-json\/wp\/v2\/product_cat?post=6358"},{"taxonomy":"product_tag","embeddable":true,"href":"https:\/\/puyapeptide.net\/pt-br\/wp-json\/wp\/v2\/product_tag?post=6358"}],"curies":[{"name":"wp","href":"https:\/\/api.w.org\/{rel}","templated":true}]}}