{"id":6382,"date":"2021-12-16T04:40:22","date_gmt":"2021-12-16T09:40:22","guid":{"rendered":"https:\/\/puyapeptide.net\/product\/acetil-tetrapeptideo-22-para-reparo-da-pele\/"},"modified":"2021-12-16T04:40:22","modified_gmt":"2021-12-16T09:40:22","slug":"acetil-tetrapeptideo-22-para-reparo-da-pele","status":"publish","type":"product","link":"https:\/\/puyapeptide.net\/pt-br\/product\/acetil-tetrapeptideo-22-para-reparo-da-pele\/","title":{"rendered":"Acetil tetrapept\u00eddeo-22 para reparo da pele"},"content":{"rendered":"<h2><strong>Acetil tetrapept\u00eddeo-22 para reparo da pele<\/strong><\/h2>\n<p> Nome do produto: Acetil Tetrapept\u00eddeo-22<br \/>\n Refer\u00eancia: Thermostressine<br \/>\n F\u00f3rmula:<br \/>\n Molecular:<br \/>\n Pureza:&gt; 95%<br \/>\n Fonte: sint\u00e9tico<br \/>\n Grau: cosm\u00e9tico<br \/>\n Formula\u00e7\u00e3o : dispon\u00edvel para sua refer\u00eancia, entre em contato conosco.<br \/>\n MSDS e COA: dispon\u00edvel para sua refer\u00eancia, entre em contato conosco<br \/>\n Entrega: imediatamente no estoque<br \/>\n Odor: caracter\u00edstico<br \/>\n Estabilidade: est\u00e1vel<br \/>\n Solubilidade: sol\u00favel em \u00e1gua<br \/>\n Solu\u00e7\u00e3o: 0,05% de pept\u00eddeo<br \/>\n N\u00edvel de uso recomendado: 2-5%<br \/>\n Apar\u00eancia: p\u00f3 branco <\/p>\n<p> Acetil Tetrapept\u00eddeo-22 que aumenta os n\u00edveis de HPS70 (Prote\u00edna de choque t\u00e9rmico) na pele fornecendo um escudo protetor, que confere \u00e0s c\u00e9lulas uma toler\u00e2ncia ao estresse contra os desafios di\u00e1rios e est\u00edmulos estressantes. Ajuda a pele a ficar mais relaxada com um aspecto mais vital. Pode ser incorporado em formula\u00e7\u00f5es cosm\u00e9ticas como emuls\u00f5es, g\u00e9is, soros para combater o estresse e tratar a pele fr\u00e1gil, cansada e sem brilho. <\/p>\n<p> <strong>Uso de acetil tetrapept\u00eddeo-22<\/strong><br \/>\n Uso: acetil tetrapept\u00eddeo-22 ajuda a combater as c\u00e9lulas estresse e aumenta os n\u00edveis de HSP70 para evitar estresse adicional <\/p>\n<p> <strong>Fun\u00e7\u00f5es do acetil tetrapept\u00eddeo-22<\/strong><br \/>\n O acetil tetrapept\u00eddeo-22 \u00e9 o produto da rea\u00e7\u00e3o do \u00e1cido ac\u00e9tico e do tetrapept\u00eddeo-22. Ele aumenta a quantidade de prote\u00edna estimulada pelo calor (HSP70) na pele, aumentando assim a toler\u00e2ncia ao estresse e evitando danos. Portanto, o acetil tetrapept\u00eddeo-22, um dos ingredientes de regenera\u00e7\u00e3o da pele mais eficazes, pode deixar a pele mais relaxada e a apar\u00eancia mais importante. <\/p>\n<p> O acetil tetrapept\u00eddeo-22 induz o corpo a sintetizar a prote\u00edna de choque t\u00e9rmico 70 em grandes quantidades, o que est\u00e1 envolvido na repara\u00e7\u00e3o e remo\u00e7\u00e3o de prote\u00ednas danificadas, protege as c\u00e9lulas de danos graves, acelera a repara\u00e7\u00e3o e mant\u00e9m as fun\u00e7\u00f5es fisiol\u00f3gicas normais das c\u00e9lulas; melhora a toler\u00e2ncia das c\u00e9lulas aos estressores. <\/p>\n<p> O acetil tetrapept\u00eddeo-22 oferece prote\u00e7\u00e3o \u00e0 pele contra v\u00e1rios estresses adversos encontrados diariamente, como radicais livres de oxig\u00eanio, jet lag, desidrata\u00e7\u00e3o, irradia\u00e7\u00e3o UV, frio e calor excessivos, etc. , que causam danos \u00e0 pele e mant\u00eam a vitalidade da pele. \u00c9 mais adequado para pessoas que muitas vezes est\u00e3o em um ambiente de estresse ruim, como trabalhadores de colarinho branco com alta press\u00e3o de trabalho, etc.<\/p>\n","protected":false},"excerpt":{"rendered":"<p>Nome do produto: Acetil Tetrapept\u00eddeo-22<br \/>\n Refer\u00eancia: Thermostressine<br \/>\n Pureza:&gt; 95%<br \/>\n Fonte: sint\u00e9tico<br \/>\n Grau: cosm\u00e9tico<\/p>\n","protected":false},"featured_media":2171,"comment_status":"open","ping_status":"closed","template":"","meta":{"om_disable_all_campaigns":false,"_monsterinsights_skip_tracking":false,"_monsterinsights_sitenote_active":false,"_monsterinsights_sitenote_note":"","_monsterinsights_sitenote_category":0,"site-sidebar-layout":"default","site-content-layout":"default","ast-site-content-layout":"default","site-content-style":"default","site-sidebar-style":"default","ast-global-header-display":"","ast-banner-title-visibility":"","ast-main-header-display":"","ast-hfb-above-header-display":"","ast-hfb-below-header-display":"","ast-hfb-mobile-header-display":"","site-post-title":"","ast-breadcrumbs-content":"","ast-featured-img":"","footer-sml-layout":"","ast-disable-related-posts":"","theme-transparent-header-meta":"default","adv-header-id-meta":"","stick-header-meta":"","header-above-stick-meta":"","header-main-stick-meta":"","header-below-stick-meta":"","astra-migrate-meta-layouts":"default","ast-page-background-enabled":"default","ast-page-background-meta":{"desktop":{"background-color":"","background-image":"","background-repeat":"repeat","background-position":"center center","background-size":"auto","background-attachment":"scroll","background-type":"","background-media":"","overlay-type":"","overlay-color":"","overlay-opacity":"","overlay-gradient":""},"tablet":{"background-color":"","background-image":"","background-repeat":"repeat","background-position":"center center","background-size":"auto","background-attachment":"scroll","background-type":"","background-media":"","overlay-type":"","overlay-color":"","overlay-opacity":"","overlay-gradient":""},"mobile":{"background-color":"","background-image":"","background-repeat":"repeat","background-position":"center center","background-size":"auto","background-attachment":"scroll","background-type":"","background-media":"","overlay-type":"","overlay-color":"","overlay-opacity":"","overlay-gradient":""}},"ast-content-background-meta":{"desktop":{"background-color":"var(--ast-global-color-5)","background-image":"","background-repeat":"repeat","background-position":"center center","background-size":"auto","background-attachment":"scroll","background-type":"","background-media":"","overlay-type":"","overlay-color":"","overlay-opacity":"","overlay-gradient":""},"tablet":{"background-color":"var(--ast-global-color-5)","background-image":"","background-repeat":"repeat","background-position":"center center","background-size":"auto","background-attachment":"scroll","background-type":"","background-media":"","overlay-type":"","overlay-color":"","overlay-opacity":"","overlay-gradient":""},"mobile":{"background-color":"var(--ast-global-color-5)","background-image":"","background-repeat":"repeat","background-position":"center center","background-size":"auto","background-attachment":"scroll","background-type":"","background-media":"","overlay-type":"","overlay-color":"","overlay-opacity":"","overlay-gradient":""}}},"product_brand":[],"product_cat":[678],"product_tag":[3518],"class_list":{"0":"post-6382","1":"product","2":"type-product","3":"status-publish","4":"has-post-thumbnail","6":"product_cat-peptideo-anti-alergico-e-antiinflamatorio","7":"product_tag-acetyl-tetrapeptide-22-for-skin-repair-pt-br","8":"desktop-align-left","9":"tablet-align-left","10":"mobile-align-left","12":"first","13":"instock","14":"shipping-taxable","15":"product-type-simple"},"_links":{"self":[{"href":"https:\/\/puyapeptide.net\/pt-br\/wp-json\/wp\/v2\/product\/6382","targetHints":{"allow":["GET"]}}],"collection":[{"href":"https:\/\/puyapeptide.net\/pt-br\/wp-json\/wp\/v2\/product"}],"about":[{"href":"https:\/\/puyapeptide.net\/pt-br\/wp-json\/wp\/v2\/types\/product"}],"replies":[{"embeddable":true,"href":"https:\/\/puyapeptide.net\/pt-br\/wp-json\/wp\/v2\/comments?post=6382"}],"wp:featuredmedia":[{"embeddable":true,"href":"https:\/\/puyapeptide.net\/pt-br\/wp-json\/wp\/v2\/media\/2171"}],"wp:attachment":[{"href":"https:\/\/puyapeptide.net\/pt-br\/wp-json\/wp\/v2\/media?parent=6382"}],"wp:term":[{"taxonomy":"product_brand","embeddable":true,"href":"https:\/\/puyapeptide.net\/pt-br\/wp-json\/wp\/v2\/product_brand?post=6382"},{"taxonomy":"product_cat","embeddable":true,"href":"https:\/\/puyapeptide.net\/pt-br\/wp-json\/wp\/v2\/product_cat?post=6382"},{"taxonomy":"product_tag","embeddable":true,"href":"https:\/\/puyapeptide.net\/pt-br\/wp-json\/wp\/v2\/product_tag?post=6382"}],"curies":[{"name":"wp","href":"https:\/\/api.w.org\/{rel}","templated":true}]}}