{"id":6491,"date":"2021-12-16T05:04:03","date_gmt":"2021-12-16T10:04:03","guid":{"rendered":"https:\/\/puyapeptide.net\/product\/hexapeptideo-de-acetil-38-adifyline-cas-1400634-44-7-pode-aumentar-o-volume-dos-seios-ou-bochechas\/"},"modified":"2021-12-16T05:04:03","modified_gmt":"2021-12-16T10:04:03","slug":"hexapeptideo-de-acetil-38-adifyline-cas-1400634-44-7-pode-aumentar-o-volume-dos-seios-ou-bochechas","status":"publish","type":"product","link":"https:\/\/puyapeptide.net\/pt-br\/product\/hexapeptideo-de-acetil-38-adifyline-cas-1400634-44-7-pode-aumentar-o-volume-dos-seios-ou-bochechas\/","title":{"rendered":"Hexapept\u00eddeo de acetil 38 \/ Adifyline CAS 1400634-44-7 pode aumentar o volume dos seios ou bochechas"},"content":{"rendered":"<h2><strong>Hexapept\u00eddeo de acetil 38 \/ Adifyline CAS 1400634-44-7 pode aumentar o volume dos seios ou bochechas<\/strong><\/h2>\n<p> Nome do produto: Acetil hexapept\u00eddeo 38<br \/>\n Sin\u00f4nimos: Acetil hexapept\u00eddeo 38; adifyline; PAW-\u03b2; Acetil Hexapept\u00eddeo 38, Adifyline; Acetil seis pept\u00eddeo; Acetil hexapept\u00eddeo-38 em p\u00f3; Acetil hexapept\u00eddeo 38 USP; Acetil hexapept\u00eddeo 38 USP \/ EP \/ BP<br \/>\n CAS: 1400634-44-7<br \/>\n MF:<br \/>\n MW: 0<br \/>\n EINECS: 000-000-0<br \/>\n Categorias de produtos:<br \/>\n Arquivo Mol: Arquivo Mol &lt; &amp;&gt; Prazo de pagamento: Garantia de com\u00e9rcio, T \/ T, Western Union, L \/ C <\/p>\n<p> Acetil Hexapept\u00eddeo-38 (Adifyline) que aumenta o volume do tecido adiposo em \u00e1reas espec\u00edficas, melhorando a apar\u00eancia facial e proporcionando curvas corporais atraentes .Estimula a express\u00e3o do coativador gama 1a do receptor ativado pelo proliferador de peroxissoma (PGC-1a), aumentando a taxa de adipog\u00eanese. Isso leva a um maior ac\u00famulo de lip\u00eddios e aumento de volume nas \u00e1reas desejadas, como mama e bochechas.<br \/>\n Hexapept\u00eddeo 38 aumenta o volume local melhorando a apar\u00eancia facial e proporcionando uma silhueta curvil\u00ednea, ao promover a express\u00e3o de PGC-1a e o ac\u00famulo de lip\u00eddios no tecido adiposo. <\/p>\n<p> <strong>Fun\u00e7\u00e3o e aplica\u00e7\u00e3o do hexapept\u00eddeo de acetila 38 \/ Adifyline CAS 1400634-44-7<\/strong> <\/p>\n<p> 1. Aumente a taxa de adipog\u00eanese. <\/p>\n<p> 2. Levam a um maior ac\u00famulo de lip\u00eddios e aumento de volume nas \u00e1reas desejadas, como seios e bochechas. <\/p>\n<p> 3. Melhora a apar\u00eancia facial e fornece curvas corporais atraentes. <\/p>\n<p> <strong>Uso de hexapept\u00eddeo 38 \/ Adifyline CAS 1400634-44-7<\/strong><br \/>\n aumenta o volume local, melhorando a apar\u00eancia facial e proporcionando uma silhueta curvil\u00ednea, promovendo a express\u00e3o de PGC-1a e ac\u00famulo de lip\u00eddios no tecido adiposo.<\/p>\n","protected":false},"excerpt":{"rendered":"<p>Nome do produto: Acetil hexapept\u00eddeo 38<br \/>\n CAS: 1400634-44-7<br \/>\n Arquivo Mol: Arquivo Mol<\/p>\n","protected":false},"featured_media":2129,"comment_status":"open","ping_status":"closed","template":"","meta":{"om_disable_all_campaigns":false,"_monsterinsights_skip_tracking":false,"_monsterinsights_sitenote_active":false,"_monsterinsights_sitenote_note":"","_monsterinsights_sitenote_category":0,"site-sidebar-layout":"default","site-content-layout":"default","ast-site-content-layout":"default","site-content-style":"default","site-sidebar-style":"default","ast-global-header-display":"","ast-banner-title-visibility":"","ast-main-header-display":"","ast-hfb-above-header-display":"","ast-hfb-below-header-display":"","ast-hfb-mobile-header-display":"","site-post-title":"","ast-breadcrumbs-content":"","ast-featured-img":"","footer-sml-layout":"","ast-disable-related-posts":"","theme-transparent-header-meta":"default","adv-header-id-meta":"","stick-header-meta":"","header-above-stick-meta":"","header-main-stick-meta":"","header-below-stick-meta":"","astra-migrate-meta-layouts":"default","ast-page-background-enabled":"default","ast-page-background-meta":{"desktop":{"background-color":"","background-image":"","background-repeat":"repeat","background-position":"center center","background-size":"auto","background-attachment":"scroll","background-type":"","background-media":"","overlay-type":"","overlay-color":"","overlay-opacity":"","overlay-gradient":""},"tablet":{"background-color":"","background-image":"","background-repeat":"repeat","background-position":"center center","background-size":"auto","background-attachment":"scroll","background-type":"","background-media":"","overlay-type":"","overlay-color":"","overlay-opacity":"","overlay-gradient":""},"mobile":{"background-color":"","background-image":"","background-repeat":"repeat","background-position":"center center","background-size":"auto","background-attachment":"scroll","background-type":"","background-media":"","overlay-type":"","overlay-color":"","overlay-opacity":"","overlay-gradient":""}},"ast-content-background-meta":{"desktop":{"background-color":"var(--ast-global-color-5)","background-image":"","background-repeat":"repeat","background-position":"center center","background-size":"auto","background-attachment":"scroll","background-type":"","background-media":"","overlay-type":"","overlay-color":"","overlay-opacity":"","overlay-gradient":""},"tablet":{"background-color":"var(--ast-global-color-5)","background-image":"","background-repeat":"repeat","background-position":"center center","background-size":"auto","background-attachment":"scroll","background-type":"","background-media":"","overlay-type":"","overlay-color":"","overlay-opacity":"","overlay-gradient":""},"mobile":{"background-color":"var(--ast-global-color-5)","background-image":"","background-repeat":"repeat","background-position":"center center","background-size":"auto","background-attachment":"scroll","background-type":"","background-media":"","overlay-type":"","overlay-color":"","overlay-opacity":"","overlay-gradient":""}}},"product_brand":[],"product_cat":[635],"product_tag":[3407],"class_list":{"0":"post-6491","1":"product","2":"type-product","3":"status-publish","4":"has-post-thumbnail","6":"product_cat-peptideo-que-aumenta-a-gordura-e-os-seios","7":"product_tag-acetyl-hexapeptide-38-adifyline-cas-1400634-44-7-can-increase-the-volume-of-the-breasts-or-cheeks-pt-br","8":"desktop-align-left","9":"tablet-align-left","10":"mobile-align-left","12":"first","13":"instock","14":"shipping-taxable","15":"product-type-simple"},"_links":{"self":[{"href":"https:\/\/puyapeptide.net\/pt-br\/wp-json\/wp\/v2\/product\/6491","targetHints":{"allow":["GET"]}}],"collection":[{"href":"https:\/\/puyapeptide.net\/pt-br\/wp-json\/wp\/v2\/product"}],"about":[{"href":"https:\/\/puyapeptide.net\/pt-br\/wp-json\/wp\/v2\/types\/product"}],"replies":[{"embeddable":true,"href":"https:\/\/puyapeptide.net\/pt-br\/wp-json\/wp\/v2\/comments?post=6491"}],"wp:featuredmedia":[{"embeddable":true,"href":"https:\/\/puyapeptide.net\/pt-br\/wp-json\/wp\/v2\/media\/2129"}],"wp:attachment":[{"href":"https:\/\/puyapeptide.net\/pt-br\/wp-json\/wp\/v2\/media?parent=6491"}],"wp:term":[{"taxonomy":"product_brand","embeddable":true,"href":"https:\/\/puyapeptide.net\/pt-br\/wp-json\/wp\/v2\/product_brand?post=6491"},{"taxonomy":"product_cat","embeddable":true,"href":"https:\/\/puyapeptide.net\/pt-br\/wp-json\/wp\/v2\/product_cat?post=6491"},{"taxonomy":"product_tag","embeddable":true,"href":"https:\/\/puyapeptide.net\/pt-br\/wp-json\/wp\/v2\/product_tag?post=6491"}],"curies":[{"name":"wp","href":"https:\/\/api.w.org\/{rel}","templated":true}]}}