{"id":6529,"date":"2021-12-16T05:05:46","date_gmt":"2021-12-16T10:05:46","guid":{"rendered":"https:\/\/puyapeptide.net\/product\/palmitoil-tetrapeptideo-20-de-alto-grau-para-cabelos-grisalhos\/"},"modified":"2021-12-16T05:05:46","modified_gmt":"2021-12-16T10:05:46","slug":"palmitoil-tetrapeptideo-20-de-alto-grau-para-cabelos-grisalhos","status":"publish","type":"product","link":"https:\/\/puyapeptide.net\/pt-br\/product\/palmitoil-tetrapeptideo-20-de-alto-grau-para-cabelos-grisalhos\/","title":{"rendered":"Palmitoil tetrapept\u00eddeo-20 de alto grau para cabelos grisalhos"},"content":{"rendered":"<h2><strong>Palmitoil tetrapept\u00eddeo-20 de alto grau para cabelos grisalhos<\/strong><\/h2>\n<p> Nome do produto Palmitoyl Tetrapeptide-20<br \/>\n Pureza 95-99%<br \/>\n MSDS e COA dispon\u00edveis para sua refer\u00eancia<br \/>\n Entrega imediata em estoque<br \/>\n Sequence Pal-PEKK<br \/>\n Cas 221227-05-0 <\/p>\n<p> Palmitoyl tetrapeptide-20 \u00e9 um agonista do \u03b1-MSH, estimula a s\u00edntese de melanina e melhora a atividade da catalase e reduz o excesso (H202). Pode ser usado na pigmenta\u00e7\u00e3o do cabelo. <\/p>\n<p> Palmitoil tetrapept\u00eddeo-20 \u00e9 um horm\u00f4nio (MSH-\u03b1) pept\u00eddeo bi\u00f4nico que atua nas duas principais causas de cabelos grisalhos: redu\u00e7\u00e3o da melanina e estresse oxidativo. Palmitoyl Tetrapeptide-10 (Marca: Kramer) oferece uma forma eficaz sem precedentes para prevenir, parar e reverter o fen\u00f4meno do envelhecimento do cabelo. Clinicamente testado para ser eficaz, o Pept\u00eddeo de Cabelo Preto pode ajudar homens e mulheres que sofrem de cabelos grisalhos, revertendo o processo de envelhecimento do cabelo e aumentando a auto-estima das pessoas para parecerem mais naturalmente jovens. <\/p>\n<p> <strong>Uso de Palmitoyl Tetrapeptide-20<\/strong> &lt; &amp;&gt; Palmitoil tetrapept\u00eddeo-20 estimula a pigmenta\u00e7\u00e3o do cabelo e reverte o processo de cabelos grisalhos, proporciona a homens e mulheres uma apar\u00eancia mais jovem e melhora sua autoestima <\/p>\n<p> <strong>Fun\u00e7\u00e3o do Palmitoil Tetrapept\u00eddeo-20<\/strong><br \/>\n Palmitoil Tetrapept\u00eddeo-20 pode estimular produ\u00e7\u00e3o de pigmento natural do cabelo e restaura gradualmente a cor natural do cabelo; resiste ao envelhecimento do cabelo e previne o aparecimento de cabelos grisalhos. Pode ser usado para anti-envelhecimento capilar, cobrindo cabelos grisalhos de in\u00edcio precoce, cuidados p\u00f3s-tintura, intensificador natural da cor do cabelo, mais suave do que tinturas qu\u00edmicas para produtos para o couro cabeludo e barba.<\/p>\n","protected":false},"excerpt":{"rendered":"<p>Nome do produto Palmitoyl Tetrapeptide-20<br \/>\n Pureza 95-99%<br \/>\n Entrega imediata em estoque<br \/>\n Sequence Pal-PEKK<br \/>\n Cas 221227-05-0<\/p>\n","protected":false},"featured_media":2171,"comment_status":"open","ping_status":"closed","template":"","meta":{"om_disable_all_campaigns":false,"_monsterinsights_skip_tracking":false,"_monsterinsights_sitenote_active":false,"_monsterinsights_sitenote_note":"","_monsterinsights_sitenote_category":0,"site-sidebar-layout":"default","site-content-layout":"default","ast-site-content-layout":"default","site-content-style":"default","site-sidebar-style":"default","ast-global-header-display":"","ast-banner-title-visibility":"","ast-main-header-display":"","ast-hfb-above-header-display":"","ast-hfb-below-header-display":"","ast-hfb-mobile-header-display":"","site-post-title":"","ast-breadcrumbs-content":"","ast-featured-img":"","footer-sml-layout":"","ast-disable-related-posts":"","theme-transparent-header-meta":"default","adv-header-id-meta":"","stick-header-meta":"","header-above-stick-meta":"","header-main-stick-meta":"","header-below-stick-meta":"","astra-migrate-meta-layouts":"default","ast-page-background-enabled":"default","ast-page-background-meta":{"desktop":{"background-color":"","background-image":"","background-repeat":"repeat","background-position":"center center","background-size":"auto","background-attachment":"scroll","background-type":"","background-media":"","overlay-type":"","overlay-color":"","overlay-opacity":"","overlay-gradient":""},"tablet":{"background-color":"","background-image":"","background-repeat":"repeat","background-position":"center center","background-size":"auto","background-attachment":"scroll","background-type":"","background-media":"","overlay-type":"","overlay-color":"","overlay-opacity":"","overlay-gradient":""},"mobile":{"background-color":"","background-image":"","background-repeat":"repeat","background-position":"center center","background-size":"auto","background-attachment":"scroll","background-type":"","background-media":"","overlay-type":"","overlay-color":"","overlay-opacity":"","overlay-gradient":""}},"ast-content-background-meta":{"desktop":{"background-color":"var(--ast-global-color-5)","background-image":"","background-repeat":"repeat","background-position":"center center","background-size":"auto","background-attachment":"scroll","background-type":"","background-media":"","overlay-type":"","overlay-color":"","overlay-opacity":"","overlay-gradient":""},"tablet":{"background-color":"var(--ast-global-color-5)","background-image":"","background-repeat":"repeat","background-position":"center center","background-size":"auto","background-attachment":"scroll","background-type":"","background-media":"","overlay-type":"","overlay-color":"","overlay-opacity":"","overlay-gradient":""},"mobile":{"background-color":"var(--ast-global-color-5)","background-image":"","background-repeat":"repeat","background-position":"center center","background-size":"auto","background-attachment":"scroll","background-type":"","background-media":"","overlay-type":"","overlay-color":"","overlay-opacity":"","overlay-gradient":""}}},"product_brand":[],"product_cat":[608],"product_tag":[3336],"class_list":{"0":"post-6529","1":"product","2":"type-product","3":"status-publish","4":"has-post-thumbnail","6":"product_cat-peptideo-promotor-de-crescimento-de-cabelo-cilios","7":"product_tag-top-grade-palmitoyl-tetrapeptide-20-for-grey-hair-pt-br","8":"desktop-align-left","9":"tablet-align-left","10":"mobile-align-left","12":"first","13":"instock","14":"shipping-taxable","15":"product-type-simple"},"_links":{"self":[{"href":"https:\/\/puyapeptide.net\/pt-br\/wp-json\/wp\/v2\/product\/6529","targetHints":{"allow":["GET"]}}],"collection":[{"href":"https:\/\/puyapeptide.net\/pt-br\/wp-json\/wp\/v2\/product"}],"about":[{"href":"https:\/\/puyapeptide.net\/pt-br\/wp-json\/wp\/v2\/types\/product"}],"replies":[{"embeddable":true,"href":"https:\/\/puyapeptide.net\/pt-br\/wp-json\/wp\/v2\/comments?post=6529"}],"wp:featuredmedia":[{"embeddable":true,"href":"https:\/\/puyapeptide.net\/pt-br\/wp-json\/wp\/v2\/media\/2171"}],"wp:attachment":[{"href":"https:\/\/puyapeptide.net\/pt-br\/wp-json\/wp\/v2\/media?parent=6529"}],"wp:term":[{"taxonomy":"product_brand","embeddable":true,"href":"https:\/\/puyapeptide.net\/pt-br\/wp-json\/wp\/v2\/product_brand?post=6529"},{"taxonomy":"product_cat","embeddable":true,"href":"https:\/\/puyapeptide.net\/pt-br\/wp-json\/wp\/v2\/product_cat?post=6529"},{"taxonomy":"product_tag","embeddable":true,"href":"https:\/\/puyapeptide.net\/pt-br\/wp-json\/wp\/v2\/product_tag?post=6529"}],"curies":[{"name":"wp","href":"https:\/\/api.w.org\/{rel}","templated":true}]}}