{"id":6560,"date":"2021-12-16T05:07:37","date_gmt":"2021-12-16T10:07:37","guid":{"rendered":"https:\/\/puyapeptide.net\/product\/myristoyl-dipeptide-13-de-alta-qualidade-para-o-crescimento-do-cabelo\/"},"modified":"2021-12-16T05:07:37","modified_gmt":"2021-12-16T10:07:37","slug":"myristoyl-dipeptide-13-de-alta-qualidade-para-o-crescimento-do-cabelo","status":"publish","type":"product","link":"https:\/\/puyapeptide.net\/pt-br\/product\/myristoyl-dipeptide-13-de-alta-qualidade-para-o-crescimento-do-cabelo\/","title":{"rendered":"Myristoyl Dipeptide-13 de alta qualidade para o crescimento do cabelo"},"content":{"rendered":"<h2><strong>Myristoyl Dipeptide-13 de alta qualidade para o crescimento do cabelo<\/strong><\/h2>\n<p> Nome do produto: Myristoyl Dipeptide-13<br \/>\n Refer\u00eancia: RELISTASE<br \/>\n Pureza: 95%<br \/>\n Fonte: sint\u00e9tico<br \/>\n Grau: cosm\u00e9tico<br \/>\n Odor: n\u00e3o<br \/>\n Solubilidade: sol\u00favel em \u00e1gua &lt; &amp;&gt; Aditivo: 4 PPM<br \/>\n Estabilidade: est\u00e1vel<br \/>\n Capacidade: 100g por m\u00eas<br \/>\n Apar\u00eancia: p\u00f3 branco <\/p>\n<p> Myristoyl Dipeptide-13 \u00e9 um pept\u00eddeo estimulador de crescimento de cabelo eficaz; promove a prolifera\u00e7\u00e3o celular e aumenta a densidade do cabelo em humanos. <\/p>\n<p> <strong>Fun\u00e7\u00e3o do Myristoyl Dipeptide-13<\/strong><br \/>\n Myristoyl Pentapeptide-13 \u00e9 um potente promotor de crescimento dos c\u00edlios que ativa diretamente o gene da queratina, que leva ao crescimento dos c\u00edlios.<\/p>\n","protected":false},"excerpt":{"rendered":"<p>Nome do produto: Myristoyl Dipeptide-13<br \/>\n Pureza: 95%<br \/>\n Fonte: sint\u00e9tico<br \/>\n Grau: cosm\u00e9tico<br \/>\n Solubilidade: sol\u00favel em \u00e1gua<br \/>\n Aditivo: 4 PPM<br \/>\n Apar\u00eancia: p\u00f3 branco<\/p>\n","protected":false},"featured_media":2213,"comment_status":"open","ping_status":"closed","template":"","meta":{"om_disable_all_campaigns":false,"_monsterinsights_skip_tracking":false,"_monsterinsights_sitenote_active":false,"_monsterinsights_sitenote_note":"","_monsterinsights_sitenote_category":0,"site-sidebar-layout":"default","site-content-layout":"default","ast-site-content-layout":"default","site-content-style":"default","site-sidebar-style":"default","ast-global-header-display":"","ast-banner-title-visibility":"","ast-main-header-display":"","ast-hfb-above-header-display":"","ast-hfb-below-header-display":"","ast-hfb-mobile-header-display":"","site-post-title":"","ast-breadcrumbs-content":"","ast-featured-img":"","footer-sml-layout":"","ast-disable-related-posts":"","theme-transparent-header-meta":"default","adv-header-id-meta":"","stick-header-meta":"","header-above-stick-meta":"","header-main-stick-meta":"","header-below-stick-meta":"","astra-migrate-meta-layouts":"default","ast-page-background-enabled":"default","ast-page-background-meta":{"desktop":{"background-color":"","background-image":"","background-repeat":"repeat","background-position":"center center","background-size":"auto","background-attachment":"scroll","background-type":"","background-media":"","overlay-type":"","overlay-color":"","overlay-opacity":"","overlay-gradient":""},"tablet":{"background-color":"","background-image":"","background-repeat":"repeat","background-position":"center center","background-size":"auto","background-attachment":"scroll","background-type":"","background-media":"","overlay-type":"","overlay-color":"","overlay-opacity":"","overlay-gradient":""},"mobile":{"background-color":"","background-image":"","background-repeat":"repeat","background-position":"center center","background-size":"auto","background-attachment":"scroll","background-type":"","background-media":"","overlay-type":"","overlay-color":"","overlay-opacity":"","overlay-gradient":""}},"ast-content-background-meta":{"desktop":{"background-color":"var(--ast-global-color-5)","background-image":"","background-repeat":"repeat","background-position":"center center","background-size":"auto","background-attachment":"scroll","background-type":"","background-media":"","overlay-type":"","overlay-color":"","overlay-opacity":"","overlay-gradient":""},"tablet":{"background-color":"var(--ast-global-color-5)","background-image":"","background-repeat":"repeat","background-position":"center center","background-size":"auto","background-attachment":"scroll","background-type":"","background-media":"","overlay-type":"","overlay-color":"","overlay-opacity":"","overlay-gradient":""},"mobile":{"background-color":"var(--ast-global-color-5)","background-image":"","background-repeat":"repeat","background-position":"center center","background-size":"auto","background-attachment":"scroll","background-type":"","background-media":"","overlay-type":"","overlay-color":"","overlay-opacity":"","overlay-gradient":""}}},"product_brand":[],"product_cat":[608],"product_tag":[3322],"class_list":{"0":"post-6560","1":"product","2":"type-product","3":"status-publish","4":"has-post-thumbnail","6":"product_cat-peptideo-promotor-de-crescimento-de-cabelo-cilios","7":"product_tag-high-quality-myristoyl-dipeptide-13-for-hair-growth-pt-br","8":"desktop-align-left","9":"tablet-align-left","10":"mobile-align-left","12":"first","13":"instock","14":"shipping-taxable","15":"product-type-simple"},"_links":{"self":[{"href":"https:\/\/puyapeptide.net\/pt-br\/wp-json\/wp\/v2\/product\/6560","targetHints":{"allow":["GET"]}}],"collection":[{"href":"https:\/\/puyapeptide.net\/pt-br\/wp-json\/wp\/v2\/product"}],"about":[{"href":"https:\/\/puyapeptide.net\/pt-br\/wp-json\/wp\/v2\/types\/product"}],"replies":[{"embeddable":true,"href":"https:\/\/puyapeptide.net\/pt-br\/wp-json\/wp\/v2\/comments?post=6560"}],"wp:featuredmedia":[{"embeddable":true,"href":"https:\/\/puyapeptide.net\/pt-br\/wp-json\/wp\/v2\/media\/2213"}],"wp:attachment":[{"href":"https:\/\/puyapeptide.net\/pt-br\/wp-json\/wp\/v2\/media?parent=6560"}],"wp:term":[{"taxonomy":"product_brand","embeddable":true,"href":"https:\/\/puyapeptide.net\/pt-br\/wp-json\/wp\/v2\/product_brand?post=6560"},{"taxonomy":"product_cat","embeddable":true,"href":"https:\/\/puyapeptide.net\/pt-br\/wp-json\/wp\/v2\/product_cat?post=6560"},{"taxonomy":"product_tag","embeddable":true,"href":"https:\/\/puyapeptide.net\/pt-br\/wp-json\/wp\/v2\/product_tag?post=6560"}],"curies":[{"name":"wp","href":"https:\/\/api.w.org\/{rel}","templated":true}]}}