{"id":6582,"date":"2021-12-16T05:08:41","date_gmt":"2021-12-16T10:08:41","guid":{"rendered":"https:\/\/puyapeptide.net\/product\/oligopeptideo-54-e-um-novo-peptideo-promotor-de-crescimento-de-cabelo\/"},"modified":"2021-12-16T05:08:41","modified_gmt":"2021-12-16T10:08:41","slug":"oligopeptideo-54-e-um-novo-peptideo-promotor-de-crescimento-de-cabelo","status":"publish","type":"product","link":"https:\/\/puyapeptide.net\/pt-br\/product\/oligopeptideo-54-e-um-novo-peptideo-promotor-de-crescimento-de-cabelo\/","title":{"rendered":"Oligopept\u00eddeo-54 \u00e9 um novo pept\u00eddeo promotor de crescimento de cabelo"},"content":{"rendered":"<h2><strong>Oligopept\u00eddeo-54 \u00e9 um novo pept\u00eddeo promotor de crescimento de cabelo<\/strong><\/h2>\n<p> Nome em ingl\u00eas: Oligopept\u00eddeo-54, CG-Nokkin<br \/>\n Pureza \uff1a \u226598%<br \/>\n Peso molecular \uff1a 923,61g \/ mol<br \/>\n F\u00f3rmula molecular \uff1a C51H57N9O8<br \/>\n Apar\u00eancia: p\u00f3 branco<br \/>\n Especifica\u00e7\u00e3o da embalagem (p\u00f3): 1g, 10g, 100g <\/p>\n<p> Oligopept\u00eddeo-54, oligopept\u00eddeo-54 (CG nokkin), este biopept\u00eddeo reduz a atividade dos genes respons\u00e1veis pela alopecia androg\u00eanica ao bloquear a express\u00e3o de genes sens\u00edveis ao DHT. Ativa a sinaliza\u00e7\u00e3o WNT com um forte antagonista de BMP que promove o crescimento do cabelo e inibe a perda de pigmento no cabelo. Fortalece o cabelo enquanto estimula os fol\u00edculos para produzir um cabelo mais saud\u00e1vel. Auxilia a circula\u00e7\u00e3o sangu\u00ednea no couro cabeludo e revitaliza os fol\u00edculos capilares. <\/p>\n<p> Al\u00e9m disso, estimula o metabolismo dos melan\u00f3citos e sua migra\u00e7\u00e3o, melhorando assim a produ\u00e7\u00e3o de melanina nos fol\u00edculos capilares e agindo assim na cor dos cabelos. <\/p>\n<p> Aumenta o cabelo enquanto estimula os fol\u00edculos capilares para produzir cabelo saud\u00e1vel, evitando que o cabelo fique grisalho. <\/p>\n<p> Oligopept\u00eddeo-54, oligopept\u00eddeo-54 (CG nokkin) fortalece o cabelo enquanto estimula os fol\u00edculos capilares para produzir cabelos saud\u00e1veis e evitar que os cabelos fiquem grisalhos. <\/p>\n<p> <strong>Fun\u00e7\u00e3o do oligopept\u00eddeo-54<\/strong><br \/>\n 1. Pigmenta\u00e7\u00e3o do cabelo e revers\u00e3o do processo de envelhecimento do cabelo<br \/>\n 2. Estimula\u00e7\u00e3o do crescimento do cabelo<\/p>\n","protected":false},"excerpt":{"rendered":"<p>Nome em ingl\u00eas: Oligopept\u00eddeo-54, CG-Nokkin<br \/>\n Pureza \uff1a \u226598%<br \/>\n Peso molecular \uff1a 923,61g \/ mol<br \/>\n F\u00f3rmula molecular \uff1a C51H57N9O8<br \/>\n Apar\u00eancia: p\u00f3 branco<\/p>\n","protected":false},"featured_media":2129,"comment_status":"open","ping_status":"closed","template":"","meta":{"om_disable_all_campaigns":false,"_monsterinsights_skip_tracking":false,"_monsterinsights_sitenote_active":false,"_monsterinsights_sitenote_note":"","_monsterinsights_sitenote_category":0,"site-sidebar-layout":"default","site-content-layout":"default","ast-site-content-layout":"default","site-content-style":"default","site-sidebar-style":"default","ast-global-header-display":"","ast-banner-title-visibility":"","ast-main-header-display":"","ast-hfb-above-header-display":"","ast-hfb-below-header-display":"","ast-hfb-mobile-header-display":"","site-post-title":"","ast-breadcrumbs-content":"","ast-featured-img":"","footer-sml-layout":"","ast-disable-related-posts":"","theme-transparent-header-meta":"default","adv-header-id-meta":"","stick-header-meta":"","header-above-stick-meta":"","header-main-stick-meta":"","header-below-stick-meta":"","astra-migrate-meta-layouts":"default","ast-page-background-enabled":"default","ast-page-background-meta":{"desktop":{"background-color":"","background-image":"","background-repeat":"repeat","background-position":"center center","background-size":"auto","background-attachment":"scroll","background-type":"","background-media":"","overlay-type":"","overlay-color":"","overlay-opacity":"","overlay-gradient":""},"tablet":{"background-color":"","background-image":"","background-repeat":"repeat","background-position":"center center","background-size":"auto","background-attachment":"scroll","background-type":"","background-media":"","overlay-type":"","overlay-color":"","overlay-opacity":"","overlay-gradient":""},"mobile":{"background-color":"","background-image":"","background-repeat":"repeat","background-position":"center center","background-size":"auto","background-attachment":"scroll","background-type":"","background-media":"","overlay-type":"","overlay-color":"","overlay-opacity":"","overlay-gradient":""}},"ast-content-background-meta":{"desktop":{"background-color":"var(--ast-global-color-5)","background-image":"","background-repeat":"repeat","background-position":"center center","background-size":"auto","background-attachment":"scroll","background-type":"","background-media":"","overlay-type":"","overlay-color":"","overlay-opacity":"","overlay-gradient":""},"tablet":{"background-color":"var(--ast-global-color-5)","background-image":"","background-repeat":"repeat","background-position":"center center","background-size":"auto","background-attachment":"scroll","background-type":"","background-media":"","overlay-type":"","overlay-color":"","overlay-opacity":"","overlay-gradient":""},"mobile":{"background-color":"var(--ast-global-color-5)","background-image":"","background-repeat":"repeat","background-position":"center center","background-size":"auto","background-attachment":"scroll","background-type":"","background-media":"","overlay-type":"","overlay-color":"","overlay-opacity":"","overlay-gradient":""}}},"product_brand":[],"product_cat":[608],"product_tag":[3300],"class_list":{"0":"post-6582","1":"product","2":"type-product","3":"status-publish","4":"has-post-thumbnail","6":"product_cat-peptideo-promotor-de-crescimento-de-cabelo-cilios","7":"product_tag-oligopeptide-54-is-a-novel-hair-growth-promoting-peptide-pt-br","8":"desktop-align-left","9":"tablet-align-left","10":"mobile-align-left","12":"first","13":"instock","14":"shipping-taxable","15":"product-type-simple"},"_links":{"self":[{"href":"https:\/\/puyapeptide.net\/pt-br\/wp-json\/wp\/v2\/product\/6582","targetHints":{"allow":["GET"]}}],"collection":[{"href":"https:\/\/puyapeptide.net\/pt-br\/wp-json\/wp\/v2\/product"}],"about":[{"href":"https:\/\/puyapeptide.net\/pt-br\/wp-json\/wp\/v2\/types\/product"}],"replies":[{"embeddable":true,"href":"https:\/\/puyapeptide.net\/pt-br\/wp-json\/wp\/v2\/comments?post=6582"}],"wp:featuredmedia":[{"embeddable":true,"href":"https:\/\/puyapeptide.net\/pt-br\/wp-json\/wp\/v2\/media\/2129"}],"wp:attachment":[{"href":"https:\/\/puyapeptide.net\/pt-br\/wp-json\/wp\/v2\/media?parent=6582"}],"wp:term":[{"taxonomy":"product_brand","embeddable":true,"href":"https:\/\/puyapeptide.net\/pt-br\/wp-json\/wp\/v2\/product_brand?post=6582"},{"taxonomy":"product_cat","embeddable":true,"href":"https:\/\/puyapeptide.net\/pt-br\/wp-json\/wp\/v2\/product_cat?post=6582"},{"taxonomy":"product_tag","embeddable":true,"href":"https:\/\/puyapeptide.net\/pt-br\/wp-json\/wp\/v2\/product_tag?post=6582"}],"curies":[{"name":"wp","href":"https:\/\/api.w.org\/{rel}","templated":true}]}}