{"id":6604,"date":"2021-12-16T05:09:40","date_gmt":"2021-12-16T10:09:40","guid":{"rendered":"https:\/\/puyapeptide.net\/product\/myristoyl-pentapeptide-17-cas-959610-30-1-e-um-ingrediente-cosmetico-eficaz-para-promover-o-crescimento-dos-cilios\/"},"modified":"2021-12-16T05:09:40","modified_gmt":"2021-12-16T10:09:40","slug":"myristoyl-pentapeptide-17-cas-959610-30-1-e-um-ingrediente-cosmetico-eficaz-para-promover-o-crescimento-dos-cilios","status":"publish","type":"product","link":"https:\/\/puyapeptide.net\/pt-br\/product\/myristoyl-pentapeptide-17-cas-959610-30-1-e-um-ingrediente-cosmetico-eficaz-para-promover-o-crescimento-dos-cilios\/","title":{"rendered":"Myristoyl Pentapeptide-17 CAS 959610-30-1 \u00e9 um ingrediente cosm\u00e9tico eficaz para promover o crescimento dos c\u00edlios"},"content":{"rendered":"<h2><strong>Myristoyl Pentapeptide-17 CAS 959610-30-1 \u00e9 um ingrediente cosm\u00e9tico eficaz para promover o crescimento dos c\u00edlios<\/strong><\/h2>\n<p> Nome do produto: Miristoil pentapept\u00eddeo-17<br \/>\n Sin\u00f4nimos: miristoil pentapept\u00eddeo-17; simpept\u00eddeo 226; N2- (1-oxotetradecil) -L-lisil-L-leucil-L-alanil-L-lisil-L-lisinamida; Pept\u00eddeo de noz-moscada cinco 17; Myr-KLAKK-NH2; N &#8211; [(2S) -6-amino-1 &#8211; [[(2S) -1 &#8211; [[(2S) -1 &#8211; [[(2S) -6-amino- 1 &#8211; [[(2S) -1,6-diamino-1-oxohexan-2-il] amino] -1-oxohexan-2-il] amino] -1-oxopropan-2-il] amino] -4-metil -1-oxopentan-2-il] amino] -1-oxohexan-2-il] tetradecanamida; N2- (1-oxotetradecil) -L-lisil-L-leucil-L-alanil-L-lisil-L-lys; Sympeptide 235<br \/>\n CAS: 959610-30-1<br \/>\n MF: C41H81N9O6<br \/>\n MW: 796,14<br \/>\n EINECS:<br \/>\n Categorias de produtos:<br \/>\n Arquivo Mol: 959610-30-1.mol &lt;&amp; &gt;<br \/>\n Myristoyl pentapeptide-17 \/ eyelash peptide \u00e9 um ingrediente cosm\u00e9tico eficaz para promover o crescimento dos c\u00edlios, que pode efetivamente estimular a s\u00edntese de queratina dos cabelos, promover o crescimento dos cabelos (c\u00edlios, sobrancelhas, cabelo) e torn\u00e1-los mais grossos e resistentes . <\/p>\n<p> Uma das fun\u00e7\u00f5es principais do Myristoyl Pentapeptide-17 \u00e9 um antioxidante. Como todos os antioxidantes, o papel do Myristoyl Pentapeptide-17 \u00e9 proteger a pele dos danos dos radicais livres, que s\u00e3o resultado da exposi\u00e7\u00e3o excessiva ao sol ou do encontro com poluentes ambientais. Esses radicais livres causam danos \u00e0s c\u00e9lulas individuais da pele, mas o verdadeiro perigo \u00e9 que eles podem causar envelhecimento prematuro. A causa dos radicais livres pode estimular as c\u00e9lulas da pele a come\u00e7arem a se multiplicar rapidamente e de forma descontrolada. N\u00e3o s\u00f3 protege as c\u00e9lulas da pele dos antioxidantes, mas tamb\u00e9m ajuda a neutraliz\u00e1-las, para que possam ser removidas. O rosto pode come\u00e7ar a ficar saud\u00e1vel novamente. Isso o torna um dos antioxidantes mais ben\u00e9ficos do mercado. <\/p>\n<p> <strong>Myristoyl Pentapeptide-17 CAS 959610-30-1 Propriedades qu\u00edmicas<\/strong><br \/>\n Ponto de ebuli\u00e7\u00e3o 1071,6 \u00b1 65,0 \u00b0 C (previsto)<br \/>\n densidade 1,062 \u00b1 0,06 g \/ cm3 (previsto)<br \/>\n temp. de armazenamento. Selado em seco, temperatura ambiente<br \/>\n pka 13,42 \u00b1 0,46 (previsto) <\/p>\n<p> <strong>Aplica\u00e7\u00e3o e usos do Myristoyl Pentapeptide-17 CAS 959610-30-1<\/strong><br \/>\n 1. Realce extraordin\u00e1rio na apar\u00eancia dos c\u00edlios e sobrancelha<br \/>\n 2.Fornece c\u00edlios lindos, densos e exuberantes<br \/>\n 3.Tecnologia sem prostaglandina<br \/>\n 4.Sem irrita\u00e7\u00e3o nos olhos ou risco de descolora\u00e7\u00e3o<br \/>\n 5. Teste de seguran\u00e7a do dermatologista e oftalmologista.<\/p>\n","protected":false},"excerpt":{"rendered":"<p>Nome do produto: Myristoyl Pentapeptide-17<br \/>\n CAS: 959610-30-1<br \/>\n MF: C41H81N9O6<br \/>\n MW: 796,14<br \/>\n Arquivo Mol: 959610-30-1.mol<\/p>\n","protected":false},"featured_media":2108,"comment_status":"open","ping_status":"closed","template":"","meta":{"om_disable_all_campaigns":false,"_monsterinsights_skip_tracking":false,"_monsterinsights_sitenote_active":false,"_monsterinsights_sitenote_note":"","_monsterinsights_sitenote_category":0,"site-sidebar-layout":"default","site-content-layout":"default","ast-site-content-layout":"default","site-content-style":"default","site-sidebar-style":"default","ast-global-header-display":"","ast-banner-title-visibility":"","ast-main-header-display":"","ast-hfb-above-header-display":"","ast-hfb-below-header-display":"","ast-hfb-mobile-header-display":"","site-post-title":"","ast-breadcrumbs-content":"","ast-featured-img":"","footer-sml-layout":"","ast-disable-related-posts":"","theme-transparent-header-meta":"default","adv-header-id-meta":"","stick-header-meta":"","header-above-stick-meta":"","header-main-stick-meta":"","header-below-stick-meta":"","astra-migrate-meta-layouts":"default","ast-page-background-enabled":"default","ast-page-background-meta":{"desktop":{"background-color":"","background-image":"","background-repeat":"repeat","background-position":"center center","background-size":"auto","background-attachment":"scroll","background-type":"","background-media":"","overlay-type":"","overlay-color":"","overlay-opacity":"","overlay-gradient":""},"tablet":{"background-color":"","background-image":"","background-repeat":"repeat","background-position":"center center","background-size":"auto","background-attachment":"scroll","background-type":"","background-media":"","overlay-type":"","overlay-color":"","overlay-opacity":"","overlay-gradient":""},"mobile":{"background-color":"","background-image":"","background-repeat":"repeat","background-position":"center center","background-size":"auto","background-attachment":"scroll","background-type":"","background-media":"","overlay-type":"","overlay-color":"","overlay-opacity":"","overlay-gradient":""}},"ast-content-background-meta":{"desktop":{"background-color":"var(--ast-global-color-5)","background-image":"","background-repeat":"repeat","background-position":"center center","background-size":"auto","background-attachment":"scroll","background-type":"","background-media":"","overlay-type":"","overlay-color":"","overlay-opacity":"","overlay-gradient":""},"tablet":{"background-color":"var(--ast-global-color-5)","background-image":"","background-repeat":"repeat","background-position":"center center","background-size":"auto","background-attachment":"scroll","background-type":"","background-media":"","overlay-type":"","overlay-color":"","overlay-opacity":"","overlay-gradient":""},"mobile":{"background-color":"var(--ast-global-color-5)","background-image":"","background-repeat":"repeat","background-position":"center center","background-size":"auto","background-attachment":"scroll","background-type":"","background-media":"","overlay-type":"","overlay-color":"","overlay-opacity":"","overlay-gradient":""}}},"product_brand":[],"product_cat":[594],"product_tag":[3278],"class_list":{"0":"post-6604","1":"product","2":"type-product","3":"status-publish","4":"has-post-thumbnail","6":"product_cat-eye-care-peptide","7":"product_tag-myristoyl-pentapeptide-17-cas-959610-30-1-is-an-effective-cosmetic-ingredient-to-promote-eyelash-growth-pt-br","8":"desktop-align-left","9":"tablet-align-left","10":"mobile-align-left","12":"first","13":"instock","14":"shipping-taxable","15":"product-type-simple"},"_links":{"self":[{"href":"https:\/\/puyapeptide.net\/pt-br\/wp-json\/wp\/v2\/product\/6604","targetHints":{"allow":["GET"]}}],"collection":[{"href":"https:\/\/puyapeptide.net\/pt-br\/wp-json\/wp\/v2\/product"}],"about":[{"href":"https:\/\/puyapeptide.net\/pt-br\/wp-json\/wp\/v2\/types\/product"}],"replies":[{"embeddable":true,"href":"https:\/\/puyapeptide.net\/pt-br\/wp-json\/wp\/v2\/comments?post=6604"}],"wp:featuredmedia":[{"embeddable":true,"href":"https:\/\/puyapeptide.net\/pt-br\/wp-json\/wp\/v2\/media\/2108"}],"wp:attachment":[{"href":"https:\/\/puyapeptide.net\/pt-br\/wp-json\/wp\/v2\/media?parent=6604"}],"wp:term":[{"taxonomy":"product_brand","embeddable":true,"href":"https:\/\/puyapeptide.net\/pt-br\/wp-json\/wp\/v2\/product_brand?post=6604"},{"taxonomy":"product_cat","embeddable":true,"href":"https:\/\/puyapeptide.net\/pt-br\/wp-json\/wp\/v2\/product_cat?post=6604"},{"taxonomy":"product_tag","embeddable":true,"href":"https:\/\/puyapeptide.net\/pt-br\/wp-json\/wp\/v2\/product_tag?post=6604"}],"curies":[{"name":"wp","href":"https:\/\/api.w.org\/{rel}","templated":true}]}}