{"id":6621,"date":"2021-12-16T05:36:34","date_gmt":"2021-12-16T10:36:34","guid":{"rendered":"https:\/\/puyapeptide.net\/product\/o-acetil-tetrapeptideo-3-cas-827306-88-7-pode-reparar-as-celulas-do-foliculo-capilar-estimular-o-crescimento-natural-das-sobrancelhas-e-dos-cabelos\/"},"modified":"2021-12-16T05:36:34","modified_gmt":"2021-12-16T10:36:34","slug":"o-acetil-tetrapeptideo-3-cas-827306-88-7-pode-reparar-as-celulas-do-foliculo-capilar-estimular-o-crescimento-natural-das-sobrancelhas-e-dos-cabelos","status":"publish","type":"product","link":"https:\/\/puyapeptide.net\/pt-br\/product\/o-acetil-tetrapeptideo-3-cas-827306-88-7-pode-reparar-as-celulas-do-foliculo-capilar-estimular-o-crescimento-natural-das-sobrancelhas-e-dos-cabelos\/","title":{"rendered":"O acetil tetrapept\u00eddeo-3 CAS 827306-88-7 pode reparar as c\u00e9lulas do fol\u00edculo capilar, estimular o crescimento natural das sobrancelhas e dos cabelos"},"content":{"rendered":"<h2><strong>O acetil tetrapept\u00eddeo-3 CAS 827306-88-7 pode reparar as c\u00e9lulas do fol\u00edculo capilar, estimular o crescimento natural das sobrancelhas e dos cabelos<\/strong><\/h2>\n<p> Nome do produto: acetil tetrapept\u00eddeo-3<br \/>\n Sin\u00f4nimos: N2-acetil-L-lisilglicil-L-histidil-L-lisinamida; acetil tetrapept\u00eddeo-3; capixil; acetil tetrapept\u00eddeo-3 \/ capixil; acetil tetrapept\u00eddeo-4, Capixil; Ac-KGHK; Acetil Tetrapept\u00eddeo-3 \/ Capixil-3; L-Lisinamida, N2-acetil-L-lisilglicil-L-histidil &#8211;<br \/>\n CAS: 827306-88-7<br \/>\n MF: C22H39N9O5<br \/>\n MW: 509,6<br \/>\n EINECS: 1308068-626-2<br \/>\n Categorias de produtos:<br \/>\n Arquivo Mol: 827306-88-7.mol <\/p>\n<p> O acetil tetrapept\u00eddeo-3 \u00e9 um polipept\u00eddeo de beleza contendo quatro amino\u00e1cidos , que pode reparar rapidamente as c\u00e9lulas do fol\u00edculo capilar, estimular o crescimento natural das sobrancelhas e cabelos, reduzir efetivamente a queda de cabelo causada pelo envelhecimento e tornar as sobrancelhas e os cabelos mais densos, naturais, flex\u00edveis e firmes. <\/p>\n<p> <strong>Tetrapept\u00eddeo acetil-3 CAS 827306-88-7 Propriedades qu\u00edmicas<\/strong><br \/>\n Ponto de ebuli\u00e7\u00e3o 1075,4 \u00b1 65,0 \u00b0 C (previsto)<br \/>\n densidade 1,250 \u00b1 0,06 g \/ cm3 (predito)<br \/>\n temp. Manter em local escuro, atmosfera inerte, armazenar no freezer, abaixo de -20 \u00b0 C<br \/>\n pka 13,35 \u00b1 0,46 (previsto) <\/p>\n<p> <strong>Fun\u00e7\u00f5es do acetil tetrapept\u00eddeo-3 CAS 827306-88-7<\/strong><br \/>\n crescimento do cabelo estimulante, melhora a fixa\u00e7\u00e3o do cabelo.<br \/>\n Aumenta a apar\u00eancia dos c\u00edlios e \/ ou sobrancelhas. <\/p>\n<p> <strong>Aplica\u00e7\u00f5es de Tetrapept\u00eddeo Acetil-3 CAS 827306-88-7<\/strong><br \/>\n Reduz a queda de cabelo;<br \/>\n Aumenta o crescimento do cabelo ;<br \/>\n Melhora a sa\u00fade do fol\u00edculo e a fixa\u00e7\u00e3o do cabelo \u00e0 raiz;<br \/>\n Reduz a inflama\u00e7\u00e3o do couro cabeludo<\/p>\n","protected":false},"excerpt":{"rendered":"<p>Nome do produto: Acetil Tetrapept\u00eddeo-3<br \/>\n CAS: 827306-88-7<br \/>\n MF: C22H39N9O5<br \/>\n MW: 509.6<br \/>\n Arquivo Mol: 827306-88-7.mol<\/p>\n","protected":false},"featured_media":2171,"comment_status":"open","ping_status":"closed","template":"","meta":{"om_disable_all_campaigns":false,"_monsterinsights_skip_tracking":false,"_monsterinsights_sitenote_active":false,"_monsterinsights_sitenote_note":"","_monsterinsights_sitenote_category":0,"site-sidebar-layout":"default","site-content-layout":"default","ast-site-content-layout":"default","site-content-style":"default","site-sidebar-style":"default","ast-global-header-display":"","ast-banner-title-visibility":"","ast-main-header-display":"","ast-hfb-above-header-display":"","ast-hfb-below-header-display":"","ast-hfb-mobile-header-display":"","site-post-title":"","ast-breadcrumbs-content":"","ast-featured-img":"","footer-sml-layout":"","ast-disable-related-posts":"","theme-transparent-header-meta":"default","adv-header-id-meta":"","stick-header-meta":"","header-above-stick-meta":"","header-main-stick-meta":"","header-below-stick-meta":"","astra-migrate-meta-layouts":"default","ast-page-background-enabled":"default","ast-page-background-meta":{"desktop":{"background-color":"","background-image":"","background-repeat":"repeat","background-position":"center center","background-size":"auto","background-attachment":"scroll","background-type":"","background-media":"","overlay-type":"","overlay-color":"","overlay-opacity":"","overlay-gradient":""},"tablet":{"background-color":"","background-image":"","background-repeat":"repeat","background-position":"center center","background-size":"auto","background-attachment":"scroll","background-type":"","background-media":"","overlay-type":"","overlay-color":"","overlay-opacity":"","overlay-gradient":""},"mobile":{"background-color":"","background-image":"","background-repeat":"repeat","background-position":"center center","background-size":"auto","background-attachment":"scroll","background-type":"","background-media":"","overlay-type":"","overlay-color":"","overlay-opacity":"","overlay-gradient":""}},"ast-content-background-meta":{"desktop":{"background-color":"var(--ast-global-color-5)","background-image":"","background-repeat":"repeat","background-position":"center center","background-size":"auto","background-attachment":"scroll","background-type":"","background-media":"","overlay-type":"","overlay-color":"","overlay-opacity":"","overlay-gradient":""},"tablet":{"background-color":"var(--ast-global-color-5)","background-image":"","background-repeat":"repeat","background-position":"center center","background-size":"auto","background-attachment":"scroll","background-type":"","background-media":"","overlay-type":"","overlay-color":"","overlay-opacity":"","overlay-gradient":""},"mobile":{"background-color":"var(--ast-global-color-5)","background-image":"","background-repeat":"repeat","background-position":"center center","background-size":"auto","background-attachment":"scroll","background-type":"","background-media":"","overlay-type":"","overlay-color":"","overlay-opacity":"","overlay-gradient":""}}},"product_brand":[],"product_cat":[608],"product_tag":[3251],"class_list":{"0":"post-6621","1":"product","2":"type-product","3":"status-publish","4":"has-post-thumbnail","6":"product_cat-peptideo-promotor-de-crescimento-de-cabelo-cilios","7":"product_tag-acetyl-tetrapeptide-3-cas-827306-88-7-can-repair-hair-follicle-cells-stimulate-natural-growth-of-eyebrows-and-hair-pt-br","8":"desktop-align-left","9":"tablet-align-left","10":"mobile-align-left","12":"first","13":"instock","14":"shipping-taxable","15":"product-type-simple"},"_links":{"self":[{"href":"https:\/\/puyapeptide.net\/pt-br\/wp-json\/wp\/v2\/product\/6621","targetHints":{"allow":["GET"]}}],"collection":[{"href":"https:\/\/puyapeptide.net\/pt-br\/wp-json\/wp\/v2\/product"}],"about":[{"href":"https:\/\/puyapeptide.net\/pt-br\/wp-json\/wp\/v2\/types\/product"}],"replies":[{"embeddable":true,"href":"https:\/\/puyapeptide.net\/pt-br\/wp-json\/wp\/v2\/comments?post=6621"}],"wp:featuredmedia":[{"embeddable":true,"href":"https:\/\/puyapeptide.net\/pt-br\/wp-json\/wp\/v2\/media\/2171"}],"wp:attachment":[{"href":"https:\/\/puyapeptide.net\/pt-br\/wp-json\/wp\/v2\/media?parent=6621"}],"wp:term":[{"taxonomy":"product_brand","embeddable":true,"href":"https:\/\/puyapeptide.net\/pt-br\/wp-json\/wp\/v2\/product_brand?post=6621"},{"taxonomy":"product_cat","embeddable":true,"href":"https:\/\/puyapeptide.net\/pt-br\/wp-json\/wp\/v2\/product_cat?post=6621"},{"taxonomy":"product_tag","embeddable":true,"href":"https:\/\/puyapeptide.net\/pt-br\/wp-json\/wp\/v2\/product_tag?post=6621"}],"curies":[{"name":"wp","href":"https:\/\/api.w.org\/{rel}","templated":true}]}}