{"id":6643,"date":"2021-12-16T05:39:44","date_gmt":"2021-12-16T10:39:44","guid":{"rendered":"https:\/\/puyapeptide.net\/product\/biotina-tripeptide-1-biotinoyl-tripeptide-1-biotinoyl-tripeptide-1-cas-299157-54-3-promove-o-crescimento-de-cilios-cabelo-e-sobrancelha\/"},"modified":"2021-12-16T05:39:44","modified_gmt":"2021-12-16T10:39:44","slug":"biotina-tripeptide-1-biotinoyl-tripeptide-1-biotinoyl-tripeptide-1-cas-299157-54-3-promove-o-crescimento-de-cilios-cabelo-e-sobrancelha","status":"publish","type":"product","link":"https:\/\/puyapeptide.net\/pt-br\/product\/biotina-tripeptide-1-biotinoyl-tripeptide-1-biotinoyl-tripeptide-1-cas-299157-54-3-promove-o-crescimento-de-cilios-cabelo-e-sobrancelha\/","title":{"rendered":"Biotina Tripeptide-1 \/ BIoTinoyl Tripeptide-1 \/ BIoTinoyl Tripeptide-1 CAS 299157-54-3 Promove o crescimento de c\u00edlios, cabelo e sobrancelha"},"content":{"rendered":"<h2><strong>Biotina Tripeptide-1 \/ BIoTinoyl Tripeptide-1 \/ BIoTinoyl Tripeptide-1 CAS 299157-54-3 Promove o crescimento de c\u00edlios, cabelo e sobrancelha<\/strong><\/h2>\n<p> Nome do produto: Tripept\u00eddeo Biotinil-GHK<br \/>\n Sin\u00f4nimos: Tripept\u00eddeo-1 de Biotinoil; BIO-GHK; Tripept\u00eddeo de biotinoil; Procapil; widelash; Biotinilglicilhistidilisina; Tripept\u00eddeo Biotinil-GHK; N- [5 &#8211; [(3aS, 4S, 6aR ) -Hexahidro-2-oxo-1H-tieno [3,4-d] imidazol-4-il] -1-oxopentil] glicil-L-histidil-L-lisina<br \/>\n CAS: 299157-54-3 &lt;&amp; &gt; MF: C24H38N8O6S<br \/>\n MW: 566,67<br \/>\n EINECS:<br \/>\n Categorias de produtos:<br \/>\n Arquivo Mol: 299157-54-3.mol <\/p>\n<p> Biotina Tripept\u00eddeo-1 \u00e9 um tripept\u00eddeo que combina vitamina H e o pept\u00eddeo sinal da s\u00e9rie Matrikine GHK. Seja para homens ou mulheres, a queda de cabelo \u00e9 um problema comum, 95% dos quais s\u00e3o alopecia androg\u00eanica. <\/p>\n<p> Biotina Tripept\u00eddeo-1 \u00e9 um tripept\u00eddeo que combina a vitamina H com a fam\u00edlia Matrikine de pept\u00eddeos de sinal GHK. A perda de cabelo \u00e9 um problema comum para homens e mulheres, e 95% deles s\u00e3o alopecia androg\u00eanica. Na China, 21% dos homens experimentar\u00e3o queda de cabelo ap\u00f3s os 45 anos, em compara\u00e7\u00e3o com 6% das mulheres. Os agentes comuns de crescimento de cabelo atualmente no mercado, como o minoxidil, t\u00eam baixa efici\u00eancia, muitos efeitos colaterais e agulhas na faixa et\u00e1ria de 18 a 40 anos. <\/p>\n<p> Tripept\u00eddeo-1 de biotina tem o efeito de tripept\u00eddeo- 1 que pode aumentar a s\u00edntese de matriz extracelular, como col\u00e1geno IV e laminina 5, retardar o envelhecimento dos fol\u00edculos capilares, melhorar a estrutura dos fol\u00edculos capilares, favorecer a fixa\u00e7\u00e3o do cabelo nos fol\u00edculos pilosos d\u00e9rmicos, prevenir a queda de cabelo; ativar a express\u00e3o de genes de reparo de tecidos, favorecer a reconstru\u00e7\u00e3o e o reparo da estrutura da pele; promover a prolifera\u00e7\u00e3o e diferencia\u00e7\u00e3o celular, estimular o crescimento do cabelo (a atividade do tripept\u00eddeo-1 de biotina 2PPM \u00e9 compar\u00e1vel ao minoxidil 2PPM). <\/p>\n<p> <strong>Tripept\u00eddeo-1 de biotina \/ Tripept\u00eddeo-1 de BIoTinoyl \/ Tripept\u00eddeo-1 de BIoTinoyl CAS 299157-54- 3 Propriedades qu\u00edmicas<\/strong><br \/>\n Ponto de ebuli\u00e7\u00e3o 1128,5 \u00b1 65,0 \u00b0 C (previsto)<br \/>\n densidade 1,321 \u00b1 0,06 g \/ cm3 (previsto)<br \/>\n pka 3,16 \u00b1 0,10 (previsto) <\/p>\n<p> <strong>Tripept\u00eddeo-1 de biotina para estimula\u00e7\u00e3o do crescimento do cabelo<\/strong><br \/>\n <img fetchpriority=\"high\" decoding=\"async\" src=\"https:\/\/puyapeptide.net\/wp-content\/uploads\/2021\/12\/Biotin-Tripeptide-1-for-hair-growth-stimulation.png\" alt=\"Tripept\u00eddeo-1 de biotina para estimula\u00e7\u00e3o do crescimento do cabelo\" width=\"562\" height=\"272\" class=\"alignnone size-full wp-image-4334\" \/> <\/p>\n<p> <strong>Fun\u00e7\u00e3o do tripept\u00eddeo de biotina-1 \/ Tripept\u00eddeo de BIoTinoyl-1 \/ Tripeptide de BIoTinoyl-1 CAS 299157-54-3 <\/p>\n<p> 1. Crescer e engrossar c\u00edlios, sobrancelhas, cabelo<\/strong><br \/>\n 2. Produtos de cuidado que promovem o crescimento dos c\u00edlios \/ cabelos \/ sobrancelhas, podem ser usados com r\u00edmel, lo\u00e7\u00e3o para os c\u00edlios, lo\u00e7\u00e3o para o crescimento do cabelo, etc.<\/p>\n","protected":false},"excerpt":{"rendered":"<p>Nome do produto: Tripept\u00eddeo Biotinil-GHK<br \/>\n CAS: 299157-54-3<br \/>\n MF: C24H38N8O6S<br \/>\n MW: 566,67<br \/>\n Arquivo Mol: 299157-54-3.mol<\/p>\n","protected":false},"featured_media":2213,"comment_status":"open","ping_status":"closed","template":"","meta":{"om_disable_all_campaigns":false,"_monsterinsights_skip_tracking":false,"_monsterinsights_sitenote_active":false,"_monsterinsights_sitenote_note":"","_monsterinsights_sitenote_category":0,"site-sidebar-layout":"default","site-content-layout":"default","ast-site-content-layout":"default","site-content-style":"default","site-sidebar-style":"default","ast-global-header-display":"","ast-banner-title-visibility":"","ast-main-header-display":"","ast-hfb-above-header-display":"","ast-hfb-below-header-display":"","ast-hfb-mobile-header-display":"","site-post-title":"","ast-breadcrumbs-content":"","ast-featured-img":"","footer-sml-layout":"","ast-disable-related-posts":"","theme-transparent-header-meta":"default","adv-header-id-meta":"","stick-header-meta":"","header-above-stick-meta":"","header-main-stick-meta":"","header-below-stick-meta":"","astra-migrate-meta-layouts":"default","ast-page-background-enabled":"default","ast-page-background-meta":{"desktop":{"background-color":"","background-image":"","background-repeat":"repeat","background-position":"center center","background-size":"auto","background-attachment":"scroll","background-type":"","background-media":"","overlay-type":"","overlay-color":"","overlay-opacity":"","overlay-gradient":""},"tablet":{"background-color":"","background-image":"","background-repeat":"repeat","background-position":"center center","background-size":"auto","background-attachment":"scroll","background-type":"","background-media":"","overlay-type":"","overlay-color":"","overlay-opacity":"","overlay-gradient":""},"mobile":{"background-color":"","background-image":"","background-repeat":"repeat","background-position":"center center","background-size":"auto","background-attachment":"scroll","background-type":"","background-media":"","overlay-type":"","overlay-color":"","overlay-opacity":"","overlay-gradient":""}},"ast-content-background-meta":{"desktop":{"background-color":"var(--ast-global-color-5)","background-image":"","background-repeat":"repeat","background-position":"center center","background-size":"auto","background-attachment":"scroll","background-type":"","background-media":"","overlay-type":"","overlay-color":"","overlay-opacity":"","overlay-gradient":""},"tablet":{"background-color":"var(--ast-global-color-5)","background-image":"","background-repeat":"repeat","background-position":"center center","background-size":"auto","background-attachment":"scroll","background-type":"","background-media":"","overlay-type":"","overlay-color":"","overlay-opacity":"","overlay-gradient":""},"mobile":{"background-color":"var(--ast-global-color-5)","background-image":"","background-repeat":"repeat","background-position":"center center","background-size":"auto","background-attachment":"scroll","background-type":"","background-media":"","overlay-type":"","overlay-color":"","overlay-opacity":"","overlay-gradient":""}}},"product_brand":[],"product_cat":[608],"product_tag":[3185,3229,3207],"class_list":{"0":"post-6643","1":"product","2":"type-product","3":"status-publish","4":"has-post-thumbnail","6":"product_cat-peptideo-promotor-de-crescimento-de-cabelo-cilios","7":"product_tag-biotin-tripeptide-1-biotinoyl-tripeptide-1-biotinoyl-tripeptide-1-cas-299157-54-3-promotes-eyelash-pt-br","8":"product_tag-eyebrow-growth-pt-br","9":"product_tag-hair-pt-br","10":"desktop-align-left","11":"tablet-align-left","12":"mobile-align-left","14":"first","15":"instock","16":"shipping-taxable","17":"product-type-simple"},"_links":{"self":[{"href":"https:\/\/puyapeptide.net\/pt-br\/wp-json\/wp\/v2\/product\/6643","targetHints":{"allow":["GET"]}}],"collection":[{"href":"https:\/\/puyapeptide.net\/pt-br\/wp-json\/wp\/v2\/product"}],"about":[{"href":"https:\/\/puyapeptide.net\/pt-br\/wp-json\/wp\/v2\/types\/product"}],"replies":[{"embeddable":true,"href":"https:\/\/puyapeptide.net\/pt-br\/wp-json\/wp\/v2\/comments?post=6643"}],"wp:featuredmedia":[{"embeddable":true,"href":"https:\/\/puyapeptide.net\/pt-br\/wp-json\/wp\/v2\/media\/2213"}],"wp:attachment":[{"href":"https:\/\/puyapeptide.net\/pt-br\/wp-json\/wp\/v2\/media?parent=6643"}],"wp:term":[{"taxonomy":"product_brand","embeddable":true,"href":"https:\/\/puyapeptide.net\/pt-br\/wp-json\/wp\/v2\/product_brand?post=6643"},{"taxonomy":"product_cat","embeddable":true,"href":"https:\/\/puyapeptide.net\/pt-br\/wp-json\/wp\/v2\/product_cat?post=6643"},{"taxonomy":"product_tag","embeddable":true,"href":"https:\/\/puyapeptide.net\/pt-br\/wp-json\/wp\/v2\/product_tag?post=6643"}],"curies":[{"name":"wp","href":"https:\/\/api.w.org\/{rel}","templated":true}]}}