{"id":6686,"date":"2021-12-16T05:41:52","date_gmt":"2021-12-16T10:41:52","guid":{"rendered":"https:\/\/puyapeptide.net\/product\/tetrapeptideo-14-anti-envelhecimento-efeitos-lifting-e-anti-rugas\/"},"modified":"2021-12-16T05:41:52","modified_gmt":"2021-12-16T10:41:52","slug":"tetrapeptideo-14-anti-envelhecimento-efeitos-lifting-e-anti-rugas","status":"publish","type":"product","link":"https:\/\/puyapeptide.net\/pt-br\/product\/tetrapeptideo-14-anti-envelhecimento-efeitos-lifting-e-anti-rugas\/","title":{"rendered":"Tetrapept\u00eddeo-14 Anti-envelhecimento, efeitos lifting e anti-rugas"},"content":{"rendered":"<h2><strong>Tetrapept\u00eddeo-14 Anti-envelhecimento, efeitos lifting e anti-rugas<\/strong><\/h2>\n<p> Nome do produto: Tetrapept\u00eddeo-14<br \/>\n Fonte: sint\u00e9tico<br \/>\n Grau: cosm\u00e9tico<br \/>\n Formula\u00e7\u00e3o: dispon\u00edvel para sua refer\u00eancia, entre em contato conosco.<br \/>\n MSDS e COA: dispon\u00edvel para sua refer\u00eancia, entre em contato conosco<br \/>\n Entrega: prontamente do estoque<br \/>\n Odor: caracter\u00edstico<br \/>\n Estabilidade: est\u00e1vel<br \/>\n Solubilidade: sol\u00favel em \u00e1gua<br \/>\n Capacidade: 600g por m\u00eas<br \/>\n Apar\u00eancia: p\u00f3 branco <\/p>\n<p> Tetrapept\u00eddeo -14 \u00e9 uma sequ\u00eancia pept\u00eddica espec\u00edfica que pode ser usada em tratamentos cosm\u00e9ticos para aliviar a vermelhid\u00e3o associada \u00e0 ros\u00e1cea ou exposi\u00e7\u00e3o ao sol leve<br \/>\n &#8211; Atua regulando para baixo a interleucina-6 (IL-6) para prevenir a inflama\u00e7\u00e3o, que<br \/>\n em turn reduz os danos da MMP-1 com o efeito l\u00edquido de uma<br \/>\n apar\u00eancia<br \/>\n pele brilhante e uniforme &#8211; Tamb\u00e9m reduz a probabilidade de pigmenta\u00e7\u00e3o p\u00f3s-inflamat\u00f3ria juntamente com<br \/>\n melhorando a sa\u00fade geral da pele <\/p>\n<p> <strong>Usos do tetrapept\u00eddeo- 14<\/strong><br \/>\n O tetrapept\u00eddeo-14 \u00e9 uma matriz de distribui\u00e7\u00e3o \u00fanica que combina uma vermelhid\u00e3o e um pept\u00eddeo que diminui a inflama\u00e7\u00e3o com as propriedades antioxidantes do ch\u00e1, as propriedades calmantes de b oswellia serrata e a calmante qualidade do mel.<\/p>\n","protected":false},"excerpt":{"rendered":"<p>Nome do produto: Tetrapept\u00eddeo-14<br \/>\n Fonte: sint\u00e9tico<br \/>\n Grau: cosm\u00e9tico<br \/>\n Entrega: prontamente dispon\u00edvel<br \/>\n Odor: caracter\u00edstico<br \/>\n Apar\u00eancia: p\u00f3 branco<\/p>\n","protected":false},"featured_media":2171,"comment_status":"open","ping_status":"closed","template":"","meta":{"om_disable_all_campaigns":false,"_monsterinsights_skip_tracking":false,"_monsterinsights_sitenote_active":false,"_monsterinsights_sitenote_note":"","_monsterinsights_sitenote_category":0,"site-sidebar-layout":"default","site-content-layout":"default","ast-site-content-layout":"default","site-content-style":"default","site-sidebar-style":"default","ast-global-header-display":"","ast-banner-title-visibility":"","ast-main-header-display":"","ast-hfb-above-header-display":"","ast-hfb-below-header-display":"","ast-hfb-mobile-header-display":"","site-post-title":"","ast-breadcrumbs-content":"","ast-featured-img":"","footer-sml-layout":"","ast-disable-related-posts":"","theme-transparent-header-meta":"default","adv-header-id-meta":"","stick-header-meta":"","header-above-stick-meta":"","header-main-stick-meta":"","header-below-stick-meta":"","astra-migrate-meta-layouts":"default","ast-page-background-enabled":"default","ast-page-background-meta":{"desktop":{"background-color":"","background-image":"","background-repeat":"repeat","background-position":"center center","background-size":"auto","background-attachment":"scroll","background-type":"","background-media":"","overlay-type":"","overlay-color":"","overlay-opacity":"","overlay-gradient":""},"tablet":{"background-color":"","background-image":"","background-repeat":"repeat","background-position":"center center","background-size":"auto","background-attachment":"scroll","background-type":"","background-media":"","overlay-type":"","overlay-color":"","overlay-opacity":"","overlay-gradient":""},"mobile":{"background-color":"","background-image":"","background-repeat":"repeat","background-position":"center center","background-size":"auto","background-attachment":"scroll","background-type":"","background-media":"","overlay-type":"","overlay-color":"","overlay-opacity":"","overlay-gradient":""}},"ast-content-background-meta":{"desktop":{"background-color":"var(--ast-global-color-5)","background-image":"","background-repeat":"repeat","background-position":"center center","background-size":"auto","background-attachment":"scroll","background-type":"","background-media":"","overlay-type":"","overlay-color":"","overlay-opacity":"","overlay-gradient":""},"tablet":{"background-color":"var(--ast-global-color-5)","background-image":"","background-repeat":"repeat","background-position":"center center","background-size":"auto","background-attachment":"scroll","background-type":"","background-media":"","overlay-type":"","overlay-color":"","overlay-opacity":"","overlay-gradient":""},"mobile":{"background-color":"var(--ast-global-color-5)","background-image":"","background-repeat":"repeat","background-position":"center center","background-size":"auto","background-attachment":"scroll","background-type":"","background-media":"","overlay-type":"","overlay-color":"","overlay-opacity":"","overlay-gradient":""}}},"product_brand":[],"product_cat":[594],"product_tag":[3143,3121],"class_list":{"0":"post-6686","1":"product","2":"type-product","3":"status-publish","4":"has-post-thumbnail","6":"product_cat-eye-care-peptide","7":"product_tag-lifting-and-anti-wrinkle-effects-pt-br","8":"product_tag-tetrapeptide-14-anti-aging-pt-br","9":"desktop-align-left","10":"tablet-align-left","11":"mobile-align-left","13":"first","14":"instock","15":"shipping-taxable","16":"product-type-simple"},"_links":{"self":[{"href":"https:\/\/puyapeptide.net\/pt-br\/wp-json\/wp\/v2\/product\/6686","targetHints":{"allow":["GET"]}}],"collection":[{"href":"https:\/\/puyapeptide.net\/pt-br\/wp-json\/wp\/v2\/product"}],"about":[{"href":"https:\/\/puyapeptide.net\/pt-br\/wp-json\/wp\/v2\/types\/product"}],"replies":[{"embeddable":true,"href":"https:\/\/puyapeptide.net\/pt-br\/wp-json\/wp\/v2\/comments?post=6686"}],"wp:featuredmedia":[{"embeddable":true,"href":"https:\/\/puyapeptide.net\/pt-br\/wp-json\/wp\/v2\/media\/2171"}],"wp:attachment":[{"href":"https:\/\/puyapeptide.net\/pt-br\/wp-json\/wp\/v2\/media?parent=6686"}],"wp:term":[{"taxonomy":"product_brand","embeddable":true,"href":"https:\/\/puyapeptide.net\/pt-br\/wp-json\/wp\/v2\/product_brand?post=6686"},{"taxonomy":"product_cat","embeddable":true,"href":"https:\/\/puyapeptide.net\/pt-br\/wp-json\/wp\/v2\/product_cat?post=6686"},{"taxonomy":"product_tag","embeddable":true,"href":"https:\/\/puyapeptide.net\/pt-br\/wp-json\/wp\/v2\/product_tag?post=6686"}],"curies":[{"name":"wp","href":"https:\/\/api.w.org\/{rel}","templated":true}]}}