{"id":6718,"date":"2021-12-16T05:42:44","date_gmt":"2021-12-16T10:42:44","guid":{"rendered":"https:\/\/puyapeptide.net\/product\/dipeptideo-2-eyeliss-h-val-trp-oh-cas-24587-37-9-para-remocao-da-bolsa-ocular-e-suavizacao-de-rugas\/"},"modified":"2021-12-16T05:42:44","modified_gmt":"2021-12-16T10:42:44","slug":"dipeptideo-2-eyeliss-h-val-trp-oh-cas-24587-37-9-para-remocao-da-bolsa-ocular-e-suavizacao-de-rugas","status":"publish","type":"product","link":"https:\/\/puyapeptide.net\/pt-br\/product\/dipeptideo-2-eyeliss-h-val-trp-oh-cas-24587-37-9-para-remocao-da-bolsa-ocular-e-suavizacao-de-rugas\/","title":{"rendered":"Dipept\u00eddeo-2 \/ Eyeliss \/ H-VAL-TRP-OH CAS 24587-37-9 Para remo\u00e7\u00e3o da bolsa ocular e suaviza\u00e7\u00e3o de rugas"},"content":{"rendered":"<h2><strong>Dipept\u00eddeo-2 \/ Eyeliss \/ H-VAL-TRP-OH CAS 24587-37-9 Para remo\u00e7\u00e3o da bolsa ocular e suaviza\u00e7\u00e3o de rugas<\/strong><\/h2>\n<p> Nome do produto: Dipept\u00eddeo-2 \/ Eyeliss \/ H-VAL-TRP-OH<br \/>\n Sin\u00f4nimos: L-VALYL-L-TRIPTOFANO; H-VAL-TRP-OH; L-Valil-L-tirosina; Dipept\u00eddeo Val -Try; VW-2; eyeliss; VW; dipept\u00eddeo-2 \/ dipept\u00eddeo Val-Try<br \/>\n CAS: 24587-37-9<br \/>\n MF: C16H21N3O3<br \/>\n MW: 303,36<br \/>\n EINECS:<br \/>\n Produto Categorias: Derivados de amino\u00e1cidos<br \/>\n Arquivo Mol: 24587-37-9.mol <\/p>\n<p> Dipept\u00eddeo-2 \u00e9 um pept\u00eddeo composto de dois amino\u00e1cidos: valina e triptofano. Por exemplo, uma variedade de pept\u00eddeos s\u00e3o produzidos pelo corpo onde controlam os processos fisiol\u00f3gicos. Eles fazem isso funcionando como enzimas ou alterando a fun\u00e7\u00e3o das c\u00e9lulas. <\/p>\n<p> <strong>Fun\u00e7\u00e3o e aplica\u00e7\u00e3o do dipept\u00eddeo-2 \/ Eyeliss \/ H-VAL-TRP-OH CAS 24587-37-9<\/strong> <\/p>\n<p> O dipept\u00eddeo-2 ajuda a reduzir o incha\u00e7o e as bolsas sob os olhos. Olhos inchados s\u00e3o devidos ao ac\u00famulo de fluido causado por m\u00e1 drenagem, capilares fr\u00e1geis e perda de elasticidade. O fluido vaza para os tecidos circundantes e produz &quot;bolsas nos olhos&quot;. <\/p>\n<p> Visa todas as tr\u00eas condi\u00e7\u00f5es, melhorando a drenagem, reduzindo a fragilidade capilar e reduzindo a irrita\u00e7\u00e3o e o afrouxamento da pele, enquanto aumenta a firmeza e elasticidade da pele. <\/p>\n<p> 1 . se livrar das bolsas sob os olhos rapidamente, o efeito de drenagem do dipept\u00eddeo-2 pode atingir o efeito de reduzir as bolsas sob os olhos em 15 dias. <\/p>\n<p> 2. \u00e9 adicionado a formula\u00e7\u00f5es cosm\u00e9ticas como lo\u00e7\u00f5es, g\u00e9is, soros, etc. para atingir o efeito ideal de remo\u00e7\u00e3o de bolsas sob os olhos. <\/p>\n<p> 3. ajuda a prevenir e eliminar o incha\u00e7o sob os olhos enquanto firma e regula a pele para suavizar as rugas.<\/p>\n","protected":false},"excerpt":{"rendered":"<p>Nome do produto: Dipept\u00eddeo-2 \/ Eyeliss \/ H-VAL-TRP-OH<br \/>\n CAS: 24587-37-9<br \/>\n MF: C16H21N3O3<br \/>\n MW: 303,36<br \/>\n Arquivo Mol: 24587-37-9. mol<\/p>\n","protected":false},"featured_media":2129,"comment_status":"open","ping_status":"closed","template":"","meta":{"om_disable_all_campaigns":false,"_monsterinsights_skip_tracking":false,"_monsterinsights_sitenote_active":false,"_monsterinsights_sitenote_note":"","_monsterinsights_sitenote_category":0,"site-sidebar-layout":"default","site-content-layout":"default","ast-site-content-layout":"default","site-content-style":"default","site-sidebar-style":"default","ast-global-header-display":"","ast-banner-title-visibility":"","ast-main-header-display":"","ast-hfb-above-header-display":"","ast-hfb-below-header-display":"","ast-hfb-mobile-header-display":"","site-post-title":"","ast-breadcrumbs-content":"","ast-featured-img":"","footer-sml-layout":"","ast-disable-related-posts":"","theme-transparent-header-meta":"default","adv-header-id-meta":"","stick-header-meta":"","header-above-stick-meta":"","header-main-stick-meta":"","header-below-stick-meta":"","astra-migrate-meta-layouts":"default","ast-page-background-enabled":"default","ast-page-background-meta":{"desktop":{"background-color":"","background-image":"","background-repeat":"repeat","background-position":"center center","background-size":"auto","background-attachment":"scroll","background-type":"","background-media":"","overlay-type":"","overlay-color":"","overlay-opacity":"","overlay-gradient":""},"tablet":{"background-color":"","background-image":"","background-repeat":"repeat","background-position":"center center","background-size":"auto","background-attachment":"scroll","background-type":"","background-media":"","overlay-type":"","overlay-color":"","overlay-opacity":"","overlay-gradient":""},"mobile":{"background-color":"","background-image":"","background-repeat":"repeat","background-position":"center center","background-size":"auto","background-attachment":"scroll","background-type":"","background-media":"","overlay-type":"","overlay-color":"","overlay-opacity":"","overlay-gradient":""}},"ast-content-background-meta":{"desktop":{"background-color":"var(--ast-global-color-5)","background-image":"","background-repeat":"repeat","background-position":"center center","background-size":"auto","background-attachment":"scroll","background-type":"","background-media":"","overlay-type":"","overlay-color":"","overlay-opacity":"","overlay-gradient":""},"tablet":{"background-color":"var(--ast-global-color-5)","background-image":"","background-repeat":"repeat","background-position":"center center","background-size":"auto","background-attachment":"scroll","background-type":"","background-media":"","overlay-type":"","overlay-color":"","overlay-opacity":"","overlay-gradient":""},"mobile":{"background-color":"var(--ast-global-color-5)","background-image":"","background-repeat":"repeat","background-position":"center center","background-size":"auto","background-attachment":"scroll","background-type":"","background-media":"","overlay-type":"","overlay-color":"","overlay-opacity":"","overlay-gradient":""}}},"product_brand":[],"product_cat":[594],"product_tag":[],"class_list":{"0":"post-6718","1":"product","2":"type-product","3":"status-publish","4":"has-post-thumbnail","6":"product_cat-eye-care-peptide","7":"desktop-align-left","8":"tablet-align-left","9":"mobile-align-left","11":"first","12":"instock","13":"shipping-taxable","14":"product-type-simple"},"_links":{"self":[{"href":"https:\/\/puyapeptide.net\/pt-br\/wp-json\/wp\/v2\/product\/6718","targetHints":{"allow":["GET"]}}],"collection":[{"href":"https:\/\/puyapeptide.net\/pt-br\/wp-json\/wp\/v2\/product"}],"about":[{"href":"https:\/\/puyapeptide.net\/pt-br\/wp-json\/wp\/v2\/types\/product"}],"replies":[{"embeddable":true,"href":"https:\/\/puyapeptide.net\/pt-br\/wp-json\/wp\/v2\/comments?post=6718"}],"wp:featuredmedia":[{"embeddable":true,"href":"https:\/\/puyapeptide.net\/pt-br\/wp-json\/wp\/v2\/media\/2129"}],"wp:attachment":[{"href":"https:\/\/puyapeptide.net\/pt-br\/wp-json\/wp\/v2\/media?parent=6718"}],"wp:term":[{"taxonomy":"product_brand","embeddable":true,"href":"https:\/\/puyapeptide.net\/pt-br\/wp-json\/wp\/v2\/product_brand?post=6718"},{"taxonomy":"product_cat","embeddable":true,"href":"https:\/\/puyapeptide.net\/pt-br\/wp-json\/wp\/v2\/product_cat?post=6718"},{"taxonomy":"product_tag","embeddable":true,"href":"https:\/\/puyapeptide.net\/pt-br\/wp-json\/wp\/v2\/product_tag?post=6718"}],"curies":[{"name":"wp","href":"https:\/\/api.w.org\/{rel}","templated":true}]}}