{"id":6833,"date":"2021-12-16T06:07:11","date_gmt":"2021-12-16T11:07:11","guid":{"rendered":"https:\/\/puyapeptide.net\/product\/tetrapeptide-30-tegopep-peptideo-de-clareamento-da-pele-cas-1036207-61-0-para-clareamento-da-pele\/"},"modified":"2021-12-16T06:07:11","modified_gmt":"2021-12-16T11:07:11","slug":"tetrapeptide-30-tegopep-peptideo-de-clareamento-da-pele-cas-1036207-61-0-para-clareamento-da-pele","status":"publish","type":"product","link":"https:\/\/puyapeptide.net\/pt-br\/product\/tetrapeptide-30-tegopep-peptideo-de-clareamento-da-pele-cas-1036207-61-0-para-clareamento-da-pele\/","title":{"rendered":"Tetrapeptide-30 \/ Tegopep \/ pept\u00eddeo de clareamento da pele CAS 1036207-61-0 para clareamento da pele"},"content":{"rendered":"<h2><strong>Tetrapeptide-30 \/ Tegopep \/ pept\u00eddeo de clareamento da pele CAS 1036207-61-0 para clareamento da pele<\/strong><\/h2>\n<p> Nome do produto: Tetrapept\u00eddeo-30<br \/>\n Sin\u00f4nimos: Tetrapept\u00eddeo-30; Tetrapept\u00eddeo-30 (pept\u00eddeo de clareamento da pele); L-lisina, L-prolil-L-lisil-L-\u03b1-glutamil &#8211;<br \/>\n CAS: 1036207-61-0<br \/>\n MF: C22 H40 N6 O7<br \/>\n MW: 500,59<br \/>\n EINECS:<br \/>\n Categorias de produtos:<br \/>\n Arquivo Mol: 1036207-61-0.mol <\/p>\n<p> Tetrapeptide-30 \u00e9 um novo pept\u00eddeo desenvolvido para equilibrar o tom da pele. Existem v\u00e1rios mecanismos para iluminar o tom da pele, incluindo redu\u00e7\u00e3o ou inibi\u00e7\u00e3o da atividade da tirosinase, bloqueio da transfer\u00eancia da melanina para os queratin\u00f3citos e inibi\u00e7\u00e3o da ativa\u00e7\u00e3o dos melan\u00f3citos. \u00c9 teorizado que a solu\u00e7\u00e3o Tetrapeptide-30 atua reduzindo a quantidade de tirosinase e inibindo a ativa\u00e7\u00e3o dos melan\u00f3citos. <\/p>\n<p> <strong>Tetrapeptide-30 \/ Tegopep \/ skin lightening peptide CAS 1036207-61-0 Propriedades qu\u00edmicas<\/strong><br \/>\n Ponto de ebuli\u00e7\u00e3o 931,5 \u00b1 65,0 \u00b0 C (previsto)<br \/>\n densidade 1,256 \u00b1 0,06 g \/ cm3 (previsto)<br \/>\n pka 3,24 \u00b1 0,10 (previsto) <\/p>\n<p> <strong>Fun\u00e7\u00e3o e aplica\u00e7\u00e3o do tetrapept\u00eddeo-30 \/ Tegopep \/ pept\u00eddeo clareador da pele CAS 1036207 -61-0<\/strong><br \/>\n 1. Tetrapept\u00eddeo-30 para clareamento da pele e sardas<br \/>\n 2. Inibir a produ\u00e7\u00e3o excessiva de melanina<br \/>\n 3. Reduzir a deposi\u00e7\u00e3o de melanina<br \/>\n 4. Pode ser adicionado a produtos de beleza e de cuidados com a pele, como creme clareador, base clareadora, p\u00f3, creme para sardas (queimaduras de sol, sardas)<\/p>\n","protected":false},"excerpt":{"rendered":"<p>Nome do produto: Tetrapept\u00eddeo-30<br \/>\n CAS: 1036207-61-0<br \/>\n MF: C22 H40 N6 O7<br \/>\n MW: 500,59<br \/>\n Arquivo Mol: 1036207-61-0.mol<\/p>\n","protected":false},"featured_media":2129,"comment_status":"open","ping_status":"closed","template":"","meta":{"om_disable_all_campaigns":false,"_monsterinsights_skip_tracking":false,"_monsterinsights_sitenote_active":false,"_monsterinsights_sitenote_note":"","_monsterinsights_sitenote_category":0,"site-sidebar-layout":"default","site-content-layout":"default","ast-site-content-layout":"default","site-content-style":"default","site-sidebar-style":"default","ast-global-header-display":"","ast-banner-title-visibility":"","ast-main-header-display":"","ast-hfb-above-header-display":"","ast-hfb-below-header-display":"","ast-hfb-mobile-header-display":"","site-post-title":"","ast-breadcrumbs-content":"","ast-featured-img":"","footer-sml-layout":"","ast-disable-related-posts":"","theme-transparent-header-meta":"default","adv-header-id-meta":"","stick-header-meta":"","header-above-stick-meta":"","header-main-stick-meta":"","header-below-stick-meta":"","astra-migrate-meta-layouts":"default","ast-page-background-enabled":"default","ast-page-background-meta":{"desktop":{"background-color":"","background-image":"","background-repeat":"repeat","background-position":"center center","background-size":"auto","background-attachment":"scroll","background-type":"","background-media":"","overlay-type":"","overlay-color":"","overlay-opacity":"","overlay-gradient":""},"tablet":{"background-color":"","background-image":"","background-repeat":"repeat","background-position":"center center","background-size":"auto","background-attachment":"scroll","background-type":"","background-media":"","overlay-type":"","overlay-color":"","overlay-opacity":"","overlay-gradient":""},"mobile":{"background-color":"","background-image":"","background-repeat":"repeat","background-position":"center center","background-size":"auto","background-attachment":"scroll","background-type":"","background-media":"","overlay-type":"","overlay-color":"","overlay-opacity":"","overlay-gradient":""}},"ast-content-background-meta":{"desktop":{"background-color":"var(--ast-global-color-5)","background-image":"","background-repeat":"repeat","background-position":"center center","background-size":"auto","background-attachment":"scroll","background-type":"","background-media":"","overlay-type":"","overlay-color":"","overlay-opacity":"","overlay-gradient":""},"tablet":{"background-color":"var(--ast-global-color-5)","background-image":"","background-repeat":"repeat","background-position":"center center","background-size":"auto","background-attachment":"scroll","background-type":"","background-media":"","overlay-type":"","overlay-color":"","overlay-opacity":"","overlay-gradient":""},"mobile":{"background-color":"var(--ast-global-color-5)","background-image":"","background-repeat":"repeat","background-position":"center center","background-size":"auto","background-attachment":"scroll","background-type":"","background-media":"","overlay-type":"","overlay-color":"","overlay-opacity":"","overlay-gradient":""}}},"product_brand":[],"product_cat":[567],"product_tag":[2992],"class_list":{"0":"post-6833","1":"product","2":"type-product","3":"status-publish","4":"has-post-thumbnail","6":"product_cat-whitening-peptide-pt-br","7":"product_tag-tetrapeptide-30-tegopep-skin-lightening-peptide-cas-1036207-61-0-for-skin-lightening-pt-br","8":"desktop-align-left","9":"tablet-align-left","10":"mobile-align-left","12":"first","13":"instock","14":"shipping-taxable","15":"product-type-simple"},"_links":{"self":[{"href":"https:\/\/puyapeptide.net\/pt-br\/wp-json\/wp\/v2\/product\/6833","targetHints":{"allow":["GET"]}}],"collection":[{"href":"https:\/\/puyapeptide.net\/pt-br\/wp-json\/wp\/v2\/product"}],"about":[{"href":"https:\/\/puyapeptide.net\/pt-br\/wp-json\/wp\/v2\/types\/product"}],"replies":[{"embeddable":true,"href":"https:\/\/puyapeptide.net\/pt-br\/wp-json\/wp\/v2\/comments?post=6833"}],"wp:featuredmedia":[{"embeddable":true,"href":"https:\/\/puyapeptide.net\/pt-br\/wp-json\/wp\/v2\/media\/2129"}],"wp:attachment":[{"href":"https:\/\/puyapeptide.net\/pt-br\/wp-json\/wp\/v2\/media?parent=6833"}],"wp:term":[{"taxonomy":"product_brand","embeddable":true,"href":"https:\/\/puyapeptide.net\/pt-br\/wp-json\/wp\/v2\/product_brand?post=6833"},{"taxonomy":"product_cat","embeddable":true,"href":"https:\/\/puyapeptide.net\/pt-br\/wp-json\/wp\/v2\/product_cat?post=6833"},{"taxonomy":"product_tag","embeddable":true,"href":"https:\/\/puyapeptide.net\/pt-br\/wp-json\/wp\/v2\/product_tag?post=6833"}],"curies":[{"name":"wp","href":"https:\/\/api.w.org\/{rel}","templated":true}]}}