{"id":6894,"date":"2021-12-16T06:10:01","date_gmt":"2021-12-16T11:10:01","guid":{"rendered":"https:\/\/puyapeptide.net\/product\/o-acetil-decapeptideo-3-cas-935288-50-9-pode-penetrar-na-derme-para-aumentar-o-colageno\/"},"modified":"2021-12-16T06:10:01","modified_gmt":"2021-12-16T11:10:01","slug":"o-acetil-decapeptideo-3-cas-935288-50-9-pode-penetrar-na-derme-para-aumentar-o-colageno","status":"publish","type":"product","link":"https:\/\/puyapeptide.net\/pt-br\/product\/o-acetil-decapeptideo-3-cas-935288-50-9-pode-penetrar-na-derme-para-aumentar-o-colageno\/","title":{"rendered":"O acetil decapept\u00eddeo-3 CAS 935288-50-9 pode penetrar na derme para aumentar o col\u00e1geno"},"content":{"rendered":"<h2><strong>O acetil decapept\u00eddeo-3 CAS 935288-50-9 pode penetrar na derme para aumentar o col\u00e1geno<\/strong><\/h2>\n<p> Nome do produto: Acetil Decapept\u00eddeo-3<br \/>\n Sin\u00f4nimos: Acetil Decapept\u00eddeo-3; Acetil Decapept\u00eddeo-3 \/ Decapept\u00eddeo-4; L-Tirosinamida, N-acetil-L-tirosil-L-arginil-L-seril-L -arginil-L-lisil-L-tirosil-L-treonil-L-seril-L-triptofil-; Acetil Decapept\u00eddeo-3 USP \/ EP \/ BP; Acetil Decapept\u00eddeo de alta qualidade-3 CAS 935288-50-9<br \/>\n CAS: 935288-50-9<br \/>\n MF: C68H95N19O17<br \/>\n MW: 1450.6<br \/>\n EINECS:<br \/>\n Categorias de produtos:<br \/>\n Arquivo Mol: 935288-50-9.mol <\/p>\n<p> Acetil o decapept\u00eddeo-3 pode penetrar na derme para aumentar o col\u00e1geno e reverter o processo de envelhecimento da pele reconstruindo de dentro para fora; estimula a prolifera\u00e7\u00e3o de col\u00e1geno, fibras el\u00e1sticas e \u00e1cido hialur\u00f4nico, melhora o conte\u00fado de \u00e1gua da pele e a reten\u00e7\u00e3o de \u00e1gua, aumenta a espessura da pele e tamb\u00e9m reduz as linhas de express\u00e3o.<br \/>\n Anti-rugas e anti-envelhecimento Melhore a qualidade da pele. Produtos para o rosto, pesco\u00e7o e m\u00e3os podem ser adicionados aos cuidados com a pele de beleza, como lo\u00e7\u00e3o, m\u00e1scara facial, creme matinal e noturno, soro para os olhos, etc. <\/p>\n<p> <strong>Fun\u00e7\u00e3o do acetil decapept\u00eddeo-3 CAS 935288-50-9<\/strong><br \/>\n Promova a produ\u00e7\u00e3o de novas c\u00e9lulas da pele Reduza e previna linhas finas e rugas Vitalidade e energia normais da pele Ilumine o tom da pele Promova a produ\u00e7\u00e3o de novas c\u00e9lulas da pele Ilumine cicatrizes Promova a produ\u00e7\u00e3o de c\u00e9lulas Migra\u00e7\u00e3o celular Sobreviv\u00eancia celular e express\u00e3o aumentada da matriz extracelular.<br \/>\n &gt; 1. Anti-rugas e anti-envelhecimento<br \/>\n 2. Melhorar a qualidade da pele <\/p>\n<p> <strong>Aplica\u00e7\u00e3o de acetil decapept\u00eddeo-3 CAS 935288-50-9<\/strong><br \/>\n Produtos para o rosto, pesco\u00e7o e m\u00e3os, que podem ser adicionados a produtos de beleza para a pele, como lo\u00e7\u00f5es, m\u00e1scaras faciais, matinais e cremes noturnos, ess\u00eancias para os olhos, etc.<\/p>\n","protected":false},"excerpt":{"rendered":"<p>Nome do produto: Acetil Decapept\u00eddeo-3<br \/>\n CAS: 935288-50-9<br \/>\n MF: C68H95N19O17<br \/>\n MW: 1450.6<br \/>\n Arquivo Mol: 935288-50-9.mol<\/p>\n","protected":false},"featured_media":2213,"comment_status":"open","ping_status":"closed","template":"","meta":{"om_disable_all_campaigns":false,"_monsterinsights_skip_tracking":false,"_monsterinsights_sitenote_active":false,"_monsterinsights_sitenote_note":"","_monsterinsights_sitenote_category":0,"site-sidebar-layout":"default","site-content-layout":"default","ast-site-content-layout":"default","site-content-style":"default","site-sidebar-style":"default","ast-global-header-display":"","ast-banner-title-visibility":"","ast-main-header-display":"","ast-hfb-above-header-display":"","ast-hfb-below-header-display":"","ast-hfb-mobile-header-display":"","site-post-title":"","ast-breadcrumbs-content":"","ast-featured-img":"","footer-sml-layout":"","ast-disable-related-posts":"","theme-transparent-header-meta":"default","adv-header-id-meta":"","stick-header-meta":"","header-above-stick-meta":"","header-main-stick-meta":"","header-below-stick-meta":"","astra-migrate-meta-layouts":"default","ast-page-background-enabled":"default","ast-page-background-meta":{"desktop":{"background-color":"","background-image":"","background-repeat":"repeat","background-position":"center center","background-size":"auto","background-attachment":"scroll","background-type":"","background-media":"","overlay-type":"","overlay-color":"","overlay-opacity":"","overlay-gradient":""},"tablet":{"background-color":"","background-image":"","background-repeat":"repeat","background-position":"center center","background-size":"auto","background-attachment":"scroll","background-type":"","background-media":"","overlay-type":"","overlay-color":"","overlay-opacity":"","overlay-gradient":""},"mobile":{"background-color":"","background-image":"","background-repeat":"repeat","background-position":"center center","background-size":"auto","background-attachment":"scroll","background-type":"","background-media":"","overlay-type":"","overlay-color":"","overlay-opacity":"","overlay-gradient":""}},"ast-content-background-meta":{"desktop":{"background-color":"var(--ast-global-color-5)","background-image":"","background-repeat":"repeat","background-position":"center center","background-size":"auto","background-attachment":"scroll","background-type":"","background-media":"","overlay-type":"","overlay-color":"","overlay-opacity":"","overlay-gradient":""},"tablet":{"background-color":"var(--ast-global-color-5)","background-image":"","background-repeat":"repeat","background-position":"center center","background-size":"auto","background-attachment":"scroll","background-type":"","background-media":"","overlay-type":"","overlay-color":"","overlay-opacity":"","overlay-gradient":""},"mobile":{"background-color":"var(--ast-global-color-5)","background-image":"","background-repeat":"repeat","background-position":"center center","background-size":"auto","background-attachment":"scroll","background-type":"","background-media":"","overlay-type":"","overlay-color":"","overlay-opacity":"","overlay-gradient":""}}},"product_brand":[],"product_cat":[552],"product_tag":[2927],"class_list":{"0":"post-6894","1":"product","2":"type-product","3":"status-publish","4":"has-post-thumbnail","6":"product_cat-peptideo-anti-rugas-e-anti-envelhecimento","7":"product_tag-acetyl-decapeptide-3-cas-935288-50-9-can-penetrate-the-dermis-to-increase-collagen-pt-br","8":"desktop-align-left","9":"tablet-align-left","10":"mobile-align-left","12":"first","13":"instock","14":"shipping-taxable","15":"product-type-simple"},"_links":{"self":[{"href":"https:\/\/puyapeptide.net\/pt-br\/wp-json\/wp\/v2\/product\/6894","targetHints":{"allow":["GET"]}}],"collection":[{"href":"https:\/\/puyapeptide.net\/pt-br\/wp-json\/wp\/v2\/product"}],"about":[{"href":"https:\/\/puyapeptide.net\/pt-br\/wp-json\/wp\/v2\/types\/product"}],"replies":[{"embeddable":true,"href":"https:\/\/puyapeptide.net\/pt-br\/wp-json\/wp\/v2\/comments?post=6894"}],"wp:featuredmedia":[{"embeddable":true,"href":"https:\/\/puyapeptide.net\/pt-br\/wp-json\/wp\/v2\/media\/2213"}],"wp:attachment":[{"href":"https:\/\/puyapeptide.net\/pt-br\/wp-json\/wp\/v2\/media?parent=6894"}],"wp:term":[{"taxonomy":"product_brand","embeddable":true,"href":"https:\/\/puyapeptide.net\/pt-br\/wp-json\/wp\/v2\/product_brand?post=6894"},{"taxonomy":"product_cat","embeddable":true,"href":"https:\/\/puyapeptide.net\/pt-br\/wp-json\/wp\/v2\/product_cat?post=6894"},{"taxonomy":"product_tag","embeddable":true,"href":"https:\/\/puyapeptide.net\/pt-br\/wp-json\/wp\/v2\/product_tag?post=6894"}],"curies":[{"name":"wp","href":"https:\/\/api.w.org\/{rel}","templated":true}]}}