{"id":6918,"date":"2021-12-16T06:10:52","date_gmt":"2021-12-16T11:10:52","guid":{"rendered":"https:\/\/puyapeptide.net\/product\/palmitoyl-dipeptide-7-cas-911813-90-6-e-um-peptideo-semelhante-a-um-sinal-que-promove-a-proteina-da-matriz-e-a-sintese-de-colageno\/"},"modified":"2021-12-16T06:10:52","modified_gmt":"2021-12-16T11:10:52","slug":"palmitoyl-dipeptide-7-cas-911813-90-6-e-um-peptideo-semelhante-a-um-sinal-que-promove-a-proteina-da-matriz-e-a-sintese-de-colageno","status":"publish","type":"product","link":"https:\/\/puyapeptide.net\/pt-br\/product\/palmitoyl-dipeptide-7-cas-911813-90-6-e-um-peptideo-semelhante-a-um-sinal-que-promove-a-proteina-da-matriz-e-a-sintese-de-colageno\/","title":{"rendered":"Palmitoyl dipeptide-7 CAS 911813-90-6 \u00e9 um pept\u00eddeo semelhante a um sinal que promove a prote\u00edna da matriz e a s\u00edntese de col\u00e1geno"},"content":{"rendered":"<h2><strong>Palmitoyl dipeptide-7 CAS 911813-90-6 \u00e9 um pept\u00eddeo semelhante a um sinal que promove a prote\u00edna da matriz e a s\u00edntese de col\u00e1geno<\/strong><\/h2>\n<p> Nome do produto: Palmitoil dipept\u00eddeo-7 \/ (2S, 3R) -2 &#8211; [[(2S) -6-amino-2- (hexadecanoilamino) hexanoil] amino] -3-\u00e1cido hidroxibutan\u00f3ico<br \/>\n Sin\u00f4nimos: Palmitoil dipept\u00eddeo -7; PAL-KT; (2S, 3R) -2 &#8211; [[(2S) -6-amino-2- (hexadecanoilamino) hexanoil] amino] -3-\u00e1cido hidroxibutan\u00f3ico; Palmitoil dipept\u00eddeo-7 palestrina<br \/>\n CAS: 911813-90-6<br \/>\n MF: C26H51N3O5<br \/>\n MW: 485,7<br \/>\n EINECS:<br \/>\n Categorias de produtos:<br \/>\n Arquivo Mol: 911813-90-6.mol <\/p>\n<p> Dipept\u00eddeo de palmitoil- 7 \u00e9 um pept\u00eddeo semelhante a um sinal que promove prote\u00ednas da matriz, promove a s\u00edntese de col\u00e1geno e tamb\u00e9m pode aumentar a produ\u00e7\u00e3o de elastina, \u00e1cido hialur\u00f4nico, glicosaminoglicano e fibronectina. Promove a s\u00edntese de col\u00e1geno, aumentando a atividade das c\u00e9lulas do estroma, tornando a pele mais el\u00e1stica e jovem. <\/p>\n<p> Palmitoyl Dipeptide-7 \u00e9 um dos pept\u00eddeos mais curtos. Quando testado com equivalentes de pele humana, descobriu-se que melhora a diferencia\u00e7\u00e3o da epiderme, zona da membrana basal e fibroblastos d\u00e9rmicos. Dentro dos fibroblastos d\u00e9rmicos, o Palmitoyl Dipeptide-7 aumentou o col\u00e1geno I, o col\u00e1geno IV e a fibronectina. O uso de pept\u00eddeos para aplica\u00e7\u00e3o t\u00f3pica \u00e9 limitado pela natureza i\u00f4nica das cadeias de amino\u00e1cidos. No entanto, isso pode ser contornado atrav\u00e9s da incorpora\u00e7\u00e3o de um derivado lipof\u00edlico, como palmitoil. <\/p>\n<p> <strong>Fun\u00e7\u00e3o do dipept\u00eddeo de Palmitoil-7 CAS 911813 -90-6<\/strong><br \/>\n Anti-envelhecimento; pept\u00eddeos cosm\u00e9ticos<\/p>\n","protected":false},"excerpt":{"rendered":"<p>Nome do produto: Palmitoil dipept\u00eddeo-7 \/ (2S, 3R) -2 &#8211; [[(2S) -6-amino-2- (hexadecanoilamino) hexanoil] amino] -3-\u00e1cido hidroxibutan\u00f3ico<br \/>\n CAS: 911813-90-6<br \/>\n MF: C26H51N3O5<br \/>\n MW: 485,7<br \/>\n Arquivo Mol: 911813-90-6.mol<\/p>\n","protected":false},"featured_media":2297,"comment_status":"open","ping_status":"closed","template":"","meta":{"om_disable_all_campaigns":false,"_monsterinsights_skip_tracking":false,"_monsterinsights_sitenote_active":false,"_monsterinsights_sitenote_note":"","_monsterinsights_sitenote_category":0,"site-sidebar-layout":"default","site-content-layout":"default","ast-site-content-layout":"default","site-content-style":"default","site-sidebar-style":"default","ast-global-header-display":"","ast-banner-title-visibility":"","ast-main-header-display":"","ast-hfb-above-header-display":"","ast-hfb-below-header-display":"","ast-hfb-mobile-header-display":"","site-post-title":"","ast-breadcrumbs-content":"","ast-featured-img":"","footer-sml-layout":"","ast-disable-related-posts":"","theme-transparent-header-meta":"default","adv-header-id-meta":"","stick-header-meta":"","header-above-stick-meta":"","header-main-stick-meta":"","header-below-stick-meta":"","astra-migrate-meta-layouts":"default","ast-page-background-enabled":"default","ast-page-background-meta":{"desktop":{"background-color":"","background-image":"","background-repeat":"repeat","background-position":"center center","background-size":"auto","background-attachment":"scroll","background-type":"","background-media":"","overlay-type":"","overlay-color":"","overlay-opacity":"","overlay-gradient":""},"tablet":{"background-color":"","background-image":"","background-repeat":"repeat","background-position":"center center","background-size":"auto","background-attachment":"scroll","background-type":"","background-media":"","overlay-type":"","overlay-color":"","overlay-opacity":"","overlay-gradient":""},"mobile":{"background-color":"","background-image":"","background-repeat":"repeat","background-position":"center center","background-size":"auto","background-attachment":"scroll","background-type":"","background-media":"","overlay-type":"","overlay-color":"","overlay-opacity":"","overlay-gradient":""}},"ast-content-background-meta":{"desktop":{"background-color":"var(--ast-global-color-5)","background-image":"","background-repeat":"repeat","background-position":"center center","background-size":"auto","background-attachment":"scroll","background-type":"","background-media":"","overlay-type":"","overlay-color":"","overlay-opacity":"","overlay-gradient":""},"tablet":{"background-color":"var(--ast-global-color-5)","background-image":"","background-repeat":"repeat","background-position":"center center","background-size":"auto","background-attachment":"scroll","background-type":"","background-media":"","overlay-type":"","overlay-color":"","overlay-opacity":"","overlay-gradient":""},"mobile":{"background-color":"var(--ast-global-color-5)","background-image":"","background-repeat":"repeat","background-position":"center center","background-size":"auto","background-attachment":"scroll","background-type":"","background-media":"","overlay-type":"","overlay-color":"","overlay-opacity":"","overlay-gradient":""}}},"product_brand":[],"product_cat":[552],"product_tag":[2871],"class_list":{"0":"post-6918","1":"product","2":"type-product","3":"status-publish","4":"has-post-thumbnail","6":"product_cat-peptideo-anti-rugas-e-anti-envelhecimento","7":"product_tag-palmitoyl-dipeptide-7-cas-911813-90-6-is-a-signal-like-peptide-that-promotes-matrix-protein-and-collagen-synthesis-pt-br","8":"desktop-align-left","9":"tablet-align-left","10":"mobile-align-left","12":"first","13":"instock","14":"shipping-taxable","15":"product-type-simple"},"_links":{"self":[{"href":"https:\/\/puyapeptide.net\/pt-br\/wp-json\/wp\/v2\/product\/6918","targetHints":{"allow":["GET"]}}],"collection":[{"href":"https:\/\/puyapeptide.net\/pt-br\/wp-json\/wp\/v2\/product"}],"about":[{"href":"https:\/\/puyapeptide.net\/pt-br\/wp-json\/wp\/v2\/types\/product"}],"replies":[{"embeddable":true,"href":"https:\/\/puyapeptide.net\/pt-br\/wp-json\/wp\/v2\/comments?post=6918"}],"wp:featuredmedia":[{"embeddable":true,"href":"https:\/\/puyapeptide.net\/pt-br\/wp-json\/wp\/v2\/media\/2297"}],"wp:attachment":[{"href":"https:\/\/puyapeptide.net\/pt-br\/wp-json\/wp\/v2\/media?parent=6918"}],"wp:term":[{"taxonomy":"product_brand","embeddable":true,"href":"https:\/\/puyapeptide.net\/pt-br\/wp-json\/wp\/v2\/product_brand?post=6918"},{"taxonomy":"product_cat","embeddable":true,"href":"https:\/\/puyapeptide.net\/pt-br\/wp-json\/wp\/v2\/product_cat?post=6918"},{"taxonomy":"product_tag","embeddable":true,"href":"https:\/\/puyapeptide.net\/pt-br\/wp-json\/wp\/v2\/product_tag?post=6918"}],"curies":[{"name":"wp","href":"https:\/\/api.w.org\/{rel}","templated":true}]}}