{"id":6938,"date":"2021-12-16T06:11:38","date_gmt":"2021-12-16T11:11:38","guid":{"rendered":"https:\/\/puyapeptide.net\/product\/venda-quente-de-peptideo-cosmetico-l-carnosina-carnosina-cas-305-84-0\/"},"modified":"2021-12-16T06:11:38","modified_gmt":"2021-12-16T11:11:38","slug":"venda-quente-de-peptideo-cosmetico-l-carnosina-carnosina-cas-305-84-0","status":"publish","type":"product","link":"https:\/\/puyapeptide.net\/pt-br\/product\/venda-quente-de-peptideo-cosmetico-l-carnosina-carnosina-cas-305-84-0\/","title":{"rendered":"Venda quente de pept\u00eddeo cosm\u00e9tico L-Carnosina \/ Carnosina CAS 305-84-0"},"content":{"rendered":"<h2><strong>Venda quente de pept\u00eddeo cosm\u00e9tico L-Carnosina \/ Carnosina CAS 305-84-0<\/strong><\/h2>\n<p> Nome do produto: L-Carnosina \/ Carnosina<br \/>\n Sin\u00f4nimos: NB-ALANYL-L-HISTIDINA; H-BETA-ALA-HIS-OH; L-IGNOTINA; L-BETA-ALANINA HISTIDINA; L-CARNOSINA; B -ALANYL-L-HISTIDINA; BETA-AH; BETA-ALANYL-L-HISTIDINA<br \/>\n CAS: 305-84-0<br \/>\n MF: C9H14N4O3<br \/>\n MW: 226,23<br \/>\n EINECS: 206-169-9<br \/>\n Categorias de produtos: aditivo alimentar; amino; Amino\u00e1cidos; quirais; Suplementos nutricionais; API; Derivados de amino\u00e1cidos; cosm\u00e9stico<br \/>\n Arquivo Mol: 305-84-0.mol <\/p>\n<p> A carnosina \u00e9 um dipept\u00eddeo que compreende beta-alanina e histidina. \u00c9 encontrado em tecidos musculares e outros. Ele tem uma forte propriedade oxidante, pois pode eliminar as esp\u00e9cies reativas de oxig\u00eanio (ROS) e as esp\u00e9cies reativas de nitrog\u00eanio (RNS). A carnosina atua como um agente tamponador citos\u00f3lico e como um regulador da fun\u00e7\u00e3o dos macr\u00f3fagos.1 Atribuindo a sua capacidade de formar complexos com metais de transi\u00e7\u00e3o, \u00e9 usada para regular o conte\u00fado de \u00edons de metal de transi\u00e7\u00e3o em fluidos e tecidos biol\u00f3gicos.<br \/>\n A carnosina pode prevenir envelhecimento e pode ser usado para prevenir ou tratar complica\u00e7\u00f5es do diabetes, como danos nos nervos, doen\u00e7as oculares (catarata) e problemas renais. As a\u00e7\u00f5es terap\u00eauticas potenciais da carnosina incluem efeitos anti-hipertensivos, imunomodula\u00e7\u00e3o, cicatriza\u00e7\u00e3o e efeitos antitumorais \/ quimiopreventivos. O composto quelato de \u00edon zinco e carnosina tem sido usado no Jap\u00e3o para gastrite, \u00falceras g\u00e1stricas e sintomas de dispepsia. <\/p>\n<p> <strong>L-Carnosina \/ Carnosina CAS 305-84-0 Propriedades Qu\u00edmicas<\/strong><br \/>\n Ponto de fus\u00e3o 253 \u00b0 C (dec.) (lit.)<br \/>\n alfa 20,9 \u00ba (c = 1,5, H2O)<br \/>\n Ponto de ebuli\u00e7\u00e3o 367,84 \u00b0 C (estimativa aproximada)<br \/>\n densidade 1,2673 (estimativa aproximada)<br \/>\n \u00edndice de refra\u00e7\u00e3o 21 \u00b0 ( C = 2, H2O)<br \/>\n temp. De armazenamento. -20 \u00b0 C<br \/>\n pka 2,62 (a 25 \u2103)<br \/>\n forma cristalina<br \/>\n cor Branca<br \/>\n Solubilidade em \u00e1gua quase transpar\u00eancia<br \/>\n Merck 14,1850<br \/>\n BRN 87671<br \/>\n Estabilidade: Est\u00e1vel, mas pode ser sens\u00edvel ao calor &#8211; guarde no refrigerador. Incompat\u00edvel com agentes oxidantes fortes.<br \/>\n InChIKey CQOVPNPJLQNMDC-ZETCQYMHSA-N<br \/>\n Refer\u00eancia CAS 305-84-0 (CAS DataBase Reference)<br \/>\n EPA Substance Registry System L-Histidine, .beta.-alanyl- (305 -84-0) <\/p>\n<p> <strong>Fun\u00e7\u00e3o de L-Carnosina \/ Carnosina CAS 305-84-0<\/strong><br \/>\n 1. Novos aditivos alimentares;<br \/>\n 2. Carnosina \u00e9 uma composi\u00e7\u00e3o dipept\u00eddica de \u03b2-alanina e histidina, podendo ser sintetizada em animais;<br \/>\n 3. Inibe a oxida\u00e7\u00e3o da gordura e protege o papel da carne;<br \/>\n 4. O pept\u00eddeo cosm\u00e9tico pode prevenir o envelhecimento da pele e o efeito de clareamento da pele;<br \/>\n 5. Tratar catarata senil;<br \/>\n 6. Pode promover a cicatriza\u00e7\u00e3o de feridas <\/p>\n<p> <strong>Aplica\u00e7\u00e3o de L-Carnosina \/ Carnosina CAS 305-84-0<\/strong><br \/>\n 1. Pode se ligar a compostos met\u00e1licos prejudiciais e inativ\u00e1-los.<br \/>\n 2. Proteja as c\u00e9lulas saud\u00e1veis dos danos da radia\u00e7\u00e3o.<br \/>\n 3. Atua como um catalisador para melhorar o trabalho de v\u00e1rios outros nutrientes e compostos.<\/p>\n","protected":false},"excerpt":{"rendered":"<p>Nome do produto: L-Carnosina \/ Carnosina<br \/>\n CAS: 305-84-0<br \/>\n MF: C9H14N4O3<br \/>\n MW: 226,23<br \/>\n EINECS: 206-169-9<br \/>\n Arquivo Mol: 305-84- 0.mol<\/p>\n","protected":false},"featured_media":2171,"comment_status":"open","ping_status":"closed","template":"","meta":{"om_disable_all_campaigns":false,"_monsterinsights_skip_tracking":false,"_monsterinsights_sitenote_active":false,"_monsterinsights_sitenote_note":"","_monsterinsights_sitenote_category":0,"site-sidebar-layout":"default","site-content-layout":"default","ast-site-content-layout":"default","site-content-style":"default","site-sidebar-style":"default","ast-global-header-display":"","ast-banner-title-visibility":"","ast-main-header-display":"","ast-hfb-above-header-display":"","ast-hfb-below-header-display":"","ast-hfb-mobile-header-display":"","site-post-title":"","ast-breadcrumbs-content":"","ast-featured-img":"","footer-sml-layout":"","ast-disable-related-posts":"","theme-transparent-header-meta":"default","adv-header-id-meta":"","stick-header-meta":"","header-above-stick-meta":"","header-main-stick-meta":"","header-below-stick-meta":"","astra-migrate-meta-layouts":"default","ast-page-background-enabled":"default","ast-page-background-meta":{"desktop":{"background-color":"","background-image":"","background-repeat":"repeat","background-position":"center center","background-size":"auto","background-attachment":"scroll","background-type":"","background-media":"","overlay-type":"","overlay-color":"","overlay-opacity":"","overlay-gradient":""},"tablet":{"background-color":"","background-image":"","background-repeat":"repeat","background-position":"center center","background-size":"auto","background-attachment":"scroll","background-type":"","background-media":"","overlay-type":"","overlay-color":"","overlay-opacity":"","overlay-gradient":""},"mobile":{"background-color":"","background-image":"","background-repeat":"repeat","background-position":"center center","background-size":"auto","background-attachment":"scroll","background-type":"","background-media":"","overlay-type":"","overlay-color":"","overlay-opacity":"","overlay-gradient":""}},"ast-content-background-meta":{"desktop":{"background-color":"var(--ast-global-color-5)","background-image":"","background-repeat":"repeat","background-position":"center center","background-size":"auto","background-attachment":"scroll","background-type":"","background-media":"","overlay-type":"","overlay-color":"","overlay-opacity":"","overlay-gradient":""},"tablet":{"background-color":"var(--ast-global-color-5)","background-image":"","background-repeat":"repeat","background-position":"center center","background-size":"auto","background-attachment":"scroll","background-type":"","background-media":"","overlay-type":"","overlay-color":"","overlay-opacity":"","overlay-gradient":""},"mobile":{"background-color":"var(--ast-global-color-5)","background-image":"","background-repeat":"repeat","background-position":"center center","background-size":"auto","background-attachment":"scroll","background-type":"","background-media":"","overlay-type":"","overlay-color":"","overlay-opacity":"","overlay-gradient":""}}},"product_brand":[],"product_cat":[552],"product_tag":[2908],"class_list":{"0":"post-6938","1":"product","2":"type-product","3":"status-publish","4":"has-post-thumbnail","6":"product_cat-peptideo-anti-rugas-e-anti-envelhecimento","7":"product_tag-hot-sale-cosmetic-peptide-l-carnosine-carnosine-cas-305-84-0-pt-br","8":"desktop-align-left","9":"tablet-align-left","10":"mobile-align-left","12":"first","13":"instock","14":"shipping-taxable","15":"product-type-simple"},"_links":{"self":[{"href":"https:\/\/puyapeptide.net\/pt-br\/wp-json\/wp\/v2\/product\/6938","targetHints":{"allow":["GET"]}}],"collection":[{"href":"https:\/\/puyapeptide.net\/pt-br\/wp-json\/wp\/v2\/product"}],"about":[{"href":"https:\/\/puyapeptide.net\/pt-br\/wp-json\/wp\/v2\/types\/product"}],"replies":[{"embeddable":true,"href":"https:\/\/puyapeptide.net\/pt-br\/wp-json\/wp\/v2\/comments?post=6938"}],"wp:featuredmedia":[{"embeddable":true,"href":"https:\/\/puyapeptide.net\/pt-br\/wp-json\/wp\/v2\/media\/2171"}],"wp:attachment":[{"href":"https:\/\/puyapeptide.net\/pt-br\/wp-json\/wp\/v2\/media?parent=6938"}],"wp:term":[{"taxonomy":"product_brand","embeddable":true,"href":"https:\/\/puyapeptide.net\/pt-br\/wp-json\/wp\/v2\/product_brand?post=6938"},{"taxonomy":"product_cat","embeddable":true,"href":"https:\/\/puyapeptide.net\/pt-br\/wp-json\/wp\/v2\/product_cat?post=6938"},{"taxonomy":"product_tag","embeddable":true,"href":"https:\/\/puyapeptide.net\/pt-br\/wp-json\/wp\/v2\/product_tag?post=6938"}],"curies":[{"name":"wp","href":"https:\/\/api.w.org\/{rel}","templated":true}]}}