{"id":6996,"date":"2021-12-16T06:38:08","date_gmt":"2021-12-16T11:38:08","guid":{"rendered":"https:\/\/puyapeptide.net\/product\/palmitoyl-tripeptide-38-cas-1447824-23-8-e-um-poderoso-peptideo-anti-rugas\/"},"modified":"2021-12-16T06:38:08","modified_gmt":"2021-12-16T11:38:08","slug":"palmitoyl-tripeptide-38-cas-1447824-23-8-e-um-poderoso-peptideo-anti-rugas","status":"publish","type":"product","link":"https:\/\/puyapeptide.net\/pt-br\/product\/palmitoyl-tripeptide-38-cas-1447824-23-8-e-um-poderoso-peptideo-anti-rugas\/","title":{"rendered":"Palmitoyl tripeptide-38 CAS 1447824-23-8 \u00e9 um poderoso pept\u00eddeo anti-rugas"},"content":{"rendered":"<h2><strong>Palmitoyl tripeptide-38 CAS 1447824-23-8 \u00e9 um poderoso pept\u00eddeo anti-rugas<\/strong><\/h2>\n<p> Nome do produto: Palmitoil Tripept\u00eddeo 38<br \/>\n Sequ\u00eancia: Pal-Lys-Met (O2) -Lys-OH<br \/>\n Sin\u00f4nimos: Matrixyl synthsis; Palmitoyl Tripeptide 38; Matrixyl Synthe6; Palmitoyl Tripeptide 38 USP \/ EP \/ BP; Envio seguro e entrega r\u00e1pida Palmitoil tripept\u00eddeo 38 em p\u00f3 CAS 1447824-23-8 da Biocar; matrixyl synthe6 Matrixyl synthsis<br \/>\n CAS: 1447824-23-8<br \/>\n MF:<br \/>\n MW: 0<br \/>\n EINECS: 7824- 223-8<br \/>\n Categorias de produtos:<br \/>\n Arquivo Mol: Arquivo Mol <\/p>\n<p> Palmitoyl Tripeptide-38 \u00e9 composto por tr\u00eas amino\u00e1cidos e \u00e9 um lipopept\u00eddeo dioxigenado. Este pept\u00eddeo \u00e9 inspirado em um tripept\u00eddeo encontrado naturalmente no col\u00e1geno VI e na laminina. Ele reconstr\u00f3i a pele por dentro, onde \u00e9 necess\u00e1rio, para acalmar a pele com rugas e \u00e9 especialmente eficaz para linhas da testa, p\u00e9s de galinha, linhas da cabe\u00e7a e do pesco\u00e7o. <\/p>\n<p> Palmitoyl Tripeptide-38 \u00e9 o produto da rea\u00e7\u00e3o de \u00e1cido palm\u00edtico e tripept\u00eddeo-38. <\/p>\n<p> Penetra profundamente na derme para aumentar a produ\u00e7\u00e3o de col\u00e1geno e a s\u00edntese de \u00e1cido hialur\u00f4nico, particularmente na testa. <\/p>\n<p> <strong>Fun\u00e7\u00e3o e aplica\u00e7\u00e3o do tripept\u00eddeo palmitoil 38<\/strong><br \/>\n 1. Palmitoyl Tripeptide-38 \u00e9 um poderoso pept\u00eddeo anti-rugas que atua em 6 fundamentos de reconstru\u00e7\u00e3o da pele e testado com sucesso na testa.<br \/>\n 2. Palmitoyl Tripeptide-38 e extrato de Portulaca pilosa podem ser usados para aumentar a gordura dos l\u00e1bios pela s\u00edntese de \u00e1cido hialur\u00f4nico. Melhora a textura interna e superficial dos l\u00e1bios com um impacto vis\u00edvel na forma dos l\u00e1bios. Este produto aumenta o volume, hidrata\u00e7\u00e3o e suavidade dos l\u00e1bios. Ele oferece efeitos anti-envelhecimento e anti-flacidez. <\/p>\n<p> <strong>Mecanismo do Tripept\u00eddeo Palmitoyl-38 CAS 1447824-23-8<\/strong> <\/p>\n<p> Tripept\u00eddeo Palmitoyl-38 tem efeito semelhante \u00e0 matriquina, que pode promover a s\u00edntese de col\u00e1geno I, III, IV, fibronectina, \u00e1cido hialur\u00f4nico e laminina 5, os seis principais componentes da matriz cut\u00e2nea e da jun\u00e7\u00e3o dermo-epid\u00e9rmica (JDE); portanto, palmitoil tripept\u00eddeo-38 pode reconstruir a estrutura da malha da pele e acalmar rugas e alisar a pele. <\/p>\n<p> Teste cl\u00ednico sobre a efic\u00e1cia em retardar o envelhecimento e combater as rugas em 25 volunt\u00e1rias, com idades entre 42 e 70 anos, por rugas da testa e linhas dos olhos. Ap\u00f3s dois meses de aplica\u00e7\u00e3o duas vezes ao dia de uma solu\u00e7\u00e3o contendo tripept\u00eddeos a 2%. <\/p>\n<p> A qualidade da pele da testa melhorou em 28%, o volume das rugas foi reduzido em 31%, a profundidade m\u00e1xima das rugas foi reduzida em 16,3% <\/p>\n<p> A qualidade da pele dos cantos dos olhos foi melhorada em 12,6%, o volume dos p\u00e9s de galinha foi reduzido em 21,1%, a \u00e1rea de superf\u00edcie das rugas foi reduzida em 28,5%, a profundidade das rugas foi reduzida em 15% em m\u00e9dia e a propaga\u00e7\u00e3o \u00e2ngulo das rugas foi aumentado em 8,4% <\/p>\n<p> Ap\u00f3s o teste, \u00e9 \u00f3bvio que o palmitoil tripept\u00eddeo-38 ainda tem um efeito muito \u00f3bvio de remo\u00e7\u00e3o de rugas.<\/p>\n","protected":false},"excerpt":{"rendered":"<p>Nome do produto: Palmitoil Tripept\u00eddeo 38<br \/>\n Sequ\u00eancia: Pal-Lys-Met (O2) -Lys-OH<br \/>\n CAS: 1447824-23-8<br \/>\n Arquivo Mol: Arquivo Mol<\/p>\n","protected":false},"featured_media":2213,"comment_status":"open","ping_status":"closed","template":"","meta":{"om_disable_all_campaigns":false,"_monsterinsights_skip_tracking":false,"_monsterinsights_sitenote_active":false,"_monsterinsights_sitenote_note":"","_monsterinsights_sitenote_category":0,"site-sidebar-layout":"default","site-content-layout":"default","ast-site-content-layout":"default","site-content-style":"default","site-sidebar-style":"default","ast-global-header-display":"","ast-banner-title-visibility":"","ast-main-header-display":"","ast-hfb-above-header-display":"","ast-hfb-below-header-display":"","ast-hfb-mobile-header-display":"","site-post-title":"","ast-breadcrumbs-content":"","ast-featured-img":"","footer-sml-layout":"","ast-disable-related-posts":"","theme-transparent-header-meta":"default","adv-header-id-meta":"","stick-header-meta":"","header-above-stick-meta":"","header-main-stick-meta":"","header-below-stick-meta":"","astra-migrate-meta-layouts":"default","ast-page-background-enabled":"default","ast-page-background-meta":{"desktop":{"background-color":"","background-image":"","background-repeat":"repeat","background-position":"center center","background-size":"auto","background-attachment":"scroll","background-type":"","background-media":"","overlay-type":"","overlay-color":"","overlay-opacity":"","overlay-gradient":""},"tablet":{"background-color":"","background-image":"","background-repeat":"repeat","background-position":"center center","background-size":"auto","background-attachment":"scroll","background-type":"","background-media":"","overlay-type":"","overlay-color":"","overlay-opacity":"","overlay-gradient":""},"mobile":{"background-color":"","background-image":"","background-repeat":"repeat","background-position":"center center","background-size":"auto","background-attachment":"scroll","background-type":"","background-media":"","overlay-type":"","overlay-color":"","overlay-opacity":"","overlay-gradient":""}},"ast-content-background-meta":{"desktop":{"background-color":"var(--ast-global-color-5)","background-image":"","background-repeat":"repeat","background-position":"center center","background-size":"auto","background-attachment":"scroll","background-type":"","background-media":"","overlay-type":"","overlay-color":"","overlay-opacity":"","overlay-gradient":""},"tablet":{"background-color":"var(--ast-global-color-5)","background-image":"","background-repeat":"repeat","background-position":"center center","background-size":"auto","background-attachment":"scroll","background-type":"","background-media":"","overlay-type":"","overlay-color":"","overlay-opacity":"","overlay-gradient":""},"mobile":{"background-color":"var(--ast-global-color-5)","background-image":"","background-repeat":"repeat","background-position":"center center","background-size":"auto","background-attachment":"scroll","background-type":"","background-media":"","overlay-type":"","overlay-color":"","overlay-opacity":"","overlay-gradient":""}}},"product_brand":[],"product_cat":[552],"product_tag":[2751],"class_list":{"0":"post-6996","1":"product","2":"type-product","3":"status-publish","4":"has-post-thumbnail","6":"product_cat-peptideo-anti-rugas-e-anti-envelhecimento","7":"product_tag-palmitoyl-tripeptide-38-cas-1447824-23-8-is-a-powerful-anti-wrinkle-peptide-pt-br","8":"desktop-align-left","9":"tablet-align-left","10":"mobile-align-left","12":"first","13":"instock","14":"shipping-taxable","15":"product-type-simple"},"_links":{"self":[{"href":"https:\/\/puyapeptide.net\/pt-br\/wp-json\/wp\/v2\/product\/6996","targetHints":{"allow":["GET"]}}],"collection":[{"href":"https:\/\/puyapeptide.net\/pt-br\/wp-json\/wp\/v2\/product"}],"about":[{"href":"https:\/\/puyapeptide.net\/pt-br\/wp-json\/wp\/v2\/types\/product"}],"replies":[{"embeddable":true,"href":"https:\/\/puyapeptide.net\/pt-br\/wp-json\/wp\/v2\/comments?post=6996"}],"wp:featuredmedia":[{"embeddable":true,"href":"https:\/\/puyapeptide.net\/pt-br\/wp-json\/wp\/v2\/media\/2213"}],"wp:attachment":[{"href":"https:\/\/puyapeptide.net\/pt-br\/wp-json\/wp\/v2\/media?parent=6996"}],"wp:term":[{"taxonomy":"product_brand","embeddable":true,"href":"https:\/\/puyapeptide.net\/pt-br\/wp-json\/wp\/v2\/product_brand?post=6996"},{"taxonomy":"product_cat","embeddable":true,"href":"https:\/\/puyapeptide.net\/pt-br\/wp-json\/wp\/v2\/product_cat?post=6996"},{"taxonomy":"product_tag","embeddable":true,"href":"https:\/\/puyapeptide.net\/pt-br\/wp-json\/wp\/v2\/product_tag?post=6996"}],"curies":[{"name":"wp","href":"https:\/\/api.w.org\/{rel}","templated":true}]}}