{"id":7050,"date":"2021-12-16T06:40:31","date_gmt":"2021-12-16T11:40:31","guid":{"rendered":"https:\/\/puyapeptide.net\/product\/o-ester-cetilico-do-acetil-dipeptideo-1-acetil-dipeptideo-1-cas-196604-48-5-pode-melhorar-a-elasticidade-natural-da-pele-e-reduzir-a-flacidez-da-pele\/"},"modified":"2021-12-16T06:40:31","modified_gmt":"2021-12-16T11:40:31","slug":"o-ester-cetilico-do-acetil-dipeptideo-1-acetil-dipeptideo-1-cas-196604-48-5-pode-melhorar-a-elasticidade-natural-da-pele-e-reduzir-a-flacidez-da-pele","status":"publish","type":"product","link":"https:\/\/puyapeptide.net\/pt-br\/product\/o-ester-cetilico-do-acetil-dipeptideo-1-acetil-dipeptideo-1-cas-196604-48-5-pode-melhorar-a-elasticidade-natural-da-pele-e-reduzir-a-flacidez-da-pele\/","title":{"rendered":"O \u00e9ster cet\u00edlico do acetil dipept\u00eddeo-1 \/ acetil dipept\u00eddeo-1 CAS 196604-48-5 pode melhorar a elasticidade natural da pele e reduzir a flacidez da pele"},"content":{"rendered":"<h2><strong>O \u00e9ster cet\u00edlico do acetil dipept\u00eddeo-1 \/ acetil dipept\u00eddeo-1 CAS 196604-48-5 pode melhorar a elasticidade natural da pele e reduzir a flacidez da pele<\/strong><\/h2>\n<p> Nome do produto: acetil dipept\u00eddeo-1 cetil \u00e9ster<br \/>\n Sin\u00f4nimos: Sensicalmine; acetil dipept\u00eddeo-1 cetil \u00e9ster, Sensicalmine, Tyr-Arg; Calmosensina; Calmosensina (ingrediente cosm\u00e9tico); Idealift; N-acetil-L-tirosil- L-arginina hexadecil \u00e9ster; acetil dipept\u00eddeo cetil \u00e9ster; Ac-Tyr-Arg-O-hexadecil \u00e9ster, acetil dipept\u00eddeo-1 cetil \u00e9ster<br \/>\n CAS: 196604-48-5<br \/>\n MF: C33H57N5O5<br \/>\n MW: 603,84<br \/>\n EINECS:<br \/>\n Categorias de produtos: cosmestic<br \/>\n Mol File: 196604-48-5.mol <\/p>\n<p> Dipept\u00eddeo de acetila-1 Cetil Ester \u00e9 um produto obtido pelo acoplamento do \u00e9ster acet\u00edlico de tirosina do dipept\u00eddeo-1 (qv) com o \u00e9ster cet\u00edlico de arginina do dipept\u00eddeo-1. O soro anti-envelhecimento acetil dipept\u00eddeo-1 cetil \u00e9ster pode melhorar a elasticidade natural da pele e, assim, reduzir a flacidez da pele. Deixe seu rosto mais firme e tenso, suavizando as rugas e retendo a umidade. Retarda o processo de envelhecimento, suaviza, suaviza as linhas de express\u00e3o existentes, combate o afrouxamento da pele, minimiza os poros e fortalece a pele. Sua pele ficar\u00e1 lisa com um brilho radiante e saud\u00e1vel. <\/p>\n<p> <strong>\u00c9ster cet\u00edlico de acetil dipept\u00eddeo-1 Propriedades qu\u00edmicas<\/strong><br \/>\n densidade 1,12 \u00b1 0,1 g \/ cm3 (previsto)<br \/>\n pka 9,83 \u00b1 0,15 (previsto) &lt; &amp;&gt;<br \/>\n <strong>Uso de \u00e9ster cet\u00edlico de acetil dipept\u00eddeo-1 CAS 196604-48-5<\/strong><br \/>\n Agente de condicionamento de cabelo; Condicionamento da pele<br \/>\n 1. Amplamente utilizado em hidratantes, cremes, m\u00e1scaras faciais, cremes para os olhos e produtos de banho.<br \/>\n 2. Usado em conjunto com ado\u00e7antes de alta do\u00e7ura, como NHDC, pode tornar o sabor doce mais suave e alcan\u00e7ar o efeito de melhorar o sabor dos alimentos.<\/p>\n","protected":false},"excerpt":{"rendered":"<p>Nome do produto: acetil dipept\u00eddeo-1 cetil \u00e9ster<br \/>\n CAS: 196604-48-5<br \/>\n MF: C33H57N5O5<br \/>\n MW: 603,84<br \/>\n Arquivo Mol: 196604-48-5.mol<\/p>\n","protected":false},"featured_media":2213,"comment_status":"open","ping_status":"closed","template":"","meta":{"om_disable_all_campaigns":false,"_monsterinsights_skip_tracking":false,"_monsterinsights_sitenote_active":false,"_monsterinsights_sitenote_note":"","_monsterinsights_sitenote_category":0,"site-sidebar-layout":"default","site-content-layout":"default","ast-site-content-layout":"default","site-content-style":"default","site-sidebar-style":"default","ast-global-header-display":"","ast-banner-title-visibility":"","ast-main-header-display":"","ast-hfb-above-header-display":"","ast-hfb-below-header-display":"","ast-hfb-mobile-header-display":"","site-post-title":"","ast-breadcrumbs-content":"","ast-featured-img":"","footer-sml-layout":"","ast-disable-related-posts":"","theme-transparent-header-meta":"default","adv-header-id-meta":"","stick-header-meta":"","header-above-stick-meta":"","header-main-stick-meta":"","header-below-stick-meta":"","astra-migrate-meta-layouts":"default","ast-page-background-enabled":"default","ast-page-background-meta":{"desktop":{"background-color":"","background-image":"","background-repeat":"repeat","background-position":"center center","background-size":"auto","background-attachment":"scroll","background-type":"","background-media":"","overlay-type":"","overlay-color":"","overlay-opacity":"","overlay-gradient":""},"tablet":{"background-color":"","background-image":"","background-repeat":"repeat","background-position":"center center","background-size":"auto","background-attachment":"scroll","background-type":"","background-media":"","overlay-type":"","overlay-color":"","overlay-opacity":"","overlay-gradient":""},"mobile":{"background-color":"","background-image":"","background-repeat":"repeat","background-position":"center center","background-size":"auto","background-attachment":"scroll","background-type":"","background-media":"","overlay-type":"","overlay-color":"","overlay-opacity":"","overlay-gradient":""}},"ast-content-background-meta":{"desktop":{"background-color":"var(--ast-global-color-5)","background-image":"","background-repeat":"repeat","background-position":"center center","background-size":"auto","background-attachment":"scroll","background-type":"","background-media":"","overlay-type":"","overlay-color":"","overlay-opacity":"","overlay-gradient":""},"tablet":{"background-color":"var(--ast-global-color-5)","background-image":"","background-repeat":"repeat","background-position":"center center","background-size":"auto","background-attachment":"scroll","background-type":"","background-media":"","overlay-type":"","overlay-color":"","overlay-opacity":"","overlay-gradient":""},"mobile":{"background-color":"var(--ast-global-color-5)","background-image":"","background-repeat":"repeat","background-position":"center center","background-size":"auto","background-attachment":"scroll","background-type":"","background-media":"","overlay-type":"","overlay-color":"","overlay-opacity":"","overlay-gradient":""}}},"product_brand":[],"product_cat":[552],"product_tag":[2694],"class_list":{"0":"post-7050","1":"product","2":"type-product","3":"status-publish","4":"has-post-thumbnail","6":"product_cat-peptideo-anti-rugas-e-anti-envelhecimento","7":"product_tag-acetyl-dipeptide-1-acetyl-dipeptide-1-cetyl-ester-cas-196604-48-5-can-improve-natural-skin-elasticity-and-reduce-sagging-skin-pt-br","8":"desktop-align-left","9":"tablet-align-left","10":"mobile-align-left","12":"first","13":"instock","14":"shipping-taxable","15":"product-type-simple"},"_links":{"self":[{"href":"https:\/\/puyapeptide.net\/pt-br\/wp-json\/wp\/v2\/product\/7050","targetHints":{"allow":["GET"]}}],"collection":[{"href":"https:\/\/puyapeptide.net\/pt-br\/wp-json\/wp\/v2\/product"}],"about":[{"href":"https:\/\/puyapeptide.net\/pt-br\/wp-json\/wp\/v2\/types\/product"}],"replies":[{"embeddable":true,"href":"https:\/\/puyapeptide.net\/pt-br\/wp-json\/wp\/v2\/comments?post=7050"}],"wp:featuredmedia":[{"embeddable":true,"href":"https:\/\/puyapeptide.net\/pt-br\/wp-json\/wp\/v2\/media\/2213"}],"wp:attachment":[{"href":"https:\/\/puyapeptide.net\/pt-br\/wp-json\/wp\/v2\/media?parent=7050"}],"wp:term":[{"taxonomy":"product_brand","embeddable":true,"href":"https:\/\/puyapeptide.net\/pt-br\/wp-json\/wp\/v2\/product_brand?post=7050"},{"taxonomy":"product_cat","embeddable":true,"href":"https:\/\/puyapeptide.net\/pt-br\/wp-json\/wp\/v2\/product_cat?post=7050"},{"taxonomy":"product_tag","embeddable":true,"href":"https:\/\/puyapeptide.net\/pt-br\/wp-json\/wp\/v2\/product_tag?post=7050"}],"curies":[{"name":"wp","href":"https:\/\/api.w.org\/{rel}","templated":true}]}}