{"id":7104,"date":"2021-12-16T06:43:49","date_gmt":"2021-12-16T11:43:49","guid":{"rendered":"https:\/\/puyapeptide.net\/product\/acetil-octapeptideo-3-snap-8-acetil-glutamil-heptapeptideo-1-cas-868844-74-0-para-anti-rugas\/"},"modified":"2021-12-16T06:43:49","modified_gmt":"2021-12-16T11:43:49","slug":"acetil-octapeptideo-3-snap-8-acetil-glutamil-heptapeptideo-1-cas-868844-74-0-para-anti-rugas","status":"publish","type":"product","link":"https:\/\/puyapeptide.net\/pt-br\/product\/acetil-octapeptideo-3-snap-8-acetil-glutamil-heptapeptideo-1-cas-868844-74-0-para-anti-rugas\/","title":{"rendered":"Acetil octapept\u00eddeo-3 \/ SNAP-8 \/ Acetil Glutamil Heptapept\u00eddeo-1 CAS 868844-74-0 para anti-rugas"},"content":{"rendered":"<h2><strong>Acetil octapept\u00eddeo-3 \/ SNAP-8 \/ Acetil Glutamil Heptapept\u00eddeo-1 CAS 868844-74-0 para anti-rugas<\/strong><\/h2>\n<p> Nome do produto: Acetil octapept\u00eddeo-3 \/ SNAP-8 \/ Acetil Glutamil Heptapept\u00eddeo-1<br \/>\n Sin\u00f4nimos: N-Acetil-L-alfa-glutamil-L-alfa-glutamil-L-metionil-L-glutaminil-L -arginil-L-arginil-L-alanil-L-alfa-asparagina; SNAP-8 (Acetil Glutamil Heptapept\u00eddeo-3); Acetil GlutaMil Heptapept\u00eddeo-3; Acetil Octapept\u00eddeo-3; Acetil GlutaMil Octapept\u00eddeo-3; Acetil GlutaMil Octapept\u00eddeo-3; Acetil Octapept\u00eddeo-3; snap-8 \/ Acetil Octapept\u00eddeo-3 \/ Acetil Glutamil Heptapept\u00eddeo-3; Acetil Octapept\u00eddeo-8<br \/>\n CAS: 868844-74-0<br \/>\n MF: C41H70N16O16S<br \/>\n MW: 1075,17<br \/>\n EINECS:<br \/>\n Produto Categorias: Pept\u00eddeo de beleza para cosm\u00e9ticos<br \/>\n Arquivo Mol: 868844-74-0.mol <\/p>\n<p> O octapept\u00eddeo anti-rugas SNAP-8 \u00e9 um alongamento do famoso hexapept\u00eddeo. SNAP-8 reduz a profundidade das rugas no rosto causadas pela contra\u00e7\u00e3o dos m\u00fasculos da express\u00e3o facial, especialmente na testa e ao redor dos olhos. SNAP-8 \u00e9 uma alternativa mais segura, barata e suave \u00e0 toxina botul\u00ednica, visando topicamente o mesmo mecanismo de forma\u00e7\u00e3o de rugas de uma maneira muito diferente. <\/p>\n<p> <strong>Acetyl octapeptide-3 \/ SNAP-8 \/ Acetyl Glutamyl Heptapeptide-1 CAS 868844-74-0 Propriedades qu\u00edmicas<\/strong><br \/>\n densidade 1,56<br \/>\n temperatura de armazenamento. Manter em local escuro, atmosfera inerte, 2-8 \u00b0 C<br \/>\n pka 4,07 \u00b1 0,10 (previsto) <\/p>\n<p> <strong>Aplica\u00e7\u00e3o e fun\u00e7\u00e3o do acetil octapept\u00eddeo-3 \/ SNAP-8 \/ acetil glutamil heptapept\u00eddeo-1 CAS 868844- 74-0<\/strong><br \/>\n Acetil Glutamil Heptapept\u00eddeo-3 ou Acetil Octapept\u00eddeo-1 (ou -3) (SNAP-8) \u00e9 cientificamente e razoavelmente desenvolvido a partir de ingredientes ativos anti-rugas do polipept\u00eddeo. Tem um papel semelhante ao Areginin Essence e se tornou uma das mat\u00e9rias-primas mais populares em todo o mundo para cosm\u00e9ticos anti-rugas de luxo. Anti-rugas causadas pela contra\u00e7\u00e3o dos m\u00fasculos da express\u00e3o facial, diminuindo a excitabilidade neuronal pela desestabiliza\u00e7\u00e3o do complexo SNARE. &lt; &amp;&gt; Snap-8, este ingrediente cont\u00e9m oito amino\u00e1cidos e (da\u00ed o &quot;Octa&quot;) tem as mesmas (alguns dizem muito melhores) qualidades anti-rugas da Argirelina. O Snap-8 produziu uma redu\u00e7\u00e3o de aproximadamente 35% na profundidade das rugas.<br \/>\n A solu\u00e7\u00e3o de pept\u00eddeo Snap-8 cont\u00e9m um octapept\u00eddeo anti-rugas que \u00e9 um alongamento do pept\u00eddeo hexapept\u00eddeo ARGIRELIN. Portanto, reduz as rugas de express\u00e3o por meio de um mecanismo de a\u00e7\u00e3o semelhante \u00e0 toxina botul\u00ednica. <\/p>\n<p> <strong>Uso de acetil octapept\u00eddeo-3 \/ SNAP-8 \/ acetil glutamil heptapept\u00eddeo-1 CAS 868844-74-0<\/strong><br \/>\n anti-rugas , rugas suaves.<\/p>\n","protected":false},"excerpt":{"rendered":"<p>Nome do produto: Acetil octapept\u00eddeo-3 \/ SNAP-8 \/ Acetil Glutamil Heptapept\u00eddeo-1<br \/>\n CAS: 868844-74-0<br \/>\n MF: C41H70N16O16S<br \/>\n MW: 1075,17<br \/>\n Arquivo Mol: 868844-74-0 .mol<\/p>\n","protected":false},"featured_media":2171,"comment_status":"open","ping_status":"closed","template":"","meta":{"om_disable_all_campaigns":false,"_monsterinsights_skip_tracking":false,"_monsterinsights_sitenote_active":false,"_monsterinsights_sitenote_note":"","_monsterinsights_sitenote_category":0,"site-sidebar-layout":"default","site-content-layout":"default","ast-site-content-layout":"default","site-content-style":"default","site-sidebar-style":"default","ast-global-header-display":"","ast-banner-title-visibility":"","ast-main-header-display":"","ast-hfb-above-header-display":"","ast-hfb-below-header-display":"","ast-hfb-mobile-header-display":"","site-post-title":"","ast-breadcrumbs-content":"","ast-featured-img":"","footer-sml-layout":"","ast-disable-related-posts":"","theme-transparent-header-meta":"default","adv-header-id-meta":"","stick-header-meta":"","header-above-stick-meta":"","header-main-stick-meta":"","header-below-stick-meta":"","astra-migrate-meta-layouts":"default","ast-page-background-enabled":"default","ast-page-background-meta":{"desktop":{"background-color":"","background-image":"","background-repeat":"repeat","background-position":"center center","background-size":"auto","background-attachment":"scroll","background-type":"","background-media":"","overlay-type":"","overlay-color":"","overlay-opacity":"","overlay-gradient":""},"tablet":{"background-color":"","background-image":"","background-repeat":"repeat","background-position":"center center","background-size":"auto","background-attachment":"scroll","background-type":"","background-media":"","overlay-type":"","overlay-color":"","overlay-opacity":"","overlay-gradient":""},"mobile":{"background-color":"","background-image":"","background-repeat":"repeat","background-position":"center center","background-size":"auto","background-attachment":"scroll","background-type":"","background-media":"","overlay-type":"","overlay-color":"","overlay-opacity":"","overlay-gradient":""}},"ast-content-background-meta":{"desktop":{"background-color":"var(--ast-global-color-5)","background-image":"","background-repeat":"repeat","background-position":"center center","background-size":"auto","background-attachment":"scroll","background-type":"","background-media":"","overlay-type":"","overlay-color":"","overlay-opacity":"","overlay-gradient":""},"tablet":{"background-color":"var(--ast-global-color-5)","background-image":"","background-repeat":"repeat","background-position":"center center","background-size":"auto","background-attachment":"scroll","background-type":"","background-media":"","overlay-type":"","overlay-color":"","overlay-opacity":"","overlay-gradient":""},"mobile":{"background-color":"var(--ast-global-color-5)","background-image":"","background-repeat":"repeat","background-position":"center center","background-size":"auto","background-attachment":"scroll","background-type":"","background-media":"","overlay-type":"","overlay-color":"","overlay-opacity":"","overlay-gradient":""}}},"product_brand":[],"product_cat":[552],"product_tag":[2657],"class_list":{"0":"post-7104","1":"product","2":"type-product","3":"status-publish","4":"has-post-thumbnail","6":"product_cat-peptideo-anti-rugas-e-anti-envelhecimento","7":"product_tag-acetyl-octapeptide-3-snap-8-acetyl-glutamyl-heptapeptide-1-cas-868844-74-0-for-anti-wrinkle-pt-br","8":"desktop-align-left","9":"tablet-align-left","10":"mobile-align-left","12":"first","13":"instock","14":"shipping-taxable","15":"product-type-simple"},"_links":{"self":[{"href":"https:\/\/puyapeptide.net\/pt-br\/wp-json\/wp\/v2\/product\/7104","targetHints":{"allow":["GET"]}}],"collection":[{"href":"https:\/\/puyapeptide.net\/pt-br\/wp-json\/wp\/v2\/product"}],"about":[{"href":"https:\/\/puyapeptide.net\/pt-br\/wp-json\/wp\/v2\/types\/product"}],"replies":[{"embeddable":true,"href":"https:\/\/puyapeptide.net\/pt-br\/wp-json\/wp\/v2\/comments?post=7104"}],"wp:featuredmedia":[{"embeddable":true,"href":"https:\/\/puyapeptide.net\/pt-br\/wp-json\/wp\/v2\/media\/2171"}],"wp:attachment":[{"href":"https:\/\/puyapeptide.net\/pt-br\/wp-json\/wp\/v2\/media?parent=7104"}],"wp:term":[{"taxonomy":"product_brand","embeddable":true,"href":"https:\/\/puyapeptide.net\/pt-br\/wp-json\/wp\/v2\/product_brand?post=7104"},{"taxonomy":"product_cat","embeddable":true,"href":"https:\/\/puyapeptide.net\/pt-br\/wp-json\/wp\/v2\/product_cat?post=7104"},{"taxonomy":"product_tag","embeddable":true,"href":"https:\/\/puyapeptide.net\/pt-br\/wp-json\/wp\/v2\/product_tag?post=7104"}],"curies":[{"name":"wp","href":"https:\/\/api.w.org\/{rel}","templated":true}]}}