{"id":7122,"date":"2021-12-16T06:47:48","date_gmt":"2021-12-16T11:47:48","guid":{"rendered":"https:\/\/puyapeptide.net\/product\/acetyl-hexapeptide-1-melitane-acetyl-hexapeptide-1-cas-448944-47-6-fortalecer-as-defesas-da-pele-contra-os-efeitos-prejudiciais-dos-uv\/"},"modified":"2021-12-16T06:47:48","modified_gmt":"2021-12-16T11:47:48","slug":"acetyl-hexapeptide-1-melitane-acetyl-hexapeptide-1-cas-448944-47-6-fortalecer-as-defesas-da-pele-contra-os-efeitos-prejudiciais-dos-uv","status":"publish","type":"product","link":"https:\/\/puyapeptide.net\/pt-br\/product\/acetyl-hexapeptide-1-melitane-acetyl-hexapeptide-1-cas-448944-47-6-fortalecer-as-defesas-da-pele-contra-os-efeitos-prejudiciais-dos-uv\/","title":{"rendered":"Acetyl Hexapeptide-1 \/ Melitane (Acetyl Hexapeptide-1) CAS 448944-47-6 Fortalecer as defesas da pele contra os efeitos prejudiciais dos UV"},"content":{"rendered":"<h2><strong>Acetyl Hexapeptide-1 \/ Melitane (Acetyl Hexapeptide-1) CAS 448944-47-6 Fortalecer as defesas da pele contra os efeitos prejudiciais dos UV<\/strong><\/h2>\n<p> Nome do produto: Acetil Hexapept\u00eddeo-1 \/ Melitano (Acetil Hexapept\u00eddeo-1)<br \/>\n Sin\u00f4nimos: N-Acetil-L-norleucil-L-alanil-L-histidil-D-fenilalanil-L-arginil-L-triptofanamida ; melitano; melitano \/ acetilhexapept\u00eddeo-1; pept\u00eddeos Acetil Hexapept\u00eddeo-1; L-Triptofanamida, N-acetil-L-norleucil-L-alanil-L-histidil-D-fenilalanil-L-arginil-; N-Acetil-L- norleucil-L-alanil-L-histidil-D-fenilalanil-L-arginil-L-triptofanamida USP \/ EP \/ BP<br \/>\n CAS: 448944-47-6<br \/>\n MF: C43H59N13O7<br \/>\n MW: 870,01 &lt;&amp; &gt; EINECS:<br \/>\n Categorias de Produto:<br \/>\n Arquivo Mol: 448944-47-6.mol <\/p>\n<p> Acetil Hexapept\u00eddeo-1 \u00e9 o produto da rea\u00e7\u00e3o de alanina, arginina, histidina, leucina, fenilalanina e hexapept\u00eddeo de triptofano com \u00e1cido ac\u00e9tico.<br \/>\n Ativa a regula\u00e7\u00e3o da s\u00edntese de melanina, relacionando a prote\u00e7\u00e3o da luz natural com o regulador inflamat\u00f3rio. <\/p>\n<p> Acetil Hexapept\u00eddeo-1 atua como um bio-\u03b1-MSH pept\u00eddeo an\u00e1logo. Estimula a pigmenta\u00e7\u00e3o capilar, escurece os cabelos e reverte o processo de cabelos grisalhos. Tamb\u00e9m pode ajudar a reparar os danos ao DNA causados pela exposi\u00e7\u00e3o aos raios ultravioleta e reduzir o eritema da pele. <\/p>\n<p> <strong>Acetil Hexapept\u00eddeo-1 \/ Melitano (Acetil Hexapept\u00eddeo-1) CAS 448944-47-6 Propriedades qu\u00edmicas<\/strong><br \/>\n densidade 1,39 \u00b1 0,1 g \/ cm3 (previsto)<br \/>\n pka 13,36 \u00b1 0,46 (previsto) <\/p>\n<p> <strong>Aplica\u00e7\u00f5es do hexapept\u00eddeo-1 de acetil CAS 448944-47-6<\/strong><br \/>\n 1. Acetyl Hexapeptide-1 Estimula a pigmenta\u00e7\u00e3o do cabelo e reverte o processo de cabelos grisalhos.<br \/>\n 2. Acetil hexapept\u00eddeo-1 induz a pigmenta\u00e7\u00e3o da pele.<br \/>\n 3. Acetyl Hexapeptide-1 Fortalece as defesas da pele contra os efeitos nocivos dos UV<br \/>\n 4. Acetil hexapept\u00eddeo-1 reduz o eritema da pele.<br \/>\n 5. Acetil Hexapept\u00eddeo-1 Protege e repara os danos ao DNA causados pela exposi\u00e7\u00e3o aos raios ultravioleta (UVA e UVB).<br \/>\n 6. Acetil Hexapept\u00eddeo-1 Reduz a resposta inflamat\u00f3ria. <\/p>\n<p> <strong>Acetil Hexapept\u00eddeo-1 CAS 448944-47-6 Benef\u00edcios<\/strong><br \/>\n A ci\u00eancia provou que os pept\u00eddeos podem ajudar a controlar as rugas em sua pele e reverter os sinais de envelhecimento. &lt;&amp; &gt; A pele humana \u00e9 composta principalmente de col\u00e1geno. O col\u00e1geno \u00e9 uma prote\u00edna composta por longos segmentos de amino\u00e1cidos dispostos como uma cadeia. O col\u00e1geno fornece uma base e espessura para a pele.<br \/>\n Mulheres com menos de 30 anos t\u00eam bastante col\u00e1geno, o que resulta em uma pele lisa e firme.<br \/>\n O resto de n\u00f3s tem menos col\u00e1geno &#8211; a pele tende a ser mais fina, revelando mais rugas. &lt;&amp; &gt; Quando o col\u00e1geno se decomp\u00f5e, segmentos curtos de amino\u00e1cidos s\u00e3o formados. Estas s\u00e3o as pequenas prote\u00ednas e mol\u00e9culas ativas conhecidas como pept\u00eddeos. Os pept\u00eddeos no cuidado da pele podem fornecer benef\u00edcios anti-envelhecimento significativos.<\/p>\n","protected":false},"excerpt":{"rendered":"<p>Nome do produto: Acetil Hexapept\u00eddeo-1 \/ Melitano (Acetil Hexapept\u00eddeo-1)<br \/>\n CAS: 448944-47-6<br \/>\n MF: C43H59N13O7<br \/>\n MW: 870,01<br \/>\n Arquivo Mol: 448944-47-6.mol<\/p>\n","protected":false},"featured_media":2129,"comment_status":"open","ping_status":"closed","template":"","meta":{"om_disable_all_campaigns":false,"_monsterinsights_skip_tracking":false,"_monsterinsights_sitenote_active":false,"_monsterinsights_sitenote_note":"","_monsterinsights_sitenote_category":0,"site-sidebar-layout":"default","site-content-layout":"default","ast-site-content-layout":"default","site-content-style":"default","site-sidebar-style":"default","ast-global-header-display":"","ast-banner-title-visibility":"","ast-main-header-display":"","ast-hfb-above-header-display":"","ast-hfb-below-header-display":"","ast-hfb-mobile-header-display":"","site-post-title":"","ast-breadcrumbs-content":"","ast-featured-img":"","footer-sml-layout":"","ast-disable-related-posts":"","theme-transparent-header-meta":"default","adv-header-id-meta":"","stick-header-meta":"","header-above-stick-meta":"","header-main-stick-meta":"","header-below-stick-meta":"","astra-migrate-meta-layouts":"default","ast-page-background-enabled":"default","ast-page-background-meta":{"desktop":{"background-color":"","background-image":"","background-repeat":"repeat","background-position":"center center","background-size":"auto","background-attachment":"scroll","background-type":"","background-media":"","overlay-type":"","overlay-color":"","overlay-opacity":"","overlay-gradient":""},"tablet":{"background-color":"","background-image":"","background-repeat":"repeat","background-position":"center center","background-size":"auto","background-attachment":"scroll","background-type":"","background-media":"","overlay-type":"","overlay-color":"","overlay-opacity":"","overlay-gradient":""},"mobile":{"background-color":"","background-image":"","background-repeat":"repeat","background-position":"center center","background-size":"auto","background-attachment":"scroll","background-type":"","background-media":"","overlay-type":"","overlay-color":"","overlay-opacity":"","overlay-gradient":""}},"ast-content-background-meta":{"desktop":{"background-color":"var(--ast-global-color-5)","background-image":"","background-repeat":"repeat","background-position":"center center","background-size":"auto","background-attachment":"scroll","background-type":"","background-media":"","overlay-type":"","overlay-color":"","overlay-opacity":"","overlay-gradient":""},"tablet":{"background-color":"var(--ast-global-color-5)","background-image":"","background-repeat":"repeat","background-position":"center center","background-size":"auto","background-attachment":"scroll","background-type":"","background-media":"","overlay-type":"","overlay-color":"","overlay-opacity":"","overlay-gradient":""},"mobile":{"background-color":"var(--ast-global-color-5)","background-image":"","background-repeat":"repeat","background-position":"center center","background-size":"auto","background-attachment":"scroll","background-type":"","background-media":"","overlay-type":"","overlay-color":"","overlay-opacity":"","overlay-gradient":""}}},"product_brand":[],"product_cat":[742],"product_tag":[],"class_list":{"0":"post-7122","1":"product","2":"type-product","3":"status-publish","4":"has-post-thumbnail","6":"product_cat-outro-peptideo-cosmetico","7":"desktop-align-left","8":"tablet-align-left","9":"mobile-align-left","11":"first","12":"instock","13":"shipping-taxable","14":"product-type-simple"},"_links":{"self":[{"href":"https:\/\/puyapeptide.net\/pt-br\/wp-json\/wp\/v2\/product\/7122","targetHints":{"allow":["GET"]}}],"collection":[{"href":"https:\/\/puyapeptide.net\/pt-br\/wp-json\/wp\/v2\/product"}],"about":[{"href":"https:\/\/puyapeptide.net\/pt-br\/wp-json\/wp\/v2\/types\/product"}],"replies":[{"embeddable":true,"href":"https:\/\/puyapeptide.net\/pt-br\/wp-json\/wp\/v2\/comments?post=7122"}],"wp:featuredmedia":[{"embeddable":true,"href":"https:\/\/puyapeptide.net\/pt-br\/wp-json\/wp\/v2\/media\/2129"}],"wp:attachment":[{"href":"https:\/\/puyapeptide.net\/pt-br\/wp-json\/wp\/v2\/media?parent=7122"}],"wp:term":[{"taxonomy":"product_brand","embeddable":true,"href":"https:\/\/puyapeptide.net\/pt-br\/wp-json\/wp\/v2\/product_brand?post=7122"},{"taxonomy":"product_cat","embeddable":true,"href":"https:\/\/puyapeptide.net\/pt-br\/wp-json\/wp\/v2\/product_cat?post=7122"},{"taxonomy":"product_tag","embeddable":true,"href":"https:\/\/puyapeptide.net\/pt-br\/wp-json\/wp\/v2\/product_tag?post=7122"}],"curies":[{"name":"wp","href":"https:\/\/api.w.org\/{rel}","templated":true}]}}