{"id":7144,"date":"2021-12-16T06:50:46","date_gmt":"2021-12-16T11:50:46","guid":{"rendered":"https:\/\/puyapeptide.net\/product\/pentapeptideo-18-leuphasyl-cas-64963-01-5-anti-rugas-e-pele-lisa\/"},"modified":"2021-12-16T06:50:46","modified_gmt":"2021-12-16T11:50:46","slug":"pentapeptideo-18-leuphasyl-cas-64963-01-5-anti-rugas-e-pele-lisa","status":"publish","type":"product","link":"https:\/\/puyapeptide.net\/pt-br\/product\/pentapeptideo-18-leuphasyl-cas-64963-01-5-anti-rugas-e-pele-lisa\/","title":{"rendered":"Pentapept\u00eddeo-18 \/ Leuphasyl CAS 64963-01-5 Anti-rugas e pele lisa"},"content":{"rendered":"<h2><strong>Pentapept\u00eddeo-18 \/ Leuphasyl CAS 64963-01-5 Anti-rugas e pele lisa<\/strong><\/h2>\n<p> Nome do produto: TYR-D-ALA-GLY-PHE-LEU \/ Pentapeptide-18 \/ Leuphasyl<br \/>\n Sin\u00f4nimos: H-TYR-D-ALA-GLY-PHE-LEU-OH; (D-ALA2) &#8211; LEU-ENKEFALINA; D-ALA2-LEU5-ENKEFALINA; [D-ALA2] -LEUCINA ENKEFALINA; TYR-D-ALA-GLY-PHE-LEU; N- [N- [N- (NL-tirosil-D-alanil) glicil] -L-fenilalanil] -L-leucina; (D-alanina2) leucina encefalina; L-Tyr-D-Ala-Gly-L-Phe-L-Leu-OH<br \/>\n CAS: 64963-01-5 &lt; &amp;&gt; MF: C29H39N5O7<br \/>\n MW: 569,65<br \/>\n EINECS: 265-291-0<br \/>\n Categorias de produtos:<br \/>\n Arquivo Mol: 64963-01-5.mol <\/p>\n<p> Leuphasyl \u00e9 um amid pept\u00eddeo, um agonista opioide delta, \u00e9 um an\u00e1logo de Leu-encefalina de longa a\u00e7\u00e3o resistente \u00e0 degrada\u00e7\u00e3o usado para estudar a via de sinaliza\u00e7\u00e3o dos receptores opioides delta. Ele tem como alvo in vitro o mecanismo de forma\u00e7\u00e3o de rugas de express\u00e3o de uma nova maneira, oferecendo uma alternativa a pept\u00eddeos como o hexapept\u00eddeo-3 acetil. \u00c9 um an\u00e1logo potente de Leu-encefalina de a\u00e7\u00e3o prolongada que \u00e9 resistente \u00e0 degrada\u00e7\u00e3o enzim\u00e1tica. Pode ser incorporado em formula\u00e7\u00f5es cosm\u00e9ticas como emuls\u00f5es, g\u00e9is e ceras onde a remo\u00e7\u00e3o das linhas profundas ou rugas na testa ou ao redor dos olhos \u00e9 desejada. <\/p>\n<p> <strong>TYR-D-ALA-GLY-PHE-LEU \/ Pentapept\u00eddeo-18 \/ Leuphasyl Chemical Properties<\/strong><br \/>\n Ponto de fus\u00e3o 160-163,5 \u00b0 C<br \/>\n Ponto de ebuli\u00e7\u00e3o 991,9 \u00b1 65,0 \u00b0 C (previsto)<br \/>\n densidade 1,257 \u00b1 0,06 g \/ cm3 (predito)<br \/>\n temp. Manter em local escuro, selado em seco, armazenar em freezer, abaixo de -20 \u00b0 C<br \/>\n pka 3,40 \u00b1 0,10 (previsto)<br \/>\n InChIKey ZHUJMSMQIPIPTF-JMBSJVKXSA-N <\/p>\n<p> <strong>Pentapept\u00eddeo 18 \/ Benef\u00edcios de Leuphasyl<\/strong> &lt;&amp; &gt; Pentapept\u00eddeo-18 reduz a profundidade das rugas no rosto causadas pela contra\u00e7\u00e3o dos m\u00fasculos da express\u00e3o facial, especialmente na testa e ao redor dos olhos. Ele tem como alvo in vitro o mecanismo de forma\u00e7\u00e3o de rugas de express\u00e3o de uma nova maneira, oferecendo uma alternativa a pept\u00eddeos como o hexapept\u00eddeo-3 acetil. Pode ser incorporado em formula\u00e7\u00f5es cosm\u00e9ticas, como emuls\u00f5es, g\u00e9is e ceras. <\/p>\n<p> O pentapept\u00eddeo-18 \u00e9 um neuropept\u00eddeo que mimetiza o mecanismo natural das encefalinas, que fornece resultados semelhantes ao botul\u00ednico. Reduz a profundidade das estrias e rugas causadas pelas contra\u00e7\u00f5es musculares. <\/p>\n<p> Pentapept\u00eddeo-18 tem sido usado no soro anti-rugas para os olhos para reduzir a apar\u00eancia de linhas finas e rugas &#8211; p\u00e9s de galinha com melhora significativa em aspereza da pele. Pode funcionar sinergicamente com Argirilene e aumentar notavelmente os benef\u00edcios.<br \/>\n <strong>Fun\u00e7\u00f5es e Aplica\u00e7\u00f5es do Pentapept\u00eddeo 18 \/ Leuphasyl<\/strong><br \/>\n 1.Melhorar a microcircula\u00e7\u00e3o do sangue.<br \/>\n 2. Fortalecer a circula\u00e7\u00e3o sangu\u00ednea.<br \/>\n 3. Eliminar a inflama\u00e7\u00e3o. .<br \/>\n 4.Resista \u00e0 bolsa e dilua as rugas de express\u00e3o e os p\u00e9s de vaca ao redor dos olhos.<br \/>\n 5.Tarde os efeitos do envelhecimento prematuro, melhorando a elasticidade e a firmeza da pele.<\/p>\n","protected":false},"excerpt":{"rendered":"<p>Nome do produto: TYR-D-ALA-GLY-PHE-LEU \/ Pentapeptide-18 \/ Leuphasyl<br \/>\n CAS: 64963-01-5<br \/>\n MF: C29H39N5O7<br \/>\n MW: 569,65<br \/>\n EINECS: 265-291 -0<br \/>\n Arquivo Mol: 64963-01-5.mol<\/p>\n","protected":false},"featured_media":2129,"comment_status":"open","ping_status":"closed","template":"","meta":{"om_disable_all_campaigns":false,"_monsterinsights_skip_tracking":false,"_monsterinsights_sitenote_active":false,"_monsterinsights_sitenote_note":"","_monsterinsights_sitenote_category":0,"site-sidebar-layout":"default","site-content-layout":"default","ast-site-content-layout":"default","site-content-style":"default","site-sidebar-style":"default","ast-global-header-display":"","ast-banner-title-visibility":"","ast-main-header-display":"","ast-hfb-above-header-display":"","ast-hfb-below-header-display":"","ast-hfb-mobile-header-display":"","site-post-title":"","ast-breadcrumbs-content":"","ast-featured-img":"","footer-sml-layout":"","ast-disable-related-posts":"","theme-transparent-header-meta":"default","adv-header-id-meta":"","stick-header-meta":"","header-above-stick-meta":"","header-main-stick-meta":"","header-below-stick-meta":"","astra-migrate-meta-layouts":"default","ast-page-background-enabled":"default","ast-page-background-meta":{"desktop":{"background-color":"","background-image":"","background-repeat":"repeat","background-position":"center center","background-size":"auto","background-attachment":"scroll","background-type":"","background-media":"","overlay-type":"","overlay-color":"","overlay-opacity":"","overlay-gradient":""},"tablet":{"background-color":"","background-image":"","background-repeat":"repeat","background-position":"center center","background-size":"auto","background-attachment":"scroll","background-type":"","background-media":"","overlay-type":"","overlay-color":"","overlay-opacity":"","overlay-gradient":""},"mobile":{"background-color":"","background-image":"","background-repeat":"repeat","background-position":"center center","background-size":"auto","background-attachment":"scroll","background-type":"","background-media":"","overlay-type":"","overlay-color":"","overlay-opacity":"","overlay-gradient":""}},"ast-content-background-meta":{"desktop":{"background-color":"var(--ast-global-color-5)","background-image":"","background-repeat":"repeat","background-position":"center center","background-size":"auto","background-attachment":"scroll","background-type":"","background-media":"","overlay-type":"","overlay-color":"","overlay-opacity":"","overlay-gradient":""},"tablet":{"background-color":"var(--ast-global-color-5)","background-image":"","background-repeat":"repeat","background-position":"center center","background-size":"auto","background-attachment":"scroll","background-type":"","background-media":"","overlay-type":"","overlay-color":"","overlay-opacity":"","overlay-gradient":""},"mobile":{"background-color":"var(--ast-global-color-5)","background-image":"","background-repeat":"repeat","background-position":"center center","background-size":"auto","background-attachment":"scroll","background-type":"","background-media":"","overlay-type":"","overlay-color":"","overlay-opacity":"","overlay-gradient":""}}},"product_brand":[],"product_cat":[552],"product_tag":[2634],"class_list":{"0":"post-7144","1":"product","2":"type-product","3":"status-publish","4":"has-post-thumbnail","6":"product_cat-peptideo-anti-rugas-e-anti-envelhecimento","7":"product_tag-pentapeptide-18-leuphasyl-cas-64963-01-5-anti-wrinkle-and-smooth-skin-pt-br","8":"desktop-align-left","9":"tablet-align-left","10":"mobile-align-left","12":"first","13":"instock","14":"shipping-taxable","15":"product-type-simple"},"_links":{"self":[{"href":"https:\/\/puyapeptide.net\/pt-br\/wp-json\/wp\/v2\/product\/7144","targetHints":{"allow":["GET"]}}],"collection":[{"href":"https:\/\/puyapeptide.net\/pt-br\/wp-json\/wp\/v2\/product"}],"about":[{"href":"https:\/\/puyapeptide.net\/pt-br\/wp-json\/wp\/v2\/types\/product"}],"replies":[{"embeddable":true,"href":"https:\/\/puyapeptide.net\/pt-br\/wp-json\/wp\/v2\/comments?post=7144"}],"wp:featuredmedia":[{"embeddable":true,"href":"https:\/\/puyapeptide.net\/pt-br\/wp-json\/wp\/v2\/media\/2129"}],"wp:attachment":[{"href":"https:\/\/puyapeptide.net\/pt-br\/wp-json\/wp\/v2\/media?parent=7144"}],"wp:term":[{"taxonomy":"product_brand","embeddable":true,"href":"https:\/\/puyapeptide.net\/pt-br\/wp-json\/wp\/v2\/product_brand?post=7144"},{"taxonomy":"product_cat","embeddable":true,"href":"https:\/\/puyapeptide.net\/pt-br\/wp-json\/wp\/v2\/product_cat?post=7144"},{"taxonomy":"product_tag","embeddable":true,"href":"https:\/\/puyapeptide.net\/pt-br\/wp-json\/wp\/v2\/product_tag?post=7144"}],"curies":[{"name":"wp","href":"https:\/\/api.w.org\/{rel}","templated":true}]}}