{"id":7171,"date":"2021-12-16T07:15:06","date_gmt":"2021-12-16T12:15:06","guid":{"rendered":"https:\/\/puyapeptide.net\/product\/palmitoyl-oligopeptide-palmitoyl-tripeptide-1-cas-147732-56-7-usado-para-a-preparacao-de-cosmeticos-anti-envelhecimento\/"},"modified":"2021-12-16T07:15:06","modified_gmt":"2021-12-16T12:15:06","slug":"palmitoyl-oligopeptide-palmitoyl-tripeptide-1-cas-147732-56-7-usado-para-a-preparacao-de-cosmeticos-anti-envelhecimento","status":"publish","type":"product","link":"https:\/\/puyapeptide.net\/pt-br\/product\/palmitoyl-oligopeptide-palmitoyl-tripeptide-1-cas-147732-56-7-usado-para-a-preparacao-de-cosmeticos-anti-envelhecimento\/","title":{"rendered":"Palmitoyl oligopeptide \/ Palmitoyl Tripeptide-1 CAS 147732-56-7 usado para a prepara\u00e7\u00e3o de cosm\u00e9ticos anti-envelhecimento"},"content":{"rendered":"<h2><strong>Palmitoyl oligopeptide \/ Palmitoyl Tripeptide-1 CAS 147732-56-7 usado para a prepara\u00e7\u00e3o de cosm\u00e9ticos anti-envelhecimento<\/strong><\/h2>\n<p> Nome do produto: N-1 (1-oxohexadecil-glicil-L-histidil-L-lisina \/ Palmitoil oligopept\u00eddeo \/ Palmitoil Tripept\u00eddeo-1<br \/>\n Sin\u00f4nimos: L-Lisina, N- (1-oxohexadecil) glicil-L -histidil-; Palmitoil Tripept\u00eddeo-1Pal-AHK; N2 &#8211; [(N-Palmitoilglicil) -L-histidil] -L-lisina; Pal-GHK (PalMitoil Tripept\u00eddeo-1); N- (1-Oxohexadecil) glicil-L- histidil-L-lisina; N2- [N- [N- (1-oxohexadecil) glicil] -L-histidil] -L-lisina; PalMitoil Tripept\u00eddeo-1\u30013; Pal-GHK,&gt; = 95%<br \/>\n CAS : 147732-56-7<br \/>\n MF: C30H54N6O5<br \/>\n MW: 578,79<br \/>\n EINECS:<br \/>\n Categorias de produtos: Pept\u00eddeo de beleza para cosm\u00e9ticos<br \/>\n Arquivo Mol: 147732-56-7.mol<br \/>\n &lt;&amp; &gt; A sequ\u00eancia de oligopept\u00eddeo de palmitoil \u00e9 encontrada em prote\u00ednas da matriz extracelular, como a cadeia \u03b1 do col\u00e1geno, e acredita-se que seja liberada durante ferimentos e inflama\u00e7\u00e3o. Uma estimula\u00e7\u00e3o por feedback do reparo do col\u00e1geno tamb\u00e9m foi proposta para esse pept\u00eddeo, mas o principal benef\u00edcio para Acredita-se que a pele fotoenvelhecida seja a entrega aprimorada de cobre. Verificou-se que tem efeitos ben\u00e9ficos na estimula\u00e7\u00e3o do col\u00e1geno. <\/p>\n<p> Palmitoyl Tetrapept ide-7 imita a atividade de DHEA, o horm\u00f4nio da juventude que funciona para reverter a superprodu\u00e7\u00e3o de IL-6 e, portanto, reduzir os sintomas do envelhecimento, bem como o fen\u00f4meno da imunossenesc\u00eancia. O palmitoil tetrapept\u00eddeo-7 pode melhorar as fun\u00e7\u00f5es em uma variedade de pele formula\u00e7\u00e3o cosm\u00e9tica para cuidados e cor. <\/p>\n<p> <strong>N-1 (1-oxohexadecil-glicil-L-histidil-L-lisina \/ Palmitoil oligopept\u00eddeo \/ Palmitoil Tripept\u00eddeo-1 Propriedades qu\u00edmicas<\/strong><br \/>\n Ponto de ebuli\u00e7\u00e3o 913,0 \u00b1 65,0 \u00b0 C ( Previsto)<br \/>\n densidade 1,105<br \/>\n pka 3,16 \u00b1 0,10 (previsto) <\/p>\n<p> <strong>N-1 (1-oxohexadecil-glicil-L-histidil-L-lisina \/ oligopept\u00eddeo palmitoil \/ Tripept\u00eddeo-1 de palmitoil Benef\u00edcios<\/strong> &lt; &amp;&gt; 1) Matrixyl 3000 (Palmitoyl Oligopeptide e Palmitoyl Tetrapeptide-7) usa 2 matrikines para enviar sinergicamente mensageiros para reconstruir o col\u00e1geno danificado.<br \/>\n 2) Matrixyl 3000 cont\u00e9m os matrikines Pal-GHK e Pal-GQPR atuando em sinergia com reparar os danos cut\u00e2neos da idade<br \/>\n 3) Matrixyl 3000 cont\u00e9m os matrikines Pal-GHK e Pal-GQPR atuando em sinergia para reparar os danos cut\u00e2neos s de idade. Ao ativar a produ\u00e7\u00e3o natural da pele de col\u00e1geno, elastina e \u00e1cido hialur\u00f4nico, Matrixyl 3000 atua na redu\u00e7\u00e3o de rugas e outros sinais de envelhecimento. <\/p>\n<p> <strong>N-1 (1-oxohexadecil-glicil-L-histidil-L-Lisina \/ Palmitoyl oligopeptide \/ Palmitoyl Tripeptide-1 Modo de A\u00e7\u00e3o<\/strong><br \/>\n 1) Matrixyl diminui as rugas em 45%<br \/>\n 2) Levanta e firma a pele<br \/>\n 3) Restaura a apar\u00eancia jovem da pele <\/p>\n<p> <strong>N-1 ( 1-oxohexadecil-glicil-L-histidil-L-lisina \/ Palmitoil oligopept\u00eddeo \/ Palmitoil Tripept\u00eddeo-1 Dosagem<\/strong><br \/>\n Depende do seu peso corporal. Todas as pesquisas realizadas at\u00e9 agora usaram estudos com roedores, os ratos e camundongos s\u00e3o geralmente injetado com uma dosagem eficaz considerada em torno de 10 \u03bcg (mcg) por KG, em humanos isso \u00e9 considerado em torno da carga equivalente de 1,6 \u03bcg por KG em humanos, ent\u00e3o se voc\u00ea estiver: <\/p>\n<p> 60 KG (132 lb.) ent\u00e3o sua dose oral di\u00e1ria ideal de BPC-157 seria 96 \u03bcg (mcg)<br \/>\n 70 KG (154 lb.) =&gt; 112 \u03bcg<br \/>\n 80 KG (176 lb.) =&gt; 128 \u03bcg &lt; &amp;&gt; 90 KG (198 lb.) =&gt; 144 \u03bcg<\/p>\n","protected":false},"excerpt":{"rendered":"<p>Nome do produto: N-1 (1-oxohexadecil-glicil-L-histidil-L-lisina \/ Palmitoil oligopept\u00eddeo \/ Palmitoil Tripept\u00eddeo-1<br \/>\n CAS: 147732-56-7<br \/>\n MF: C30H54N6O5<br \/>\n MW: 578,79<br \/>\n Arquivo Mol: 147732-56-7.mol<\/p>\n","protected":false},"featured_media":2213,"comment_status":"open","ping_status":"closed","template":"","meta":{"om_disable_all_campaigns":false,"_monsterinsights_skip_tracking":false,"_monsterinsights_sitenote_active":false,"_monsterinsights_sitenote_note":"","_monsterinsights_sitenote_category":0,"site-sidebar-layout":"default","site-content-layout":"default","ast-site-content-layout":"default","site-content-style":"default","site-sidebar-style":"default","ast-global-header-display":"","ast-banner-title-visibility":"","ast-main-header-display":"","ast-hfb-above-header-display":"","ast-hfb-below-header-display":"","ast-hfb-mobile-header-display":"","site-post-title":"","ast-breadcrumbs-content":"","ast-featured-img":"","footer-sml-layout":"","ast-disable-related-posts":"","theme-transparent-header-meta":"default","adv-header-id-meta":"","stick-header-meta":"","header-above-stick-meta":"","header-main-stick-meta":"","header-below-stick-meta":"","astra-migrate-meta-layouts":"default","ast-page-background-enabled":"default","ast-page-background-meta":{"desktop":{"background-color":"","background-image":"","background-repeat":"repeat","background-position":"center center","background-size":"auto","background-attachment":"scroll","background-type":"","background-media":"","overlay-type":"","overlay-color":"","overlay-opacity":"","overlay-gradient":""},"tablet":{"background-color":"","background-image":"","background-repeat":"repeat","background-position":"center center","background-size":"auto","background-attachment":"scroll","background-type":"","background-media":"","overlay-type":"","overlay-color":"","overlay-opacity":"","overlay-gradient":""},"mobile":{"background-color":"","background-image":"","background-repeat":"repeat","background-position":"center center","background-size":"auto","background-attachment":"scroll","background-type":"","background-media":"","overlay-type":"","overlay-color":"","overlay-opacity":"","overlay-gradient":""}},"ast-content-background-meta":{"desktop":{"background-color":"var(--ast-global-color-5)","background-image":"","background-repeat":"repeat","background-position":"center center","background-size":"auto","background-attachment":"scroll","background-type":"","background-media":"","overlay-type":"","overlay-color":"","overlay-opacity":"","overlay-gradient":""},"tablet":{"background-color":"var(--ast-global-color-5)","background-image":"","background-repeat":"repeat","background-position":"center center","background-size":"auto","background-attachment":"scroll","background-type":"","background-media":"","overlay-type":"","overlay-color":"","overlay-opacity":"","overlay-gradient":""},"mobile":{"background-color":"var(--ast-global-color-5)","background-image":"","background-repeat":"repeat","background-position":"center center","background-size":"auto","background-attachment":"scroll","background-type":"","background-media":"","overlay-type":"","overlay-color":"","overlay-opacity":"","overlay-gradient":""}}},"product_brand":[],"product_cat":[552],"product_tag":[2613],"class_list":{"0":"post-7171","1":"product","2":"type-product","3":"status-publish","4":"has-post-thumbnail","6":"product_cat-peptideo-anti-rugas-e-anti-envelhecimento","7":"product_tag-palmitoyl-oligopeptide-palmitoyl-tripeptide-1-cas-147732-56-7-used-for-the-preparation-of-anti-aging-cosmetics-pt-br","8":"desktop-align-left","9":"tablet-align-left","10":"mobile-align-left","12":"first","13":"instock","14":"shipping-taxable","15":"product-type-simple"},"_links":{"self":[{"href":"https:\/\/puyapeptide.net\/pt-br\/wp-json\/wp\/v2\/product\/7171","targetHints":{"allow":["GET"]}}],"collection":[{"href":"https:\/\/puyapeptide.net\/pt-br\/wp-json\/wp\/v2\/product"}],"about":[{"href":"https:\/\/puyapeptide.net\/pt-br\/wp-json\/wp\/v2\/types\/product"}],"replies":[{"embeddable":true,"href":"https:\/\/puyapeptide.net\/pt-br\/wp-json\/wp\/v2\/comments?post=7171"}],"wp:featuredmedia":[{"embeddable":true,"href":"https:\/\/puyapeptide.net\/pt-br\/wp-json\/wp\/v2\/media\/2213"}],"wp:attachment":[{"href":"https:\/\/puyapeptide.net\/pt-br\/wp-json\/wp\/v2\/media?parent=7171"}],"wp:term":[{"taxonomy":"product_brand","embeddable":true,"href":"https:\/\/puyapeptide.net\/pt-br\/wp-json\/wp\/v2\/product_brand?post=7171"},{"taxonomy":"product_cat","embeddable":true,"href":"https:\/\/puyapeptide.net\/pt-br\/wp-json\/wp\/v2\/product_cat?post=7171"},{"taxonomy":"product_tag","embeddable":true,"href":"https:\/\/puyapeptide.net\/pt-br\/wp-json\/wp\/v2\/product_tag?post=7171"}],"curies":[{"name":"wp","href":"https:\/\/api.w.org\/{rel}","templated":true}]}}